{"id":1289,"date":"2019-10-16T04:16:09","date_gmt":"2019-10-16T04:16:09","guid":{"rendered":"https:\/\/ky-europe.com\/de\/?page_id=1289"},"modified":"2019-10-16T04:23:21","modified_gmt":"2019-10-16T04:23:21","slug":"datenschutzerklarung","status":"publish","type":"page","link":"https:\/\/ky-europe.com\/de\/datenschutzerklarung\/","title":{"rendered":"Datenschutzerkl\u00e4rung"},"content":{"rendered":"<p>[vc_row css_animation=&#8221;&#8221; row_type=&#8221;row&#8221; use_row_as_full_screen_section=&#8221;no&#8221; type=&#8221;grid&#8221; angled_section=&#8221;no&#8221; text_align=&#8221;left&#8221; background_image_as_pattern=&#8221;without_pattern&#8221; el_class=&#8221;kyc-headtitle impressum&#8221; z_index=&#8221;&#8221;][vc_column el_class=&#8221;title-line&#8221;][vc_column_text]<\/p>\n<div class=\"headtitle-main\">Datenschutzerkl\u00e4rung<\/div>\n<div class=\"headtitle-kycline\"><\/div>\n<p>[\/vc_column_text][\/vc_column][\/vc_row][vc_row css_animation=&#8221;&#8221; row_type=&#8221;row&#8221; use_row_as_full_screen_section=&#8221;no&#8221; type=&#8221;grid&#8221; angled_section=&#8221;no&#8221; text_align=&#8221;left&#8221; background_image_as_pattern=&#8221;without_pattern&#8221; z_index=&#8221;&#8221; el_class=&#8221;impressum-txt&#8221;][vc_column][vc_column_text]<\/p>\n<div class=\"body20 lh30 font_600 color_black\">A. Datenerhebung<\/div>\n<p>[\/vc_column_text][vc_empty_space height=&#8221;10px&#8221;][vc_column_text]Wir erheben Daten bei der Nutzung unserer Webseite. Diese Daten werden von uns erhoben, gespeichert und verarbeitet.<br \/>\nIhr Besuch auf unseren Webseiten wird protokolliert. Erfasst werden im Wesentlichen die aktuell von Ihrem PC verwendete IP-Adresse, Datum und Uhrzeit, der Browsertyp und das Betriebssystem Ihres PC sowie die von Ihnen betrachteten Seiten. Ein Personenbezug ist uns im Regelfall nicht m\u00f6glich und auch nicht beabsichtigt.[\/vc_column_text][vc_empty_space height=&#8221;30px&#8221;][vc_column_text]<\/p>\n<div class=\"body20 lh30 font_600 color_black\">B. Datenverwendung und -weitergabe<\/div>\n<p>[\/vc_column_text][vc_empty_space height=&#8221;10px&#8221;][vc_column_text]Die personenbezogenen Daten, die Sie uns z.B. bei einer Kontaktanfrage oder per E-Mail mitteilen (z.B. Ihr Name und Ihre Adresse oder Ihre E-Mail-Adresse), werden nur zur Korrespondenz mit Ihnen und nur f\u00fcr den Zweck verarbeitet, zu dem Sie uns die Daten zur Verf\u00fcgung gestellt haben.<br \/>\nWir versichern, dass wir Ihre personenbezogenen Daten im \u00dcbrigen nicht an Dritte weitergeben, es sei denn, dass wir dazu gesetzlich verpflichtet w\u00e4ren oder Sie uns vorher Ihre Zustimmung gegeben haben. Soweit wir zur Durchf\u00fchrung und Abwicklung von Verarbeitungsprozessen Dienstleister in Anspruch nehmen, werden die Vertragsverh\u00e4ltnisse nach den Bestimmungen des Bundesdatenschutzgesetzes geregelt.<br \/>\n[\/vc_column_text][vc_empty_space height=&#8221;30px&#8221;][vc_column_text]<\/p>\n<div class=\"body20 lh30 font_600 color_black\">C. Einwilligung und Widerruf<\/div>\n<p>[\/vc_column_text][vc_empty_space height=&#8221;10px&#8221;][vc_column_text]Wenn Sie uns personenbezogene Daten \u00fcberlassen haben, k\u00f6nnen Sie diese jederzeit wieder l\u00f6schen. Daten f\u00fcr Abrechnungs- und buchhalterische Zwecke sind von einer K\u00fcndigung\/einem Widerruf bzw. von einer L\u00f6schung nicht ber\u00fchrt.[\/vc_column_text][vc_empty_space height=&#8221;30px&#8221;][vc_column_text]<\/p>\n<div class=\"body20 lh30 font_600 color_black\">D. Speicherdauer<\/div>\n<p>[\/vc_column_text][vc_empty_space height=&#8221;10px&#8221;][vc_column_text]Personenbezogene Daten, die uns \u00fcber unsere Website mitgeteilt worden sind, werden nur so lange gespeichert, bis der Zweck erf\u00fcllt ist, zu dem sie uns anvertraut wurden. Soweit handels- und steuerrechtliche Aufbewahrungsfristen zu beachten sind, kann die Speicherdauer zu bestimmten Daten bis zu 10 Jahre betragen.[\/vc_column_text][vc_empty_space height=&#8221;30px&#8221;][vc_column_text]<\/p>\n<div class=\"body20 lh30 font_600 color_black\">E. Kundenkonto<\/div>\n<p>[\/vc_column_text][vc_empty_space height=&#8221;10px&#8221;][vc_column_text]Wenn Sie ein Kundenkonto er\u00f6ffnen, willigen Sie damit ein, dass Ihre Bestandsdaten wie Name, Adresse, E-Mailadresse, und Bankverbindung sowie Ihre Nutzungsdaten (Benutzername, Passwort) gespeichert werden. Dadurch haben Sie die M\u00f6glichkeit, mit Ihrer E-Mailadresse oder Ihrer Kundennummer sowie Ihrem pers\u00f6nlichen Passwort bei uns zu bestellen. Dabei holen wir die folgende Einwilligung ein:<br \/>\n<span class=\"example\">\u2033[ ] Ich m\u00f6chte ein Kundenkonto anlegen. Bitte speichern Sie meine Daten f\u00fcr diesen Zweck. Ich kann das Einverst\u00e4ndnis jederzeit widerrufen.\u2033<\/span>[\/vc_column_text][vc_empty_space height=&#8221;30px&#8221;][vc_column_text]<\/p>\n<div class=\"body20 lh30 font_600 color_black\">F. Verwendung von Cookies<\/div>\n<p>[\/vc_column_text][vc_empty_space height=&#8221;10px&#8221;][vc_column_text]Wir sch\u00fctzen die \u00dcbertragung Ihrer Daten mit einer sicheren (AES 256 Bit) TLS-Verbindung. TLS (Transport Layer Security) ist eine Sicherheitstechnologie, die gew\u00e4hrleistet, dass Ihre pers\u00f6nlichen Daten sicher \u00fcber das Internet transferiert und f\u00fcr Fremde nicht einsehbar \u00fcbertragen werden.<br \/>\nVerschl\u00fcsselte Daten<br \/>\nFolgende Daten werden verschl\u00fcsselt: Pers\u00f6nliche Daten (Name, Anschrift etc.).[\/vc_column_text][vc_empty_space height=&#8221;30px&#8221;][vc_column_text]<\/p>\n<div class=\"body20 lh30 font_600 color_black\">G. Ihre Rechte, Auskunft<\/div>\n<p>[\/vc_column_text][vc_empty_space height=&#8221;10px&#8221;][vc_column_text]Sollten Sie mit der Speicherung Ihrer personenbezogenen Daten nicht mehr einverstanden oder diese unrichtig geworden sein, werden wir auf eine entsprechende Weisung hin die L\u00f6schung oder Sperrung Ihrer Daten veranlassen oder die notwendigen Korrekturen vornehmen (soweit dies nach dem geltendem Recht m\u00f6glich ist). Auf Wunsch erhalten Sie unentgeltlich [\/vc_column_text][vc_empty_space height=&#8221;5px&#8221;][vc_column_text]Bei Fragen zur Erhebung, Verarbeitung oder Nutzung Ihrer personenbezogenen Daten, bei Ausk\u00fcnften, Berichtigung, Sperrung oder L\u00f6schung von Daten wenden Sie sich bitte per E-Mail an <a href=\"mailto:jwjeong@kyc.co.kr\">jwjeong@kyc.co.kr<\/a>[\/vc_column_text][\/vc_column][\/vc_row]<\/p>\n","protected":false},"excerpt":{"rendered":"<p>[vc_row css_animation=&#8221;&#8221; row_type=&#8221;row&#8221; use_row_as_full_screen_section=&#8221;no&#8221; type=&#8221;grid&#8221; angled_section=&#8221;no&#8221; text_align=&#8221;left&#8221; background_image_as_pattern=&#8221;without_pattern&#8221; el_class=&#8221;kyc-headtitle impressum&#8221; z_index=&#8221;&#8221;][vc_column el_class=&#8221;title-line&#8221;][vc_column_text] Datenschutzerkl\u00e4rung [\/vc_column_text][\/vc_column][\/vc_row][vc_row css_animation=&#8221;&#8221; row_type=&#8221;row&#8221; use_row_as_full_screen_section=&#8221;no&#8221; type=&#8221;grid&#8221; angled_section=&#8221;no&#8221; text_align=&#8221;left&#8221; background_image_as_pattern=&#8221;without_pattern&#8221; z_index=&#8221;&#8221; el_class=&#8221;impressum-txt&#8221;][vc_column][vc_column_text] A. Datenerhebung [\/vc_column_text][vc_empty_space height=&#8221;10px&#8221;][vc_column_text]Wir erheben Daten bei der Nutzung unserer Webseite. Diese Daten werden von uns erhoben,&#8230;<\/p>\n","protected":false},"author":1,"featured_media":0,"parent":0,"menu_order":0,"comment_status":"closed","ping_status":"closed","template":"full_width.php","meta":{"_mi_skip_tracking":false,"_monsterinsights_sitenote_active":false,"_monsterinsights_sitenote_note":"","_monsterinsights_sitenote_category":0},"_links":{"self":[{"href":"https:\/\/ky-europe.com\/de\/wp-json\/wp\/v2\/pages\/1289"}],"collection":[{"href":"https:\/\/ky-europe.com\/de\/wp-json\/wp\/v2\/pages"}],"about":[{"href":"https:\/\/ky-europe.com\/de\/wp-json\/wp\/v2\/types\/page"}],"author":[{"embeddable":true,"href":"https:\/\/ky-europe.com\/de\/wp-json\/wp\/v2\/users\/1"}],"replies":[{"embeddable":true,"href":"https:\/\/ky-europe.com\/de\/wp-json\/wp\/v2\/comments?post=1289"}],"version-history":[{"count":8,"href":"https:\/\/ky-europe.com\/de\/wp-json\/wp\/v2\/pages\/1289\/revisions"}],"predecessor-version":[{"id":1297,"href":"https:\/\/ky-europe.com\/de\/wp-json\/wp\/v2\/pages\/1289\/revisions\/1297"}],"wp:attachment":[{"href":"https:\/\/ky-europe.com\/de\/wp-json\/wp\/v2\/media?parent=1289"}],"curies":[{"name":"wp","href":"https:\/\/api.w.org\/{rel}","templated":true}]}}