{"id":1757,"date":"2021-04-29T01:29:06","date_gmt":"2021-04-28T23:29:06","guid":{"rendered":"https:\/\/ky-europe.com\/de\/?page_id=1757"},"modified":"2021-04-29T01:29:06","modified_gmt":"2021-04-28T23:29:06","slug":"die-umweltfreundliche-treibmittel-produktreihe","status":"publish","type":"page","link":"https:\/\/ky-europe.com\/de\/die-umweltfreundliche-treibmittel-produktreihe\/","title":{"rendered":"Die umweltfreundliche Treibmittel-Produktreihe"},"content":{"rendered":"<p>[vc_row css_animation=&#8221;&#8221; row_type=&#8221;row&#8221; use_row_as_full_screen_section=&#8221;no&#8221; type=&#8221;grid&#8221; angled_section=&#8221;no&#8221; text_align=&#8221;left&#8221; background_image_as_pattern=&#8221;without_pattern&#8221; el_class=&#8221;kyc-headtitle&#8221; z_index=&#8221;&#8221; css=&#8221;.vc_custom_1619644022206{background-image: url(https:\/\/ky-europe.com\/en\/wp-content\/uploads\/sites\/4\/2021\/04\/sub02_07_visual.jpg?id=2079) !important;}&#8221;][vc_column width=&#8221;2\/3&#8243; el_class=&#8221;title-line&#8221;][vc_column_text]<\/p>\n<div class=\"headtitle-main\">Die umweltfreundliche Treibmittel-Produktreihe<\/div>\n<div class=\"headtitle-kycline\"><\/div>\n<p>[\/vc_column_text][\/vc_column][vc_column width=&#8221;1\/3&#8243;][\/vc_column][\/vc_row][vc_row css_animation=&#8221;&#8221; row_type=&#8221;row&#8221; use_row_as_full_screen_section=&#8221;no&#8221; type=&#8221;grid&#8221; angled_section=&#8221;no&#8221; text_align=&#8221;center&#8221; background_image_as_pattern=&#8221;without_pattern&#8221; z_index=&#8221;&#8221; background_color=&#8221;#ffffff&#8221; el_class=&#8221;padding-t50&#8243;][vc_column][vc_row_inner row_type=&#8221;row&#8221; type=&#8221;full_width&#8221; text_align=&#8221;center&#8221; css_animation=&#8221;&#8221;][vc_column_inner width=&#8221;1\/6&#8243;][\/vc_column_inner][vc_column_inner width=&#8221;2\/3&#8243;][vc_column_text]<\/p>\n<div class=\"body30 lh40 font_500 color_black\">Die weltweit ersten <strong><span style=\"color: #469cd3;\">umweltfreundlichen Treibmittel<\/span><\/strong><\/div>\n<p>[\/vc_column_text][vc_empty_space height=&#8221;20px&#8221;][\/vc_column_inner][vc_column_inner width=&#8221;1\/6&#8243;][\/vc_column_inner][\/vc_row_inner][vc_empty_space height=&#8221;50px&#8221;][vc_row_inner row_type=&#8221;row&#8221; type=&#8221;full_width&#8221; text_align=&#8221;left&#8221; css_animation=&#8221;&#8221;][vc_column_inner width=&#8221;2\/3&#8243;][vc_video link=&#8221;https:\/\/youtu.be\/y7TU3MOcqSU&#8221;][\/vc_column_inner][vc_column_inner width=&#8221;1\/3&#8243;][vc_column_text css=&#8221;.vc_custom_1619652326387{margin-bottom: 20px !important;}&#8221;]<\/p>\n<h4 class=\"Kor01_mp4_title\">Die umweltfreundliche Treibmittel-Produktreihe<\/h4>\n<p>[\/vc_column_text][vc_column_text]KY-ECO, ist eine erfolgreiche Neuentwicklung auf Grundlage unserer in langj\u00e4hriger Arbeit erworbenen Forschungskompetenz. Es handelt sich um die weltweit erste Produktgruppe aus umweltfreundlichen Treibmitteln ohne Formamid und Ammoniak, die sonst beim Spr\u00fchen entstehen k\u00f6nnen.<\/p>\n<p>Diese Treibmittel eignen sich vor allem f\u00fcr Produkte wie Matten, Tapeten, Fu\u00dfbodenbel\u00e4ge und Schuhe, die in direkten Kontakt mit dem menschlichen K\u00f6rper kommen, da sie keine sch\u00e4dlichen Stoffe oder D\u00e4mpfe (Schwefelverbindungen oder Schwefeloxide) abgeben, die im Verfahren entstehen.<\/p>\n<p>Au\u00dferdem haben wir die Struktur von verkapselten Treibmitteln in diesen Produkten eingesetzt, um die W\u00e4rmed\u00e4mmungs-, Schallschutz- und Sto\u00dfschutzeigenschaften der Endprodukte zu verbessern.[\/vc_column_text][\/vc_column_inner][\/vc_row_inner][vc_empty_space height=&#8221;50px&#8221;][vc_row_inner row_type=&#8221;row&#8221; type=&#8221;full_width&#8221; text_align=&#8221;left&#8221; css_animation=&#8221;&#8221;][vc_column_inner][vc_column_text]<\/p>\n<h4><strong>Gefahrstoffanalyse<\/strong><\/h4>\n<p>[\/vc_column_text][vc_column_text]<\/p>\n<div class=\"mobile_table-scroll\">\n<table class=\"kyc-table1\">\n<colgroup>\n<col width=\"33.3%\" \/>\n<col width=\"33.3%\" \/>\n<col width=\"33.3%\" \/><\/colgroup>\n<thead>\n<tr>\n<th colspan=\"3\"><\/th>\n<\/tr>\n<\/thead>\n<tbody>\n<tr>\n<th>Inhaltsstoffe<\/th>\n<th>Verf\u00fcgbare Treibmittel<\/th>\n<th>KY-ECO Serie<\/th>\n<\/tr>\n<tr>\n<td>Formamid<\/td>\n<td>126ppm<\/td>\n<td>Nicht festgestellt<\/td>\n<\/tr>\n<tr>\n<td>Ammoniak<\/td>\n<td>500ppm\u2191<\/td>\n<td>Nicht festgestellt<\/td>\n<\/tr>\n<\/tbody>\n<\/table>\n<\/div>\n<p>[\/vc_column_text][\/vc_column_inner][\/vc_row_inner][vc_empty_space height=&#8221;50px&#8221;][\/vc_column][\/vc_row]<\/p>\n","protected":false},"excerpt":{"rendered":"<p>[vc_row css_animation=&#8221;&#8221; row_type=&#8221;row&#8221; use_row_as_full_screen_section=&#8221;no&#8221; type=&#8221;grid&#8221; angled_section=&#8221;no&#8221; text_align=&#8221;left&#8221; background_image_as_pattern=&#8221;without_pattern&#8221; el_class=&#8221;kyc-headtitle&#8221; z_index=&#8221;&#8221; css=&#8221;.vc_custom_1619644022206{background-image: url(https:\/\/ky-europe.com\/en\/wp-content\/uploads\/sites\/4\/2021\/04\/sub02_07_visual.jpg?id=2079) !important;}&#8221;][vc_column width=&#8221;2\/3&#8243; el_class=&#8221;title-line&#8221;][vc_column_text] Die umweltfreundliche Treibmittel-Produktreihe [\/vc_column_text][\/vc_column][vc_column width=&#8221;1\/3&#8243;][\/vc_column][\/vc_row][vc_row css_animation=&#8221;&#8221; row_type=&#8221;row&#8221; use_row_as_full_screen_section=&#8221;no&#8221; type=&#8221;grid&#8221; angled_section=&#8221;no&#8221; text_align=&#8221;center&#8221; background_image_as_pattern=&#8221;without_pattern&#8221; z_index=&#8221;&#8221; background_color=&#8221;#ffffff&#8221; el_class=&#8221;padding-t50&#8243;][vc_column][vc_row_inner row_type=&#8221;row&#8221; type=&#8221;full_width&#8221; text_align=&#8221;center&#8221; css_animation=&#8221;&#8221;][vc_column_inner width=&#8221;1\/6&#8243;][\/vc_column_inner][vc_column_inner width=&#8221;2\/3&#8243;][vc_column_text] Die weltweit ersten umweltfreundlichen&#8230;<\/p>\n","protected":false},"author":3,"featured_media":0,"parent":0,"menu_order":0,"comment_status":"closed","ping_status":"closed","template":"full_width.php","meta":{"_mi_skip_tracking":false,"_monsterinsights_sitenote_active":false,"_monsterinsights_sitenote_note":"","_monsterinsights_sitenote_category":0},"_links":{"self":[{"href":"https:\/\/ky-europe.com\/de\/wp-json\/wp\/v2\/pages\/1757"}],"collection":[{"href":"https:\/\/ky-europe.com\/de\/wp-json\/wp\/v2\/pages"}],"about":[{"href":"https:\/\/ky-europe.com\/de\/wp-json\/wp\/v2\/types\/page"}],"author":[{"embeddable":true,"href":"https:\/\/ky-europe.com\/de\/wp-json\/wp\/v2\/users\/3"}],"replies":[{"embeddable":true,"href":"https:\/\/ky-europe.com\/de\/wp-json\/wp\/v2\/comments?post=1757"}],"version-history":[{"count":2,"href":"https:\/\/ky-europe.com\/de\/wp-json\/wp\/v2\/pages\/1757\/revisions"}],"predecessor-version":[{"id":1759,"href":"https:\/\/ky-europe.com\/de\/wp-json\/wp\/v2\/pages\/1757\/revisions\/1759"}],"wp:attachment":[{"href":"https:\/\/ky-europe.com\/de\/wp-json\/wp\/v2\/media?parent=1757"}],"curies":[{"name":"wp","href":"https:\/\/api.w.org\/{rel}","templated":true}]}}