{"id":1760,"date":"2021-04-29T01:49:59","date_gmt":"2021-04-28T23:49:59","guid":{"rendered":"https:\/\/ky-europe.com\/de\/?page_id=1760"},"modified":"2021-04-29T01:49:59","modified_gmt":"2021-04-28T23:49:59","slug":"akkumaterial","status":"publish","type":"page","link":"https:\/\/ky-europe.com\/de\/akkumaterial\/","title":{"rendered":"Akkumaterial"},"content":{"rendered":"<p>[vc_row css_animation=&#8221;&#8221; row_type=&#8221;row&#8221; use_row_as_full_screen_section=&#8221;no&#8221; type=&#8221;grid&#8221; angled_section=&#8221;no&#8221; text_align=&#8221;left&#8221; background_image_as_pattern=&#8221;without_pattern&#8221; el_class=&#8221;kyc-headtitle&#8221; z_index=&#8221;&#8221; css=&#8221;.vc_custom_1619645368520{background-image: url(https:\/\/ky-europe.com\/en\/wp-content\/uploads\/sites\/4\/2021\/04\/sub02_05_visual.jpg?id=2104) !important;}&#8221;][vc_column width=&#8221;2\/3&#8243; el_class=&#8221;title-line&#8221;][vc_column_text]<\/p>\n<div class=\"headtitle-main\">Akkumaterial<\/div>\n<div class=\"headtitle-kycline\"><\/div>\n<p>[\/vc_column_text][\/vc_column][vc_column width=&#8221;1\/3&#8243;][\/vc_column][\/vc_row][vc_row css_animation=&#8221;&#8221; row_type=&#8221;row&#8221; use_row_as_full_screen_section=&#8221;no&#8221; type=&#8221;grid&#8221; angled_section=&#8221;no&#8221; text_align=&#8221;center&#8221; background_image_as_pattern=&#8221;without_pattern&#8221; z_index=&#8221;&#8221; background_color=&#8221;#ffffff&#8221; el_class=&#8221;padding-t50&#8243;][vc_column][vc_row_inner row_type=&#8221;row&#8221; type=&#8221;full_width&#8221; text_align=&#8221;center&#8221; css_animation=&#8221;&#8221;][vc_column_inner width=&#8221;1\/6&#8243;][\/vc_column_inner][vc_column_inner width=&#8221;2\/3&#8243;][vc_column_text]<\/p>\n<div class=\"body30 lh40 font_500 color_black\">Batteriematerial der <strong><span style=\"color: #469cd3;\">n\u00e4chsten Generation<\/span><\/strong><\/div>\n<p>[\/vc_column_text][vc_empty_space height=&#8221;20px&#8221;][\/vc_column_inner][vc_column_inner width=&#8221;1\/6&#8243;][\/vc_column_inner][\/vc_row_inner][vc_empty_space height=&#8221;50px&#8221;][vc_row_inner row_type=&#8221;row&#8221; type=&#8221;full_width&#8221; text_align=&#8221;left&#8221; css_animation=&#8221;&#8221;][vc_column_inner width=&#8221;2\/3&#8243;][vc_video link=&#8221;https:\/\/youtu.be\/uR0tTUWAn2E&#8221;][\/vc_column_inner][vc_column_inner width=&#8221;1\/3&#8243;][vc_column_text css=&#8221;.vc_custom_1619653494773{margin-bottom: 20px !important;}&#8221;]<\/p>\n<h4 class=\"Kor01_mp4_title\"><strong>Akkumaterial<\/strong><\/h4>\n<p>[\/vc_column_text][vc_column_text]Kumyang sieht die steigende Nachfrage nach den Hauptkomponenten von E-Auto-Batterien (d. h. nach Materialien f\u00fcr wiederaufladbare Batterien\/Akkus) als neues, wachstumsstarkes Gesch\u00e4ftsfeld an, auf das wir uns durch den Aufbau von Verarbeitungsanlagen vorbereiten, und auch, indem wir Zulassungen f\u00fcr damit verbundene Produkte von unseren Firmenkunden erhalten.[\/vc_column_text][\/vc_column_inner][\/vc_row_inner][vc_empty_space height=&#8221;50px&#8221;][vc_row_inner row_type=&#8221;row&#8221; type=&#8221;full_width&#8221; text_align=&#8221;left&#8221; css_animation=&#8221;&#8221;][vc_column_inner width=&#8221;1\/3&#8243;][vc_single_image image=&#8221;1750&#8243; img_size=&#8221;full&#8221; qode_css_animation=&#8221;&#8221;][\/vc_column_inner][vc_column_inner width=&#8221;2\/3&#8243;][vc_column_text css=&#8221;.vc_custom_1619653606662{margin-bottom: 10px !important;}&#8221;]<\/p>\n<h5 class=\"Kor01_mp4_title\"><strong>Gesch\u00e4ftszweig Lithiumhydroxid-Verarbeitung<\/strong><\/h5>\n<p>[\/vc_column_text][vc_column_text]Der Gesch\u00e4ftszweig Ultrapr\u00e4zisionsverarbeitung von Lithiumhydroxid, einem Hauptrohstoff f\u00fcr Kathodenmaterialien, der 40 % der Herstellungskosten von Akkus ausmacht und sich f\u00fcr Elektrofahrzeuge eignet.[\/vc_column_text][vc_column_text css=&#8221;.vc_custom_1619653639355{margin-top: 1rem !important;padding-top: 1.5rem !important;padding-right: 2rem !important;padding-bottom: 1.5rem !important;padding-left: 2rem !important;background-color: #f7f7f7 !important;}&#8221;]<\/p>\n<ul>\n<li>Lieferung von verarbeitetem Lithiumhydroxid speziell f\u00fcr Elektrofahrzeuge an inl\u00e4ndische Hersteller von Kathodenmaterial durch gesch\u00e4ftliche Partnerschaften mit bedeutenden Lithiumherstellern<\/li>\n<\/ul>\n<p>[\/vc_column_text][\/vc_column_inner][\/vc_row_inner][vc_empty_space height=&#8221;50px&#8221;][vc_separator type=&#8221;normal&#8221;][vc_empty_space height=&#8221;50px&#8221;][vc_row_inner row_type=&#8221;row&#8221; type=&#8221;full_width&#8221; text_align=&#8221;left&#8221; css_animation=&#8221;&#8221;][vc_column_inner width=&#8221;1\/3&#8243;][vc_single_image image=&#8221;1751&#8243; img_size=&#8221;full&#8221; qode_css_animation=&#8221;&#8221;][\/vc_column_inner][vc_column_inner width=&#8221;2\/3&#8243;][vc_column_text css=&#8221;.vc_custom_1619653653181{margin-bottom: 10px !important;}&#8221;]<\/p>\n<h5 class=\"Kor01_mp4_title\"><strong>Gesch\u00e4ftszweig NCMA-basierte Batteriekernzus\u00e4tze<\/strong><\/h5>\n<p>[\/vc_column_text][vc_column_text]Die neue Generation von Akkus, NCMA-basierte wiederaufladbare Batterien bzw. Akkus, sorgt im Vergleich zu aktuellen Akkus auf NCM-Basis (Nickel, Kobalt, Mangan) f\u00fcr eine signifikante Verl\u00e4ngerung der Reichweite von Elektrofahrzeugen.[\/vc_column_text][vc_column_text css=&#8221;.vc_custom_1619653672478{margin-top: 1rem !important;padding-top: 1.5rem !important;padding-right: 2rem !important;padding-bottom: 1.5rem !important;padding-left: 2rem !important;background-color: #f7f7f7 !important;}&#8221;]<\/p>\n<ul>\n<li>Die Zugabe von Aluminium zu reichhaltigem NCM-basiertem Material verbessert Leistung und Stabilit\u00e4t. Hierzu wird ein Aluminiumtyp mit anderen Stoffen vermischt, verarbeitet und hinzugef\u00fcgt.<\/li>\n<\/ul>\n<p>[\/vc_column_text][\/vc_column_inner][\/vc_row_inner][vc_empty_space height=&#8221;50px&#8221;][vc_separator type=&#8221;normal&#8221;][vc_empty_space height=&#8221;50px&#8221;][vc_row_inner row_type=&#8221;row&#8221; type=&#8221;full_width&#8221; text_align=&#8221;left&#8221; css_animation=&#8221;&#8221;][vc_column_inner width=&#8221;1\/3&#8243;][vc_single_image image=&#8221;1752&#8243; img_size=&#8221;full&#8221; qode_css_animation=&#8221;&#8221;][\/vc_column_inner][vc_column_inner width=&#8221;2\/3&#8243;][vc_column_text css=&#8221;.vc_custom_1619653689163{margin-bottom: 10px !important;}&#8221;]<\/p>\n<h5 class=\"Kor01_mp4_title\"><strong>Gesch\u00e4ftszweig Spezial-Kathodenmaterial<\/strong><\/h5>\n<p>[\/vc_column_text][vc_column_text]Spezial-Kathodenmaterial, das die Reichweite von Elektrofahrzeugen erh\u00f6ht, verbessert die Energieeffizienz der stark nickelbasierten Akkus der n\u00e4chsten Generation.[\/vc_column_text][vc_column_text css=&#8221;.vc_custom_1619653705949{margin-top: 1rem !important;padding-top: 1.5rem !important;padding-right: 2rem !important;padding-bottom: 1.5rem !important;padding-left: 2rem !important;background-color: #f7f7f7 !important;}&#8221;]<\/p>\n<ul>\n<li>Besonders nickelhaltiges Kathodenmaterial ist die Technologie, die zur Leistungssteigerung von Anodenmaterial der n\u00e4chsten Generation eingesetzt werden kann.<\/li>\n<\/ul>\n<p>[\/vc_column_text][\/vc_column_inner][\/vc_row_inner][vc_empty_space height=&#8221;50px&#8221;][\/vc_column][\/vc_row]<\/p>\n","protected":false},"excerpt":{"rendered":"<p>[vc_row css_animation=&#8221;&#8221; row_type=&#8221;row&#8221; use_row_as_full_screen_section=&#8221;no&#8221; type=&#8221;grid&#8221; angled_section=&#8221;no&#8221; text_align=&#8221;left&#8221; background_image_as_pattern=&#8221;without_pattern&#8221; el_class=&#8221;kyc-headtitle&#8221; z_index=&#8221;&#8221; css=&#8221;.vc_custom_1619645368520{background-image: url(https:\/\/ky-europe.com\/en\/wp-content\/uploads\/sites\/4\/2021\/04\/sub02_05_visual.jpg?id=2104) !important;}&#8221;][vc_column width=&#8221;2\/3&#8243; el_class=&#8221;title-line&#8221;][vc_column_text] Akkumaterial [\/vc_column_text][\/vc_column][vc_column width=&#8221;1\/3&#8243;][\/vc_column][\/vc_row][vc_row css_animation=&#8221;&#8221; row_type=&#8221;row&#8221; use_row_as_full_screen_section=&#8221;no&#8221; type=&#8221;grid&#8221; angled_section=&#8221;no&#8221; text_align=&#8221;center&#8221; background_image_as_pattern=&#8221;without_pattern&#8221; z_index=&#8221;&#8221; background_color=&#8221;#ffffff&#8221; el_class=&#8221;padding-t50&#8243;][vc_column][vc_row_inner row_type=&#8221;row&#8221; type=&#8221;full_width&#8221; text_align=&#8221;center&#8221; css_animation=&#8221;&#8221;][vc_column_inner width=&#8221;1\/6&#8243;][\/vc_column_inner][vc_column_inner width=&#8221;2\/3&#8243;][vc_column_text] Batteriematerial der n\u00e4chsten Generation [\/vc_column_text][vc_empty_space height=&#8221;20px&#8221;][\/vc_column_inner][vc_column_inner&#8230;<\/p>\n","protected":false},"author":3,"featured_media":0,"parent":0,"menu_order":0,"comment_status":"closed","ping_status":"closed","template":"full_width.php","meta":{"_mi_skip_tracking":false,"_monsterinsights_sitenote_active":false,"_monsterinsights_sitenote_note":"","_monsterinsights_sitenote_category":0},"_links":{"self":[{"href":"https:\/\/ky-europe.com\/de\/wp-json\/wp\/v2\/pages\/1760"}],"collection":[{"href":"https:\/\/ky-europe.com\/de\/wp-json\/wp\/v2\/pages"}],"about":[{"href":"https:\/\/ky-europe.com\/de\/wp-json\/wp\/v2\/types\/page"}],"author":[{"embeddable":true,"href":"https:\/\/ky-europe.com\/de\/wp-json\/wp\/v2\/users\/3"}],"replies":[{"embeddable":true,"href":"https:\/\/ky-europe.com\/de\/wp-json\/wp\/v2\/comments?post=1760"}],"version-history":[{"count":2,"href":"https:\/\/ky-europe.com\/de\/wp-json\/wp\/v2\/pages\/1760\/revisions"}],"predecessor-version":[{"id":1762,"href":"https:\/\/ky-europe.com\/de\/wp-json\/wp\/v2\/pages\/1760\/revisions\/1762"}],"wp:attachment":[{"href":"https:\/\/ky-europe.com\/de\/wp-json\/wp\/v2\/media?parent=1760"}],"curies":[{"name":"wp","href":"https:\/\/api.w.org\/{rel}","templated":true}]}}