{"id":258,"date":"2019-09-09T03:17:05","date_gmt":"2019-09-09T03:17:05","guid":{"rendered":"https:\/\/ky-europe.com\/kumyang2\/?page_id=258"},"modified":"2019-11-06T04:21:29","modified_gmt":"2019-11-06T04:21:29","slug":"company-overview","status":"publish","type":"page","link":"https:\/\/ky-europe.com\/de\/company-overview\/","title":{"rendered":"Unternehmens\u00fcbersicht"},"content":{"rendered":"<p>[vc_row css_animation=&#8221;&#8221; row_type=&#8221;row&#8221; use_row_as_full_screen_section=&#8221;no&#8221; type=&#8221;grid&#8221; angled_section=&#8221;no&#8221; text_align=&#8221;left&#8221; background_image_as_pattern=&#8221;without_pattern&#8221; el_class=&#8221;kyc-headtitle&#8221; z_index=&#8221;&#8221; css=&#8221;.vc_custom_1571197796500{background-image: url(https:\/\/ky-europe.com\/de\/wp-content\/uploads\/sites\/4\/2019\/10\/headcover-com1a.png?id=1258) !important;}&#8221;][vc_column el_class=&#8221;title-line&#8221;][vc_column_text]<\/p>\n<div class=\"headtitle-main\">Unternehmens\u00fcbersicht<\/div>\n<div class=\"headtitle-sub\">Optimale Kundenzufriedenheit durch st\u00e4ndige Innovation und Verbesserung<\/div>\n<div class=\"headtitle-kycline\"><\/div>\n<p>[\/vc_column_text][\/vc_column][\/vc_row][vc_row css_animation=&#8221;&#8221; row_type=&#8221;row&#8221; use_row_as_full_screen_section=&#8221;no&#8221; type=&#8221;grid&#8221; angled_section=&#8221;no&#8221; text_align=&#8221;left&#8221; background_image_as_pattern=&#8221;without_pattern&#8221; z_index=&#8221;&#8221; el_class=&#8221;aboutkyc-01-1&#8243;][vc_column width=&#8221;1\/2&#8243;][vc_single_image image=&#8221;1262&#8243; img_size=&#8221;full&#8221; qode_css_animation=&#8221;&#8221; el_class=&#8221;text_lecen&#8221;][\/vc_column][vc_column width=&#8221;1\/2&#8243;][vc_empty_space height=&#8221;20px&#8221;][vc_empty_space height=&#8221;20px&#8221; el_class=&#8221;i1pc&#8221;][vc_column_text]<\/p>\n<div class=\"body20 lh30 font_400 color_black\">Kumyang ist ein auf<\/div>\n<div class=\"body30 lh40 font_500 color_ky01 text_cap\">Chemische Zusatzstoffe spezialisiertes Unternehmen<\/div>\n<p>[\/vc_column_text][vc_empty_space height=&#8221;20px&#8221;][vc_column_text]<\/p>\n<div class=\"body16 lh26 font_400 color_grey3\">Kumyang ist ein auf chemische Zusatzstoffe spezialisiertes Unternehmen, das Feinchemikalien wie Sch\u00e4ummittel, OPTSA (gemischtes Ortho &amp; Para Toluolsulfonamid) und Benazol (landwirtschaftliche chemische Materialien) herstellt und zun\u00e4chst nach seiner Gr\u00fcndung in Busan im Jahr 1955 mit Karin begann.<\/div>\n<p>[\/vc_column_text][\/vc_column][\/vc_row][vc_row css_animation=&#8221;&#8221; row_type=&#8221;row&#8221; use_row_as_full_screen_section=&#8221;no&#8221; type=&#8221;grid&#8221; angled_section=&#8221;yes&#8221; angled_section_position=&#8221;both&#8221; angled_section_direction=&#8221;from_right_to_left&#8221; text_align=&#8221;left&#8221; background_image_as_pattern=&#8221;without_pattern&#8221; z_index=&#8221;&#8221; el_class=&#8221;aboutkyc-01-2&#8243;][vc_column width=&#8221;1\/3&#8243;][vc_single_image image=&#8221;785&#8243; img_size=&#8221;full&#8221; qode_css_animation=&#8221;&#8221; el_class=&#8221;text_lecen i1mo&#8221;][vc_empty_space height=&#8221;20px&#8221;][vc_empty_space height=&#8221;10px&#8221; el_class=&#8221;i1pc&#8221;][vc_column_text]<\/p>\n<div class=\"body20 lh30 font_400 color_black\">Unser Kernprodukt ist<\/div>\n<div class=\"body30 lh40 font_500 color_ky01 text_cap\">Treibmittel<\/div>\n<p>[\/vc_column_text][vc_empty_space height=&#8221;20px&#8221;][vc_column_text]<\/p>\n<div class=\"body16 lh26 font_400 color_grey3\">Unser Hauptprodukt ist das Sch\u00e4ummittel, und wir erweitern unser Produktportfolio um Hydrazin, Titanoxid, Flammschutzmittel und Stabilisatoren, indem wir das Know-how in der Herstellung von Sch\u00e4ummitteln und die technologische Kompetenz, die wir seit Jahrzehnten gesammelt haben, nutzen. Dar\u00fcber hinaus verkaufen wir auch Kunstharze wie alle Arten von chemischen Zusatzstoffen, PVC, EVA und LDPE sowie Kautschukprodukte wie NBR, SBR, EPDM und andere nach Kundenwunsch.<\/div>\n<p>[\/vc_column_text][\/vc_column][vc_column width=&#8221;2\/3&#8243;][vc_single_image image=&#8221;785&#8243; img_size=&#8221;full&#8221; qode_css_animation=&#8221;&#8221; el_class=&#8221;text_lecen i1pc&#8221;][\/vc_column][\/vc_row][vc_row css_animation=&#8221;&#8221; row_type=&#8221;row&#8221; use_row_as_full_screen_section=&#8221;no&#8221; type=&#8221;grid&#8221; angled_section=&#8221;no&#8221; text_align=&#8221;left&#8221; background_image_as_pattern=&#8221;without_pattern&#8221; z_index=&#8221;&#8221; el_class=&#8221;kyc-aboutback1&#8243; css=&#8221;.vc_custom_1568013996239{background-image: url(https:\/\/ky-europe.com\/de\/wp-content\/uploads\/sites\/4\/2019\/09\/about01-back1a.png?id=666) !important;}&#8221;][vc_column][vc_column_text]<\/p>\n<div class=\"body30 lh45 font_600 color_white\">Wir haben den Hauptsitz in Busan, ein Vertriebsb\u00fcro in Seoul und den USA.<br \/>\nDar\u00fcber hinaus verf\u00fcgen wir in China \u00fcber verschiedene Produktions-, Vertriebs- und Marketingb\u00fcros<\/div>\n<p>[\/vc_column_text][vc_empty_space height=&#8221;20px&#8221;][vc_column_text]<\/p>\n<div class=\"body16 lh26 font_400 color_greye\">Kumyang macht hervorragende Fortschritte als <span class=\"font_500 color_fff\">The Global Leader of Chemical Additives<\/span>, und wird weiterhin Innovationen und Reformen verfolgen, um unseren Kunden maximale Zufriedenheit, nachhaltiges Wachstum f\u00fcr die Aktion\u00e4re und Interessenten sowie Stabilit\u00e4t und Zufriedenheit f\u00fcr die Mitarbeiter zu bieten.<\/div>\n<p>[\/vc_column_text][vc_empty_space height=&#8221;20px&#8221;]<a  itemprop=\"url\" href=\"\" target=\"_self\"  class=\"qbutton  default seemore\" style=\"\">Mehr erfahren<\/a>[\/vc_column][\/vc_row][vc_row css_animation=&#8221;&#8221; row_type=&#8221;row&#8221; use_row_as_full_screen_section=&#8221;no&#8221; type=&#8221;grid&#8221; angled_section=&#8221;yes&#8221; angled_section_position=&#8221;bottom&#8221; angled_section_direction=&#8221;from_right_to_left&#8221; text_align=&#8221;center&#8221; background_image_as_pattern=&#8221;without_pattern&#8221; el_class=&#8221;kyc-vision&#8221; z_index=&#8221;&#8221; background_color=&#8221;#ffffff&#8221;][vc_column][vc_column_text]<\/p>\n<div class=\"body30 lh35 color_ky01 font_600 ls-05\">Das Versprechen einer besseren Zukunft<\/div>\n<div class=\"body18 lh30 font_400 color_black\">Das Unternehmen, das seine soziale Verantwortung und Pflicht als f\u00fchrendes Unternehmen der Feinchemie erf\u00fcllt.<\/div>\n<p>[\/vc_column_text][vc_empty_space height=&#8221;40px&#8221;][vc_row_inner row_type=&#8221;row&#8221; type=&#8221;full_width&#8221; text_align=&#8221;center&#8221; css_animation=&#8221;&#8221;][vc_column_inner width=&#8221;1\/3&#8243;][vc_column_text el_class=&#8221;vision-circle1&#8243;]<\/p>\n<div class=\"vision-title\">Kunden<br \/>\nzufriedenheit<\/div>\n<p>[\/vc_column_text][vc_empty_space height=&#8221;20px&#8221;][vc_column_text]<\/p>\n<div class=\"vision-script\">Bei Kumyang tun wir alles,<br \/>\num unsere Kunden zu \u00fcberzeugen.<\/div>\n<p>[\/vc_column_text][\/vc_column_inner][vc_column_inner width=&#8221;1\/3&#8243;][vc_column_text el_class=&#8221;vision-circle2&#8243;]<\/p>\n<div class=\"vision-title\">Nachhaltiges Wachstum<\/div>\n<p>[\/vc_column_text][vc_empty_space height=&#8221;20px&#8221;][vc_column_text]<\/p>\n<div class=\"vision-script\">Kumyang w\u00e4chst weiter<br \/>\nund St\u00e4rke Wettbewerbsf\u00e4higkeit.<\/div>\n<p>[\/vc_column_text][\/vc_column_inner][vc_column_inner width=&#8221;1\/3&#8243;][vc_column_text el_class=&#8221;vision-circle3&#8243;]<\/p>\n<div class=\"vision-title\">Sozialer<br \/>\nBeitrag<\/div>\n<p>[\/vc_column_text][vc_empty_space height=&#8221;20px&#8221;][vc_column_text]<\/p>\n<div class=\"vision-script\">Kumyang dient dem Gemeinwohl.<\/div>\n<p>[\/vc_column_text][\/vc_column_inner][\/vc_row_inner][vc_empty_space height=&#8221;40px&#8221;][vc_video link=&#8221;https:\/\/www.youtube.com\/watch?v=ocrAXHaxbRk&#038;feature=youtu.be&#8221; align=&#8221;center&#8221;][\/vc_column][\/vc_row]<\/p>\n","protected":false},"excerpt":{"rendered":"<p>[vc_row css_animation=&#8221;&#8221; row_type=&#8221;row&#8221; use_row_as_full_screen_section=&#8221;no&#8221; type=&#8221;grid&#8221; angled_section=&#8221;no&#8221; text_align=&#8221;left&#8221; background_image_as_pattern=&#8221;without_pattern&#8221; el_class=&#8221;kyc-headtitle&#8221; z_index=&#8221;&#8221; css=&#8221;.vc_custom_1571197796500{background-image: url(https:\/\/ky-europe.com\/de\/wp-content\/uploads\/sites\/4\/2019\/10\/headcover-com1a.png?id=1258) !important;}&#8221;][vc_column el_class=&#8221;title-line&#8221;][vc_column_text] Unternehmens\u00fcbersicht Optimale Kundenzufriedenheit durch st\u00e4ndige Innovation und Verbesserung [\/vc_column_text][\/vc_column][\/vc_row][vc_row css_animation=&#8221;&#8221; row_type=&#8221;row&#8221; use_row_as_full_screen_section=&#8221;no&#8221; type=&#8221;grid&#8221; angled_section=&#8221;no&#8221; text_align=&#8221;left&#8221; background_image_as_pattern=&#8221;without_pattern&#8221; z_index=&#8221;&#8221; el_class=&#8221;aboutkyc-01-1&#8243;][vc_column width=&#8221;1\/2&#8243;][vc_single_image image=&#8221;1262&#8243; img_size=&#8221;full&#8221; qode_css_animation=&#8221;&#8221; el_class=&#8221;text_lecen&#8221;][\/vc_column][vc_column width=&#8221;1\/2&#8243;][vc_empty_space height=&#8221;20px&#8221;][vc_empty_space height=&#8221;20px&#8221;&#8230;<\/p>\n","protected":false},"author":2,"featured_media":0,"parent":0,"menu_order":0,"comment_status":"closed","ping_status":"closed","template":"full_width.php","meta":{"_mi_skip_tracking":false,"_monsterinsights_sitenote_active":false,"_monsterinsights_sitenote_note":"","_monsterinsights_sitenote_category":0},"_links":{"self":[{"href":"https:\/\/ky-europe.com\/de\/wp-json\/wp\/v2\/pages\/258"}],"collection":[{"href":"https:\/\/ky-europe.com\/de\/wp-json\/wp\/v2\/pages"}],"about":[{"href":"https:\/\/ky-europe.com\/de\/wp-json\/wp\/v2\/types\/page"}],"author":[{"embeddable":true,"href":"https:\/\/ky-europe.com\/de\/wp-json\/wp\/v2\/users\/2"}],"replies":[{"embeddable":true,"href":"https:\/\/ky-europe.com\/de\/wp-json\/wp\/v2\/comments?post=258"}],"version-history":[{"count":10,"href":"https:\/\/ky-europe.com\/de\/wp-json\/wp\/v2\/pages\/258\/revisions"}],"predecessor-version":[{"id":1448,"href":"https:\/\/ky-europe.com\/de\/wp-json\/wp\/v2\/pages\/258\/revisions\/1448"}],"wp:attachment":[{"href":"https:\/\/ky-europe.com\/de\/wp-json\/wp\/v2\/media?parent=258"}],"curies":[{"name":"wp","href":"https:\/\/api.w.org\/{rel}","templated":true}]}}