{"id":745,"date":"2019-09-10T02:22:47","date_gmt":"2019-09-10T02:22:47","guid":{"rendered":"https:\/\/ky-europe.com\/kumyang2\/?page_id=745"},"modified":"2019-11-06T04:20:38","modified_gmt":"2019-11-06T04:20:38","slug":"rd","status":"publish","type":"page","link":"https:\/\/ky-europe.com\/de\/rd\/","title":{"rendered":"F&#038;E"},"content":{"rendered":"<p>[vc_row css_animation=&#8221;&#8221; row_type=&#8221;row&#8221; use_row_as_full_screen_section=&#8221;no&#8221; type=&#8221;grid&#8221; angled_section=&#8221;no&#8221; text_align=&#8221;left&#8221; background_image_as_pattern=&#8221;without_pattern&#8221; el_class=&#8221;kyc-headtitle&#8221; z_index=&#8221;&#8221; css=&#8221;.vc_custom_1571209696260{background-image: url(https:\/\/ky-europe.com\/de\/wp-content\/uploads\/sites\/4\/2019\/10\/headcover-rnd1.png?id=1325) !important;}&#8221;][vc_column el_class=&#8221;title-line&#8221;][vc_column_text]<\/p>\n<div class=\"headtitle-main\">F&amp;E<\/div>\n<div class=\"headtitle-sub\">Steigerung des zuk\u00fcnftigen Unternehmenswerts durch Ausbildung von kompetentem Personal und durch Entwicklung von Kerntechnologien<\/div>\n<div class=\"headtitle-kycline\"><\/div>\n<p>[\/vc_column_text][\/vc_column][\/vc_row][vc_row css_animation=&#8221;&#8221; row_type=&#8221;row&#8221; use_row_as_full_screen_section=&#8221;no&#8221; type=&#8221;grid&#8221; angled_section=&#8221;yes&#8221; angled_section_position=&#8221;bottom&#8221; angled_section_direction=&#8221;from_right_to_left&#8221; text_align=&#8221;center&#8221; background_image_as_pattern=&#8221;without_pattern&#8221; z_index=&#8221;&#8221; el_class=&#8221;aboutkyc-02-1&#8243;][vc_column width=&#8221;1\/6&#8243;][\/vc_column][vc_column width=&#8221;2\/3&#8243;][vc_column_text]<\/p>\n<div class=\"body20 lh30 font_400 color_black\">Einf\u00fchrung von<\/div>\n<div class=\"body30 lh40 font_500 color_ky01 text_cap\">Kumyang R&amp;D<\/div>\n<p>[\/vc_column_text][vc_empty_space height=&#8221;15px&#8221;][vc_column_text]<\/p>\n<div class=\"body16 lh26 font_400 color_grey3\">The Kumyang technology and development department has emerged as the hub for the global leader in blowing agent products over the past 30 years. Kumyang&#8217;s R&amp;D has been specially organized to develop precision chemistry materials with a focus on new blowing agent technologies and applications through the development of highly functional blowing agents. For the future. Kumyang R&amp;D will challenge the limitations of current technology by continuously developing skillful technicians and generating Core R&amp;D performance to contribute to the prosperous growth of Kumyang.<\/div>\n<p>[\/vc_column_text][\/vc_column][vc_column width=&#8221;1\/6&#8243;][\/vc_column][\/vc_row][vc_row css_animation=&#8221;&#8221; row_type=&#8221;row&#8221; use_row_as_full_screen_section=&#8221;no&#8221; type=&#8221;grid&#8221; angled_section=&#8221;yes&#8221; angled_section_position=&#8221;bottom&#8221; angled_section_direction=&#8221;from_right_to_left&#8221; text_align=&#8221;center&#8221; background_image_as_pattern=&#8221;without_pattern&#8221; z_index=&#8221;&#8221; el_class=&#8221;padding-t150 padding-b100&#8243; background_color=&#8221;#f2f2f2&#8243;][vc_column][vc_column_text]<\/p>\n<div class=\"body20 lh30 font_400 color_black\">Geschichte von<\/div>\n<div class=\"body30 lh40 font_500 color_ky01 text_cap\">Kumyang R&amp;D<\/div>\n<p>[\/vc_column_text][vc_empty_space height=&#8221;50px&#8221;][vc_row_inner row_type=&#8221;row&#8221; type=&#8221;full_width&#8221; text_align=&#8221;center&#8221; css_animation=&#8221;&#8221; el_class=&#8221;rnd-history&#8221;][vc_column_inner width=&#8221;1\/3&#8243;][vc_single_image image=&#8221;1281&#8243; img_size=&#8221;full&#8221; qode_css_animation=&#8221;&#8221;][vc_empty_space height=&#8221;15px&#8221;][vc_column_text]<\/p>\n<h5>1980&#8217;s<\/h5>\n<p>[\/vc_column_text][vc_empty_space height=&#8221;5px&#8221;][vc_column_text]Gr\u00fcndung von Kumyang R&amp;D<br \/>\nim Jahr 1985[\/vc_column_text][vc_empty_space height=&#8221;20px&#8221; el_class=&#8221;i1pc&#8221;][\/vc_column_inner][vc_column_inner width=&#8221;1\/3&#8243;][vc_single_image image=&#8221;1250&#8243; img_size=&#8221;full&#8221; qode_css_animation=&#8221;&#8221;][vc_empty_space height=&#8221;15px&#8221;][vc_column_text]<\/p>\n<h5>1990 ~ 2000&#8217;s<\/h5>\n<p>[\/vc_column_text][vc_empty_space height=&#8221;5px&#8221;][vc_column_text]Entwicklung leistungsf\u00e4higer, modifizierter Treibmittelsorten und Verbesserung der Anwendungstechnologie[\/vc_column_text][\/vc_column_inner][vc_column_inner width=&#8221;1\/3&#8243;][vc_single_image image=&#8221;1252&#8243; img_size=&#8221;full&#8221; qode_css_animation=&#8221;&#8221;][vc_empty_space height=&#8221;15px&#8221;][vc_column_text]<\/p>\n<h5>2010&#8217;s ~<\/h5>\n<p>[\/vc_column_text][vc_empty_space height=&#8221;5px&#8221;][vc_column_text]Entwicklung<br \/>\nexpandierbarer Mikrokugeln[\/vc_column_text][vc_empty_space height=&#8221;20px&#8221; el_class=&#8221;i1pc&#8221;][\/vc_column_inner][\/vc_row_inner][\/vc_column][\/vc_row][vc_row css_animation=&#8221;&#8221; row_type=&#8221;row&#8221; use_row_as_full_screen_section=&#8221;no&#8221; type=&#8221;grid&#8221; angled_section=&#8221;yes&#8221; angled_section_position=&#8221;bottom&#8221; angled_section_direction=&#8221;from_right_to_left&#8221; text_align=&#8221;center&#8221; background_image_as_pattern=&#8221;without_pattern&#8221; z_index=&#8221;&#8221; el_class=&#8221;padding-t150 padding-b100 research&#8221; background_color=&#8221;#ffffff&#8221;][vc_column][vc_column_text]<\/p>\n<div class=\"body20 lh30 font_400 color_black\">Wof\u00fcr wir forschen<\/div>\n<div class=\"body30 lh40 font_500 color_ky01 text_cap\">Unser Forschungsbereich<\/div>\n<p>[\/vc_column_text][vc_empty_space height=&#8221;70px&#8221;][vc_row_inner row_type=&#8221;row&#8221; type=&#8221;full_width&#8221; text_align=&#8221;left&#8221; css_animation=&#8221;&#8221;][vc_column_inner width=&#8221;1\/2&#8243;][vc_single_image image=&#8221;1254&#8243; img_size=&#8221;full&#8221; qode_css_animation=&#8221;&#8221;][vc_empty_space height=&#8221;20px&#8221; el_class=&#8221;i1mo&#8221;][\/vc_column_inner][vc_column_inner width=&#8221;1\/2&#8243;][vc_empty_space height=&#8221;80px&#8221; el_class=&#8221;i1pc&#8221;][vc_column_text]<\/p>\n<div class=\"body24 lh30 font_500 color_ky01 text_cap\">Treibmittel<\/div>\n<p>[\/vc_column_text][vc_empty_space height=&#8221;15px&#8221;][vc_column_text]<\/p>\n<div class=\"body16 lh26 font_400 color_grey3\">Seit der Gr\u00fcndung im Jahr 1985 versuchen wir, die Leistung von Treibmitteln kontinuierlich zu verbessern und wir werden uns haupts\u00e4chlich darauf konzentrieren, Hochleistungstreibmittel nach Kundenwunsch zu entwickeln<\/div>\n<p>[\/vc_column_text][\/vc_column_inner][\/vc_row_inner][vc_empty_space height=&#8221;60px&#8221;][vc_row_inner row_type=&#8221;row&#8221; type=&#8221;full_width&#8221; text_align=&#8221;left&#8221; css_animation=&#8221;&#8221;][vc_column_inner width=&#8221;1\/2&#8243;][vc_single_image image=&#8221;1255&#8243; img_size=&#8221;full&#8221; qode_css_animation=&#8221;&#8221; el_class=&#8221;i1mo&#8221;][vc_empty_space height=&#8221;20px&#8221;][vc_empty_space height=&#8221;30px&#8221; el_class=&#8221;i1pc&#8221;][vc_column_text]<\/p>\n<div class=\"body24 lh30 font_500 color_ky01 text_cap\">Erweiterbare Mikrokugeln<\/div>\n<p>[\/vc_column_text][vc_empty_space height=&#8221;15px&#8221;][vc_column_text]<\/p>\n<div class=\"body16 lh26 font_400 color_grey3\">Erweiterbare Mikrokugeln, w\u00e4rmeexpandierbare physikalische Hochleistungstreibmittel, k\u00f6nnen eine glattere Oberfl\u00e4che und eine ausgepr\u00e4gtere Form im Vergleich zu allgemein zersetzbaren chemischen Treibmitteln ergeben und sie k\u00f6nnen zur Herstellung eines gesch\u00e4umten, d\u00fcnnen Produkts wie Siebdruckpapier verwendet werden. Wir forschen, um den Herstellungsprozess zu verbessern, neue Prozesse zu entwickeln und neue Sorten zu erstellen, die f\u00fcr gemeinsame Zwecke geeignet sind.<\/div>\n<p>[\/vc_column_text][\/vc_column_inner][vc_column_inner el_class=&#8221;i1pc&#8221; width=&#8221;1\/2&#8243;][vc_single_image image=&#8221;1255&#8243; img_size=&#8221;full&#8221; qode_css_animation=&#8221;&#8221;][\/vc_column_inner][\/vc_row_inner][vc_empty_space height=&#8221;60px&#8221;][vc_row_inner row_type=&#8221;row&#8221; type=&#8221;full_width&#8221; text_align=&#8221;left&#8221; css_animation=&#8221;&#8221;][vc_column_inner width=&#8221;1\/2&#8243;][vc_single_image image=&#8221;1256&#8243; img_size=&#8221;full&#8221; qode_css_animation=&#8221;&#8221;][\/vc_column_inner][vc_column_inner width=&#8221;1\/2&#8243;][vc_empty_space height=&#8221;20px&#8221;][vc_empty_space height=&#8221;70px&#8221; el_class=&#8221;i1pc&#8221;][vc_column_text]<\/p>\n<div class=\"body24 lh30 font_500 color_ky01 text_cap\">Titandioxid<\/div>\n<p>[\/vc_column_text][vc_empty_space height=&#8221;15px&#8221;][vc_column_text]<\/p>\n<div class=\"body16 lh26 font_400 color_grey3\">Titandioxid ist aufgrund seines hohen Wei\u00dfgrades und seiner Opazit\u00e4t ein sehr beliebtes Wei\u00dfpigment f\u00fcr den allgemeinen Gebrauch bei Kunststoffen, Papier usw. Wir forschen, um die Kornfeinheit, Witterungsbest\u00e4ndigkeit, Opazit\u00e4t, den Wei\u00dfgrad usw. zu verbessern.<\/div>\n<p>[\/vc_column_text][\/vc_column_inner][\/vc_row_inner][vc_empty_space height=&#8221;60px&#8221;][vc_row_inner row_type=&#8221;row&#8221; type=&#8221;full_width&#8221; text_align=&#8221;left&#8221; css_animation=&#8221;&#8221; el_class=&#8221;nonshadow&#8221;][vc_column_inner width=&#8221;1\/2&#8243;][vc_single_image image=&#8221;1267&#8243; img_size=&#8221;full&#8221; qode_css_animation=&#8221;&#8221; el_class=&#8221;i1mo&#8221;][vc_empty_space height=&#8221;20px&#8221; el_class=&#8221;i1mo&#8221;][vc_empty_space height=&#8221;70px&#8221; el_class=&#8221;i1pc&#8221;][vc_column_text]<\/p>\n<div class=\"body24 lh30 font_500 color_ky01 text_cap\">Hydrazinderivate<\/div>\n<p>[\/vc_column_text][vc_empty_space height=&#8221;15px&#8221;][vc_column_text]<\/p>\n<div class=\"body16 lh26 font_400 color_grey3\">Hydrazinhydrat wird nicht nur als Rohstoff f\u00fcr Treibmittel, sondern auch als Antikalkablagerungsmittel, Polymerisationskatalysator f\u00fcr Spandexfasern, Vorprodukte f\u00fcr Agrochemikalien, Farbstoffe und Feinchemikalien verwendet. Wir werden weiterhin neue Produkte entwickeln und den Herstellungsprozess f\u00fcr Hydrazinhydrat unserer eigenen Produktionsst\u00e4tte in der Inneren Mongolei verbessern.<\/div>\n<p>[\/vc_column_text][\/vc_column_inner][vc_column_inner el_class=&#8221;i1pc&#8221; width=&#8221;1\/2&#8243;][vc_single_image image=&#8221;1268&#8243; img_size=&#8221;full&#8221; qode_css_animation=&#8221;&#8221;][\/vc_column_inner][\/vc_row_inner][vc_empty_space height=&#8221;40px&#8221;][vc_video link=&#8221;https:\/\/www.youtube.com\/watch?v=52OYYl89Ix8&#038;feature=youtu.be&#8221; align=&#8221;center&#8221;][\/vc_column][\/vc_row]<\/p>\n","protected":false},"excerpt":{"rendered":"<p>[vc_row css_animation=&#8221;&#8221; row_type=&#8221;row&#8221; use_row_as_full_screen_section=&#8221;no&#8221; type=&#8221;grid&#8221; angled_section=&#8221;no&#8221; text_align=&#8221;left&#8221; background_image_as_pattern=&#8221;without_pattern&#8221; el_class=&#8221;kyc-headtitle&#8221; z_index=&#8221;&#8221; css=&#8221;.vc_custom_1571209696260{background-image: url(https:\/\/ky-europe.com\/de\/wp-content\/uploads\/sites\/4\/2019\/10\/headcover-rnd1.png?id=1325) !important;}&#8221;][vc_column el_class=&#8221;title-line&#8221;][vc_column_text] F&amp;E Steigerung des zuk\u00fcnftigen Unternehmenswerts durch Ausbildung von kompetentem Personal und durch Entwicklung von Kerntechnologien [\/vc_column_text][\/vc_column][\/vc_row][vc_row css_animation=&#8221;&#8221; row_type=&#8221;row&#8221; use_row_as_full_screen_section=&#8221;no&#8221; type=&#8221;grid&#8221; angled_section=&#8221;yes&#8221; angled_section_position=&#8221;bottom&#8221; angled_section_direction=&#8221;from_right_to_left&#8221; text_align=&#8221;center&#8221; background_image_as_pattern=&#8221;without_pattern&#8221; z_index=&#8221;&#8221;&#8230;<\/p>\n","protected":false},"author":2,"featured_media":0,"parent":0,"menu_order":0,"comment_status":"closed","ping_status":"closed","template":"full_width.php","meta":{"_mi_skip_tracking":false,"_monsterinsights_sitenote_active":false,"_monsterinsights_sitenote_note":"","_monsterinsights_sitenote_category":0},"_links":{"self":[{"href":"https:\/\/ky-europe.com\/de\/wp-json\/wp\/v2\/pages\/745"}],"collection":[{"href":"https:\/\/ky-europe.com\/de\/wp-json\/wp\/v2\/pages"}],"about":[{"href":"https:\/\/ky-europe.com\/de\/wp-json\/wp\/v2\/types\/page"}],"author":[{"embeddable":true,"href":"https:\/\/ky-europe.com\/de\/wp-json\/wp\/v2\/users\/2"}],"replies":[{"embeddable":true,"href":"https:\/\/ky-europe.com\/de\/wp-json\/wp\/v2\/comments?post=745"}],"version-history":[{"count":17,"href":"https:\/\/ky-europe.com\/de\/wp-json\/wp\/v2\/pages\/745\/revisions"}],"predecessor-version":[{"id":1446,"href":"https:\/\/ky-europe.com\/de\/wp-json\/wp\/v2\/pages\/745\/revisions\/1446"}],"wp:attachment":[{"href":"https:\/\/ky-europe.com\/de\/wp-json\/wp\/v2\/media?parent=745"}],"curies":[{"name":"wp","href":"https:\/\/api.w.org\/{rel}","templated":true}]}}