{"id":827,"date":"2019-09-10T08:16:04","date_gmt":"2019-09-10T08:16:04","guid":{"rendered":"https:\/\/ky-europe.com\/kumyang2\/?page_id=827"},"modified":"2020-02-05T06:52:12","modified_gmt":"2020-02-05T06:52:12","slug":"capsulated-blowing-agent","status":"publish","type":"page","link":"https:\/\/ky-europe.com\/de\/capsulated-blowing-agent\/","title":{"rendered":"Verkapseltes Treibmittel"},"content":{"rendered":"<p>[vc_row css_animation=&#8221;&#8221; row_type=&#8221;row&#8221; use_row_as_full_screen_section=&#8221;no&#8221; type=&#8221;grid&#8221; angled_section=&#8221;no&#8221; text_align=&#8221;left&#8221; background_image_as_pattern=&#8221;without_pattern&#8221; el_class=&#8221;kyc-headtitle&#8221; z_index=&#8221;&#8221; css=&#8221;.vc_custom_1571200357470{background-image: url(https:\/\/ky-europe.com\/de\/wp-content\/uploads\/sites\/4\/2019\/10\/headcover-prd2.png?id=1260) !important;}&#8221;][vc_column width=&#8221;2\/3&#8243; el_class=&#8221;title-line&#8221;][vc_column_text]<\/p>\n<div class=\"headtitle-main\">Verkapseltes Treibmittel<\/div>\n<div class=\"headtitle-sub\">Expandierbares Treibmittel<\/div>\n<div class=\"headtitle-kycline\"><\/div>\n<p>[\/vc_column_text][\/vc_column][vc_column width=&#8221;1\/3&#8243;][\/vc_column][\/vc_row][vc_row css_animation=&#8221;&#8221; row_type=&#8221;row&#8221; use_row_as_full_screen_section=&#8221;no&#8221; type=&#8221;grid&#8221; angled_section=&#8221;yes&#8221; angled_section_position=&#8221;both&#8221; angled_section_direction=&#8221;from_right_to_left&#8221; text_align=&#8221;center&#8221; background_image_as_pattern=&#8221;without_pattern&#8221; z_index=&#8221;&#8221; background_color=&#8221;#ffffff&#8221; el_class=&#8221;padding-t50&#8243;][vc_column][vc_row_inner row_type=&#8221;row&#8221; type=&#8221;full_width&#8221; text_align=&#8221;center&#8221; css_animation=&#8221;&#8221;][vc_column_inner width=&#8221;1\/6&#8243;][\/vc_column_inner][vc_column_inner width=&#8221;2\/3&#8243;][vc_column_text]<\/p>\n<div class=\"body20 lh30 font_400 color_black\">Einf\u00fchrung von<\/div>\n<div class=\"body30 lh40 font_500 color_ky01 text_cap\">Verkapseltes Treibmittel<\/div>\n<p>[\/vc_column_text][vc_empty_space height=&#8221;20px&#8221;][vc_column_text]<\/p>\n<div class=\"body16 lh26 font_300 color_grey3\">Verkapseltes Treibmittel ist eine Art thermoexpandierbare Mikrokapseln und physikalisches Treibmittel mit einem durchschnittlichen Durchmesser von 10 bis 60 \u03bcm. Es beginnt mit der Erw\u00e4rmung zu erweichen und das eingekapselte Treibmittel (fl\u00fcssiger Kohlenwasserstoff) beginnt zu vergasen, um den Innendruck zu erh\u00f6hen und die Schale zu expandieren. Die Schalen, die mit dem Druck des vergasten Kohlenwasserstoffs erweicht und expandiert werden, machen einen glatteren Schwamm und ein d\u00fcnnes Siebdruckpapier im Vergleich zu chemischen Treibmitteln.<\/div>\n<p>[\/vc_column_text][\/vc_column_inner][vc_column_inner width=&#8221;1\/6&#8243;][\/vc_column_inner][\/vc_row_inner][vc_empty_space height=&#8221;40px&#8221;][\/vc_column][\/vc_row][vc_row css_animation=&#8221;&#8221; row_type=&#8221;row&#8221; use_row_as_full_screen_section=&#8221;no&#8221; type=&#8221;grid&#8221; angled_section=&#8221;yes&#8221; angled_section_position=&#8221;bottom&#8221; angled_section_direction=&#8221;from_right_to_left&#8221; text_align=&#8221;left&#8221; background_image_as_pattern=&#8221;without_pattern&#8221; el_class=&#8221;kyc-tabs product-description padding-b75&#8243; z_index=&#8221;&#8221;][vc_column width=&#8221;1\/2&#8243;][vc_single_image image=&#8221;1300&#8243; img_size=&#8221;full&#8221; qode_css_animation=&#8221;&#8221; el_class=&#8221;i1pc&#8221;][vc_single_image image=&#8221;1301&#8243; img_size=&#8221;full&#8221; qode_css_animation=&#8221;&#8221; el_class=&#8221;i1mo&#8221;][vc_empty_space height=&#8221;20px&#8221;][\/vc_column][vc_column width=&#8221;1\/2&#8243;][vc_column_text]<\/p>\n<div class=\"application-title\">Merkmale<\/div>\n<div class=\"application-text\">Obwohl das verkapselte Treibmittel in Ordnung ist, ist die gut gefertigte dicke Schale haltbar genug gegen einen hohen Druck von \u00fcber 300 kgf\/cm2 und l\u00f6sungsmittelbest\u00e4ndig. Der mit dem verkapselten Treibmittel hergestellte Schwamm weist eine hohe Elastizit\u00e4t auf, W\u00e4rmed\u00e4mmung, Schalld\u00e4mmung, Schockabsorber, Senkung der spezifischen Dichte mit Mikroschaumstruktur.<\/div>\n<p>[\/vc_column_text][vc_separator type=&#8221;normal&#8221; color=&#8221;#cccccc&#8221; up=&#8221;20&#8243; down=&#8221;20&#8243;][vc_column_text]<\/p>\n<div class=\"application-title\">ANWENDUNG<\/div>\n<div class=\"application-text\">PVC-Sandale, Kunstleder, Siebdruckpapier, Zwischen- und Laufsohle von Sportschuhen, Siebdruck, Druckfarbe.<\/div>\n<p>[\/vc_column_text][vc_empty_space height=&#8221;15px&#8221;][vc_column_text]<\/p>\n<div class=\"mobile_table-scroll\">\n<table class=\"kyc-table1\">\n<colgroup>\n<col width=\"30%\" \/>\n<col width=\"20%\" \/>\n<col width=\"20%\" \/>\n<col width=\"20%\" \/> <\/colgroup>\n<thead>\n<tr>\n<th colspan=\"4\">Art der Produkte und physische Eigenschaften<\/th>\n<\/tr>\n<\/thead>\n<tbody>\n<tr>\n<th scope=\"col\">Name der Ware<\/th>\n<th scope=\"col\">Partikelgr\u00f6\u00dfe (\u339b)<\/th>\n<th scope=\"col\">T\uff08start.\u2103)<\/th>\n<th scope=\"col\">T(max. \u2103)<\/th>\n<\/tr>\n<tr>\n<td>CELLCOM \u2013 CAP132<\/td>\n<td>15~20<\/td>\n<td>95~105<\/td>\n<td>130~140<\/td>\n<\/tr>\n<tr>\n<td>CELLCOM \u2013 CAP264H<\/td>\n<td>26~36<\/td>\n<td rowspan=\"2\">120~140<\/td>\n<td>185~200<\/td>\n<\/tr>\n<tr>\n<td>CELLCOM \u2013 CAP264J<\/td>\n<td>18~24<\/td>\n<td>175~185<\/td>\n<\/tr>\n<tr>\n<td>CELLCOM \u2013 CAP264U<\/td>\n<td rowspan=\"2\">30~50<\/td>\n<td>140~150<\/td>\n<td>175~190<\/td>\n<\/tr>\n<tr>\n<td>CELLCOM \u2013 CAP365<\/td>\n<td>145~160<\/td>\n<td>180~190<\/td>\n<\/tr>\n<tr>\n<td>CELLCOM \u2013 CAP463J<\/td>\n<td>20~30<\/td>\n<td rowspan=\"2\">140~150<\/td>\n<td>195~205<\/td>\n<\/tr>\n<tr>\n<td>CELLCOM \u2013 CAP465<\/td>\n<td>30~50<\/td>\n<td>180~190<\/td>\n<\/tr>\n<tr>\n<td>CELLCOM \u2013 CAP563W<\/td>\n<td>25~50<\/td>\n<td>145~155<\/td>\n<td>185~200<\/td>\n<\/tr>\n<\/tbody>\n<\/table>\n<\/div>\n<p>[\/vc_column_text][\/vc_column][\/vc_row]<\/p>\n","protected":false},"excerpt":{"rendered":"<p>[vc_row css_animation=&#8221;&#8221; row_type=&#8221;row&#8221; use_row_as_full_screen_section=&#8221;no&#8221; type=&#8221;grid&#8221; angled_section=&#8221;no&#8221; text_align=&#8221;left&#8221; background_image_as_pattern=&#8221;without_pattern&#8221; el_class=&#8221;kyc-headtitle&#8221; z_index=&#8221;&#8221; css=&#8221;.vc_custom_1571200357470{background-image: url(https:\/\/ky-europe.com\/de\/wp-content\/uploads\/sites\/4\/2019\/10\/headcover-prd2.png?id=1260) !important;}&#8221;][vc_column width=&#8221;2\/3&#8243; el_class=&#8221;title-line&#8221;][vc_column_text] Verkapseltes Treibmittel Expandierbares Treibmittel [\/vc_column_text][\/vc_column][vc_column width=&#8221;1\/3&#8243;][\/vc_column][\/vc_row][vc_row css_animation=&#8221;&#8221; row_type=&#8221;row&#8221; use_row_as_full_screen_section=&#8221;no&#8221; type=&#8221;grid&#8221; angled_section=&#8221;yes&#8221; angled_section_position=&#8221;both&#8221; angled_section_direction=&#8221;from_right_to_left&#8221; text_align=&#8221;center&#8221; background_image_as_pattern=&#8221;without_pattern&#8221; z_index=&#8221;&#8221; background_color=&#8221;#ffffff&#8221; el_class=&#8221;padding-t50&#8243;][vc_column][vc_row_inner row_type=&#8221;row&#8221; type=&#8221;full_width&#8221; text_align=&#8221;center&#8221; css_animation=&#8221;&#8221;][vc_column_inner width=&#8221;1\/6&#8243;][\/vc_column_inner][vc_column_inner width=&#8221;2\/3&#8243;][vc_column_text] Einf\u00fchrung&#8230;<\/p>\n","protected":false},"author":2,"featured_media":0,"parent":0,"menu_order":0,"comment_status":"closed","ping_status":"closed","template":"full_width.php","meta":{"_mi_skip_tracking":false,"_monsterinsights_sitenote_active":false,"_monsterinsights_sitenote_note":"","_monsterinsights_sitenote_category":0},"_links":{"self":[{"href":"https:\/\/ky-europe.com\/de\/wp-json\/wp\/v2\/pages\/827"}],"collection":[{"href":"https:\/\/ky-europe.com\/de\/wp-json\/wp\/v2\/pages"}],"about":[{"href":"https:\/\/ky-europe.com\/de\/wp-json\/wp\/v2\/types\/page"}],"author":[{"embeddable":true,"href":"https:\/\/ky-europe.com\/de\/wp-json\/wp\/v2\/users\/2"}],"replies":[{"embeddable":true,"href":"https:\/\/ky-europe.com\/de\/wp-json\/wp\/v2\/comments?post=827"}],"version-history":[{"count":8,"href":"https:\/\/ky-europe.com\/de\/wp-json\/wp\/v2\/pages\/827\/revisions"}],"predecessor-version":[{"id":1479,"href":"https:\/\/ky-europe.com\/de\/wp-json\/wp\/v2\/pages\/827\/revisions\/1479"}],"wp:attachment":[{"href":"https:\/\/ky-europe.com\/de\/wp-json\/wp\/v2\/media?parent=827"}],"curies":[{"name":"wp","href":"https:\/\/api.w.org\/{rel}","templated":true}]}}