{"id":834,"date":"2019-09-10T08:25:45","date_gmt":"2019-09-10T08:25:45","guid":{"rendered":"https:\/\/ky-europe.com\/kumyang2\/?page_id=834"},"modified":"2021-04-27T23:20:06","modified_gmt":"2021-04-27T21:20:06","slug":"titanium-dioxide","status":"publish","type":"page","link":"https:\/\/ky-europe.com\/de\/titanium-dioxide\/","title":{"rendered":"Titandioxid"},"content":{"rendered":"<p>[vc_row css_animation=&#8221;&#8221; row_type=&#8221;row&#8221; use_row_as_full_screen_section=&#8221;no&#8221; type=&#8221;grid&#8221; angled_section=&#8221;no&#8221; text_align=&#8221;left&#8221; background_image_as_pattern=&#8221;without_pattern&#8221; el_class=&#8221;kyc-headtitle&#8221; z_index=&#8221;&#8221; css=&#8221;.vc_custom_1571201794307{background-image: url(https:\/\/ky-europe.com\/de\/wp-content\/uploads\/sites\/4\/2019\/10\/headcover-prd6.png?id=1305) !important;}&#8221;][vc_column width=&#8221;2\/3&#8243; el_class=&#8221;title-line&#8221;][vc_column_text]<\/p>\n<div class=\"headtitle-main\">Titandioxid<\/div>\n<div class=\"headtitle-sub\">L\u00f6sung des Umweltproblems am Arbeitsplatz<\/div>\n<div class=\"headtitle-kycline\"><\/div>\n<p>[\/vc_column_text][\/vc_column][vc_column width=&#8221;1\/3&#8243;][\/vc_column][\/vc_row][vc_row css_animation=&#8221;&#8221; row_type=&#8221;row&#8221; use_row_as_full_screen_section=&#8221;no&#8221; type=&#8221;grid&#8221; angled_section=&#8221;yes&#8221; angled_section_position=&#8221;both&#8221; angled_section_direction=&#8221;from_right_to_left&#8221; text_align=&#8221;center&#8221; background_image_as_pattern=&#8221;without_pattern&#8221; z_index=&#8221;&#8221; background_color=&#8221;#ffffff&#8221; el_class=&#8221;padding-t50&#8243;][vc_column][vc_row_inner row_type=&#8221;row&#8221; type=&#8221;full_width&#8221; text_align=&#8221;center&#8221; css_animation=&#8221;&#8221;][vc_column_inner width=&#8221;1\/6&#8243;][\/vc_column_inner][vc_column_inner width=&#8221;2\/3&#8243;][vc_column_text]<\/p>\n<div class=\"body20 lh30 font_400 color_black\">Einf\u00fchrung von<\/div>\n<div class=\"body30 lh40 font_500 color_ky01 text_cap\">Titandioxid<\/div>\n<p>[\/vc_column_text][vc_empty_space height=&#8221;20px&#8221;][vc_column_text]<\/p>\n<div class=\"body16 lh26 font_300 color_grey3\">Titandioxid ist aufgrund seiner Helligkeit und des sehr hohen Brechungsindexes (n = 2,7) das am weitesten verbreitete Wei\u00dfpigment, TiO2 ist au\u00dferdem ein wirksames Tr\u00fcbungsmittel in Pulverform, wobei es als Pigment verwendet wird, um Produkten wie Farbe, Lacke, Kunststoffe, Papiere, Tinten, Lebensmittel, Medikamente (z.B. Pillen und Tabletten) sowie die meisten Zahnpasten Wei\u00dfgrad und Deckkraft zu verleihen.<\/div>\n<p>[\/vc_column_text][\/vc_column_inner][vc_column_inner width=&#8221;1\/6&#8243;][\/vc_column_inner][\/vc_row_inner][vc_empty_space height=&#8221;50px&#8221;][\/vc_column][\/vc_row][vc_row css_animation=&#8221;&#8221; row_type=&#8221;row&#8221; use_row_as_full_screen_section=&#8221;no&#8221; type=&#8221;grid&#8221; angled_section=&#8221;yes&#8221; angled_section_position=&#8221;both&#8221; angled_section_direction=&#8221;from_right_to_left&#8221; text_align=&#8221;left&#8221; background_image_as_pattern=&#8221;without_pattern&#8221; el_class=&#8221;kyc-tabs product-description padding-b75&#8243; z_index=&#8221;&#8221;][vc_column]<div class=\"qode-advanced-tabs qode-advanced-tabs qode-advanced-horizontal-tab clearfix qode-advanced-tab-without-icon qode-advanced-tabs-column-2 clearfix\">\n\t<ul class=\"qode-advanced-tabs-nav\">\n\t\t\t\t\t<li>\n\t\t\t\t<h6>\n\t\t\t\t\t<a href=\"#tab-rutil-typ\">\n\t\t\t\t\t\t\n\t\t\t\t\t\t\t\t\t\t\t\t\t<span class=\"qode-advanced-tab-text-after-icon\">\n\t\t\t\t\t\t\t\tRutil-Typ\t\t\t\t\t\t\t<\/span>\n\t\t\t\t\t\t\t\t\t\t\t<\/a>\n\t\t\t\t<\/h6>\n\t\t\t<\/li>\n\t\t\t\t\t<li>\n\t\t\t\t<h6>\n\t\t\t\t\t<a href=\"#tab-anatas-typ\">\n\t\t\t\t\t\t\n\t\t\t\t\t\t\t\t\t\t\t\t\t<span class=\"qode-advanced-tab-text-after-icon\">\n\t\t\t\t\t\t\t\tAnatas-Typ\t\t\t\t\t\t\t<\/span>\n\t\t\t\t\t\t\t\t\t\t\t<\/a>\n\t\t\t\t<\/h6>\n\t\t\t<\/li>\n\t\t\t<\/ul>\n\t<div class=\"qode-advanced-tab-container\" id=\"tab-rutil-typ-708\" data-icon-pack=\"\" data-icon-html=\"\">[vc_row_inner row_type=&#8221;row&#8221; type=&#8221;full_width&#8221; text_align=&#8221;left&#8221; css_animation=&#8221;&#8221;][vc_column_inner width=&#8221;1\/2&#8243;][vc_column_text]<\/p>\n<div class=\"application-title\">Merkmale<\/div>\n<div class=\"application-text\">Rutil-Typ-Titandioxid kann f\u00fcr Farbe mit hoher Opazit\u00e4t und inaktiven optischen Eigenschaften verwendet werden, da es physikalisch und chemisch sehr stabil ist. Es hat eine ausgezeichnete optische Leistung, hohen Wei\u00dfgrad, Leichtigkeit und Glanz; starke Farbreduktionskraft, Deckkraft, gute dispergierbare Eigenschaften und hohe Haltbarkeit.<\/div>\n<p>[\/vc_column_text][vc_empty_space height=&#8221;20px&#8221; el_class=&#8221;i1mo&#8221;][\/vc_column_inner][vc_column_inner width=&#8221;1\/2&#8243;][vc_column_text]<\/p>\n<div class=\"application-title\">Kristallhabitus<\/div>\n<div class=\"application-text\"><\/div>\n<p>[\/vc_column_text][vc_empty_space height=&#8221;10px&#8221;][vc_single_image image=&#8221;1222&#8243; img_size=&#8221;full&#8221; qode_css_animation=&#8221;&#8221;][\/vc_column_inner][\/vc_row_inner][vc_separator type=&#8221;normal&#8221; color=&#8221;#cccccc&#8221; up=&#8221;30&#8243; down=&#8221;30&#8243;][vc_column_text]<\/p>\n<div class=\"application-title\">Anwendung<\/div>\n<div class=\"application-text\">Verschiedene Arten von Beschichtungen, Industrie- und Korrosionsschutzfarben, Tinte, Kunststoffe usw.<\/div>\n<p>[\/vc_column_text][vc_empty_space height=&#8221;20px&#8221;][vc_row_inner row_type=&#8221;row&#8221; type=&#8221;full_width&#8221; text_align=&#8221;left&#8221; css_animation=&#8221;&#8221;][vc_column_inner width=&#8221;1\/4&#8243;][vc_single_image image=&#8221;1192&#8243; img_size=&#8221;full&#8221; qode_css_animation=&#8221;&#8221;][vc_empty_space height=&#8221;15px&#8221; el_class=&#8221;i1mo&#8221;][\/vc_column_inner][vc_column_inner width=&#8221;1\/4&#8243;][vc_single_image image=&#8221;1193&#8243; img_size=&#8221;full&#8221; qode_css_animation=&#8221;&#8221;][vc_empty_space height=&#8221;15px&#8221; el_class=&#8221;i1mo&#8221;][\/vc_column_inner][vc_column_inner width=&#8221;1\/4&#8243;][vc_single_image image=&#8221;1194&#8243; img_size=&#8221;full&#8221; qode_css_animation=&#8221;&#8221;][vc_empty_space height=&#8221;15px&#8221; el_class=&#8221;i1mo&#8221;][\/vc_column_inner][vc_column_inner width=&#8221;1\/4&#8243;][vc_single_image image=&#8221;1195&#8243; img_size=&#8221;full&#8221; qode_css_animation=&#8221;&#8221;][\/vc_column_inner][\/vc_row_inner][vc_separator type=&#8221;normal&#8221; color=&#8221;#cccccc&#8221; up=&#8221;30&#8243; down=&#8221;30&#8243;][vc_column_text]<\/p>\n<div class=\"application-title\">Art der Produkte<\/div>\n<div class=\"application-text\">Wir haben folgenden Rutil-Typ von Titandioxid.<\/div>\n<p>[\/vc_column_text][vc_empty_space height=&#8221;20px&#8221;][vc_row_inner row_type=&#8221;row&#8221; type=&#8221;full_width&#8221; text_align=&#8221;left&#8221; css_animation=&#8221;&#8221;][vc_column_inner width=&#8221;1\/2&#8243;][vc_column_text]<\/p>\n<h3>CELLCOM &#8211; KR72 Serie<\/h3>\n<p>[\/vc_column_text][vc_empty_space height=&#8221;10px&#8221;][vc_column_text]Hochwertige Qualit\u00e4ten, die mit Siliziumoxid, Zirkonoxid, Aluminiumoxid und speziellen organischen Stoffen beschichtet sind, um die Eigenschaften zu verbessern und eine hohe Leichtigkeit und ausgezeichnete Dispergierbarkeit zu zeigen. [\/vc_column_text][\/vc_column_inner][vc_column_inner width=&#8221;1\/2&#8243;][vc_column_text]<\/p>\n<h3>Eigenschaftstabelle des Titandioxid<\/h3>\n<p>[\/vc_column_text][vc_empty_space height=&#8221;10px&#8221;]<div class=\"qode-accordion-holder clearfix qode-toggle qode-initial \">\n\t<h4 class=\"clearfix qode-title-holder\">\n<span class=\"qode-tab-title\">\n\t    <span class=\"qode-tab-title-inner\">\n        CELLCOM \u2013 KR72 Series    <\/span>\n<\/span>\n<span class=\"qode-accordion-mark\">\n    <span class=\"qode-accordion-mark-icon\">\n        <span class=\"icon_plus\"><\/span>\n        <span class=\"icon_minus-06\"><\/span>\n    <\/span>\n<\/span>\n<\/h4>\n<div  class=\"qode-accordion-content \" >\n    <div class=\"qode-accordion-content-inner\">\n        [vc_column_text]<\/p>\n<div class=\"mobile_table-scroll\">\n<table class=\"kyc-table1\">\n<colgroup> <\/colgroup>\n<colgroup>\n<col width=\"20%\" \/>\n<col width=\"16%\" \/>\n<col width=\"16%\" \/>\n<col width=\"16%\" \/>\n<col width=\"16%\" \/>\n<col width=\"16%\" \/><\/colgroup>\n<thead>\n<tr>\n<th colspan=\"6\">CELLCOM &#8211; KR72 Series<\/th>\n<\/tr>\n<\/thead>\n<tbody>\n<tr>\n<th scope=\"col\">Classfication<\/th>\n<th scope=\"col\">TiO2 Content % \u2265<\/th>\n<th scope=\"col\">Brightness \u2265<\/th>\n<th scope=\"col\">Rutile Content % \u2265<\/th>\n<th scope=\"col\">Oil absorption g\/100g \u2264<\/th>\n<th scope=\"col\">Surface treatment<\/th>\n<\/tr>\n<tr>\n<td>KR-721<\/td>\n<td rowspan=\"2\">92.5<\/td>\n<td>96.5<\/td>\n<td rowspan=\"3\">98.0<\/td>\n<td rowspan=\"2\">22.0<\/td>\n<td rowspan=\"2\">Zr, Al, Org<\/td>\n<\/tr>\n<tr>\n<td>KR-722<\/td>\n<td>95.5<\/td>\n<\/tr>\n<tr>\n<td>KR-723<\/td>\n<td>94.0<\/td>\n<td>94.5<\/td>\n<td>23.0<\/td>\n<td>ZR, Al, Si, Org<\/td>\n<\/tr>\n<\/tbody>\n<\/table>\n<\/div>\n<p>[\/vc_column_text]    <\/div>\n<\/div><\/div>[\/vc_column_inner][\/vc_row_inner]<\/div><div class=\"qode-advanced-tab-container\" id=\"tab-anatas-typ-805\" data-icon-pack=\"\" data-icon-html=\"\">[vc_row_inner row_type=&#8221;row&#8221; type=&#8221;full_width&#8221; text_align=&#8221;left&#8221; css_animation=&#8221;&#8221;][vc_column_inner width=&#8221;1\/2&#8243;][vc_column_text]<\/p>\n<div class=\"application-title\">Merkmale<\/div>\n<div class=\"application-text\">Der Anatas-Typ TiO2 ist weniger hart (5,5-6 vs. 6-6,5 Mohs) und dicht (Dichte ca. 3,9 vs. 4.2) Vergleich mit Rutil-Typ von TiO2. Au\u00dferdem ist Anatas optisch negativ, w\u00e4hrend Rutil positiv ist, und sein Glanz ist noch st\u00e4rker von Adamantin oder metallischem Adamantin als die des Rutils.<\/div>\n<p>[\/vc_column_text][vc_empty_space height=&#8221;20px&#8221; el_class=&#8221;i1mo&#8221;][\/vc_column_inner][vc_column_inner width=&#8221;1\/2&#8243;][vc_column_text]<\/p>\n<div class=\"application-title\">Kristallhabitus<\/div>\n<div class=\"application-text\"><\/div>\n<p>[\/vc_column_text][vc_empty_space height=&#8221;10px&#8221;][vc_single_image image=&#8221;1223&#8243; img_size=&#8221;full&#8221; qode_css_animation=&#8221;&#8221;][\/vc_column_inner][\/vc_row_inner][vc_separator type=&#8221;normal&#8221; color=&#8221;#cccccc&#8221; up=&#8221;30&#8243; down=&#8221;30&#8243;][vc_column_text]<\/p>\n<div class=\"application-title\">Anwendung<\/div>\n<div class=\"application-text\">Wird als Wei\u00dfpigment in der Papierindustrie, Farben, Zahnpasta, Kunststoffindustrie und Gummi eingesetzt. Und es wird auch als Material in TV verwendet, eine Kathodenstrahlr\u00f6hre, elektronischer Kondensator, elektronische Teile, Photokatalyse, PET-Reaktion als Katalysator.<\/div>\n<p>[\/vc_column_text][vc_empty_space height=&#8221;20px&#8221;][vc_row_inner row_type=&#8221;row&#8221; type=&#8221;full_width&#8221; text_align=&#8221;left&#8221; css_animation=&#8221;&#8221;][vc_column_inner width=&#8221;1\/4&#8243;][vc_single_image image=&#8221;1196&#8243; img_size=&#8221;full&#8221; qode_css_animation=&#8221;&#8221;][vc_empty_space height=&#8221;15px&#8221; el_class=&#8221;i1mo&#8221;][\/vc_column_inner][vc_column_inner width=&#8221;1\/4&#8243;][vc_single_image image=&#8221;1197&#8243; img_size=&#8221;full&#8221; qode_css_animation=&#8221;&#8221;][vc_empty_space height=&#8221;15px&#8221; el_class=&#8221;i1mo&#8221;][\/vc_column_inner][vc_column_inner width=&#8221;1\/4&#8243;][vc_single_image image=&#8221;1192&#8243; img_size=&#8221;full&#8221; qode_css_animation=&#8221;&#8221;][\/vc_column_inner][vc_column_inner width=&#8221;1\/4&#8243;][\/vc_column_inner][\/vc_row_inner][vc_separator type=&#8221;normal&#8221; color=&#8221;#cccccc&#8221; up=&#8221;30&#8243; down=&#8221;30&#8243;][vc_column_text]<\/p>\n<div class=\"application-title\">Art der Produkte<\/div>\n<div class=\"application-text\">Wir haben folgenden Anatase-Typ von Titandioxid.<\/div>\n<p>[\/vc_column_text][vc_empty_space height=&#8221;20px&#8221;][vc_row_inner row_type=&#8221;row&#8221; type=&#8221;full_width&#8221; text_align=&#8221;left&#8221; css_animation=&#8221;&#8221;][vc_column_inner width=&#8221;1\/2&#8243;][vc_column_text]<\/p>\n<h3>CELLCOM &#8211; CA75 Serie<\/h3>\n<p>[\/vc_column_text][vc_empty_space height=&#8221;10px&#8221;][vc_column_text] Die CA75-Serie ist photochemisch stark aktiv und weist einen bemerkenswerten Wei\u00dfgrad mit hoher Reinheit auf.[\/vc_column_text][vc_empty_space height=&#8221;30px&#8221;][vc_separator type=&#8221;normal&#8221; up=&#8221;20&#8243; down=&#8221;20&#8243;][vc_column_text]<\/p>\n<h3>CELLCOM &#8211; KA210 Serie<\/h3>\n<p>[\/vc_column_text][vc_empty_space height=&#8221;10px&#8221;][vc_column_text]KA-210 ist ein Anatas-Titandioxid-Pigment, das im fortschrittlichen Sulfatverfahren hergestellt wird.\u00a0Durch seine Eigenschaften wie gleichm\u00e4\u00dfige Partikelverteilung, gute Dispersion und guter Wei\u00dfgrad sowie den blauen Grundton eignet es sich hervorragend f\u00fcr den Einsatz in<br \/>\nInnenbeschichtungen, Papier, Kunststoff (Masterbatch), Gummi, Tinte etc.[\/vc_column_text][vc_empty_space height=&#8221;30px&#8221;][vc_separator type=&#8221;normal&#8221; up=&#8221;20&#8243; down=&#8221;20&#8243;][vc_column_text]<\/p>\n<h3>CELLCOM &#8211; KA220 Serie<\/h3>\n<p>[\/vc_column_text][vc_empty_space height=&#8221;10px&#8221;][vc_column_text]KA-220 ist ein Anatas-Titandioxid-Pigment, das im fortschrittlichen Sulfatverfahren hergestellt wird. Es wird besonders f\u00fcr den Einsatz in Kunststoffen (Masterbatches), Innenbeschichtungen, Gummi und Druckertinte empfohlen. Gleichzeitig handelt es sich um ein zur Faserherstellung hervorragend geeignetes Material.[\/vc_column_text][vc_empty_space height=&#8221;30px&#8221;][\/vc_column_inner][vc_column_inner width=&#8221;1\/2&#8243;][vc_column_text]<\/p>\n<h3>Eigenschaftstabelle des Titandioxid<\/h3>\n<p>[\/vc_column_text][vc_empty_space height=&#8221;10px&#8221;]<div class=\"qode-accordion-holder clearfix qode-toggle qode-initial \">\n\t<h4 class=\"clearfix qode-title-holder\">\n<span class=\"qode-tab-title\">\n\t    <span class=\"qode-tab-title-inner\">\n        CELLCOM \u2013 CA75 Series    <\/span>\n<\/span>\n<span class=\"qode-accordion-mark\">\n    <span class=\"qode-accordion-mark-icon\">\n        <span class=\"icon_plus\"><\/span>\n        <span class=\"icon_minus-06\"><\/span>\n    <\/span>\n<\/span>\n<\/h4>\n<div  class=\"qode-accordion-content \" >\n    <div class=\"qode-accordion-content-inner\">\n        [vc_column_text]<\/p>\n<div class=\"mobile_table-scroll\">\n<table class=\"kyc-table1\">\n<colgroup> <\/colgroup>\n<colgroup>\n<col width=\"20%\" \/>\n<col width=\"16%\" \/>\n<col width=\"16%\" \/>\n<col width=\"16%\" \/>\n<col width=\"16%\" \/>\n<col width=\"16%\" \/><\/colgroup>\n<thead>\n<tr>\n<th colspan=\"6\">CELLCOM &#8211; CA75 Series<\/th>\n<\/tr>\n<\/thead>\n<tbody>\n<tr>\n<th scope=\"col\">Classfication<\/th>\n<th scope=\"col\">TiO2 Content % \u2265<\/th>\n<th scope=\"col\">Brightness \u2265<\/th>\n<th scope=\"col\">Rutile Content % \u2265<\/th>\n<th scope=\"col\">Oil absorption g\/100g \u2264<\/th>\n<th scope=\"col\">Surface treatment<\/th>\n<\/tr>\n<tr>\n<td>CA-751<\/td>\n<td>98.5<\/td>\n<td>105.0<\/td>\n<td>Not less than<\/td>\n<td>22.0<\/td>\n<td>&#8211;<\/td>\n<\/tr>\n<\/tbody>\n<\/table>\n<\/div>\n<p>[\/vc_column_text]    <\/div>\n<\/div><h4 class=\"clearfix qode-title-holder\">\n<span class=\"qode-tab-title\">\n\t    <span class=\"qode-tab-title-inner\">\n        CELLCOM \u2013 KA210 Series    <\/span>\n<\/span>\n<span class=\"qode-accordion-mark\">\n    <span class=\"qode-accordion-mark-icon\">\n        <span class=\"icon_plus\"><\/span>\n        <span class=\"icon_minus-06\"><\/span>\n    <\/span>\n<\/span>\n<\/h4>\n<div  class=\"qode-accordion-content \" >\n    <div class=\"qode-accordion-content-inner\">\n        [vc_column_text]<\/p>\n<div class=\"mobile_table-scroll\">\n<table class=\"kyc-table1\">\n<thead>\n<tr>\n<th colspan=\"5\">CELLCOM \u2013 KA210 Series<\/th>\n<\/tr>\n<\/thead>\n<tbody>\n<tr>\n<th scope=\"col\">Classification<\/th>\n<th scope=\"col\">TiO2 Content % \u2265<\/th>\n<th scope=\"col\">L value, % \u2265<\/th>\n<th scope=\"col\">|\u0394b| \u2264<\/th>\n<th scope=\"col\">Moisture at 105\u2103, %(m\/m) \u2264<\/th>\n<\/tr>\n<tr>\n<td rowspan=\"3\">KA-210<\/td>\n<td>98<\/td>\n<td>100<\/td>\n<td>0.3<\/td>\n<td>0.5<\/td>\n<\/tr>\n<tr>\n<th>Residue(45\u03bcm screen), %(m\/m) \u2264<\/th>\n<th>Tinting-reducing power \u2265<\/th>\n<th>pH value<\/th>\n<th>Oil absorption, g\/100g \u2264<\/th>\n<\/tr>\n<tr>\n<td>0.05<\/td>\n<td>108<\/td>\n<td>6.5~8.5<\/td>\n<td>20<\/td>\n<\/tr>\n<\/tbody>\n<\/table>\n<\/div>\n<p>[\/vc_column_text]    <\/div>\n<\/div><h4 class=\"clearfix qode-title-holder\">\n<span class=\"qode-tab-title\">\n\t    <span class=\"qode-tab-title-inner\">\n        CELLCOM \u2013 KA220 Series    <\/span>\n<\/span>\n<span class=\"qode-accordion-mark\">\n    <span class=\"qode-accordion-mark-icon\">\n        <span class=\"icon_plus\"><\/span>\n        <span class=\"icon_minus-06\"><\/span>\n    <\/span>\n<\/span>\n<\/h4>\n<div  class=\"qode-accordion-content \" >\n    <div class=\"qode-accordion-content-inner\">\n        [vc_column_text]<\/p>\n<div class=\"mobile_table-scroll\">\n<table class=\"kyc-table1\">\n<thead>\n<tr>\n<th colspan=\"5\">CELLCOM \u2013 KA220 Series<\/th>\n<\/tr>\n<\/thead>\n<tbody>\n<tr>\n<th scope=\"col\">Classification<\/th>\n<th scope=\"col\">TiO2 Content % \u2265<\/th>\n<th scope=\"col\">L value, % \u2265<\/th>\n<th scope=\"col\">|\u0394b| \u2264<\/th>\n<th scope=\"col\">Moisture at 105\u2103, %(m\/m) \u2264<\/th>\n<\/tr>\n<tr>\n<td rowspan=\"3\">KA-220<\/td>\n<td>98<\/td>\n<td>100<\/td>\n<td>0.2<\/td>\n<td>0.5<\/td>\n<\/tr>\n<tr>\n<th>Residue(45\u03bcm screen), %(m\/m) \u2264<\/th>\n<th>Tinting-reducing power \u2265<\/th>\n<th>pH value<\/th>\n<th>Oil absorption, g\/100g \u2264<\/th>\n<\/tr>\n<tr>\n<td>0.05<\/td>\n<td>108<\/td>\n<td>6.5~8.5<\/td>\n<td>20<\/td>\n<\/tr>\n<\/tbody>\n<\/table>\n<\/div>\n<p>[\/vc_column_text]    <\/div>\n<\/div><\/div>[\/vc_column_inner][\/vc_row_inner]<\/div><\/div>[\/vc_column][\/vc_row]<\/p>\n","protected":false},"excerpt":{"rendered":"<p>[vc_row css_animation=&#8221;&#8221; row_type=&#8221;row&#8221; use_row_as_full_screen_section=&#8221;no&#8221; type=&#8221;grid&#8221; angled_section=&#8221;no&#8221; text_align=&#8221;left&#8221; background_image_as_pattern=&#8221;without_pattern&#8221; el_class=&#8221;kyc-headtitle&#8221; z_index=&#8221;&#8221; css=&#8221;.vc_custom_1571201794307{background-image: url(https:\/\/ky-europe.com\/de\/wp-content\/uploads\/sites\/4\/2019\/10\/headcover-prd6.png?id=1305) !important;}&#8221;][vc_column width=&#8221;2\/3&#8243; el_class=&#8221;title-line&#8221;][vc_column_text] Titandioxid L\u00f6sung des Umweltproblems am Arbeitsplatz [\/vc_column_text][\/vc_column][vc_column width=&#8221;1\/3&#8243;][\/vc_column][\/vc_row][vc_row css_animation=&#8221;&#8221; row_type=&#8221;row&#8221; use_row_as_full_screen_section=&#8221;no&#8221; type=&#8221;grid&#8221; angled_section=&#8221;yes&#8221; angled_section_position=&#8221;both&#8221; angled_section_direction=&#8221;from_right_to_left&#8221; text_align=&#8221;center&#8221; background_image_as_pattern=&#8221;without_pattern&#8221; z_index=&#8221;&#8221; background_color=&#8221;#ffffff&#8221; el_class=&#8221;padding-t50&#8243;][vc_column][vc_row_inner row_type=&#8221;row&#8221; type=&#8221;full_width&#8221; text_align=&#8221;center&#8221; css_animation=&#8221;&#8221;][vc_column_inner width=&#8221;1\/6&#8243;][\/vc_column_inner][vc_column_inner&#8230;<\/p>\n","protected":false},"author":4,"featured_media":0,"parent":0,"menu_order":0,"comment_status":"closed","ping_status":"closed","template":"full_width.php","meta":{"_mi_skip_tracking":false,"_monsterinsights_sitenote_active":false,"_monsterinsights_sitenote_note":"","_monsterinsights_sitenote_category":0},"_links":{"self":[{"href":"https:\/\/ky-europe.com\/de\/wp-json\/wp\/v2\/pages\/834"}],"collection":[{"href":"https:\/\/ky-europe.com\/de\/wp-json\/wp\/v2\/pages"}],"about":[{"href":"https:\/\/ky-europe.com\/de\/wp-json\/wp\/v2\/types\/page"}],"author":[{"embeddable":true,"href":"https:\/\/ky-europe.com\/de\/wp-json\/wp\/v2\/users\/4"}],"replies":[{"embeddable":true,"href":"https:\/\/ky-europe.com\/de\/wp-json\/wp\/v2\/comments?post=834"}],"version-history":[{"count":8,"href":"https:\/\/ky-europe.com\/de\/wp-json\/wp\/v2\/pages\/834\/revisions"}],"predecessor-version":[{"id":1744,"href":"https:\/\/ky-europe.com\/de\/wp-json\/wp\/v2\/pages\/834\/revisions\/1744"}],"wp:attachment":[{"href":"https:\/\/ky-europe.com\/de\/wp-json\/wp\/v2\/media?parent=834"}],"curies":[{"name":"wp","href":"https:\/\/api.w.org\/{rel}","templated":true}]}}