{"id":840,"date":"2019-09-10T08:31:08","date_gmt":"2019-09-10T08:31:08","guid":{"rendered":"https:\/\/ky-europe.com\/kumyang2\/?page_id=840"},"modified":"2019-10-16T04:39:38","modified_gmt":"2019-10-16T04:39:38","slug":"other-products","status":"publish","type":"page","link":"https:\/\/ky-europe.com\/de\/other-products\/","title":{"rendered":"Andere Produkte"},"content":{"rendered":"<p>[vc_row css_animation=&#8221;&#8221; row_type=&#8221;row&#8221; use_row_as_full_screen_section=&#8221;no&#8221; type=&#8221;grid&#8221; angled_section=&#8221;no&#8221; text_align=&#8221;left&#8221; background_image_as_pattern=&#8221;without_pattern&#8221; el_class=&#8221;kyc-headtitle&#8221; z_index=&#8221;&#8221; css=&#8221;.vc_custom_1571200776353{background-image: url(https:\/\/ky-europe.com\/de\/wp-content\/uploads\/sites\/4\/2019\/10\/headcover-prd4.png?id=1257) !important;}&#8221;][vc_column width=&#8221;2\/3&#8243; el_class=&#8221;title-line&#8221;][vc_column_text]<\/p>\n<div class=\"headtitle-main\">Andere Produkte<\/div>\n<div class=\"headtitle-sub\">Die am besten geeigneten kompatiblen Produkte<\/div>\n<div class=\"headtitle-kycline\"><\/div>\n<p>[\/vc_column_text][\/vc_column][vc_column width=&#8221;1\/3&#8243;][\/vc_column][\/vc_row][vc_row css_animation=&#8221;&#8221; row_type=&#8221;row&#8221; use_row_as_full_screen_section=&#8221;no&#8221; type=&#8221;grid&#8221; angled_section=&#8221;yes&#8221; angled_section_position=&#8221;both&#8221; angled_section_direction=&#8221;from_right_to_left&#8221; text_align=&#8221;center&#8221; background_image_as_pattern=&#8221;without_pattern&#8221; z_index=&#8221;&#8221; background_color=&#8221;#ffffff&#8221; el_class=&#8221;padding-t50 padding-b75&#8243;][vc_column][vc_row_inner row_type=&#8221;row&#8221; type=&#8221;full_width&#8221; text_align=&#8221;center&#8221; css_animation=&#8221;&#8221;][vc_column_inner width=&#8221;1\/6&#8243;][\/vc_column_inner][vc_column_inner width=&#8221;2\/3&#8243;][vc_column_text]<\/p>\n<div class=\"body20 lh30 font_400 color_black\">Einf\u00fchrung von<\/div>\n<div class=\"body30 lh40 font_500 color_ky01 text_cap\">Andere Produkte<\/div>\n<p>[\/vc_column_text][vc_empty_space height=&#8221;20px&#8221;][vc_column_text]<\/p>\n<div class=\"body16 lh26 font_300 color_grey3\">Kum Yang hat den Kunden die optimale L\u00f6sung f\u00fcr Kunstharze, Kautschuk und Kunststoffadditive durch die von Kum Yang entwickelte Technologie geliefert und langj\u00e4hrige Erfahrung aus der Treibmittelentwicklung. Insbesondere diese Produkte, die von Kum Yang geliefert werden, sind die am besten mit Cellcom-Treibmitteln kompatiblen Produkte und sehr zuverl\u00e4ssig in Qualit\u00e4t, Lieferung und Preis von renommierten Unternehmen.<\/div>\n<p>[\/vc_column_text][\/vc_column_inner][vc_column_inner width=&#8221;1\/6&#8243;][\/vc_column_inner][\/vc_row_inner][vc_empty_space height=&#8221;50px&#8221;][vc_column_text]<\/p>\n<div class=\"mobile_table-scroll\">\n<table class=\"kyc-table1\">\n<colgroup>\n<col width=\"15%\" \/>\n<col width=\"15%\" \/>\n<col width=\"70%\" \/><\/colgroup>\n<thead>\n<tr>\n<th colspan=\"3\">Andere Produkte<\/th>\n<\/tr>\n<\/thead>\n<tbody>\n<tr>\n<th>Produkte<\/th>\n<th>Qualit\u00e4t<\/th>\n<th>Anwendung<\/th>\n<\/tr>\n<tr>\n<td>\u00a0PVC<\/td>\n<td>Gerade<\/td>\n<td>Kalanderfolie, Folien, Fittings, Hartbleche, Rohre, Elektrodr\u00e4hte, usw.<\/td>\n<\/tr>\n<tr>\n<td>\u00a0PVC<\/td>\n<td>Einf\u00fcgen<\/td>\n<td>Universelle Qualit\u00e4t f\u00fcr Schaumstoff, Wandbel\u00e4ge, Beschichtungen, Kunstleder, usw.<\/td>\n<\/tr>\n<tr>\n<td>\u00a0EVA<\/td>\n<td>VA = 15, 19, 22%<\/td>\n<td>Sportschuh-Halbsohlen und -Einlegesohlen, Sandalen, Ger\u00e4uschd\u00e4mpfer, Spielzeug, Fischerei, EVA Schwamm, usw.<\/td>\n<\/tr>\n<tr>\n<td>\u00a0LLDPE (PE-RT Qualit\u00e4t)<\/td>\n<td>MI = 0.6<\/td>\n<td>Rohre f\u00fcr Kalt-\/Warmwasser, Al-Komplexrohre, Heizrohre, K\u00fchlerrohre, usw.<\/td>\n<\/tr>\n<tr>\n<td>\u00a0LDPE<\/td>\n<td>MI = 0.85 ~ 2.8<\/td>\n<td>Rohrisolierung, Matte, Schrumpffolie, usw.<\/td>\n<\/tr>\n<tr>\n<td>\u00a0HDPE<\/td>\n<td>MI = 0.044 ~ 0.350<\/td>\n<td>Industrielle Verpackungsfolien, Flaschen, usw.<\/td>\n<\/tr>\n<tr>\n<td>\u00a0SBR<\/td>\n<td>1502, 1712, 1778, usw<\/td>\n<td>Reifen, Schuhe, Gummischl\u00e4uche, G\u00fcrtel, allgemeine Gummiprodukte, usw.<\/td>\n<\/tr>\n<tr>\n<td>\u00a0NBR<\/td>\n<td>35H, 35L, 35LM, usw<\/td>\n<td>Verpackung, Dichtung, Schuhsohle, verbesserter Kautschuk f\u00fcr \u00d6lbest\u00e4ndigkeit und Tieftemperaturbest\u00e4ndigkeit<\/td>\n<\/tr>\n<tr>\n<td>\u00a0DOP<\/td>\n<td>Ester-Wert 284 ~ 290<\/td>\n<td>Kunstleder, Blech, Kabel, Handschuh, Schlauch, Schuh, Tapete, Radiergummi, usw.<\/td>\n<\/tr>\n<tr>\n<td>\u00a0DINP<\/td>\n<td>Ester-Wert 264 ~ 271<\/td>\n<td>Synthetisches Leder, Platten, Kabel, usw.<\/td>\n<\/tr>\n<tr>\n<td>\u00a0ZnO<\/td>\n<td>99.5%, 99.0% Min<\/td>\n<td>Kautschuk, Farbe, Emaille, Glas, allgemeine Industrieanwendungen<\/td>\n<\/tr>\n<tr>\n<td>\u00a0DCP<\/td>\n<td>99.0, 40.0%<\/td>\n<td>Makromolek\u00fcl-Initiator<\/td>\n<\/tr>\n<tr>\n<td>Zinkstearat<\/td>\n<td>Zinkgehalt 10.5 ~ 11.5%<\/td>\n<td>PVC-Stabilisator, Kautschuk, Gleitmittel und Trennmittel f\u00fcr Kunststoffe<\/td>\n<\/tr>\n<\/tbody>\n<\/table>\n<\/div>\n<p>[\/vc_column_text][\/vc_column][\/vc_row]<\/p>\n","protected":false},"excerpt":{"rendered":"<p>[vc_row css_animation=&#8221;&#8221; row_type=&#8221;row&#8221; use_row_as_full_screen_section=&#8221;no&#8221; type=&#8221;grid&#8221; angled_section=&#8221;no&#8221; text_align=&#8221;left&#8221; background_image_as_pattern=&#8221;without_pattern&#8221; el_class=&#8221;kyc-headtitle&#8221; z_index=&#8221;&#8221; css=&#8221;.vc_custom_1571200776353{background-image: url(https:\/\/ky-europe.com\/de\/wp-content\/uploads\/sites\/4\/2019\/10\/headcover-prd4.png?id=1257) !important;}&#8221;][vc_column width=&#8221;2\/3&#8243; el_class=&#8221;title-line&#8221;][vc_column_text] Andere Produkte Die am besten geeigneten kompatiblen Produkte [\/vc_column_text][\/vc_column][vc_column width=&#8221;1\/3&#8243;][\/vc_column][\/vc_row][vc_row css_animation=&#8221;&#8221; row_type=&#8221;row&#8221; use_row_as_full_screen_section=&#8221;no&#8221; type=&#8221;grid&#8221; angled_section=&#8221;yes&#8221; angled_section_position=&#8221;both&#8221; angled_section_direction=&#8221;from_right_to_left&#8221; text_align=&#8221;center&#8221; background_image_as_pattern=&#8221;without_pattern&#8221; z_index=&#8221;&#8221; background_color=&#8221;#ffffff&#8221; el_class=&#8221;padding-t50 padding-b75&#8243;][vc_column][vc_row_inner row_type=&#8221;row&#8221; type=&#8221;full_width&#8221;&#8230;<\/p>\n","protected":false},"author":2,"featured_media":0,"parent":0,"menu_order":0,"comment_status":"closed","ping_status":"closed","template":"full_width.php","meta":{"_mi_skip_tracking":false,"_monsterinsights_sitenote_active":false,"_monsterinsights_sitenote_note":"","_monsterinsights_sitenote_category":0},"_links":{"self":[{"href":"https:\/\/ky-europe.com\/de\/wp-json\/wp\/v2\/pages\/840"}],"collection":[{"href":"https:\/\/ky-europe.com\/de\/wp-json\/wp\/v2\/pages"}],"about":[{"href":"https:\/\/ky-europe.com\/de\/wp-json\/wp\/v2\/types\/page"}],"author":[{"embeddable":true,"href":"https:\/\/ky-europe.com\/de\/wp-json\/wp\/v2\/users\/2"}],"replies":[{"embeddable":true,"href":"https:\/\/ky-europe.com\/de\/wp-json\/wp\/v2\/comments?post=840"}],"version-history":[{"count":3,"href":"https:\/\/ky-europe.com\/de\/wp-json\/wp\/v2\/pages\/840\/revisions"}],"predecessor-version":[{"id":1304,"href":"https:\/\/ky-europe.com\/de\/wp-json\/wp\/v2\/pages\/840\/revisions\/1304"}],"wp:attachment":[{"href":"https:\/\/ky-europe.com\/de\/wp-json\/wp\/v2\/media?parent=840"}],"curies":[{"name":"wp","href":"https:\/\/api.w.org\/{rel}","templated":true}]}}