{"id":1283,"date":"2019-10-16T04:26:31","date_gmt":"2019-10-16T04:26:31","guid":{"rendered":"https:\/\/ky-europe.com\/en\/?page_id=1283"},"modified":"2020-01-28T03:21:40","modified_gmt":"2020-01-28T03:21:40","slug":"datenschutzerklarung","status":"publish","type":"page","link":"https:\/\/ky-europe.com\/es\/datenschutzerklarung\/","title":{"rendered":"Declaraci\u00f3n de privacidad"},"content":{"rendered":"<p>[vc_row css_animation=&#8221;&#8221; row_type=&#8221;row&#8221; use_row_as_full_screen_section=&#8221;no&#8221; type=&#8221;grid&#8221; angled_section=&#8221;no&#8221; text_align=&#8221;left&#8221; background_image_as_pattern=&#8221;without_pattern&#8221; el_class=&#8221;kyc-headtitle impressum&#8221; z_index=&#8221;&#8221;][vc_column el_class=&#8221;title-line&#8221;][vc_column_text]<\/p>\n<div class=\"headtitle-main\">Declaraci\u00f3n de privacidad<\/div>\n<div class=\"headtitle-kycline\"><\/div>\n<p>[\/vc_column_text][\/vc_column][\/vc_row][vc_row css_animation=&#8221;&#8221; row_type=&#8221;row&#8221; use_row_as_full_screen_section=&#8221;no&#8221; type=&#8221;grid&#8221; angled_section=&#8221;no&#8221; text_align=&#8221;left&#8221; background_image_as_pattern=&#8221;without_pattern&#8221; z_index=&#8221;&#8221; el_class=&#8221;impressum-txt&#8221;][vc_column][vc_column_text]<\/p>\n<div class=\"body20 lh30 font_600 color_black\">A. Recopilaci\u00f3n de datos<\/div>\n<p>[\/vc_column_text][vc_empty_space height=&#8221;10px&#8221;][vc_column_text]Recopilamos datos durante el uso de nuestro sitio web. Estos datos son recopilados, almacenados y procesados por nosotros.<br \/>\nSu visita a nuestro sitio web quedar\u00e1 registrada. Principalmente la direcci\u00f3n IP que utiliza actualmente su PC, la fecha y la hora, el tipo de navegador y el sistema operativo de su PC, as\u00ed como las p\u00e1ginas vistas por usted quedar\u00e1n registradas. Como norma general, la identificaci\u00f3n personal no es posible o no est\u00e1 prevista.[\/vc_column_text][vc_empty_space height=&#8221;30px&#8221;][vc_column_text]<\/p>\n<div class=\"body20 lh30 font_600 color_black\">B. Uso y transferencia de datos<\/div>\n<p>[\/vc_column_text][vc_empty_space height=&#8221;10px&#8221;][vc_column_text]Los datos personales que nos proporciona, por ejemplo al realizar una consulta de contacto o por correo electr\u00f3nico ( como puede ser su nombre y direcci\u00f3n o su direcci\u00f3n de correo electr\u00f3nico), se procesar\u00e1n \u00fanicamente con el prop\u00f3sito de mantener la correspondencia con usted y solamente para los fines para los que usted nos proporcion\u00f3 los datos.<br \/>\nLe garantizamos que no transmitiremos sus datos personales a terceros a menos que estemos legalmente obligados a ello o si usted nos ha dado su consentimiento previo para ello. Siempre y cuando acudamos a proveedores de servicios para la ejecuci\u00f3n y gesti\u00f3n del tratamiento, las relaciones contractuales se regulan seg\u00fan las disposiciones de la Ley Federal de Protecci\u00f3n de Datos.[\/vc_column_text][vc_empty_space height=&#8221;30px&#8221;][vc_column_text]<\/p>\n<div class=\"body20 lh30 font_600 color_black\">C. Consentimiento y revocaci\u00f3n<\/div>\n<p>[\/vc_column_text][vc_empty_space height=&#8221;10px&#8221;][vc_column_text]Si nos ha proporcionado datos personales, puede solicitar su eliminaci\u00f3n en cualquier momento. Los datos para fines de contabilidad y tenedur\u00eda de libros no se ver\u00e1n afectados por una cancelaci\u00f3n\/revocaci\u00f3n o eliminaci\u00f3n.[\/vc_column_text][vc_empty_space height=&#8221;30px&#8221;][vc_column_text]<\/p>\n<div class=\"body20 lh30 font_600 color_black\">D. Per\u00edodo de retenci\u00f3n<\/div>\n<p>[\/vc_column_text][vc_empty_space height=&#8221;10px&#8221;][vc_column_text]Los datos personales que nos son facilitados a trav\u00e9s de nuestro sitio web son almacenados \u00fanicamente hasta que se cumpla el prop\u00f3sito para el que nos fueron confiados. Siempre y cuando se tengan que respetar los plazos de conservaci\u00f3n comercial y fiscal, el per\u00edodo de conservaci\u00f3n de determinados datos puede ser de hasta 10 a\u00f1os.[\/vc_column_text][vc_empty_space height=&#8221;30px&#8221;][vc_column_text]<\/p>\n<div class=\"body20 lh30 font_600 color_black\">E. Cuenta de cliente<\/div>\n<p>[\/vc_column_text][vc_empty_space height=&#8221;10px&#8221;][vc_column_text]Si crea una cuenta de cliente, usted acepta que sus datos de inventario como el nombre, la direcci\u00f3n, la direcci\u00f3n de correo electr\u00f3nico y la cuenta bancaria, as\u00ed como sus datos de uso (nombre de usuario, contrase\u00f1a) se guarden. De esta forma, podr\u00e1 realizar un pedido con nosotros utilizando su direcci\u00f3n de correo electr\u00f3nico o n\u00famero de cliente y su contrase\u00f1a privada. Obtendremos el siguiente consentimiento:<\/p>\n<p><span class=\"example\">\u2033[ ] Me gustar\u00eda crear una cuenta de cliente. Por favor, guarde mis datos para este prop\u00f3sito. Puedo suspender este consentimiento en cualquier momento. \u2033<\/span>[\/vc_column_text][vc_empty_space height=&#8221;30px&#8221;][vc_column_text]<\/p>\n<div class=\"body20 lh30 font_600 color_black\">F. Uso de Cookies<\/div>\n<p>[\/vc_column_text][vc_empty_space height=&#8221;10px&#8221;][vc_column_text]La transmisi\u00f3n de sus datos est\u00e1 protegida por medio de una conexi\u00f3n TLS segura (AES 256 bits). TLS (seguridad en capas de transporte, o en ingl\u00e9s Transport Layer Security) es una tecnolog\u00eda de seguridad que garantiza que sus datos personales son transferidos de una forma segura a trav\u00e9s de Internet y no pueden ser vistos por terceros.<\/p>\n<p>Datos cifrados<br \/>\nLos siguientes datos est\u00e1n cifrados: Datos personales (nombre, direcci\u00f3n, etc.).[\/vc_column_text][vc_empty_space height=&#8221;30px&#8221;][vc_column_text]<\/p>\n<div class=\"body20 lh30 font_600 color_black\">G. Sus derechos e informaci\u00f3n<\/div>\n<p>[\/vc_column_text][vc_empty_space height=&#8221;10px&#8221;][vc_column_text]En caso de que ya no est\u00e9 de acuerdo con el almacenamiento de sus datos personales o si estos datos han dejado de ser v\u00e1lidos, eliminaremos o bloquearemos sus datos o realizaremos las correcciones necesarias (en la medida en que esto sea posible seg\u00fan la legislaci\u00f3n aplicable). A petici\u00f3n suya, podr\u00e1 obtener informaci\u00f3n de forma gratuita acerca de todos los datos personales que tenemos almacenados sobre usted.[\/vc_column_text][vc_empty_space height=&#8221;5px&#8221;][vc_column_text]Si tiene alguna consulta acerca de la recopilaci\u00f3n, el procesamiento o el uso de sus datos personales, si desea obtener informaci\u00f3n sobre los mismos o si desea que sus datos personales sean rectificados, bloqueados o eliminados, env\u00ede un correo electr\u00f3nico a: <a href=\"mailto:jwjeong@kyc.co.kr\">jwjeong@kyc.co.kr<\/a>[\/vc_column_text][\/vc_column][\/vc_row]<\/p>\n","protected":false},"excerpt":{"rendered":"<p>[vc_row css_animation=&#8221;&#8221; row_type=&#8221;row&#8221; use_row_as_full_screen_section=&#8221;no&#8221; type=&#8221;grid&#8221; angled_section=&#8221;no&#8221; text_align=&#8221;left&#8221; background_image_as_pattern=&#8221;without_pattern&#8221; el_class=&#8221;kyc-headtitle impressum&#8221; z_index=&#8221;&#8221;][vc_column el_class=&#8221;title-line&#8221;][vc_column_text] Declaraci\u00f3n de privacidad [\/vc_column_text][\/vc_column][\/vc_row][vc_row css_animation=&#8221;&#8221; row_type=&#8221;row&#8221; use_row_as_full_screen_section=&#8221;no&#8221; type=&#8221;grid&#8221; angled_section=&#8221;no&#8221; text_align=&#8221;left&#8221; background_image_as_pattern=&#8221;without_pattern&#8221; z_index=&#8221;&#8221; el_class=&#8221;impressum-txt&#8221;][vc_column][vc_column_text] A. Recopilaci\u00f3n de datos [\/vc_column_text][vc_empty_space height=&#8221;10px&#8221;][vc_column_text]Recopilamos datos durante el uso de nuestro sitio web. Estos&#8230;<\/p>\n","protected":false},"author":1,"featured_media":0,"parent":0,"menu_order":0,"comment_status":"closed","ping_status":"closed","template":"full_width.php","meta":{"_mi_skip_tracking":false,"_monsterinsights_sitenote_active":false,"_monsterinsights_sitenote_note":"","_monsterinsights_sitenote_category":0},"_links":{"self":[{"href":"https:\/\/ky-europe.com\/es\/wp-json\/wp\/v2\/pages\/1283"}],"collection":[{"href":"https:\/\/ky-europe.com\/es\/wp-json\/wp\/v2\/pages"}],"about":[{"href":"https:\/\/ky-europe.com\/es\/wp-json\/wp\/v2\/types\/page"}],"author":[{"embeddable":true,"href":"https:\/\/ky-europe.com\/es\/wp-json\/wp\/v2\/users\/1"}],"replies":[{"embeddable":true,"href":"https:\/\/ky-europe.com\/es\/wp-json\/wp\/v2\/comments?post=1283"}],"version-history":[{"count":2,"href":"https:\/\/ky-europe.com\/es\/wp-json\/wp\/v2\/pages\/1283\/revisions"}],"predecessor-version":[{"id":1583,"href":"https:\/\/ky-europe.com\/es\/wp-json\/wp\/v2\/pages\/1283\/revisions\/1583"}],"wp:attachment":[{"href":"https:\/\/ky-europe.com\/es\/wp-json\/wp\/v2\/media?parent=1283"}],"curies":[{"name":"wp","href":"https:\/\/api.w.org\/{rel}","templated":true}]}}