{"id":1588,"date":"2020-02-05T07:30:49","date_gmt":"2020-02-05T07:30:49","guid":{"rendered":"https:\/\/ky-europe.com\/es\/?page_id=1588"},"modified":"2020-03-18T09:59:10","modified_gmt":"2020-03-18T09:59:10","slug":"magnesia","status":"publish","type":"page","link":"https:\/\/ky-europe.com\/es\/magnesia\/","title":{"rendered":"Magnesia"},"content":{"rendered":"<p>[vc_row css_animation=&#8221;&#8221; row_type=&#8221;row&#8221; use_row_as_full_screen_section=&#8221;no&#8221; type=&#8221;grid&#8221; angled_section=&#8221;no&#8221; text_align=&#8221;left&#8221; background_image_as_pattern=&#8221;without_pattern&#8221; el_class=&#8221;kyc-headtitle&#8221; z_index=&#8221;&#8221; css=&#8221;.vc_custom_1580887848472{background-image: url(https:\/\/ky-europe.com\/es\/wp-content\/uploads\/sites\/5\/2020\/02\/headcover-magnesia.png?id=1589) !important;}&#8221;][vc_column width=&#8221;2\/3&#8243; el_class=&#8221;title-line&#8221;][vc_column_text]<\/p>\n<div class=\"headtitle-main\">Magnesia<\/div>\n<div class=\"headtitle-sub\">Mg(OH)<sub>2<\/sub> y MgO de alta pureza<\/div>\n<div class=\"headtitle-kycline\"><\/div>\n<p>[\/vc_column_text][\/vc_column][vc_column width=&#8221;1\/3&#8243;][\/vc_column][\/vc_row][vc_row css_animation=&#8221;&#8221; row_type=&#8221;row&#8221; use_row_as_full_screen_section=&#8221;no&#8221; type=&#8221;grid&#8221; angled_section=&#8221;no&#8221; text_align=&#8221;center&#8221; background_image_as_pattern=&#8221;without_pattern&#8221; z_index=&#8221;&#8221; background_color=&#8221;#ffffff&#8221; el_class=&#8221;padding-tb50&#8243;][vc_column][vc_row_inner row_type=&#8221;row&#8221; type=&#8221;full_width&#8221; text_align=&#8221;center&#8221; css_animation=&#8221;&#8221;][vc_column_inner width=&#8221;1\/6&#8243;][\/vc_column_inner][vc_column_inner width=&#8221;2\/3&#8243;][vc_column_text]<\/p>\n<div class=\"body20 lh30 font_400 color_black\">Presentaci\u00f3n de<\/div>\n<div class=\"body30 lh40 font_500 color_ky01 text_cap\">Magnesia<\/div>\n<p>[\/vc_column_text][vc_empty_space height=&#8221;20px&#8221;][vc_column_text]<\/p>\n<div class=\"body16 lh26 font_300 color_grey3\">\n<p>El Mg(OH)<sub>2<\/sub> es un retardante de llama con baja emisi\u00f3n de humo y libre de hal\u00f3geno de pl\u00e1stico y caucho. Tiene un excelente efecto retardante de llama y puede sustituir al hidr\u00f3xido de aluminio. El MgO se utiliza para los cauchos sint\u00e9ticos, incluidos el CR (Caucho sint\u00e9tico de cloropreno) y el CSM (Polietileno clorosulfonado), para activar la vulcanizaci\u00f3n, evitar el quemado superficial y la neutralizaci\u00f3n de \u00e1cidos.<\/p>\n<\/div>\n<p>[\/vc_column_text][\/vc_column_inner][vc_column_inner width=&#8221;1\/6&#8243;][\/vc_column_inner][\/vc_row_inner][vc_empty_space height=&#8221;40px&#8221;][vc_column_text]<\/p>\n<div class=\"mobile_table-scroll\">\n<table class=\"kyc-table1\">\n<colgroup>\n<col width=\"30%\" \/>\n<col width=\"10%\" \/>\n<col width=\"12%\" \/>\n<col width=\"12%\" \/>\n<col width=\"12%\" \/>\n<col width=\"12%\" \/>\n<col width=\"12%\" \/><\/colgroup>\n<thead>\n<tr>\n<th colspan=\"7\">An\u00e1lisis qu\u00edmico<\/th>\n<\/tr>\n<\/thead>\n<tbody>\n<tr>\n<th rowspan=\"2\" scope=\"col\">Elementos<\/th>\n<th rowspan=\"2\" scope=\"col\">Unidad<\/th>\n<th colspan=\"4\" scope=\"col\">Mg(OH)<sub>2<\/sub><\/th>\n<th scope=\"col\">MgO<\/th>\n<\/tr>\n<tr>\n<th scope=\"col\">XMH55<\/th>\n<th scope=\"col\">XMH15<\/th>\n<th scope=\"col\">XMH15ST<\/th>\n<th scope=\"col\">M(S5-C2)<\/th>\n<th scope=\"col\">HQS<\/th>\n<\/tr>\n<tr>\n<td>Mg(OH)<sub>2<\/sub> \/ MgO<\/td>\n<td rowspan=\"4\">%<\/td>\n<td colspan=\"4\">\u226599<\/td>\n<td>\u226597.5<\/td>\n<\/tr>\n<tr>\n<td>Fe2O3<\/td>\n<td rowspan=\"2\">\u22640.05<\/td>\n<td rowspan=\"2\">\u22640.05<\/td>\n<td><\/td>\n<td><\/td>\n<td>\u22640.05<\/td>\n<\/tr>\n<tr>\n<td>CaO<\/td>\n<td><\/td>\n<td><\/td>\n<td><\/td>\n<\/tr>\n<tr>\n<td>Cloruro como CI<\/td>\n<td>\u22640.40<\/td>\n<td>\u22640.40<\/td>\n<td><\/td>\n<td><\/td>\n<td>&#8211;<\/td>\n<\/tr>\n<tr>\n<td>Tama\u00f1o de part\u00edculas del l\u00e1ser D50<\/td>\n<td>\u339b<\/td>\n<td>5~6<\/td>\n<td>1~2<\/td>\n<td>1~3<\/td>\n<td>1~1.6<\/td>\n<td>&#8211;<\/td>\n<\/tr>\n<tr>\n<td>Whiteness<\/td>\n<td rowspan=\"4\">%<\/td>\n<td>\u226597<\/td>\n<td>\u226597<\/td>\n<td>\u226596<\/td>\n<td>\u226596<\/td>\n<td>&#8211;<\/td>\n<\/tr>\n<tr>\n<td>LOI<\/td>\n<td>\u226530<\/td>\n<td>\u226530<\/td>\n<td><\/td>\n<td><\/td>\n<td>&#8211;<\/td>\n<\/tr>\n<tr>\n<td>H2O<\/td>\n<td>\u22640.5<\/td>\n<td>\u22640.5<\/td>\n<td>\u22641<\/td>\n<td>\u22640.5<\/td>\n<td>&#8211;<\/td>\n<\/tr>\n<tr>\n<td>Insoluble en \u00e1cido<\/td>\n<td>\u22640.1<\/td>\n<td>\u22640.1<\/td>\n<td>\u22640.1<\/td>\n<td><\/td>\n<td>&#8211;<\/td>\n<\/tr>\n<tr>\n<td>BET<\/td>\n<td>m\u00b2\/g<\/td>\n<td>7<\/td>\n<td>14.1<\/td>\n<td>&#8211;<\/td>\n<td>6~9<\/td>\n<td>55.1<\/td>\n<\/tr>\n<tr>\n<td>Tratamiento de superficies<\/td>\n<td><\/td>\n<td><\/td>\n<td><\/td>\n<td>\u00c1cido graso<\/td>\n<td>Silano<\/td>\n<td>&#8211;<\/td>\n<\/tr>\n<\/tbody>\n<\/table>\n<\/div>\n<p>[\/vc_column_text][\/vc_column][\/vc_row]<\/p>\n","protected":false},"excerpt":{"rendered":"<p>[vc_row css_animation=&#8221;&#8221; row_type=&#8221;row&#8221; use_row_as_full_screen_section=&#8221;no&#8221; type=&#8221;grid&#8221; angled_section=&#8221;no&#8221; text_align=&#8221;left&#8221; background_image_as_pattern=&#8221;without_pattern&#8221; el_class=&#8221;kyc-headtitle&#8221; z_index=&#8221;&#8221; css=&#8221;.vc_custom_1580887848472{background-image: url(https:\/\/ky-europe.com\/es\/wp-content\/uploads\/sites\/5\/2020\/02\/headcover-magnesia.png?id=1589) !important;}&#8221;][vc_column width=&#8221;2\/3&#8243; el_class=&#8221;title-line&#8221;][vc_column_text] Magnesia Mg(OH)2 y MgO de alta pureza [\/vc_column_text][\/vc_column][vc_column width=&#8221;1\/3&#8243;][\/vc_column][\/vc_row][vc_row css_animation=&#8221;&#8221; row_type=&#8221;row&#8221; use_row_as_full_screen_section=&#8221;no&#8221; type=&#8221;grid&#8221; angled_section=&#8221;no&#8221; text_align=&#8221;center&#8221; background_image_as_pattern=&#8221;without_pattern&#8221; z_index=&#8221;&#8221; background_color=&#8221;#ffffff&#8221; el_class=&#8221;padding-tb50&#8243;][vc_column][vc_row_inner row_type=&#8221;row&#8221; type=&#8221;full_width&#8221; text_align=&#8221;center&#8221; css_animation=&#8221;&#8221;][vc_column_inner width=&#8221;1\/6&#8243;][\/vc_column_inner][vc_column_inner width=&#8221;2\/3&#8243;][vc_column_text]&#8230;<\/p>\n","protected":false},"author":1,"featured_media":0,"parent":0,"menu_order":0,"comment_status":"closed","ping_status":"closed","template":"full_width.php","meta":{"_mi_skip_tracking":false,"_monsterinsights_sitenote_active":false,"_monsterinsights_sitenote_note":"","_monsterinsights_sitenote_category":0},"_links":{"self":[{"href":"https:\/\/ky-europe.com\/es\/wp-json\/wp\/v2\/pages\/1588"}],"collection":[{"href":"https:\/\/ky-europe.com\/es\/wp-json\/wp\/v2\/pages"}],"about":[{"href":"https:\/\/ky-europe.com\/es\/wp-json\/wp\/v2\/types\/page"}],"author":[{"embeddable":true,"href":"https:\/\/ky-europe.com\/es\/wp-json\/wp\/v2\/users\/1"}],"replies":[{"embeddable":true,"href":"https:\/\/ky-europe.com\/es\/wp-json\/wp\/v2\/comments?post=1588"}],"version-history":[{"count":4,"href":"https:\/\/ky-europe.com\/es\/wp-json\/wp\/v2\/pages\/1588\/revisions"}],"predecessor-version":[{"id":1606,"href":"https:\/\/ky-europe.com\/es\/wp-json\/wp\/v2\/pages\/1588\/revisions\/1606"}],"wp:attachment":[{"href":"https:\/\/ky-europe.com\/es\/wp-json\/wp\/v2\/media?parent=1588"}],"curies":[{"name":"wp","href":"https:\/\/api.w.org\/{rel}","templated":true}]}}