{"id":1938,"date":"2021-04-29T01:36:27","date_gmt":"2021-04-28T23:36:27","guid":{"rendered":"https:\/\/ky-europe.com\/es\/?page_id=1938"},"modified":"2021-04-29T01:36:27","modified_gmt":"2021-04-28T23:36:27","slug":"agentes-de-soplado-respetuosos-con-el-medio-ambiente","status":"publish","type":"page","link":"https:\/\/ky-europe.com\/es\/agentes-de-soplado-respetuosos-con-el-medio-ambiente\/","title":{"rendered":"Agentes de soplado respetuosos con el medio ambiente"},"content":{"rendered":"<p>[vc_row css_animation=&#8221;&#8221; row_type=&#8221;row&#8221; use_row_as_full_screen_section=&#8221;no&#8221; type=&#8221;grid&#8221; angled_section=&#8221;no&#8221; text_align=&#8221;left&#8221; background_image_as_pattern=&#8221;without_pattern&#8221; el_class=&#8221;kyc-headtitle&#8221; z_index=&#8221;&#8221; css=&#8221;.vc_custom_1619644022206{background-image: url(https:\/\/ky-europe.com\/en\/wp-content\/uploads\/sites\/5\/2021\/04\/sub02_07_visual.jpg?id=2079) !important;}&#8221;][vc_column width=&#8221;2\/3&#8243; el_class=&#8221;title-line&#8221;][vc_column_text]<\/p>\n<div class=\"headtitle-main\">Agentes de soplado respetuosos con el medio ambiente<\/div>\n<div class=\"headtitle-kycline\"><\/div>\n<p>[\/vc_column_text][\/vc_column][vc_column width=&#8221;1\/3&#8243;][\/vc_column][\/vc_row][vc_row css_animation=&#8221;&#8221; row_type=&#8221;row&#8221; use_row_as_full_screen_section=&#8221;no&#8221; type=&#8221;grid&#8221; angled_section=&#8221;no&#8221; text_align=&#8221;center&#8221; background_image_as_pattern=&#8221;without_pattern&#8221; z_index=&#8221;&#8221; background_color=&#8221;#ffffff&#8221; el_class=&#8221;padding-t50&#8243;][vc_column][vc_row_inner row_type=&#8221;row&#8221; type=&#8221;full_width&#8221; text_align=&#8221;center&#8221; css_animation=&#8221;&#8221;][vc_column_inner width=&#8221;1\/6&#8243;][\/vc_column_inner][vc_column_inner width=&#8221;2\/3&#8243;][vc_column_text]<\/p>\n<div class=\"body30 lh40 font_500 color_black\">Los primeros agentes de soplado respetuosos con el medio ambiente<\/div>\n<p>[\/vc_column_text][vc_empty_space height=&#8221;20px&#8221;][\/vc_column_inner][vc_column_inner width=&#8221;1\/6&#8243;][\/vc_column_inner][\/vc_row_inner][vc_empty_space height=&#8221;50px&#8221;][vc_row_inner row_type=&#8221;row&#8221; type=&#8221;full_width&#8221; text_align=&#8221;left&#8221; css_animation=&#8221;&#8221;][vc_column_inner width=&#8221;2\/3&#8243;][vc_video link=&#8221;https:\/\/youtu.be\/y7TU3MOcqSU&#8221;][\/vc_column_inner][vc_column_inner width=&#8221;1\/3&#8243;][vc_column_text css=&#8221;.vc_custom_1619652831143{margin-bottom: 20px !important;}&#8221;]<\/p>\n<h4 class=\"Kor01_mp4_title\"><strong>Agentes de soplado respetuosos con el medio ambiente<\/strong><\/h4>\n<p>[\/vc_column_text][vc_column_text]La serie KY-ECO, desarrollada con \u00e9xito en base a nuestra competencia investigadora acumulada durante un largo per\u00edodo de tiempo, es el grupo de productos que son los primeros agentes de soplado del mundo respetuosos con el medio ambiente sin formamida ni amon\u00edaco y que pueden producirse al ser pulverizados.<\/p>\n<p>Los agentes de soplado son particularmente adecuados para productos como esterillas, papel de pared, pavimentos y calzado, en contacto directo con el cuerpo humano, ya que no producen sustancias nocivas ni olores (compuestos de azufre u \u00f3xidos de azufre) generados durante el proceso.<\/p>\n<p>Hemos aplicado tambi\u00e9n la estructura de los agentes de soplado de c\u00e1psula a los productos para reforzar sus propiedades de aislamiento t\u00e9rmico y ac\u00fastico, as\u00ed como sus propiedades de amoriguamiento.[\/vc_column_text][\/vc_column_inner][\/vc_row_inner][vc_empty_space height=&#8221;50px&#8221;][vc_row_inner row_type=&#8221;row&#8221; type=&#8221;full_width&#8221; text_align=&#8221;left&#8221; css_animation=&#8221;&#8221;][vc_column_inner][vc_column_text]<\/p>\n<h4><strong>An\u00e1lisis de materiales peligrosos<\/strong><\/h4>\n<p>[\/vc_column_text][vc_column_text]<\/p>\n<div class=\"mobile_table-scroll\">\n<table class=\"kyc-table1\">\n<colgroup>\n<col width=\"33.3%\" \/>\n<col width=\"33.3%\" \/>\n<col width=\"33.3%\" \/><\/colgroup>\n<thead>\n<tr>\n<th colspan=\"3\"><\/th>\n<\/tr>\n<\/thead>\n<tbody>\n<tr>\n<th>Ingredientes<\/th>\n<th>Agentes de soplado disponibles<\/th>\n<th>Serie KY-ECO<\/th>\n<\/tr>\n<tr>\n<td>Formamida<\/td>\n<td>126ppm<\/td>\n<td>No detectado<\/td>\n<\/tr>\n<tr>\n<td>Amoniaco<\/td>\n<td>500ppm\u2191<\/td>\n<td>No detectado<\/td>\n<\/tr>\n<\/tbody>\n<\/table>\n<\/div>\n<p>[\/vc_column_text][\/vc_column_inner][\/vc_row_inner][vc_empty_space height=&#8221;50px&#8221;][\/vc_column][\/vc_row]<\/p>\n","protected":false},"excerpt":{"rendered":"<p>[vc_row css_animation=&#8221;&#8221; row_type=&#8221;row&#8221; use_row_as_full_screen_section=&#8221;no&#8221; type=&#8221;grid&#8221; angled_section=&#8221;no&#8221; text_align=&#8221;left&#8221; background_image_as_pattern=&#8221;without_pattern&#8221; el_class=&#8221;kyc-headtitle&#8221; z_index=&#8221;&#8221; css=&#8221;.vc_custom_1619644022206{background-image: url(https:\/\/ky-europe.com\/en\/wp-content\/uploads\/sites\/5\/2021\/04\/sub02_07_visual.jpg?id=2079) !important;}&#8221;][vc_column width=&#8221;2\/3&#8243; el_class=&#8221;title-line&#8221;][vc_column_text] Agentes de soplado respetuosos con el medio ambiente [\/vc_column_text][\/vc_column][vc_column width=&#8221;1\/3&#8243;][\/vc_column][\/vc_row][vc_row css_animation=&#8221;&#8221; row_type=&#8221;row&#8221; use_row_as_full_screen_section=&#8221;no&#8221; type=&#8221;grid&#8221; angled_section=&#8221;no&#8221; text_align=&#8221;center&#8221; background_image_as_pattern=&#8221;without_pattern&#8221; z_index=&#8221;&#8221; background_color=&#8221;#ffffff&#8221; el_class=&#8221;padding-t50&#8243;][vc_column][vc_row_inner row_type=&#8221;row&#8221; type=&#8221;full_width&#8221; text_align=&#8221;center&#8221; css_animation=&#8221;&#8221;][vc_column_inner width=&#8221;1\/6&#8243;][\/vc_column_inner][vc_column_inner&#8230;<\/p>\n","protected":false},"author":3,"featured_media":0,"parent":0,"menu_order":0,"comment_status":"closed","ping_status":"closed","template":"full_width.php","meta":{"_mi_skip_tracking":false,"_monsterinsights_sitenote_active":false,"_monsterinsights_sitenote_note":"","_monsterinsights_sitenote_category":0},"_links":{"self":[{"href":"https:\/\/ky-europe.com\/es\/wp-json\/wp\/v2\/pages\/1938"}],"collection":[{"href":"https:\/\/ky-europe.com\/es\/wp-json\/wp\/v2\/pages"}],"about":[{"href":"https:\/\/ky-europe.com\/es\/wp-json\/wp\/v2\/types\/page"}],"author":[{"embeddable":true,"href":"https:\/\/ky-europe.com\/es\/wp-json\/wp\/v2\/users\/3"}],"replies":[{"embeddable":true,"href":"https:\/\/ky-europe.com\/es\/wp-json\/wp\/v2\/comments?post=1938"}],"version-history":[{"count":1,"href":"https:\/\/ky-europe.com\/es\/wp-json\/wp\/v2\/pages\/1938\/revisions"}],"predecessor-version":[{"id":1939,"href":"https:\/\/ky-europe.com\/es\/wp-json\/wp\/v2\/pages\/1938\/revisions\/1939"}],"wp:attachment":[{"href":"https:\/\/ky-europe.com\/es\/wp-json\/wp\/v2\/media?parent=1938"}],"curies":[{"name":"wp","href":"https:\/\/api.w.org\/{rel}","templated":true}]}}