{"id":1940,"date":"2021-04-29T01:53:02","date_gmt":"2021-04-28T23:53:02","guid":{"rendered":"https:\/\/ky-europe.com\/es\/?page_id=1940"},"modified":"2021-04-29T01:53:02","modified_gmt":"2021-04-28T23:53:02","slug":"materiales-para-baterias-secundarias","status":"publish","type":"page","link":"https:\/\/ky-europe.com\/es\/materiales-para-baterias-secundarias\/","title":{"rendered":"Materiales para bater\u00edas secundarias"},"content":{"rendered":"<p>[vc_row css_animation=&#8221;&#8221; row_type=&#8221;row&#8221; use_row_as_full_screen_section=&#8221;no&#8221; type=&#8221;grid&#8221; angled_section=&#8221;no&#8221; text_align=&#8221;left&#8221; background_image_as_pattern=&#8221;without_pattern&#8221; el_class=&#8221;kyc-headtitle&#8221; z_index=&#8221;&#8221; css=&#8221;.vc_custom_1619645368520{background-image: url(https:\/\/ky-europe.com\/en\/wp-content\/uploads\/sites\/5\/2021\/04\/sub02_05_visual.jpg?id=2104) !important;}&#8221;][vc_column width=&#8221;2\/3&#8243; el_class=&#8221;title-line&#8221;][vc_column_text]<\/p>\n<div class=\"headtitle-main\">Materiales para bater\u00edas secundarias<\/div>\n<div class=\"headtitle-kycline\"><\/div>\n<p>[\/vc_column_text][\/vc_column][vc_column width=&#8221;1\/3&#8243;][\/vc_column][\/vc_row][vc_row css_animation=&#8221;&#8221; row_type=&#8221;row&#8221; use_row_as_full_screen_section=&#8221;no&#8221; type=&#8221;grid&#8221; angled_section=&#8221;no&#8221; text_align=&#8221;center&#8221; background_image_as_pattern=&#8221;without_pattern&#8221; z_index=&#8221;&#8221; background_color=&#8221;#ffffff&#8221; el_class=&#8221;padding-t50&#8243;][vc_column][vc_row_inner row_type=&#8221;row&#8221; type=&#8221;full_width&#8221; text_align=&#8221;center&#8221; css_animation=&#8221;&#8221;][vc_column_inner width=&#8221;1\/6&#8243;][\/vc_column_inner][vc_column_inner width=&#8221;2\/3&#8243;][vc_column_text]<\/p>\n<div class=\"body30 lh40 font_500 color_black\">Materiales para bater\u00edas de la pr\u00f3xima generaci\u00f3n<\/div>\n<p>[\/vc_column_text][vc_empty_space height=&#8221;20px&#8221;][\/vc_column_inner][vc_column_inner width=&#8221;1\/6&#8243;][\/vc_column_inner][\/vc_row_inner][vc_empty_space height=&#8221;50px&#8221;][vc_row_inner row_type=&#8221;row&#8221; type=&#8221;full_width&#8221; text_align=&#8221;left&#8221; css_animation=&#8221;&#8221;][vc_column_inner width=&#8221;2\/3&#8243;][vc_video link=&#8221;https:\/\/youtu.be\/uR0tTUWAn2E&#8221;][\/vc_column_inner][vc_column_inner width=&#8221;1\/3&#8243;][vc_column_text css=&#8221;.vc_custom_1619653509011{margin-bottom: 20px !important;}&#8221;]<\/p>\n<h4 class=\"Kor01_mp4_title\"><strong>Materiales para bater\u00edas secundarias<\/strong><\/h4>\n<p>[\/vc_column_text][vc_column_text]Kumyang se est\u00e1 preparando para la expansi\u00f3n de la demanda por componentes clave de bater\u00edas para autom\u00f3viles, es decir, materiales para bater\u00edas recargables\/secundarias, como un negocio de nuevo crecimiento mediante la construcci\u00f3n de instalaciones de procesamiento y la recepci\u00f3n de aprobaciones para productos relacionados de nuestros clientes corporativos.[\/vc_column_text][\/vc_column_inner][\/vc_row_inner][vc_empty_space height=&#8221;50px&#8221;][vc_row_inner row_type=&#8221;row&#8221; type=&#8221;full_width&#8221; text_align=&#8221;left&#8221; css_animation=&#8221;&#8221;][vc_column_inner width=&#8221;1\/3&#8243;][vc_single_image image=&#8221;1931&#8243; img_size=&#8221;full&#8221; qode_css_animation=&#8221;&#8221;][\/vc_column_inner][vc_column_inner width=&#8221;2\/3&#8243;][vc_column_text css=&#8221;.vc_custom_1619653833377{margin-bottom: 10px !important;}&#8221;]<\/p>\n<h5 class=\"Kor01_mp4_title\"><strong>Negocio de procesamiento de hidr\u00f3xido de litio<br \/>\n<\/strong><\/h5>\n<p>[\/vc_column_text][vc_column_text]El negocio del procesamiento de ultraprecisi\u00f3n del hidr\u00f3xido de hidr\u00f3geno, una materia prima clave para materiales cat\u00f3dicos que representa el 40\u00a0% de los costes de fabricaci\u00f3n de bater\u00edas secundarias aptas para veh\u00edculos el\u00e9ctricos.[\/vc_column_text][vc_column_text css=&#8221;.vc_custom_1619653860916{margin-top: 1rem !important;padding-top: 1.5rem !important;padding-right: 2rem !important;padding-bottom: 1.5rem !important;padding-left: 2rem !important;background-color: #f7f7f7 !important;}&#8221;]<\/p>\n<ul>\n<li>El suministro de hidr\u00f3xido de litio espec\u00edfico para veh\u00edculos el\u00e9ctricos a fabricantes de materiales cat\u00f3dicos dom\u00e9sticos a trav\u00e9s de la cooperaci\u00f3n empresarial con los principales fabricantes de litio<\/li>\n<\/ul>\n<p>[\/vc_column_text][\/vc_column_inner][\/vc_row_inner][vc_empty_space height=&#8221;50px&#8221;][vc_separator type=&#8221;normal&#8221;][vc_empty_space height=&#8221;50px&#8221;][vc_row_inner row_type=&#8221;row&#8221; type=&#8221;full_width&#8221; text_align=&#8221;left&#8221; css_animation=&#8221;&#8221;][vc_column_inner width=&#8221;1\/3&#8243;][vc_single_image image=&#8221;1932&#8243; img_size=&#8221;full&#8221; qode_css_animation=&#8221;&#8221;][\/vc_column_inner][vc_column_inner width=&#8221;2\/3&#8243;][vc_column_text css=&#8221;.vc_custom_1619653878666{margin-bottom: 10px !important;}&#8221;]<\/p>\n<h5 class=\"Kor01_mp4_title\"><strong>Negocio de aditivos para bater\u00edas secundarias a base de NCMA<\/strong><\/h5>\n<p>[\/vc_column_text][vc_column_text]Las bater\u00edas de nueva generaci\u00f3n, las bater\u00edas recargables o secundarias a base de NCMA, aumentan significativamente la autonom\u00eda de los veh\u00edculos el\u00e9ctricos en comparaci\u00f3n con las bater\u00edas existentes a base de NCM (n\u00edquel, cobalto, manganeso).[\/vc_column_text][vc_column_text css=&#8221;.vc_custom_1619653900209{margin-top: 1rem !important;padding-top: 1.5rem !important;padding-right: 2rem !important;padding-bottom: 1.5rem !important;padding-left: 2rem !important;background-color: #f7f7f7 !important;}&#8221;]<\/p>\n<ul>\n<li>La adici\u00f3n de aluminio a los materiales ricos en n\u00edquel a base de NCM aumenta el rendimiento y la estabilidad; un tipo de aluminio y otros materiales se mezclan, se procesan y se a\u00f1aden.<\/li>\n<\/ul>\n<p>[\/vc_column_text][\/vc_column_inner][\/vc_row_inner][vc_empty_space height=&#8221;50px&#8221;][vc_separator type=&#8221;normal&#8221;][vc_empty_space height=&#8221;50px&#8221;][vc_row_inner row_type=&#8221;row&#8221; type=&#8221;full_width&#8221; text_align=&#8221;left&#8221; css_animation=&#8221;&#8221;][vc_column_inner width=&#8221;1\/3&#8243;][vc_single_image image=&#8221;1933&#8243; img_size=&#8221;full&#8221; qode_css_animation=&#8221;&#8221;][\/vc_column_inner][vc_column_inner width=&#8221;2\/3&#8243;][vc_column_text css=&#8221;.vc_custom_1619653913334{margin-bottom: 10px !important;}&#8221;]<\/p>\n<h5 class=\"Kor01_mp4_title\"><strong>Negocio de materiales cat\u00f3dicos especiales<\/strong><\/h5>\n<p>[\/vc_column_text][vc_column_text]Los materiales cat\u00f3dicos especiales que mejoran la autonom\u00eda de los veh\u00edculos el\u00e9ctricos mejoran la eficiencia energ\u00e9tica el\u00e9ctrica de las bater\u00edas secundarias de nueva generaci\u00f3n con alto contenido en n\u00edquel.[\/vc_column_text][vc_column_text css=&#8221;.vc_custom_1619653933401{margin-top: 1rem !important;padding-top: 1.5rem !important;padding-right: 2rem !important;padding-bottom: 1.5rem !important;padding-left: 2rem !important;background-color: #f7f7f7 !important;}&#8221;]<\/p>\n<ul>\n<li>Los materiales cat\u00f3dicos especiales ricos en n\u00edquel son la tecnolog\u00eda que puede aplicarse a la mejora del rendimiento de los materiales an\u00f3dicos de nueva generaci\u00f3n.<\/li>\n<\/ul>\n<p>[\/vc_column_text][\/vc_column_inner][\/vc_row_inner][vc_empty_space height=&#8221;50px&#8221;][\/vc_column][\/vc_row]<\/p>\n","protected":false},"excerpt":{"rendered":"<p>[vc_row css_animation=&#8221;&#8221; row_type=&#8221;row&#8221; use_row_as_full_screen_section=&#8221;no&#8221; type=&#8221;grid&#8221; angled_section=&#8221;no&#8221; text_align=&#8221;left&#8221; background_image_as_pattern=&#8221;without_pattern&#8221; el_class=&#8221;kyc-headtitle&#8221; z_index=&#8221;&#8221; css=&#8221;.vc_custom_1619645368520{background-image: url(https:\/\/ky-europe.com\/en\/wp-content\/uploads\/sites\/5\/2021\/04\/sub02_05_visual.jpg?id=2104) !important;}&#8221;][vc_column width=&#8221;2\/3&#8243; el_class=&#8221;title-line&#8221;][vc_column_text] Materiales para bater\u00edas secundarias [\/vc_column_text][\/vc_column][vc_column width=&#8221;1\/3&#8243;][\/vc_column][\/vc_row][vc_row css_animation=&#8221;&#8221; row_type=&#8221;row&#8221; use_row_as_full_screen_section=&#8221;no&#8221; type=&#8221;grid&#8221; angled_section=&#8221;no&#8221; text_align=&#8221;center&#8221; background_image_as_pattern=&#8221;without_pattern&#8221; z_index=&#8221;&#8221; background_color=&#8221;#ffffff&#8221; el_class=&#8221;padding-t50&#8243;][vc_column][vc_row_inner row_type=&#8221;row&#8221; type=&#8221;full_width&#8221; text_align=&#8221;center&#8221; css_animation=&#8221;&#8221;][vc_column_inner width=&#8221;1\/6&#8243;][\/vc_column_inner][vc_column_inner width=&#8221;2\/3&#8243;][vc_column_text] Materiales para bater\u00edas&#8230;<\/p>\n","protected":false},"author":3,"featured_media":0,"parent":0,"menu_order":0,"comment_status":"closed","ping_status":"closed","template":"full_width.php","meta":{"_mi_skip_tracking":false,"_monsterinsights_sitenote_active":false,"_monsterinsights_sitenote_note":"","_monsterinsights_sitenote_category":0},"_links":{"self":[{"href":"https:\/\/ky-europe.com\/es\/wp-json\/wp\/v2\/pages\/1940"}],"collection":[{"href":"https:\/\/ky-europe.com\/es\/wp-json\/wp\/v2\/pages"}],"about":[{"href":"https:\/\/ky-europe.com\/es\/wp-json\/wp\/v2\/types\/page"}],"author":[{"embeddable":true,"href":"https:\/\/ky-europe.com\/es\/wp-json\/wp\/v2\/users\/3"}],"replies":[{"embeddable":true,"href":"https:\/\/ky-europe.com\/es\/wp-json\/wp\/v2\/comments?post=1940"}],"version-history":[{"count":1,"href":"https:\/\/ky-europe.com\/es\/wp-json\/wp\/v2\/pages\/1940\/revisions"}],"predecessor-version":[{"id":1941,"href":"https:\/\/ky-europe.com\/es\/wp-json\/wp\/v2\/pages\/1940\/revisions\/1941"}],"wp:attachment":[{"href":"https:\/\/ky-europe.com\/es\/wp-json\/wp\/v2\/media?parent=1940"}],"curies":[{"name":"wp","href":"https:\/\/api.w.org\/{rel}","templated":true}]}}