{"id":258,"date":"2019-09-09T03:17:05","date_gmt":"2019-09-09T03:17:05","guid":{"rendered":"https:\/\/ky-europe.com\/kumyang2\/?page_id=258"},"modified":"2020-03-05T01:20:02","modified_gmt":"2020-03-05T01:20:02","slug":"company-overview","status":"publish","type":"page","link":"https:\/\/ky-europe.com\/es\/company-overview\/","title":{"rendered":"Descripci\u00f3n de la empresa"},"content":{"rendered":"<p>[vc_row css_animation=&#8221;&#8221; row_type=&#8221;row&#8221; use_row_as_full_screen_section=&#8221;no&#8221; type=&#8221;grid&#8221; angled_section=&#8221;no&#8221; text_align=&#8221;left&#8221; background_image_as_pattern=&#8221;without_pattern&#8221; el_class=&#8221;kyc-headtitle&#8221; z_index=&#8221;&#8221; css=&#8221;.vc_custom_1571187907116{background-image: url(https:\/\/ky-europe.com\/en\/wp-content\/uploads\/sites\/3\/2019\/10\/headcover-com1.png?id=1257) !important;}&#8221;][vc_column el_class=&#8221;title-line&#8221;][vc_column_text]<\/p>\n<div class=\"headtitle-main\">Descripci\u00f3n de la empresa<\/div>\n<div class=\"headtitle-sub\">Ofrecer la m\u00e1xima satisfacci\u00f3n a los clientes a trav\u00e9s de la innovaci\u00f3n y la reforma incesantes<\/div>\n<div class=\"headtitle-kycline\"><\/div>\n<p>[\/vc_column_text][\/vc_column][\/vc_row][vc_row css_animation=&#8221;&#8221; row_type=&#8221;row&#8221; use_row_as_full_screen_section=&#8221;no&#8221; type=&#8221;grid&#8221; angled_section=&#8221;no&#8221; text_align=&#8221;left&#8221; background_image_as_pattern=&#8221;without_pattern&#8221; z_index=&#8221;&#8221; el_class=&#8221;aboutkyc-01-1&#8243;][vc_column width=&#8221;1\/2&#8243;][vc_single_image image=&#8221;1261&#8243; img_size=&#8221;full&#8221; qode_css_animation=&#8221;&#8221; el_class=&#8221;text_lecen&#8221;][vc_empty_space height=&#8221;20px&#8221; el_class=&#8221;i1mo&#8221;][\/vc_column][vc_column width=&#8221;1\/2&#8243;][vc_empty_space height=&#8221;60px&#8221; el_class=&#8221;i1pc&#8221;][vc_column_text]<\/p>\n<div class=\"body20 lh30 font_400 color_black\">Kumyang es<\/div>\n<div class=\"body30 lh40 font_500 color_ky01\">El l\u00edder mundial de los aditivos qu\u00edmicos<\/div>\n<p>[\/vc_column_text][vc_empty_space height=&#8221;20px&#8221;][vc_column_text]<\/p>\n<div class=\"body16 lh26 font_400 color_grey3\">Kumyang es una empresa especializada en aditivos qu\u00edmicos que produce productos qu\u00edmicos finos incluyendo el agente hinchante, OPTSA <span class=\"font_300 color_grey5\">mezcla de orto y para tolueno sulfonamida<\/span> y benazol <span class=\"font_300 color_grey5\">materiales qu\u00edmicos agr\u00edcolas<\/span> que comenz\u00f3 con la sacarina despu\u00e9s de su fundaci\u00f3n en Busan en 1955.<\/div>\n<p>[\/vc_column_text][\/vc_column][\/vc_row][vc_row css_animation=&#8221;&#8221; row_type=&#8221;row&#8221; use_row_as_full_screen_section=&#8221;no&#8221; type=&#8221;grid&#8221; angled_section=&#8221;yes&#8221; angled_section_position=&#8221;both&#8221; angled_section_direction=&#8221;from_right_to_left&#8221; text_align=&#8221;left&#8221; background_image_as_pattern=&#8221;without_pattern&#8221; z_index=&#8221;&#8221; el_class=&#8221;aboutkyc-01-2&#8243;][vc_column width=&#8221;1\/3&#8243;][vc_empty_space height=&#8221;70px&#8221; el_class=&#8221;i1pc&#8221;][vc_single_image image=&#8221;785&#8243; img_size=&#8221;full&#8221; qode_css_animation=&#8221;&#8221; el_class=&#8221;text_lecen i1mo&#8221;][vc_empty_space height=&#8221;20px&#8221; el_class=&#8221;i1mo&#8221;][vc_column_text]<\/p>\n<div class=\"body20 lh30 font_400 color_black\">Nuestro producto clave es<\/div>\n<div class=\"body30 lh40 font_500 color_ky01 text_cap\">Agente de soplado<\/div>\n<p>[\/vc_column_text][vc_empty_space height=&#8221;20px&#8221;][vc_column_text]<\/p>\n<div class=\"body16 lh26 font_400 color_grey3\">Nuestro producto estrella es el agente hinchante y estamos ampliando nuestras \u00e1reas de negocio para incluir la hidracina, el nitruro de titanio, el retardante de llama y el estabilizador, aprovechando los conocimientos t\u00e9cnicos de producci\u00f3n de agentes espumantes y la capacidad tecnol\u00f3gica adquirida durante decenas de a\u00f1os. Adem\u00e1s, tambi\u00e9n comercializamos resinas sint\u00e9ticas como todo tipo de aditivos qu\u00edmicos, PVC, EVA y LDPE, y productos de caucho como NBR, SBR, EPDM y otros, en funci\u00f3n de la demanda de los clientes.<\/div>\n<p>[\/vc_column_text][\/vc_column][vc_column width=&#8221;2\/3&#8243;][vc_single_image image=&#8221;785&#8243; img_size=&#8221;full&#8221; qode_css_animation=&#8221;&#8221; el_class=&#8221;text_lecen i1pc&#8221;][\/vc_column][\/vc_row][vc_row css_animation=&#8221;&#8221; row_type=&#8221;row&#8221; use_row_as_full_screen_section=&#8221;no&#8221; type=&#8221;grid&#8221; angled_section=&#8221;no&#8221; text_align=&#8221;left&#8221; background_image_as_pattern=&#8221;without_pattern&#8221; z_index=&#8221;&#8221; el_class=&#8221;kyc-aboutback1&#8243; css=&#8221;.vc_custom_1568013996239{background-image: url(https:\/\/ky-europe.com\/kumyang2\/wp-content\/uploads\/sites\/3\/2019\/09\/about01-back1a.png?id=666) !important;}&#8221;][vc_column][vc_column_text]<\/p>\n<div class=\"body30 lh45 font_600 color_white\">Disponemos de una sede en Busan, oficinas de ventas en Se\u00fal y LISA. Adem\u00e1s,<br \/>\ntenemos varias oficinas de producci\u00f3n, de ventas y de marketing en China.<\/div>\n<p>[\/vc_column_text][vc_empty_space height=&#8221;20px&#8221;][vc_column_text]<\/p>\n<div class=\"body16 lh26 font_400 color_greye\">Kumyang est\u00e1 despegando como <span class=\"font_500 color_fff\">El l\u00edder mundial de los aditivos qu\u00edmicos<\/span> que seguir\u00e1 apostando por la innovaci\u00f3n y la reforma para proporcionar la m\u00e1xima satisfacci\u00f3n a nuestros clientes, el crecimiento sostenible a los accionistas y las partes interesadas, y la seguridad y satisfacci\u00f3n de los empleados.<\/div>\n<p>[\/vc_column_text][vc_empty_space height=&#8221;20px&#8221;]<a  itemprop=\"url\" href=\"\/en\/location-overview\" target=\"_self\"  class=\"qbutton  default seemore\" style=\"\">Ver m\u00e1s<\/a>[\/vc_column][\/vc_row][vc_row css_animation=&#8221;&#8221; row_type=&#8221;row&#8221; use_row_as_full_screen_section=&#8221;no&#8221; type=&#8221;grid&#8221; angled_section=&#8221;yes&#8221; angled_section_position=&#8221;bottom&#8221; angled_section_direction=&#8221;from_right_to_left&#8221; text_align=&#8221;center&#8221; background_image_as_pattern=&#8221;without_pattern&#8221; el_class=&#8221;kyc-vision&#8221; z_index=&#8221;&#8221; background_color=&#8221;#ffffff&#8221;][vc_column][vc_column_text]<\/p>\n<div class=\"body30 lh35 color_ky01 font_600 ls-05\">La promesa de un futuro mejor<\/div>\n<div class=\"body18 lh30 font_400 color_black\">La empresa cumple con su responsabilidad social y su obligaci\u00f3n como l\u00edder del sector de la qu\u00edmica fina.<\/div>\n<p>[\/vc_column_text][vc_empty_space height=&#8221;40px&#8221;][vc_row_inner row_type=&#8221;row&#8221; type=&#8221;full_width&#8221; text_align=&#8221;center&#8221; css_animation=&#8221;&#8221;][vc_column_inner width=&#8221;1\/3&#8243;][vc_column_text el_class=&#8221;vision-circle1&#8243;]<\/p>\n<div class=\"vision-title\">Satisfacci\u00f3n del cliente<\/div>\n<p>[\/vc_column_text][vc_empty_space height=&#8221;20px&#8221;][vc_column_text]<\/p>\n<div class=\"vision-script\">Kumyang se esforzar\u00e1 al m\u00e1ximo<br \/>\npor satisfacer a los clientes<\/div>\n<p>[\/vc_column_text][\/vc_column_inner][vc_column_inner width=&#8221;1\/3&#8243;][vc_column_text el_class=&#8221;vision-circle2&#8243;]<\/p>\n<div class=\"vision-title\">Crecimiento sostenible<\/div>\n<p>[\/vc_column_text][vc_empty_space height=&#8221;20px&#8221;][vc_column_text]<\/p>\n<div class=\"vision-script\">Kumyang sigue creciendo.<\/div>\n<p>[\/vc_column_text][\/vc_column_inner][vc_column_inner width=&#8221;1\/3&#8243;][vc_column_text el_class=&#8221;vision-circle3&#8243;]<\/p>\n<div class=\"vision-title\">Contribuci\u00f3n social<\/div>\n<p>[\/vc_column_text][vc_empty_space height=&#8221;20px&#8221;][vc_column_text]<\/p>\n<div class=\"vision-script\">Kumyang contribuye<br \/>\nal bienestar p\u00fablico.<\/div>\n<p>[\/vc_column_text][\/vc_column_inner][\/vc_row_inner][vc_empty_space height=&#8221;40px&#8221;][vc_video link=&#8221;https:\/\/www.youtube.com\/watch?v=ocrAXHaxbRk&amp;feature=youtu.be&#8221; align=&#8221;center&#8221;][\/vc_column][\/vc_row]<\/p>\n","protected":false},"excerpt":{"rendered":"<p>[vc_row css_animation=&#8221;&#8221; row_type=&#8221;row&#8221; use_row_as_full_screen_section=&#8221;no&#8221; type=&#8221;grid&#8221; angled_section=&#8221;no&#8221; text_align=&#8221;left&#8221; background_image_as_pattern=&#8221;without_pattern&#8221; el_class=&#8221;kyc-headtitle&#8221; z_index=&#8221;&#8221; css=&#8221;.vc_custom_1571187907116{background-image: url(https:\/\/ky-europe.com\/en\/wp-content\/uploads\/sites\/3\/2019\/10\/headcover-com1.png?id=1257) !important;}&#8221;][vc_column el_class=&#8221;title-line&#8221;][vc_column_text] Descripci\u00f3n de la empresa Ofrecer la m\u00e1xima satisfacci\u00f3n a los clientes a trav\u00e9s de la innovaci\u00f3n y la reforma incesantes [\/vc_column_text][\/vc_column][\/vc_row][vc_row css_animation=&#8221;&#8221; row_type=&#8221;row&#8221; use_row_as_full_screen_section=&#8221;no&#8221; type=&#8221;grid&#8221; angled_section=&#8221;no&#8221;&#8230;<\/p>\n","protected":false},"author":1,"featured_media":0,"parent":0,"menu_order":0,"comment_status":"closed","ping_status":"closed","template":"full_width.php","meta":{"_mi_skip_tracking":false,"_monsterinsights_sitenote_active":false,"_monsterinsights_sitenote_note":"","_monsterinsights_sitenote_category":0},"_links":{"self":[{"href":"https:\/\/ky-europe.com\/es\/wp-json\/wp\/v2\/pages\/258"}],"collection":[{"href":"https:\/\/ky-europe.com\/es\/wp-json\/wp\/v2\/pages"}],"about":[{"href":"https:\/\/ky-europe.com\/es\/wp-json\/wp\/v2\/types\/page"}],"author":[{"embeddable":true,"href":"https:\/\/ky-europe.com\/es\/wp-json\/wp\/v2\/users\/1"}],"replies":[{"embeddable":true,"href":"https:\/\/ky-europe.com\/es\/wp-json\/wp\/v2\/comments?post=258"}],"version-history":[{"count":8,"href":"https:\/\/ky-europe.com\/es\/wp-json\/wp\/v2\/pages\/258\/revisions"}],"predecessor-version":[{"id":1464,"href":"https:\/\/ky-europe.com\/es\/wp-json\/wp\/v2\/pages\/258\/revisions\/1464"}],"wp:attachment":[{"href":"https:\/\/ky-europe.com\/es\/wp-json\/wp\/v2\/media?parent=258"}],"curies":[{"name":"wp","href":"https:\/\/api.w.org\/{rel}","templated":true}]}}