{"id":745,"date":"2019-09-10T02:22:47","date_gmt":"2019-09-10T02:22:47","guid":{"rendered":"https:\/\/ky-europe.com\/kumyang2\/?page_id=745"},"modified":"2020-01-22T08:47:42","modified_gmt":"2020-01-22T08:47:42","slug":"rd","status":"publish","type":"page","link":"https:\/\/ky-europe.com\/es\/rd\/","title":{"rendered":"I+D"},"content":{"rendered":"<p>[vc_row css_animation=&#8221;&#8221; row_type=&#8221;row&#8221; use_row_as_full_screen_section=&#8221;no&#8221; type=&#8221;grid&#8221; angled_section=&#8221;no&#8221; text_align=&#8221;left&#8221; background_image_as_pattern=&#8221;without_pattern&#8221; el_class=&#8221;kyc-headtitle&#8221; z_index=&#8221;&#8221; css=&#8221;.vc_custom_1571206884301{background-image: url(https:\/\/ky-europe.com\/en\/wp-content\/uploads\/sites\/3\/2019\/10\/headcover-rnd1.png?id=1293) !important;}&#8221;][vc_column el_class=&#8221;title-line&#8221;][vc_column_text]<\/p>\n<div class=\"headtitle-main\">I+D<\/div>\n<div class=\"headtitle-sub\">Aumentando el valor futuro de la empresa mediante la formaci\u00f3n de personal competente y el desarrollo de tecnolog\u00edas fundamentales<\/div>\n<div class=\"headtitle-kycline\"><\/div>\n<p>[\/vc_column_text][\/vc_column][\/vc_row][vc_row css_animation=&#8221;&#8221; row_type=&#8221;row&#8221; use_row_as_full_screen_section=&#8221;no&#8221; type=&#8221;grid&#8221; angled_section=&#8221;yes&#8221; angled_section_position=&#8221;bottom&#8221; angled_section_direction=&#8221;from_right_to_left&#8221; text_align=&#8221;center&#8221; background_image_as_pattern=&#8221;without_pattern&#8221; z_index=&#8221;&#8221; el_class=&#8221;aboutkyc-02-1&#8243;][vc_column width=&#8221;1\/6&#8243;][\/vc_column][vc_column width=&#8221;2\/3&#8243;][vc_column_text]<\/p>\n<div class=\"body20 lh30 font_400 color_black\">Introducci\u00f3n de la<\/div>\n<div class=\"body30 lh40 font_500 color_ky01 text_cap\">I+D de Kumyang<\/div>\n<p>[\/vc_column_text][vc_empty_space height=&#8221;15px&#8221;][vc_column_text]<\/p>\n<div class=\"body16 lh26 font_400 color_grey3\">El departamento de tecnolog\u00eda y desarrollo de Kumyang se ha convertido en el n\u00facleo del l\u00edder mundial en productos de agentes de soplado durante los \u00faltimos 30 a\u00f1os. La investigaci\u00f3n y desarrollo de Kumyang se ha dise\u00f1ado especialmente para desarrollar materiales de qu\u00edmica de precisi\u00f3n con un enfoque en nuevas tecnolog\u00edas y aplicaciones de agentes de soplado a trav\u00e9s del desarrollo de agentes de soplado altamente funcionales. Para el futuro. La I+D de Kumyang pondr\u00e1 a prueba los l\u00edmites de la tecnolog\u00eda actual mediante el desarrollo continuo de t\u00e9cnicos h\u00e1biles y la creaci\u00f3n de un n\u00facleo de I+D que contribuya al pr\u00f3spero crecimiento de Kumyang.<\/div>\n<p>[\/vc_column_text][\/vc_column][vc_column width=&#8221;1\/6&#8243;][\/vc_column][\/vc_row][vc_row css_animation=&#8221;&#8221; row_type=&#8221;row&#8221; use_row_as_full_screen_section=&#8221;no&#8221; type=&#8221;grid&#8221; angled_section=&#8221;yes&#8221; angled_section_position=&#8221;bottom&#8221; angled_section_direction=&#8221;from_right_to_left&#8221; text_align=&#8221;center&#8221; background_image_as_pattern=&#8221;without_pattern&#8221; z_index=&#8221;&#8221; el_class=&#8221;padding-t150 padding-b100&#8243; background_color=&#8221;#f2f2f2&#8243;][vc_column][vc_column_text]<\/p>\n<div class=\"body20 lh30 font_400 color_black\">Historia de la<\/div>\n<div class=\"body30 lh40 font_500 color_ky01 text_cap\">I+D de Kumyang<\/div>\n<p>[\/vc_column_text][vc_empty_space height=&#8221;50px&#8221;][vc_row_inner row_type=&#8221;row&#8221; type=&#8221;full_width&#8221; text_align=&#8221;center&#8221; css_animation=&#8221;&#8221; el_class=&#8221;rnd-history&#8221;][vc_column_inner width=&#8221;1\/3&#8243;][vc_single_image image=&#8221;1294&#8243; img_size=&#8221;full&#8221; qode_css_animation=&#8221;&#8221;][vc_empty_space height=&#8221;15px&#8221;][vc_column_text]<\/p>\n<h5>1980&#8217;s<\/h5>\n<p>[\/vc_column_text][vc_empty_space height=&#8221;5px&#8221;][vc_column_text]Creaci\u00f3n del departamento de I+D de KumYang[\/vc_column_text][\/vc_column_inner][vc_column_inner width=&#8221;1\/3&#8243;][vc_single_image image=&#8221;1237&#8243; img_size=&#8221;full&#8221; qode_css_animation=&#8221;&#8221;][vc_empty_space height=&#8221;15px&#8221;][vc_column_text]<\/p>\n<h5>1990 ~ 2000&#8217;s<\/h5>\n<p>[\/vc_column_text][vc_empty_space height=&#8221;5px&#8221;][vc_column_text]Developed high performance modified blowing agent grades and improved applications technology[\/vc_column_text][\/vc_column_inner][vc_column_inner width=&#8221;1\/3&#8243;][vc_single_image image=&#8221;1236&#8243; img_size=&#8221;full&#8221; qode_css_animation=&#8221;&#8221;][vc_empty_space height=&#8221;15px&#8221;][vc_column_text]<\/p>\n<h5>2010&#8217;s ~<\/h5>\n<p>[\/vc_column_text][vc_empty_space height=&#8221;5px&#8221;][vc_column_text]Development of<br \/>\nexpandable microspheres[\/vc_column_text][\/vc_column_inner][\/vc_row_inner][\/vc_column][\/vc_row][vc_row css_animation=&#8221;&#8221; row_type=&#8221;row&#8221; use_row_as_full_screen_section=&#8221;no&#8221; type=&#8221;grid&#8221; angled_section=&#8221;yes&#8221; angled_section_position=&#8221;bottom&#8221; angled_section_direction=&#8221;from_right_to_left&#8221; text_align=&#8221;center&#8221; background_image_as_pattern=&#8221;without_pattern&#8221; z_index=&#8221;&#8221; el_class=&#8221;padding-t150 padding-b100 research&#8221; background_color=&#8221;#ffffff&#8221;][vc_column][vc_column_text]<\/p>\n<div class=\"body20 lh30 font_400 color_black\">Lo que estamos buscando para<\/div>\n<div class=\"body30 lh40 font_500 color_ky01 text_cap\">nuestro campo de investigaci\u00f3n<\/div>\n<p>[\/vc_column_text][vc_empty_space height=&#8221;70px&#8221;][vc_row_inner row_type=&#8221;row&#8221; type=&#8221;full_width&#8221; text_align=&#8221;left&#8221; css_animation=&#8221;&#8221;][vc_column_inner width=&#8221;1\/2&#8243;][vc_single_image image=&#8221;1242&#8243; img_size=&#8221;full&#8221; qode_css_animation=&#8221;&#8221;][vc_empty_space height=&#8221;20px&#8221; el_class=&#8221;i1mo&#8221;][\/vc_column_inner][vc_column_inner width=&#8221;1\/2&#8243;][vc_empty_space height=&#8221;80px&#8221; el_class=&#8221;i1pc&#8221;][vc_column_text]<\/p>\n<div class=\"body24 lh30 font_500 color_ky01 text_cap\">Agente expandible<\/div>\n<p>[\/vc_column_text][vc_empty_space height=&#8221;15px&#8221;][vc_column_text]<\/p>\n<div class=\"body16 lh26 font_400 color_grey3\">Desde nuestra creaci\u00f3n en el a\u00f1o 1985, intentamos mejorar el rendimiento de los agentes de soplado de forma continua, y nos centraremos en el desarrollo de agentes de soplado de alto rendimiento de acuerdo con las necesidades principales de nuestros clientes.<\/div>\n<p>[\/vc_column_text][\/vc_column_inner][\/vc_row_inner][vc_empty_space height=&#8221;60px&#8221;][vc_row_inner row_type=&#8221;row&#8221; type=&#8221;full_width&#8221; text_align=&#8221;left&#8221; css_animation=&#8221;&#8221;][vc_column_inner width=&#8221;1\/2&#8243;][vc_single_image image=&#8221;1243&#8243; img_size=&#8221;full&#8221; qode_css_animation=&#8221;&#8221; el_class=&#8221;i1mo&#8221;][vc_empty_space height=&#8221;20px&#8221; el_class=&#8221;i1mo&#8221;][vc_empty_space height=&#8221;40px&#8221; el_class=&#8221;i1pc&#8221;][vc_column_text]<\/p>\n<div class=\"body24 lh30 font_500 color_ky01 text_cap\">Microsfera expandible<\/div>\n<p>[\/vc_column_text][vc_empty_space height=&#8221;15px&#8221;][vc_column_text]<\/p>\n<div class=\"body16 lh26 font_400 color_grey3\">Las microesferas expandibles, agentes de soplado f\u00edsicos de alto rendimiento y expandibles por calor, pueden proporcionar una superficie m\u00e1s lisa y una forma de prensado m\u00e1s definida en comparaci\u00f3n con los agentes de soplado qu\u00edmicos descomponibles en general y pueden utilizarse para producir productos espumosos finos como el papel de pared para pantallas. Estamos investigando con el fin de mejorar el proceso de producci\u00f3n, para desarrollar otros nuevos y preparar nuevas calidades id\u00f3neas para la divisi\u00f3n del trabajo.<\/div>\n<p>[\/vc_column_text][\/vc_column_inner][vc_column_inner el_class=&#8221;i1pc&#8221; width=&#8221;1\/2&#8243;][vc_single_image image=&#8221;1243&#8243; img_size=&#8221;full&#8221; qode_css_animation=&#8221;&#8221;][\/vc_column_inner][\/vc_row_inner][vc_empty_space height=&#8221;60px&#8221;][vc_row_inner row_type=&#8221;row&#8221; type=&#8221;full_width&#8221; text_align=&#8221;left&#8221; css_animation=&#8221;&#8221;][vc_column_inner width=&#8221;1\/2&#8243;][vc_single_image image=&#8221;1244&#8243; img_size=&#8221;full&#8221; qode_css_animation=&#8221;&#8221;][\/vc_column_inner][vc_column_inner width=&#8221;1\/2&#8243;][vc_empty_space height=&#8221;20px&#8221; el_class=&#8221;i1mo&#8221;][vc_empty_space height=&#8221;90px&#8221; el_class=&#8221;i1pc&#8221;][vc_column_text]<\/p>\n<div class=\"body24 lh30 font_500 color_ky01 text_cap\">Di\u00f3xido de titanio<\/div>\n<p>[\/vc_column_text][vc_empty_space height=&#8221;15px&#8221;][vc_column_text]<\/p>\n<div class=\"body16 lh26 font_400 color_grey3\">El di\u00f3xido de titanio es uno de los pigmentos blancos m\u00e1s populares para usos generales como pl\u00e1sticos, papel, etc., debido a su alto grado de blanco y opacidad. Estamos investigando para mejorar la dispersi\u00f3n, la resistencia a la intemperie, la blancura y la opacidad, etc.<\/div>\n<p>[\/vc_column_text][\/vc_column_inner][\/vc_row_inner][vc_empty_space height=&#8221;60px&#8221;][vc_row_inner row_type=&#8221;row&#8221; type=&#8221;full_width&#8221; text_align=&#8221;left&#8221; css_animation=&#8221;&#8221; el_class=&#8221;nonshadow&#8221;][vc_column_inner width=&#8221;1\/2&#8243;][vc_single_image image=&#8221;1460&#8243; img_size=&#8221;full&#8221; qode_css_animation=&#8221;&#8221; el_class=&#8221;i1mo&#8221;][vc_empty_space height=&#8221;20px&#8221; el_class=&#8221;i1mo&#8221;][vc_empty_space height=&#8221;40px&#8221; el_class=&#8221;i1pc&#8221;][vc_column_text]<\/p>\n<div class=\"body24 lh30 font_500 color_ky01 text_cap\">Derivados de la hidracina<\/div>\n<p>[\/vc_column_text][vc_empty_space height=&#8221;15px&#8221;][vc_column_text]<\/p>\n<div class=\"body16 lh26 font_400 color_grey3\">El hidrato de hidracina se utiliza no solo como materia prima para agentes de soplado sino que tambi\u00e9n como antical, catalizador de polimerizaci\u00f3n para fibra de spandex, y como precursor para agroqu\u00edmicos, colorantes y productos qu\u00edmicos finos. Seguiremos desarrollando nuevos elementos y mejorando el proceso de producci\u00f3n de hidrato de hidracina de nuestra propia planta de Mongolia interior<\/div>\n<p>[\/vc_column_text][\/vc_column_inner][vc_column_inner el_class=&#8221;i1pc&#8221; width=&#8221;1\/2&#8243;][vc_single_image image=&#8221;1457&#8243; img_size=&#8221;full&#8221; qode_css_animation=&#8221;&#8221;][\/vc_column_inner][\/vc_row_inner][vc_empty_space height=&#8221;40px&#8221;][vc_video link=&#8221;https:\/\/www.youtube.com\/watch?v=52OYYl89Ix8&amp;feature=youtu.be&#8221; align=&#8221;center&#8221;][\/vc_column][\/vc_row]<\/p>\n","protected":false},"excerpt":{"rendered":"<p>[vc_row css_animation=&#8221;&#8221; row_type=&#8221;row&#8221; use_row_as_full_screen_section=&#8221;no&#8221; type=&#8221;grid&#8221; angled_section=&#8221;no&#8221; text_align=&#8221;left&#8221; background_image_as_pattern=&#8221;without_pattern&#8221; el_class=&#8221;kyc-headtitle&#8221; z_index=&#8221;&#8221; css=&#8221;.vc_custom_1571206884301{background-image: url(https:\/\/ky-europe.com\/en\/wp-content\/uploads\/sites\/3\/2019\/10\/headcover-rnd1.png?id=1293) !important;}&#8221;][vc_column el_class=&#8221;title-line&#8221;][vc_column_text] I+D Aumentando el valor futuro de la empresa mediante la formaci\u00f3n de personal competente y el desarrollo de tecnolog\u00edas fundamentales [\/vc_column_text][\/vc_column][\/vc_row][vc_row css_animation=&#8221;&#8221; row_type=&#8221;row&#8221; use_row_as_full_screen_section=&#8221;no&#8221; type=&#8221;grid&#8221; angled_section=&#8221;yes&#8221;&#8230;<\/p>\n","protected":false},"author":1,"featured_media":0,"parent":0,"menu_order":0,"comment_status":"closed","ping_status":"closed","template":"full_width.php","meta":{"_mi_skip_tracking":false,"_monsterinsights_sitenote_active":false,"_monsterinsights_sitenote_note":"","_monsterinsights_sitenote_category":0},"_links":{"self":[{"href":"https:\/\/ky-europe.com\/es\/wp-json\/wp\/v2\/pages\/745"}],"collection":[{"href":"https:\/\/ky-europe.com\/es\/wp-json\/wp\/v2\/pages"}],"about":[{"href":"https:\/\/ky-europe.com\/es\/wp-json\/wp\/v2\/types\/page"}],"author":[{"embeddable":true,"href":"https:\/\/ky-europe.com\/es\/wp-json\/wp\/v2\/users\/1"}],"replies":[{"embeddable":true,"href":"https:\/\/ky-europe.com\/es\/wp-json\/wp\/v2\/comments?post=745"}],"version-history":[{"count":4,"href":"https:\/\/ky-europe.com\/es\/wp-json\/wp\/v2\/pages\/745\/revisions"}],"predecessor-version":[{"id":1462,"href":"https:\/\/ky-europe.com\/es\/wp-json\/wp\/v2\/pages\/745\/revisions\/1462"}],"wp:attachment":[{"href":"https:\/\/ky-europe.com\/es\/wp-json\/wp\/v2\/media?parent=745"}],"curies":[{"name":"wp","href":"https:\/\/api.w.org\/{rel}","templated":true}]}}