{"id":827,"date":"2019-09-10T08:16:04","date_gmt":"2019-09-10T08:16:04","guid":{"rendered":"https:\/\/ky-europe.com\/kumyang2\/?page_id=827"},"modified":"2020-03-05T04:52:55","modified_gmt":"2020-03-05T04:52:55","slug":"capsulated-blowing-agent","status":"publish","type":"page","link":"https:\/\/ky-europe.com\/es\/capsulated-blowing-agent\/","title":{"rendered":"Microesfera Expandible"},"content":{"rendered":"<p>[vc_row css_animation=&#8221;&#8221; row_type=&#8221;row&#8221; use_row_as_full_screen_section=&#8221;no&#8221; type=&#8221;grid&#8221; angled_section=&#8221;no&#8221; text_align=&#8221;left&#8221; background_image_as_pattern=&#8221;without_pattern&#8221; el_class=&#8221;kyc-headtitle&#8221; z_index=&#8221;&#8221; css=&#8221;.vc_custom_1571133699864{background-image: url(https:\/\/ky-europe.com\/en\/wp-content\/uploads\/sites\/3\/2019\/10\/headcover-prd2.png?id=1247) !important;}&#8221;][vc_column width=&#8221;2\/3&#8243; el_class=&#8221;title-line&#8221;][vc_column_text]<\/p>\n<div class=\"headtitle-main\">Microesfera Expandible<\/div>\n<div class=\"headtitle-sub\">Agente de soplado encapsulado<\/div>\n<div class=\"headtitle-kycline\"><\/div>\n<p>[\/vc_column_text][\/vc_column][vc_column width=&#8221;1\/3&#8243;][\/vc_column][\/vc_row][vc_row css_animation=&#8221;&#8221; row_type=&#8221;row&#8221; use_row_as_full_screen_section=&#8221;no&#8221; type=&#8221;grid&#8221; angled_section=&#8221;no&#8221; text_align=&#8221;center&#8221; background_image_as_pattern=&#8221;without_pattern&#8221; z_index=&#8221;&#8221; background_color=&#8221;#ffffff&#8221; el_class=&#8221;padding-t50&#8243;][vc_column][vc_row_inner row_type=&#8221;row&#8221; type=&#8221;full_width&#8221; text_align=&#8221;center&#8221; css_animation=&#8221;&#8221;][vc_column_inner width=&#8221;1\/6&#8243;][\/vc_column_inner][vc_column_inner width=&#8221;2\/3&#8243;][vc_column_text]<\/p>\n<div class=\"body20 lh30 font_400 color_black\">Presentaci\u00f3n de la<\/div>\n<div class=\"body30 lh40 font_500 color_ky01 text_cap\">Microesfera Expandible<\/div>\n<p>[\/vc_column_text][vc_empty_space height=&#8221;20px&#8221;][vc_column_text]<\/p>\n<div class=\"body16 lh26 font_300 color_grey3\">El agente de soplado encapsulado es una especie de microc\u00e1psulas termoexpandibles y de soplado f\u00edsico con un di\u00e1metro medio de 10 a 60 \u03bcm. \u00c9ste empieza a ablandarse con el calentamiento y el agente de soplado encapsulado (hidrocarburo l\u00edquido) empieza a gasificarse para aumentar la presi\u00f3n interna y hace que la cubierta se expanda. Las cubiertas que se ablandan y expanden con la presi\u00f3n del hidrocarburo gasificado hacen que la superficie de la esponja sea m\u00e1s lisa y el papel de la pantalla m\u00e1s delgado en comparaci\u00f3n con el agente qu\u00edmico de soplado.<\/div>\n<p>[\/vc_column_text][\/vc_column_inner][vc_column_inner width=&#8221;1\/6&#8243;][\/vc_column_inner][\/vc_row_inner][vc_empty_space height=&#8221;40px&#8221;][\/vc_column][\/vc_row][vc_row css_animation=&#8221;&#8221; row_type=&#8221;row&#8221; use_row_as_full_screen_section=&#8221;no&#8221; type=&#8221;grid&#8221; angled_section=&#8221;yes&#8221; angled_section_position=&#8221;bottom&#8221; angled_section_direction=&#8221;from_right_to_left&#8221; text_align=&#8221;left&#8221; background_image_as_pattern=&#8221;without_pattern&#8221; el_class=&#8221;kyc-tabs product-description padding-b75&#8243; z_index=&#8221;&#8221;][vc_column width=&#8221;1\/2&#8243;][vc_single_image image=&#8221;1458&#8243; img_size=&#8221;full&#8221; qode_css_animation=&#8221;&#8221; el_class=&#8221;i1pc&#8221;][vc_single_image image=&#8221;1459&#8243; img_size=&#8221;full&#8221; qode_css_animation=&#8221;&#8221; el_class=&#8221;i1mo&#8221;][vc_empty_space height=&#8221;20px&#8221;][\/vc_column][vc_column width=&#8221;1\/2&#8243;][vc_column_text]<\/p>\n<div class=\"application-title\">Caracter\u00edsticas<\/div>\n<div class=\"application-text\">Aunque el agente de soplado encapsulado es fino, la cubierta gruesa de buena fabricaci\u00f3n es lo suficientemente duradera contra una alta presi\u00f3n de m\u00e1s de 300 kgf\/cm2 y es resistente a los disolventes. La esponja elaborada con el agente de soplado encapsulado muestra una alta elasticidad, aislamiento t\u00e9rmico, aislamiento ac\u00fastico, absorci\u00f3n de impactos, reducci\u00f3n de la gravedad espec\u00edfica con estructura de microespuma.<\/div>\n<p>[\/vc_column_text][vc_separator type=&#8221;normal&#8221; color=&#8221;#cccccc&#8221; up=&#8221;20&#8243; down=&#8221;20&#8243;][vc_column_text]<\/p>\n<div class=\"application-title\">APLICACI\u00d3N<\/div>\n<div class=\"application-text\">Sandalias de PVC, cuero sint\u00e9tico, papel serigrafiado de pared, plantilla y suela de calzado deportivos, serigraf\u00eda, tinta de impresi\u00f3n.<\/div>\n<p>[\/vc_column_text][vc_empty_space height=&#8221;15px&#8221;][vc_column_text]<\/p>\n<div class=\"mobile_table-scroll\">\n<table class=\"kyc-table1\">\n<colgroup>\n<col width=\"30%\" \/>\n<col width=\"20%\" \/>\n<col width=\"20%\" \/>\n<col width=\"20%\" \/> <\/colgroup>\n<thead>\n<tr>\n<th colspan=\"4\">Tipo de productos y propiedades f\u00edsicas<\/th>\n<\/tr>\n<\/thead>\n<tbody>\n<tr>\n<th scope=\"col\">Nombre del producto<\/th>\n<th scope=\"col\">Tama\u00f1o de part\u00edculas (\u339b)<\/th>\n<th scope=\"col\">T\uff08desde.\u2103)<\/th>\n<th scope=\"col\">T(hasta. \u2103)<\/th>\n<\/tr>\n<tr>\n<td>CELLCOM \u2013 CAP132<\/td>\n<td>15~20<\/td>\n<td>95~105<\/td>\n<td>130~140<\/td>\n<\/tr>\n<tr>\n<td>CELLCOM \u2013 CAP264H<\/td>\n<td>26~36<\/td>\n<td rowspan=\"2\">120~140<\/td>\n<td>185~200<\/td>\n<\/tr>\n<tr>\n<td>CELLCOM \u2013 CAP264J<\/td>\n<td>18~24<\/td>\n<td>175~185<\/td>\n<\/tr>\n<tr>\n<td>CELLCOM \u2013 CAP264U<\/td>\n<td rowspan=\"2\">30~50<\/td>\n<td>140~150<\/td>\n<td>175~190<\/td>\n<\/tr>\n<tr>\n<td>CELLCOM \u2013 CAP365<\/td>\n<td>145~160<\/td>\n<td>180~190<\/td>\n<\/tr>\n<tr>\n<td>CELLCOM \u2013 CAP463J<\/td>\n<td>20~30<\/td>\n<td rowspan=\"2\">140~150<\/td>\n<td>195~205<\/td>\n<\/tr>\n<tr>\n<td>CELLCOM \u2013 CAP465<\/td>\n<td>30~50<\/td>\n<td>180~190<\/td>\n<\/tr>\n<tr>\n<td>CELLCOM \u2013 CAP563W<\/td>\n<td>25~50<\/td>\n<td>145~155<\/td>\n<td>185~200<\/td>\n<\/tr>\n<\/tbody>\n<\/table>\n<\/div>\n<p>[\/vc_column_text][\/vc_column][\/vc_row]<\/p>\n","protected":false},"excerpt":{"rendered":"<p>[vc_row css_animation=&#8221;&#8221; row_type=&#8221;row&#8221; use_row_as_full_screen_section=&#8221;no&#8221; type=&#8221;grid&#8221; angled_section=&#8221;no&#8221; text_align=&#8221;left&#8221; background_image_as_pattern=&#8221;without_pattern&#8221; el_class=&#8221;kyc-headtitle&#8221; z_index=&#8221;&#8221; css=&#8221;.vc_custom_1571133699864{background-image: url(https:\/\/ky-europe.com\/en\/wp-content\/uploads\/sites\/3\/2019\/10\/headcover-prd2.png?id=1247) !important;}&#8221;][vc_column width=&#8221;2\/3&#8243; el_class=&#8221;title-line&#8221;][vc_column_text] Microesfera Expandible Agente de soplado encapsulado [\/vc_column_text][\/vc_column][vc_column width=&#8221;1\/3&#8243;][\/vc_column][\/vc_row][vc_row css_animation=&#8221;&#8221; row_type=&#8221;row&#8221; use_row_as_full_screen_section=&#8221;no&#8221; type=&#8221;grid&#8221; angled_section=&#8221;no&#8221; text_align=&#8221;center&#8221; background_image_as_pattern=&#8221;without_pattern&#8221; z_index=&#8221;&#8221; background_color=&#8221;#ffffff&#8221; el_class=&#8221;padding-t50&#8243;][vc_column][vc_row_inner row_type=&#8221;row&#8221; type=&#8221;full_width&#8221; text_align=&#8221;center&#8221; css_animation=&#8221;&#8221;][vc_column_inner width=&#8221;1\/6&#8243;][\/vc_column_inner][vc_column_inner width=&#8221;2\/3&#8243;][vc_column_text] Presentaci\u00f3n&#8230;<\/p>\n","protected":false},"author":1,"featured_media":0,"parent":0,"menu_order":0,"comment_status":"closed","ping_status":"closed","template":"full_width.php","meta":{"_mi_skip_tracking":false,"_monsterinsights_sitenote_active":false,"_monsterinsights_sitenote_note":"","_monsterinsights_sitenote_category":0},"_links":{"self":[{"href":"https:\/\/ky-europe.com\/es\/wp-json\/wp\/v2\/pages\/827"}],"collection":[{"href":"https:\/\/ky-europe.com\/es\/wp-json\/wp\/v2\/pages"}],"about":[{"href":"https:\/\/ky-europe.com\/es\/wp-json\/wp\/v2\/types\/page"}],"author":[{"embeddable":true,"href":"https:\/\/ky-europe.com\/es\/wp-json\/wp\/v2\/users\/1"}],"replies":[{"embeddable":true,"href":"https:\/\/ky-europe.com\/es\/wp-json\/wp\/v2\/comments?post=827"}],"version-history":[{"count":9,"href":"https:\/\/ky-europe.com\/es\/wp-json\/wp\/v2\/pages\/827\/revisions"}],"predecessor-version":[{"id":1600,"href":"https:\/\/ky-europe.com\/es\/wp-json\/wp\/v2\/pages\/827\/revisions\/1600"}],"wp:attachment":[{"href":"https:\/\/ky-europe.com\/es\/wp-json\/wp\/v2\/media?parent=827"}],"curies":[{"name":"wp","href":"https:\/\/api.w.org\/{rel}","templated":true}]}}