{"id":834,"date":"2019-09-10T08:25:45","date_gmt":"2019-09-10T08:25:45","guid":{"rendered":"https:\/\/ky-europe.com\/kumyang2\/?page_id=834"},"modified":"2021-04-27T23:22:37","modified_gmt":"2021-04-27T21:22:37","slug":"titanium-dioxide","status":"publish","type":"page","link":"https:\/\/ky-europe.com\/es\/titanium-dioxide\/","title":{"rendered":"Di\u00f3xido de titanio"},"content":{"rendered":"<p>[vc_row css_animation=&#8221;&#8221; row_type=&#8221;row&#8221; use_row_as_full_screen_section=&#8221;no&#8221; type=&#8221;grid&#8221; angled_section=&#8221;no&#8221; text_align=&#8221;left&#8221; background_image_as_pattern=&#8221;without_pattern&#8221; el_class=&#8221;kyc-headtitle&#8221; z_index=&#8221;&#8221; css=&#8221;.vc_custom_1571201689295{background-image: url(https:\/\/ky-europe.com\/en\/wp-content\/uploads\/sites\/3\/2019\/10\/headcover-prd6.png?id=1288) !important;}&#8221;][vc_column width=&#8221;2\/3&#8243; el_class=&#8221;title-line&#8221;][vc_column_text]<\/p>\n<div class=\"headtitle-main\">Di\u00f3xido de titanio<\/div>\n<div class=\"headtitle-sub\">Soluci\u00f3n de problemas ambientales en el lugar de trabajo.<\/div>\n<div class=\"headtitle-kycline\"><\/div>\n<p>[\/vc_column_text][\/vc_column][vc_column width=&#8221;1\/3&#8243;][\/vc_column][\/vc_row][vc_row css_animation=&#8221;&#8221; row_type=&#8221;row&#8221; use_row_as_full_screen_section=&#8221;no&#8221; type=&#8221;grid&#8221; angled_section=&#8221;no&#8221; text_align=&#8221;center&#8221; background_image_as_pattern=&#8221;without_pattern&#8221; z_index=&#8221;&#8221; background_color=&#8221;#ffffff&#8221; el_class=&#8221;padding-t50&#8243;][vc_column][vc_row_inner row_type=&#8221;row&#8221; type=&#8221;full_width&#8221; text_align=&#8221;center&#8221; css_animation=&#8221;&#8221;][vc_column_inner width=&#8221;1\/6&#8243;][\/vc_column_inner][vc_column_inner width=&#8221;2\/3&#8243;][vc_column_text]<\/p>\n<div class=\"body20 lh30 font_400 color_black\">Presentaci\u00f3n de la<\/div>\n<div class=\"body30 lh40 font_500 color_ky01 text_cap\">Di\u00f3xido de titanio<\/div>\n<p>[\/vc_column_text][vc_empty_space height=&#8221;20px&#8221;][vc_column_text]<\/p>\n<div class=\"body16 lh26 font_300 color_grey3\">El di\u00f3xido de titanio es el pigmento blanco m\u00e1s utilizado debido a su brillo y a su muy alto \u00edndice de refracci\u00f3n (n = 2,7), el TiO2 tambi\u00e9n es opacificante en forma de polvo, que se utiliza como pigmento para proporcionar blancura y opacidad a productos como pinturas, revestimientos, pl\u00e1sticos, papeles, tintas, alimentos, medicamentos (es decir, p\u00edldoras y comprimidos), as\u00ed como a la mayor\u00eda de las pastas dentales.<\/div>\n<p>[\/vc_column_text][\/vc_column_inner][vc_column_inner width=&#8221;1\/6&#8243;][\/vc_column_inner][\/vc_row_inner][vc_empty_space height=&#8221;50px&#8221;][\/vc_column][\/vc_row][vc_row css_animation=&#8221;&#8221; row_type=&#8221;row&#8221; use_row_as_full_screen_section=&#8221;no&#8221; type=&#8221;grid&#8221; angled_section=&#8221;no&#8221; text_align=&#8221;left&#8221; background_image_as_pattern=&#8221;without_pattern&#8221; el_class=&#8221;kyc-tabs product-description padding-b75&#8243; z_index=&#8221;&#8221;][vc_column]<div class=\"qode-advanced-tabs qode-advanced-tabs qode-advanced-horizontal-tab clearfix qode-advanced-tab-without-icon qode-advanced-tabs-column-2 clearfix\">\n\t<ul class=\"qode-advanced-tabs-nav\">\n\t\t\t\t\t<li>\n\t\t\t\t<h6>\n\t\t\t\t\t<a href=\"#tab-tipo-de-rutilo\">\n\t\t\t\t\t\t\n\t\t\t\t\t\t\t\t\t\t\t\t\t<span class=\"qode-advanced-tab-text-after-icon\">\n\t\t\t\t\t\t\t\tTipo de rutilo\t\t\t\t\t\t\t<\/span>\n\t\t\t\t\t\t\t\t\t\t\t<\/a>\n\t\t\t\t<\/h6>\n\t\t\t<\/li>\n\t\t\t\t\t<li>\n\t\t\t\t<h6>\n\t\t\t\t\t<a href=\"#tab-tipo-de-anatasa\">\n\t\t\t\t\t\t\n\t\t\t\t\t\t\t\t\t\t\t\t\t<span class=\"qode-advanced-tab-text-after-icon\">\n\t\t\t\t\t\t\t\tTipo de anatasa\t\t\t\t\t\t\t<\/span>\n\t\t\t\t\t\t\t\t\t\t\t<\/a>\n\t\t\t\t<\/h6>\n\t\t\t<\/li>\n\t\t\t<\/ul>\n\t<div class=\"qode-advanced-tab-container\" id=\"tab-tipo-de-rutilo-185\" data-icon-pack=\"\" data-icon-html=\"\">[vc_row_inner row_type=&#8221;row&#8221; type=&#8221;full_width&#8221; text_align=&#8221;left&#8221; css_animation=&#8221;&#8221;][vc_column_inner width=&#8221;1\/2&#8243;][vc_column_text]<\/p>\n<div class=\"application-title\">Caracter\u00edsticas<\/div>\n<div class=\"application-text\">El di\u00f3xido de titanio tipo rutilo puede utilizarse en pinturas con alta opacidad y propiedades \u00f3pticas inactivas debido a la gran estabilidad f\u00edsica y qu\u00edmica del cristal. Ofrece un excelente resultado \u00f3ptico, alta blancura, ligereza y brillo; fuerte poder de reducci\u00f3n de color, poder de recubrimiento, buenas propiedades de dispersi\u00f3n y s\u00faper durabilidad.<\/div>\n<p>[\/vc_column_text][vc_empty_space height=&#8221;20px&#8221; el_class=&#8221;i1mo&#8221;][\/vc_column_inner][vc_column_inner width=&#8221;1\/2&#8243;][vc_column_text]<\/p>\n<div class=\"application-title\">H\u00e1bito cristalino<\/div>\n<div class=\"application-text\"><\/div>\n<p>[\/vc_column_text][vc_empty_space height=&#8221;10px&#8221;][vc_single_image image=&#8221;1200&#8243; img_size=&#8221;full&#8221; qode_css_animation=&#8221;&#8221;][\/vc_column_inner][\/vc_row_inner][vc_separator type=&#8221;normal&#8221; color=&#8221;#cccccc&#8221; up=&#8221;30&#8243; down=&#8221;30&#8243;][vc_column_text]<\/p>\n<div class=\"application-title\">APLICACI\u00d3N<\/div>\n<div class=\"application-text\">Diversos tipos de recubrimientos de pintura industrial y anticorrosiva, tinta, pl\u00e1sticos, etc.<\/div>\n<p>[\/vc_column_text][vc_empty_space height=&#8221;20px&#8221;][vc_row_inner row_type=&#8221;row&#8221; type=&#8221;full_width&#8221; text_align=&#8221;left&#8221; css_animation=&#8221;&#8221;][vc_column_inner width=&#8221;1\/4&#8243;][vc_single_image image=&#8221;1203&#8243; img_size=&#8221;full&#8221; qode_css_animation=&#8221;&#8221;][vc_empty_space height=&#8221;15px&#8221; el_class=&#8221;i1mo&#8221;][\/vc_column_inner][vc_column_inner width=&#8221;1\/4&#8243;][vc_single_image image=&#8221;1204&#8243; img_size=&#8221;full&#8221; qode_css_animation=&#8221;&#8221;][vc_empty_space height=&#8221;15px&#8221; el_class=&#8221;i1mo&#8221;][\/vc_column_inner][vc_column_inner width=&#8221;1\/4&#8243;][vc_single_image image=&#8221;1205&#8243; img_size=&#8221;full&#8221; qode_css_animation=&#8221;&#8221;][vc_empty_space height=&#8221;15px&#8221; el_class=&#8221;i1mo&#8221;][\/vc_column_inner][vc_column_inner width=&#8221;1\/4&#8243;][vc_single_image image=&#8221;1206&#8243; img_size=&#8221;full&#8221; qode_css_animation=&#8221;&#8221;][\/vc_column_inner][\/vc_row_inner][vc_separator type=&#8221;normal&#8221; color=&#8221;#cccccc&#8221; up=&#8221;30&#8243; down=&#8221;30&#8243;][vc_column_text]<\/p>\n<div class=\"application-title\">Tipo de productos<\/div>\n<div class=\"application-text\">Tenemos los siguientes di\u00f3xidos de titanio de tipo de rutilo.<\/div>\n<p>[\/vc_column_text][vc_empty_space height=&#8221;20px&#8221;][vc_row_inner row_type=&#8221;row&#8221; type=&#8221;full_width&#8221; text_align=&#8221;left&#8221; css_animation=&#8221;&#8221;][vc_column_inner width=&#8221;1\/2&#8243;][vc_column_text]<\/p>\n<h3>CELLCOM &#8211; Serie KR72<\/h3>\n<p>[\/vc_column_text][vc_empty_space height=&#8221;10px&#8221;][vc_column_text]Grados de alta calidad que est\u00e1n recubiertos con \u00f3xido de silicio, zirconio, al\u00famina y productos org\u00e1nicos especiales para mejorar las propiedades y para presentar una alta ligereza y una excelente dispersi\u00f3n. [\/vc_column_text][\/vc_column_inner][vc_column_inner width=&#8221;1\/2&#8243;][vc_column_text]<\/p>\n<h3><strong>Tabla de propiedades del Di\u00f3xido de titanio<\/strong><\/h3>\n<p>[\/vc_column_text][vc_empty_space height=&#8221;10px&#8221;]<div class=\"qode-accordion-holder clearfix qode-toggle qode-initial \">\n\t<h4 class=\"clearfix qode-title-holder\">\n<span class=\"qode-tab-title\">\n\t    <span class=\"qode-tab-title-inner\">\n        CELLCOM \u2013 Serie KR72 &amp; KR588    <\/span>\n<\/span>\n<span class=\"qode-accordion-mark\">\n    <span class=\"qode-accordion-mark-icon\">\n        <span class=\"icon_plus\"><\/span>\n        <span class=\"icon_minus-06\"><\/span>\n    <\/span>\n<\/span>\n<\/h4>\n<div  class=\"qode-accordion-content \" >\n    <div class=\"qode-accordion-content-inner\">\n        [vc_column_text]<\/p>\n<div class=\"mobile_table-scroll\">\n<table class=\"kyc-table1\">\n<colgroup> <\/colgroup>\n<colgroup>\n<col width=\"20%\" \/>\n<col width=\"16%\" \/>\n<col width=\"16%\" \/>\n<col width=\"16%\" \/>\n<col width=\"16%\" \/>\n<col width=\"16%\" \/><\/colgroup>\n<thead>\n<tr>\n<th colspan=\"6\">CELLCOM \u2013 Serie KR72 &amp; KR588<\/th>\n<\/tr>\n<\/thead>\n<tbody>\n<tr>\n<th scope=\"col\">Clasificaci\u00f3n<\/th>\n<th scope=\"col\">Contenido de TiO2 % \u2265<\/th>\n<th scope=\"col\">Brillo \u2265<\/th>\n<th scope=\"col\">Contenido de rutilo % \u2265<\/th>\n<th scope=\"col\">Absorci\u00f3n de aceite g\/100g \u2264<\/th>\n<th scope=\"col\">Tratamiento de superficies<\/th>\n<\/tr>\n<tr>\n<td>KR-721<\/td>\n<td rowspan=\"2\">92.5<\/td>\n<td>96.5<\/td>\n<td rowspan=\"2\">98.0<\/td>\n<td rowspan=\"2\">22.0<\/td>\n<td rowspan=\"2\">Zr, Al, Org<\/td>\n<\/tr>\n<tr>\n<td>KR-722<\/td>\n<td>95.5<\/td>\n<\/tr>\n<tr>\n<td>KR-588<\/td>\n<td>97.5<\/td>\n<td>96.7<\/td>\n<td>96.5<\/td>\n<td>15.0<\/td>\n<td>Al, Si, Org<\/td>\n<\/tr>\n<\/tbody>\n<\/table>\n<\/div>\n<p>[\/vc_column_text]    <\/div>\n<\/div><\/div>[\/vc_column_inner][\/vc_row_inner]<\/div><div class=\"qode-advanced-tab-container\" id=\"tab-tipo-de-anatasa-465\" data-icon-pack=\"\" data-icon-html=\"\">[vc_row_inner row_type=&#8221;row&#8221; type=&#8221;full_width&#8221; text_align=&#8221;left&#8221; css_animation=&#8221;&#8221;][vc_column_inner width=&#8221;1\/2&#8243;][vc_column_text]<\/p>\n<div class=\"application-title\">Caracter\u00edsticas<\/div>\n<div class=\"application-text\">El TiO2 de tipo anatasa es menos duro (5,5-6 vs. 6-6,5 Mohs) y denso (gravedad espec\u00edfica alrededor de 3,9 vs. 4,2) en comparaci\u00f3n con el TiO2 de tipo rutilo. Adem\u00e1s, la anatasa es \u00f3pticamente negativa mientras que el rutilo es positivo, y su brillo es a\u00fan m\u00e1s intenso de adamantina o metal-adamantina que el del rutilo.<\/div>\n<p>[\/vc_column_text][vc_empty_space height=&#8221;20px&#8221; el_class=&#8221;i1mo&#8221;][\/vc_column_inner][vc_column_inner width=&#8221;1\/2&#8243;][vc_column_text]<\/p>\n<div class=\"application-title\">H\u00e1bito cristalino<\/div>\n<div class=\"application-text\"><\/div>\n<p>[\/vc_column_text][vc_empty_space height=&#8221;10px&#8221;][vc_single_image image=&#8221;1201&#8243; img_size=&#8221;full&#8221; qode_css_animation=&#8221;&#8221;][\/vc_column_inner][\/vc_row_inner][vc_separator type=&#8221;normal&#8221; color=&#8221;#cccccc&#8221; up=&#8221;30&#8243; down=&#8221;30&#8243;][vc_column_text]<\/p>\n<div class=\"application-title\">APLICACI\u00d3N<\/div>\n<div class=\"application-text\">Se utiliza como pigmento blanco en la industria papelera, pintura, pasta de dientes, industria del pl\u00e1stico y caucho. Adem\u00e1s, se utiliza como material en la televisi\u00f3n, en los tubos de rayos cat\u00f3dicos, en el condensador electr\u00f3nico, en las piezas electr\u00f3nicas, en la fotocat\u00e1lisis y en la reacci\u00f3n PET como catalizador.<\/div>\n<p>[\/vc_column_text][vc_empty_space height=&#8221;20px&#8221;][vc_row_inner row_type=&#8221;row&#8221; type=&#8221;full_width&#8221; text_align=&#8221;left&#8221; css_animation=&#8221;&#8221;][vc_column_inner width=&#8221;1\/4&#8243;][vc_single_image image=&#8221;1207&#8243; img_size=&#8221;full&#8221; qode_css_animation=&#8221;&#8221;][vc_empty_space height=&#8221;15px&#8221; el_class=&#8221;i1mo&#8221;][\/vc_column_inner][vc_column_inner width=&#8221;1\/4&#8243;][vc_single_image image=&#8221;1208&#8243; img_size=&#8221;full&#8221; qode_css_animation=&#8221;&#8221;][vc_empty_space height=&#8221;15px&#8221; el_class=&#8221;i1mo&#8221;][\/vc_column_inner][vc_column_inner width=&#8221;1\/4&#8243;][vc_single_image image=&#8221;1203&#8243; img_size=&#8221;full&#8221; qode_css_animation=&#8221;&#8221;][\/vc_column_inner][vc_column_inner width=&#8221;1\/4&#8243;][\/vc_column_inner][\/vc_row_inner][vc_separator type=&#8221;normal&#8221; color=&#8221;#cccccc&#8221; up=&#8221;30&#8243; down=&#8221;30&#8243;][vc_column_text]<\/p>\n<div class=\"application-title\">Tipo de productos<\/div>\n<div class=\"application-text\">Tenemos los siguientes di\u00f3xidos de titanio de tipo de anatasa.<\/div>\n<p>[\/vc_column_text][vc_empty_space height=&#8221;20px&#8221;][vc_row_inner row_type=&#8221;row&#8221; type=&#8221;full_width&#8221; text_align=&#8221;left&#8221; css_animation=&#8221;&#8221;][vc_column_inner width=&#8221;1\/2&#8243;][vc_column_text]<\/p>\n<h3>CELLCOM &#8211; Serie CA75<\/h3>\n<p>[\/vc_column_text][vc_empty_space height=&#8221;10px&#8221;][vc_column_text]La serie CA75 es fotoqu\u00edmicamente fuerte y tiene una notable blancura con alta pureza.[\/vc_column_text][vc_empty_space height=&#8221;30px&#8221;][vc_separator type=&#8221;normal&#8221; up=&#8221;20&#8243; down=&#8221;20&#8243;][vc_column_text]<\/p>\n<h3>CELLCOM &#8211; Serie KA210<\/h3>\n<p>[\/vc_column_text][vc_empty_space height=&#8221;10px&#8221;][vc_column_text]El KA-210 es un pigmento de di\u00f3xido de titanio anatasa fabricado mediante el procesamiento avanzado de sulfato.\u00a0Ofrece un rendimiento excelente en revestimientos interiores, papel, pl\u00e1stico (lote maestro), caucho, tinta, etc.<br \/>\ncon caracter\u00edsticas de distribuci\u00f3n uniforme de las part\u00edculas, buena dispersi\u00f3n, buena blancura, matiz azul.[\/vc_column_text][vc_empty_space height=&#8221;30px&#8221;][vc_separator type=&#8221;normal&#8221; up=&#8221;20&#8243; down=&#8221;20&#8243;][vc_column_text]<\/p>\n<h3>CELLCOM &#8211; Serie KA220<\/h3>\n<p>[\/vc_column_text][vc_empty_space height=&#8221;10px&#8221;][vc_column_text]El KA-220 es un pigmento de di\u00f3xido de titanio anatasa fabricado mediante el procesamiento avanzado de sulfato. Es altamente recomendable para pl\u00e1stico (masterbatch), revestimientos interiores, caucho, tintas de impresi\u00f3n. Adem\u00e1s, es un material excelente para fabricar fibras.[\/vc_column_text][vc_empty_space height=&#8221;30px&#8221;][\/vc_column_inner][vc_column_inner width=&#8221;1\/2&#8243;][vc_column_text]<\/p>\n<h3><strong>Tabla de propiedades del Di\u00f3xido de titanio<\/strong><\/h3>\n<p>[\/vc_column_text][vc_empty_space height=&#8221;10px&#8221;]<div class=\"qode-accordion-holder clearfix qode-toggle qode-initial \">\n\t<h4 class=\"clearfix qode-title-holder\">\n<span class=\"qode-tab-title\">\n\t    <span class=\"qode-tab-title-inner\">\n        CELLCOM \u2013 Serie CA75    <\/span>\n<\/span>\n<span class=\"qode-accordion-mark\">\n    <span class=\"qode-accordion-mark-icon\">\n        <span class=\"icon_plus\"><\/span>\n        <span class=\"icon_minus-06\"><\/span>\n    <\/span>\n<\/span>\n<\/h4>\n<div  class=\"qode-accordion-content \" >\n    <div class=\"qode-accordion-content-inner\">\n        [vc_column_text]<\/p>\n<div class=\"mobile_table-scroll\">\n<table class=\"kyc-table1\">\n<colgroup> <\/colgroup>\n<colgroup>\n<col width=\"20%\" \/>\n<col width=\"16%\" \/>\n<col width=\"16%\" \/>\n<col width=\"16%\" \/>\n<col width=\"16%\" \/>\n<col width=\"16%\" \/><\/colgroup>\n<thead>\n<tr>\n<th colspan=\"6\">CELLCOM &#8211; Serie CA75<\/th>\n<\/tr>\n<\/thead>\n<tbody>\n<tr>\n<th scope=\"col\">Clasificaci\u00f3n<\/th>\n<th scope=\"col\">Contenido de TiO2 % \u2265<\/th>\n<th scope=\"col\">Brillo \u2265<\/th>\n<th scope=\"col\">Contenido de rutilo % \u2265<\/th>\n<th scope=\"col\">Absorci\u00f3n de aceite g\/100g \u2264<\/th>\n<th scope=\"col\">Tratamiento de superficies<\/th>\n<\/tr>\n<tr>\n<td>CA-751<\/td>\n<td>98.5<\/td>\n<td>105.0<\/td>\n<td>Not less than<\/td>\n<td>22.0<\/td>\n<td>&#8211;<\/td>\n<\/tr>\n<\/tbody>\n<\/table>\n<\/div>\n<p>[\/vc_column_text]    <\/div>\n<\/div><h4 class=\"clearfix qode-title-holder\">\n<span class=\"qode-tab-title\">\n\t    <span class=\"qode-tab-title-inner\">\n        CELLCOM \u2013 Serie KA210    <\/span>\n<\/span>\n<span class=\"qode-accordion-mark\">\n    <span class=\"qode-accordion-mark-icon\">\n        <span class=\"icon_plus\"><\/span>\n        <span class=\"icon_minus-06\"><\/span>\n    <\/span>\n<\/span>\n<\/h4>\n<div  class=\"qode-accordion-content \" >\n    <div class=\"qode-accordion-content-inner\">\n        [vc_column_text]<\/p>\n<div class=\"mobile_table-scroll\">\n<table class=\"kyc-table1\">\n<thead>\n<tr>\n<th colspan=\"5\">CELLCOM &#8211; KA210 Serie<\/th>\n<\/tr>\n<\/thead>\n<tbody>\n<tr>\n<th scope=\"col\">Classification<\/th>\n<th scope=\"col\">TiO2 Content % \u2265<\/th>\n<th scope=\"col\">L value, % \u2265<\/th>\n<th scope=\"col\">|\u0394b| \u2264<\/th>\n<th scope=\"col\">Moisture at 105\u2103, %(m\/m) \u2264<\/th>\n<\/tr>\n<tr>\n<td rowspan=\"3\">KA-210<\/td>\n<td>98<\/td>\n<td>100<\/td>\n<td>0.3<\/td>\n<td>0.5<\/td>\n<\/tr>\n<tr>\n<th>Residue(45\u03bcm screen), %(m\/m) \u2264<\/th>\n<th>Tinting-reducing power \u2265<\/th>\n<th>pH value<\/th>\n<th>Oil absorption, g\/100g \u2264<\/th>\n<\/tr>\n<tr>\n<td>0.05<\/td>\n<td>108<\/td>\n<td>6.5~8.5<\/td>\n<td>20<\/td>\n<\/tr>\n<\/tbody>\n<\/table>\n<\/div>\n<p>[\/vc_column_text]    <\/div>\n<\/div><h4 class=\"clearfix qode-title-holder\">\n<span class=\"qode-tab-title\">\n\t    <span class=\"qode-tab-title-inner\">\n        CELLCOM \u2013 Serie KA220    <\/span>\n<\/span>\n<span class=\"qode-accordion-mark\">\n    <span class=\"qode-accordion-mark-icon\">\n        <span class=\"icon_plus\"><\/span>\n        <span class=\"icon_minus-06\"><\/span>\n    <\/span>\n<\/span>\n<\/h4>\n<div  class=\"qode-accordion-content \" >\n    <div class=\"qode-accordion-content-inner\">\n        [vc_column_text]<\/p>\n<div class=\"mobile_table-scroll\">\n<table class=\"kyc-table1\">\n<thead>\n<tr>\n<th colspan=\"5\">CELLCOM &#8211; KA220 Serie<\/th>\n<\/tr>\n<\/thead>\n<tbody>\n<tr>\n<th scope=\"col\">Classification<\/th>\n<th scope=\"col\">TiO2 Content % \u2265<\/th>\n<th scope=\"col\">L value, % \u2265<\/th>\n<th scope=\"col\">|\u0394b| \u2264<\/th>\n<th scope=\"col\">Moisture at 105\u2103, %(m\/m) \u2264<\/th>\n<\/tr>\n<tr>\n<td rowspan=\"3\">KA-220<\/td>\n<td>98<\/td>\n<td>100<\/td>\n<td>0.2<\/td>\n<td>0.5<\/td>\n<\/tr>\n<tr>\n<th>Residue(45\u03bcm screen), %(m\/m) \u2264<\/th>\n<th>Tinting-reducing power \u2265<\/th>\n<th>pH value<\/th>\n<th>Oil absorption, g\/100g \u2264<\/th>\n<\/tr>\n<tr>\n<td>0.05<\/td>\n<td>108<\/td>\n<td>6.5~8.5<\/td>\n<td>20<\/td>\n<\/tr>\n<\/tbody>\n<\/table>\n<\/div>\n<p>[\/vc_column_text]    <\/div>\n<\/div><\/div>[\/vc_column_inner][\/vc_row_inner]<\/div><\/div>[\/vc_column][\/vc_row]<\/p>\n","protected":false},"excerpt":{"rendered":"<p>[vc_row css_animation=&#8221;&#8221; row_type=&#8221;row&#8221; use_row_as_full_screen_section=&#8221;no&#8221; type=&#8221;grid&#8221; angled_section=&#8221;no&#8221; text_align=&#8221;left&#8221; background_image_as_pattern=&#8221;without_pattern&#8221; el_class=&#8221;kyc-headtitle&#8221; z_index=&#8221;&#8221; css=&#8221;.vc_custom_1571201689295{background-image: url(https:\/\/ky-europe.com\/en\/wp-content\/uploads\/sites\/3\/2019\/10\/headcover-prd6.png?id=1288) !important;}&#8221;][vc_column width=&#8221;2\/3&#8243; el_class=&#8221;title-line&#8221;][vc_column_text] Di\u00f3xido de titanio Soluci\u00f3n de problemas ambientales en el lugar de trabajo. [\/vc_column_text][\/vc_column][vc_column width=&#8221;1\/3&#8243;][\/vc_column][\/vc_row][vc_row css_animation=&#8221;&#8221; row_type=&#8221;row&#8221; use_row_as_full_screen_section=&#8221;no&#8221; type=&#8221;grid&#8221; angled_section=&#8221;no&#8221; text_align=&#8221;center&#8221; background_image_as_pattern=&#8221;without_pattern&#8221; z_index=&#8221;&#8221; background_color=&#8221;#ffffff&#8221; el_class=&#8221;padding-t50&#8243;][vc_column][vc_row_inner row_type=&#8221;row&#8221;&#8230;<\/p>\n","protected":false},"author":4,"featured_media":0,"parent":0,"menu_order":0,"comment_status":"closed","ping_status":"closed","template":"full_width.php","meta":{"_mi_skip_tracking":false,"_monsterinsights_sitenote_active":false,"_monsterinsights_sitenote_note":"","_monsterinsights_sitenote_category":0},"_links":{"self":[{"href":"https:\/\/ky-europe.com\/es\/wp-json\/wp\/v2\/pages\/834"}],"collection":[{"href":"https:\/\/ky-europe.com\/es\/wp-json\/wp\/v2\/pages"}],"about":[{"href":"https:\/\/ky-europe.com\/es\/wp-json\/wp\/v2\/types\/page"}],"author":[{"embeddable":true,"href":"https:\/\/ky-europe.com\/es\/wp-json\/wp\/v2\/users\/4"}],"replies":[{"embeddable":true,"href":"https:\/\/ky-europe.com\/es\/wp-json\/wp\/v2\/comments?post=834"}],"version-history":[{"count":8,"href":"https:\/\/ky-europe.com\/es\/wp-json\/wp\/v2\/pages\/834\/revisions"}],"predecessor-version":[{"id":1915,"href":"https:\/\/ky-europe.com\/es\/wp-json\/wp\/v2\/pages\/834\/revisions\/1915"}],"wp:attachment":[{"href":"https:\/\/ky-europe.com\/es\/wp-json\/wp\/v2\/media?parent=834"}],"curies":[{"name":"wp","href":"https:\/\/api.w.org\/{rel}","templated":true}]}}