{"id":840,"date":"2019-09-10T08:31:08","date_gmt":"2019-09-10T08:31:08","guid":{"rendered":"https:\/\/ky-europe.com\/kumyang2\/?page_id=840"},"modified":"2020-01-28T02:38:03","modified_gmt":"2020-01-28T02:38:03","slug":"other-products","status":"publish","type":"page","link":"https:\/\/ky-europe.com\/es\/other-products\/","title":{"rendered":"ETC"},"content":{"rendered":"<p>[vc_row css_animation=&#8221;&#8221; row_type=&#8221;row&#8221; use_row_as_full_screen_section=&#8221;no&#8221; type=&#8221;grid&#8221; angled_section=&#8221;no&#8221; text_align=&#8221;left&#8221; background_image_as_pattern=&#8221;without_pattern&#8221; el_class=&#8221;kyc-headtitle&#8221; z_index=&#8221;&#8221; css=&#8221;.vc_custom_1571200762249{background-image: url(https:\/\/ky-europe.com\/en\/wp-content\/uploads\/sites\/3\/2019\/10\/headcover-prd4.png?id=1249) !important;}&#8221;][vc_column width=&#8221;2\/3&#8243; el_class=&#8221;title-line&#8221;][vc_column_text]<\/p>\n<div class=\"headtitle-main\">ETC<\/div>\n<div class=\"headtitle-sub\">Los mejores productos compatibles adecuados<\/div>\n<div class=\"headtitle-kycline\"><\/div>\n<p>[\/vc_column_text][\/vc_column][vc_column width=&#8221;1\/3&#8243;][\/vc_column][\/vc_row][vc_row css_animation=&#8221;&#8221; row_type=&#8221;row&#8221; use_row_as_full_screen_section=&#8221;no&#8221; type=&#8221;grid&#8221; angled_section=&#8221;no&#8221; text_align=&#8221;center&#8221; background_image_as_pattern=&#8221;without_pattern&#8221; z_index=&#8221;&#8221; background_color=&#8221;#ffffff&#8221; el_class=&#8221;padding-t50 padding-b75&#8243;][vc_column][vc_row_inner row_type=&#8221;row&#8221; type=&#8221;full_width&#8221; text_align=&#8221;center&#8221; css_animation=&#8221;&#8221;][vc_column_inner width=&#8221;1\/6&#8243;][\/vc_column_inner][vc_column_inner width=&#8221;2\/3&#8243;][vc_column_text]<\/p>\n<div class=\"body20 lh30 font_400 color_black\">Presentaci\u00f3n de la<\/div>\n<div class=\"body30 lh40 font_500 color_ky01 text_cap\">ETC<\/div>\n<p>[\/vc_column_text][vc_empty_space height=&#8221;20px&#8221;][vc_column_text]<\/p>\n<div class=\"body16 lh26 font_300 color_grey3\">Kum Yang ha proporcionado la soluci\u00f3n \u00f3ptima para resinas sint\u00e9ticas, caucho y aditivos pl\u00e1sticos a los clientes gracias a la tecnolog\u00eda y experiencia adquirida por Kum Yang en el desarrollo de agentes de soplado durante mucho tiempo.<\/div>\n<p>[\/vc_column_text][\/vc_column_inner][vc_column_inner width=&#8221;1\/6&#8243;][\/vc_column_inner][\/vc_row_inner][vc_empty_space height=&#8221;50px&#8221;][vc_column_text]<\/p>\n<div class=\"mobile_table-scroll\">\n<table class=\"kyc-table1\">\n<colgroup>\n<col width=\"15%\" \/>\n<col width=\"15%\" \/>\n<col width=\"70%\" \/><\/colgroup>\n<thead>\n<tr>\n<th colspan=\"3\">Productos de Otros<\/th>\n<\/tr>\n<\/thead>\n<tbody>\n<tr>\n<th>Productos<\/th>\n<th>Grado<\/th>\n<th>Aplicaci\u00f3n<\/th>\n<\/tr>\n<tr>\n<td>\u00a0PVC<\/td>\n<td>Recto<\/td>\n<td>L\u00e1minas de calendario, pel\u00edculas, accesorios, l\u00e1minas r\u00edgidas, tuber\u00edas, revestimientos de cables el\u00e9ctricos, etc.<\/td>\n<\/tr>\n<tr>\n<td>\u00a0PVC<\/td>\n<td>Pasta<\/td>\n<td>Grado de uso general para espuma, revestimiento de paredes, recubrimiento, cuero sint\u00e9tico, etc.<\/td>\n<\/tr>\n<tr>\n<td>\u00a0EVA<\/td>\n<td>VA = 15, 19, 22%<\/td>\n<td>Plantillas y suelas para calzado deportivo, sandalias, reductor de ruido, juguetes, productos pesqueros, esponjas de EVA, etc.<\/td>\n<\/tr>\n<tr>\n<td>\u00a0LLDPE (PE-RT Grade)<\/td>\n<td>MI = 0.6<\/td>\n<td>Tuber\u00eda para agua fr\u00eda\/caliente, tuber\u00eda de complejo Al, tuber\u00eda de calefacci\u00f3n, tuber\u00eda de radiador, etc.<\/td>\n<\/tr>\n<tr>\n<td>\u00a0LDPE<\/td>\n<td>MI = 0.85 ~ 2.8<\/td>\n<td>Aislamiento de tuber\u00edas, esteras, pel\u00edculas de contracci\u00f3n, etc.<\/td>\n<\/tr>\n<tr>\n<td>\u00a0HDPE<\/td>\n<td>MI = 0.044 ~ 0.350<\/td>\n<td>Pel\u00edcula de empaque industrial, botellas, etc.<\/td>\n<\/tr>\n<tr>\n<td>\u00a0SBR<\/td>\n<td>1502, 1712, 1778, etc<\/td>\n<td>Neum\u00e1ticos, zapatos, mangueras de caucho, cinturones, productos de caucho en general, etc.<\/td>\n<\/tr>\n<tr>\n<td>\u00a0NBR<\/td>\n<td>35H, 35L, 35LM, etc<\/td>\n<td>Embalajes, juntas, suelas de zapato, caucho mejorado resistente al aceite y a las bajas temperaturas<\/td>\n<\/tr>\n<tr>\n<td>\u00a0DOP<\/td>\n<td>Ester Value 284 ~ 290<\/td>\n<td>Cueros sint\u00e9ticos, l\u00e1minas, cables, guantes, mangueras, zapatos, papeles pintados, gomas de borrar, etc.<\/td>\n<\/tr>\n<tr>\n<td>\u00a0DINP<\/td>\n<td>Ester Value 264 ~ 271<\/td>\n<td>Cueros sint\u00e9ticos, l\u00e1minas, cables, etc.<\/td>\n<\/tr>\n<tr>\n<td>\u00a0ZnO<\/td>\n<td>99.5%, 99.0% Min<\/td>\n<td>Caucho, pinturas, esmaltes, vidrios, uso industrial general<\/td>\n<\/tr>\n<tr>\n<td>\u00a0DCP<\/td>\n<td>99.0, 40.0%<\/td>\n<td>iniciador de macromol\u00e9culas<\/td>\n<\/tr>\n<tr>\n<td>\u00a0Zinc stearate<\/td>\n<td>Zinc Content 10.5 ~ 11.5%<\/td>\n<td>Estabilizador de PVC, caucho, lubricantes y agentes desmoldeantes para pl\u00e1stico<\/td>\n<\/tr>\n<\/tbody>\n<\/table>\n<\/div>\n<p>[\/vc_column_text][\/vc_column][\/vc_row]<\/p>\n","protected":false},"excerpt":{"rendered":"<p>[vc_row css_animation=&#8221;&#8221; row_type=&#8221;row&#8221; use_row_as_full_screen_section=&#8221;no&#8221; type=&#8221;grid&#8221; angled_section=&#8221;no&#8221; text_align=&#8221;left&#8221; background_image_as_pattern=&#8221;without_pattern&#8221; el_class=&#8221;kyc-headtitle&#8221; z_index=&#8221;&#8221; css=&#8221;.vc_custom_1571200762249{background-image: url(https:\/\/ky-europe.com\/en\/wp-content\/uploads\/sites\/3\/2019\/10\/headcover-prd4.png?id=1249) !important;}&#8221;][vc_column width=&#8221;2\/3&#8243; el_class=&#8221;title-line&#8221;][vc_column_text] ETC Los mejores productos compatibles adecuados [\/vc_column_text][\/vc_column][vc_column width=&#8221;1\/3&#8243;][\/vc_column][\/vc_row][vc_row css_animation=&#8221;&#8221; row_type=&#8221;row&#8221; use_row_as_full_screen_section=&#8221;no&#8221; type=&#8221;grid&#8221; angled_section=&#8221;no&#8221; text_align=&#8221;center&#8221; background_image_as_pattern=&#8221;without_pattern&#8221; z_index=&#8221;&#8221; background_color=&#8221;#ffffff&#8221; el_class=&#8221;padding-t50 padding-b75&#8243;][vc_column][vc_row_inner row_type=&#8221;row&#8221; type=&#8221;full_width&#8221; text_align=&#8221;center&#8221; css_animation=&#8221;&#8221;][vc_column_inner width=&#8221;1\/6&#8243;][\/vc_column_inner][vc_column_inner width=&#8221;2\/3&#8243;][vc_column_text]&#8230;<\/p>\n","protected":false},"author":1,"featured_media":0,"parent":0,"menu_order":0,"comment_status":"closed","ping_status":"closed","template":"full_width.php","meta":{"_mi_skip_tracking":false,"_monsterinsights_sitenote_active":false,"_monsterinsights_sitenote_note":"","_monsterinsights_sitenote_category":0},"_links":{"self":[{"href":"https:\/\/ky-europe.com\/es\/wp-json\/wp\/v2\/pages\/840"}],"collection":[{"href":"https:\/\/ky-europe.com\/es\/wp-json\/wp\/v2\/pages"}],"about":[{"href":"https:\/\/ky-europe.com\/es\/wp-json\/wp\/v2\/types\/page"}],"author":[{"embeddable":true,"href":"https:\/\/ky-europe.com\/es\/wp-json\/wp\/v2\/users\/1"}],"replies":[{"embeddable":true,"href":"https:\/\/ky-europe.com\/es\/wp-json\/wp\/v2\/comments?post=840"}],"version-history":[{"count":8,"href":"https:\/\/ky-europe.com\/es\/wp-json\/wp\/v2\/pages\/840\/revisions"}],"predecessor-version":[{"id":1573,"href":"https:\/\/ky-europe.com\/es\/wp-json\/wp\/v2\/pages\/840\/revisions\/1573"}],"wp:attachment":[{"href":"https:\/\/ky-europe.com\/es\/wp-json\/wp\/v2\/media?parent=840"}],"curies":[{"name":"wp","href":"https:\/\/api.w.org\/{rel}","templated":true}]}}