{"id":1283,"date":"2019-10-16T04:26:31","date_gmt":"2019-10-16T04:26:31","guid":{"rendered":"https:\/\/ky-europe.com\/fr\/?page_id=1283"},"modified":"2020-09-08T18:03:08","modified_gmt":"2020-09-08T16:03:08","slug":"datenschutzerklarung","status":"publish","type":"page","link":"https:\/\/ky-europe.com\/fr\/datenschutzerklarung\/","title":{"rendered":"D\u00e9claration de confidentialit\u00e9"},"content":{"rendered":"<p>[vc_row css_animation=&#8221;&#8221; row_type=&#8221;row&#8221; use_row_as_full_screen_section=&#8221;no&#8221; type=&#8221;grid&#8221; angled_section=&#8221;no&#8221; text_align=&#8221;left&#8221; background_image_as_pattern=&#8221;without_pattern&#8221; el_class=&#8221;kyc-headtitle impressum&#8221; z_index=&#8221;&#8221;][vc_column el_class=&#8221;title-line&#8221;][vc_column_text]<\/p>\n<div class=\"headtitle-main\">D\u00e9claration de confidentialit\u00e9<\/div>\n<div class=\"headtitle-kycline\"><\/div>\n<p>[\/vc_column_text][\/vc_column][\/vc_row][vc_row css_animation=&#8221;&#8221; row_type=&#8221;row&#8221; use_row_as_full_screen_section=&#8221;no&#8221; type=&#8221;grid&#8221; angled_section=&#8221;no&#8221; text_align=&#8221;left&#8221; background_image_as_pattern=&#8221;without_pattern&#8221; z_index=&#8221;&#8221; el_class=&#8221;impressum-txt&#8221;][vc_column][vc_column_text]<\/p>\n<div class=\"body20 lh30 font_600 color_black\">A. Collecte des donn\u00e9es<\/div>\n<p>[\/vc_column_text][vc_empty_space height=&#8221;10px&#8221;][vc_column_text]Nous recueillons des donn\u00e9es par l\u2019interm\u00e9diaire de notre site Web. Nous recueillons, stockons et traitons ces donn\u00e9es.<br \/>\nVotre visite sur notre site Web sera donc enregistr\u00e9e. Essentiellement l\u2019adresse IP actuellement utilis\u00e9e par votre PC, la date et l\u2019heure, le type de navigateur et le syst\u00e8me d\u2019exploitation de votre PC ainsi que les pages que vous avez consult\u00e9es, sont enregistr\u00e9s. En r\u00e8gle g\u00e9n\u00e9rale, il n\u2019est pas possible ou pr\u00e9vu que nous puissions vous identifier personnellement.<br \/>\n[\/vc_column_text][vc_empty_space height=&#8221;30px&#8221;][vc_column_text]<\/p>\n<div class=\"body20 lh30 font_600 color_black\">B. Utilisation et transfert des donn\u00e9es<\/div>\n<p>[\/vc_column_text][vc_empty_space height=&#8221;10px&#8221;][vc_column_text]Les donn\u00e9es personnelles que vous nous fournissez, par exemple lors d\u2019une demande de contact ou par courrier \u00e9lectronique (par exemple vos nom et adresse ou votre adresse \u00e9lectronique), ne seront trait\u00e9es qu\u2019aux fins de correspondance avec vous et uniquement aux fins pour lesquelles vous nous avez fourni ces donn\u00e9es.<br \/>\nNous vous assurons que nous ne transmettrons pas vos donn\u00e9es personnelles \u00e0 des tiers, sauf si nous sommes l\u00e9galement tenus de le faire ou si vous nous avez donn\u00e9 votre consentement pr\u00e9alable. Dans la mesure o\u00f9 nous faisons appel \u00e0 des prestataires de services pour l\u2019ex\u00e9cution et le traitement de votre requ\u00eate, les relations contractuelles sont r\u00e9gies par les dispositions de la loi f\u00e9d\u00e9rale sur la protection des donn\u00e9es.<br \/>\n[\/vc_column_text][vc_empty_space height=&#8221;30px&#8221;][vc_column_text]<\/p>\n<div class=\"body20 lh30 font_600 color_black\">C. Consentement et r\u00e9vocation<\/div>\n<p>[\/vc_column_text][vc_empty_space height=&#8221;10px&#8221;][vc_column_text]Si vous nous avez fourni des donn\u00e9es personnelles, vous pouvez les supprimer ensuite \u00e0 tout moment. Les donn\u00e9es \u00e0 des fins comptables et de comptabilit\u00e9 ne sont pas affect\u00e9es par une annulation\/r\u00e9vocation ou une suppression.[\/vc_column_text][vc_empty_space height=&#8221;30px&#8221;][vc_column_text]<\/p>\n<div class=\"body20 lh30 font_600 color_black\">D. P\u00e9riode de conservation<\/div>\n<p>[\/vc_column_text][vc_empty_space height=&#8221;10px&#8221;][vc_column_text]Les donn\u00e9es personnelles qui nous sont fournies via notre site Web ne sont stock\u00e9es que jusqu\u2019\u00e0 ce que l\u2019objectif pour lequel elles nous ont \u00e9t\u00e9 confi\u00e9es ait \u00e9t\u00e9 atteint. Dans la mesure o\u00f9 les d\u00e9lais de conservation commerciale et fiscale doivent \u00eatre respect\u00e9s, la dur\u00e9e de conservation de certaines donn\u00e9es peut aller jusqu\u2019\u00e0 10 ans.[\/vc_column_text][vc_empty_space height=&#8221;30px&#8221;][vc_column_text]<\/p>\n<div class=\"body20 lh30 font_600 color_black\">E. Compte client<\/div>\n<p>[\/vc_column_text][vc_empty_space height=&#8221;10px&#8221;][vc_column_text]Si vous ouvrez un compte client, vous acceptez que vos donn\u00e9es d\u2019inventaire telles que le nom, l\u2019adresse, l\u2019adresse \u00e9lectronique et le compte bancaire ainsi que vos donn\u00e9es d\u2019utilisation (nom d\u2019utilisateur, mot de passe) soient stock\u00e9es. Vous pouvez ainsi nous passer une commande en utilisant votre adresse \u00e9lectronique ou votre num\u00e9ro de client et votre mot de passe personnel. Nous obtiendrons le consentement suivant :<\/p>\n<p><span class=\"example\">\u00ab [ ] Je souhaite cr\u00e9er un compte client. Veuillez enregistrer mes donn\u00e9es \u00e0 cette fin. Je peux r\u00e9voquer ce consentement \u00e0 tout moment. \u00bb<\/span>[\/vc_column_text][vc_empty_space height=&#8221;30px&#8221;][vc_column_text]<\/p>\n<div class=\"body20 lh30 font_600 color_black\">F. Utilisation des cookies<\/div>\n<p>[\/vc_column_text][vc_empty_space height=&#8221;10px&#8221;][vc_column_text]Nous prot\u00e9geons la transmission de vos donn\u00e9es gr\u00e2ce \u00e0 une connexion TLS s\u00e9curis\u00e9e (AES 256 bits). TLS (Transport Layer Security) est une technologie de s\u00e9curit\u00e9 qui garantit que vos donn\u00e9es personnelles sont transf\u00e9r\u00e9es en toute s\u00e9curit\u00e9 sur internet et ne peuvent \u00eatre consult\u00e9es par des tiers.<br \/>\nDonn\u00e9es crypt\u00e9es<br \/>\nLes donn\u00e9es suivantes sont crypt\u00e9es : donn\u00e9es personnelles (nom, adresse, etc.).<br \/>\n[\/vc_column_text][vc_empty_space height=&#8221;30px&#8221;][vc_column_text]<\/p>\n<div class=\"body20 lh30 font_600 color_black\">G. Vos droits, informations<\/div>\n<p>[\/vc_column_text][vc_empty_space height=&#8221;10px&#8221;][vc_column_text]Si vous n\u2019\u00eates plus d&#8217;accord avec le stockage de vos donn\u00e9es personnelles ou si ces donn\u00e9es ne sont plus correctes, nous supprimerons ou bloquerons, sur demande, vos donn\u00e9es ou apporterons les corrections n\u00e9cessaires (dans la mesure o\u00f9 cela est possible en vertu du droit applicable). Sur demande, vous recevrez gratuitement des informations sur toutes les donn\u00e9es personnelles que nous avons stock\u00e9es \u00e0 votre sujet.[\/vc_column_text][vc_empty_space height=&#8221;5px&#8221;][vc_column_text]Si vous avez des questions concernant la collecte, le traitement ou l\u2019utilisation de vos donn\u00e9es \u00e0 caract\u00e8re personnel, si vous souhaitez obtenir des informations sur ces donn\u00e9es ou si vous souhaitez faire corriger, bloquer ou supprimer vos donn\u00e9es \u00e0 caract\u00e8re personnel, merci d\u2019envoyer un courriel \u00e0 l\u2019adresse suivante : <a href=\"mailto:jwjeong@kyc.co.kr\">jwjeong@kyc.co.kr<\/a>[\/vc_column_text][\/vc_column][\/vc_row]<\/p>\n","protected":false},"excerpt":{"rendered":"<p>[vc_row css_animation=&#8221;&#8221; row_type=&#8221;row&#8221; use_row_as_full_screen_section=&#8221;no&#8221; type=&#8221;grid&#8221; angled_section=&#8221;no&#8221; text_align=&#8221;left&#8221; background_image_as_pattern=&#8221;without_pattern&#8221; el_class=&#8221;kyc-headtitle impressum&#8221; z_index=&#8221;&#8221;][vc_column el_class=&#8221;title-line&#8221;][vc_column_text] D\u00e9claration de confidentialit\u00e9 [\/vc_column_text][\/vc_column][\/vc_row][vc_row css_animation=&#8221;&#8221; row_type=&#8221;row&#8221; use_row_as_full_screen_section=&#8221;no&#8221; type=&#8221;grid&#8221; angled_section=&#8221;no&#8221; text_align=&#8221;left&#8221; background_image_as_pattern=&#8221;without_pattern&#8221; z_index=&#8221;&#8221; el_class=&#8221;impressum-txt&#8221;][vc_column][vc_column_text] A. Collecte des donn\u00e9es [\/vc_column_text][vc_empty_space height=&#8221;10px&#8221;][vc_column_text]Nous recueillons des donn\u00e9es par l\u2019interm\u00e9diaire de notre site Web&#8230;.<\/p>\n","protected":false},"author":4,"featured_media":0,"parent":0,"menu_order":0,"comment_status":"closed","ping_status":"closed","template":"full_width.php","meta":{"_mi_skip_tracking":false,"_monsterinsights_sitenote_active":false,"_monsterinsights_sitenote_note":"","_monsterinsights_sitenote_category":0},"_links":{"self":[{"href":"https:\/\/ky-europe.com\/fr\/wp-json\/wp\/v2\/pages\/1283"}],"collection":[{"href":"https:\/\/ky-europe.com\/fr\/wp-json\/wp\/v2\/pages"}],"about":[{"href":"https:\/\/ky-europe.com\/fr\/wp-json\/wp\/v2\/types\/page"}],"author":[{"embeddable":true,"href":"https:\/\/ky-europe.com\/fr\/wp-json\/wp\/v2\/users\/4"}],"replies":[{"embeddable":true,"href":"https:\/\/ky-europe.com\/fr\/wp-json\/wp\/v2\/comments?post=1283"}],"version-history":[{"count":6,"href":"https:\/\/ky-europe.com\/fr\/wp-json\/wp\/v2\/pages\/1283\/revisions"}],"predecessor-version":[{"id":2055,"href":"https:\/\/ky-europe.com\/fr\/wp-json\/wp\/v2\/pages\/1283\/revisions\/2055"}],"wp:attachment":[{"href":"https:\/\/ky-europe.com\/fr\/wp-json\/wp\/v2\/media?parent=1283"}],"curies":[{"name":"wp","href":"https:\/\/api.w.org\/{rel}","templated":true}]}}