{"id":1659,"date":"2020-04-14T10:13:38","date_gmt":"2020-04-14T10:13:38","guid":{"rendered":"https:\/\/ky-europe.com\/fr\/?page_id=1659"},"modified":"2020-09-08T17:58:36","modified_gmt":"2020-09-08T15:58:36","slug":"meeting-request","status":"publish","type":"page","link":"https:\/\/ky-europe.com\/fr\/meeting-request\/","title":{"rendered":"Demande de r\u00e9union"},"content":{"rendered":"<p>[vc_row css_animation=&#8221;&#8221; row_type=&#8221;row&#8221; use_row_as_full_screen_section=&#8221;no&#8221; type=&#8221;grid&#8221; angled_section=&#8221;no&#8221; text_align=&#8221;left&#8221; background_image_as_pattern=&#8221;without_pattern&#8221; el_class=&#8221;kyc-headtitle&#8221; z_index=&#8221;&#8221; css=&#8221;.vc_custom_1568081050701{background-image: url(https:\/\/ky-europe.com\/kumyang2\/wp-content\/uploads\/sites\/6\/2019\/09\/headcover3.png?id=732) !important;}&#8221;][vc_column el_class=&#8221;title-line&#8221;][vc_column_text]<\/p>\n<div class=\"headtitle-main\">Demande de r\u00e9union<\/div>\n<div class=\"headtitle-sub\">Nous sommes toujours ouverts aux commentaires de nos clients<\/div>\n<div class=\"headtitle-kycline\"><\/div>\n<p>[\/vc_column_text][\/vc_column][\/vc_row][vc_row css_animation=&#8221;&#8221; row_type=&#8221;row&#8221; use_row_as_full_screen_section=&#8221;no&#8221; type=&#8221;grid&#8221; angled_section=&#8221;no&#8221; text_align=&#8221;left&#8221; background_image_as_pattern=&#8221;without_pattern&#8221; z_index=&#8221;&#8221; el_class=&#8221;aboutkyc-02-1&#8243;][vc_column width=&#8221;1\/2&#8243; el_class=&#8221;text_lecen&#8221;][vc_column_text]<\/p>\n<div class=\"body20 lh30 font_400 color_black\">Nous sommes toujours \u00e0 l\u2019\u00e9coute de<\/div>\n<div class=\"body30 lh40 font_500 color_ky01 text_cap\">Nos clients<\/div>\n<p>[\/vc_column_text][vc_empty_space height=&#8221;15px&#8221;][vc_column_text]<\/p>\n<div class=\"body16 lh26 font_400 color_grey3\">Merci de compl\u00e9ter ce formulaire si vous avez des questions \u00e0 nous poser.<br \/>\nNous nous r\u00e9jouissons de recevoir vos questions !<\/div>\n<p>[\/vc_column_text][vc_empty_space height=&#8221;30px&#8221; el_class=&#8221;i1mo&#8221;][\/vc_column][vc_column width=&#8221;1\/2&#8243;][vc_column_text el_class=&#8221;contact&#8221;]<div id=\"quform-bc8352\" class=\"quform quform-5 quform-support-page-caching\"><form id=\"quform-form-bc8352\" class=\"quform-form quform-form-5\" action=\"\/fr\/wp-json\/wp\/v2\/pages\/1659#quform-bc8352\" method=\"post\" enctype=\"multipart\/form-data\" novalidate=\"novalidate\" data-options=\"{&quot;id&quot;:5,&quot;uniqueId&quot;:&quot;bc8352&quot;,&quot;theme&quot;:&quot;&quot;,&quot;ajax&quot;:true,&quot;logic&quot;:{&quot;logic&quot;:[],&quot;dependents&quot;:[],&quot;elementIds&quot;:[],&quot;dependentElementIds&quot;:[],&quot;animate&quot;:true},&quot;currentPageId&quot;:1,&quot;errorsIcon&quot;:&quot;&quot;,&quot;updateFancybox&quot;:true,&quot;hasPages&quot;:false,&quot;pages&quot;:[1],&quot;pageProgressType&quot;:&quot;numbers&quot;,&quot;tooltipsEnabled&quot;:true,&quot;tooltipClasses&quot;:&quot;qtip-quform-dark qtip-shadow&quot;,&quot;tooltipMy&quot;:&quot;left center&quot;,&quot;tooltipAt&quot;:&quot;right center&quot;,&quot;isRtl&quot;:false,&quot;scrollOffset&quot;:-50,&quot;scrollSpeed&quot;:800}\"><button class=\"quform-default-submit\" name=\"quform_submit\" type=\"submit\" value=\"submit\"><\/button><div class=\"quform-form-inner quform-form-inner-5\"><input type=\"hidden\" name=\"quform_form_id\" value=\"5\" \/><input type=\"hidden\" name=\"quform_form_uid\" value=\"bc8352\" \/><input type=\"hidden\" name=\"quform_count\" value=\"1\" \/><input type=\"hidden\" name=\"form_url\" value=\"https:\/\/ky-europe.com\/fr\/wp-json\/wp\/v2\/pages\/1659\" \/><input type=\"hidden\" name=\"referring_url\" value=\"\" \/><input type=\"hidden\" name=\"post_id\" value=\"\" \/><input type=\"hidden\" name=\"post_title\" value=\"\" \/><input type=\"hidden\" name=\"quform_current_page_id\" value=\"1\" \/><input type=\"hidden\" name=\"quform_csrf_token\" value=\"SecquzbeLPRUdEtZd1qAZHdgDUM9MY7DzMcdkrG9\" \/><div class=\"quform-elements quform-elements-5 quform-cf quform-responsive-elements-phone-landscape\"><div class=\"quform-element quform-element-page quform-page-1 quform-page-5_1 quform-cf quform-group-style-plain quform-first-page quform-last-page quform-current-page\"><div class=\"quform-child-elements\"><div class=\"quform-element quform-element-text quform-element-5_4 quform-cf quform-labels-left quform-element-required\"><div class=\"quform-spacer\"><div class=\"quform-label quform-label-5_4\"><label class=\"quform-label-text\" for=\"quform_5_4_bc8352\">Nom<span class=\"quform-required\">*<\/span><\/label><\/div><div class=\"quform-inner quform-inner-text quform-inner-5_4\"><div class=\"quform-input quform-input-text quform-input-5_4 quform-cf\"><input type=\"text\" id=\"quform_5_4_bc8352\" name=\"quform_5_4\" class=\"quform-field quform-field-text quform-field-5_4\" placeholder=\"Votre nom, pr\u00e9nom\" \/><\/div><\/div><\/div><\/div><div class=\"quform-element quform-element-text quform-element-5_3 quform-cf quform-labels-left quform-element-required\"><div class=\"quform-spacer\"><div class=\"quform-label quform-label-5_3\"><label class=\"quform-label-text\" for=\"quform_5_3_bc8352\">Soci\u00e9t\u00e9<span class=\"quform-required\">*<\/span><\/label><\/div><div class=\"quform-inner quform-inner-text quform-inner-5_3\"><div class=\"quform-input quform-input-text quform-input-5_3 quform-cf\"><input type=\"text\" id=\"quform_5_3_bc8352\" name=\"quform_5_3\" class=\"quform-field quform-field-text quform-field-5_3\" placeholder=\"Votre soci\u00e9t\u00e9\" \/><\/div><\/div><\/div><\/div><div class=\"quform-element quform-element-email quform-element-5_5 quform-cf quform-labels-left quform-element-required\"><div class=\"quform-spacer\"><div class=\"quform-label quform-label-5_5\"><label class=\"quform-label-text\" for=\"quform_5_5_bc8352\">E-mail<span class=\"quform-required\">*<\/span><\/label><\/div><div class=\"quform-inner quform-inner-email quform-inner-5_5\"><div class=\"quform-input quform-input-email quform-input-5_5 quform-cf\"><input type=\"email\" id=\"quform_5_5_bc8352\" name=\"quform_5_5\" class=\"quform-field quform-field-email quform-field-5_5\" placeholder=\"Votre adresse e-mail\" \/><\/div><\/div><\/div><\/div><div class=\"quform-element quform-element-text quform-element-5_6 quform-cf quform-labels-left quform-element-optional\"><div class=\"quform-spacer\"><div class=\"quform-label quform-label-5_6\"><label class=\"quform-label-text\" for=\"quform_5_6_bc8352\">Num\u00e9ro de t\u00e9l\u00e9phone<\/label><\/div><div class=\"quform-inner quform-inner-text quform-inner-5_6\"><div class=\"quform-input quform-input-text quform-input-5_6 quform-cf\"><input type=\"text\" id=\"quform_5_6_bc8352\" name=\"quform_5_6\" class=\"quform-field quform-field-text quform-field-5_6\" placeholder=\"Votre num\u00e9ro de t\u00e9l\u00e9phone\" \/><\/div><\/div><\/div><\/div><div class=\"quform-element quform-element-text quform-element-5_7 quform-cf quform-labels-left quform-element-required\"><div class=\"quform-spacer\"><div class=\"quform-label quform-label-5_7\"><label class=\"quform-label-text\" for=\"quform_5_7_bc8352\">Pays<span class=\"quform-required\">*<\/span><\/label><\/div><div class=\"quform-inner quform-inner-text quform-inner-5_7\"><div class=\"quform-input quform-input-text quform-input-5_7 quform-cf\"><input type=\"text\" id=\"quform_5_7_bc8352\" name=\"quform_5_7\" class=\"quform-field quform-field-text quform-field-5_7\" placeholder=\"Votre pays\" \/><\/div><\/div><\/div><\/div><div class=\"quform-element quform-element-text quform-element-5_15 quform-cf quform-labels-left quform-element-required\"><div class=\"quform-spacer\"><div class=\"quform-label quform-label-5_15\"><label class=\"quform-label-text\" for=\"quform_5_15_bc8352\">Votre \u00e9v\u00e9nement<span class=\"quform-required\">*<\/span><\/label><\/div><div class=\"quform-inner quform-inner-text quform-inner-5_15\"><div class=\"quform-input quform-input-text quform-input-5_15 quform-cf\"><input type=\"text\" id=\"quform_5_15_bc8352\" name=\"quform_5_15\" class=\"quform-field quform-field-text quform-field-5_15\" placeholder=\"Nom de l&#039;\u00e9v\u00e9nement ou de l&#039;exposition que vous souhaitez nous rencontrer\" \/><\/div><\/div><\/div><\/div><div class=\"quform-element quform-element-textarea quform-element-5_11 quform-cf quform-labels-left quform-element-optional\"><div class=\"quform-spacer\"><div class=\"quform-label quform-label-5_11\"><label class=\"quform-label-text\" for=\"quform_5_11_bc8352\">Vos donn\u00e9es pr\u00e9f\u00e9r\u00e9es et l'heure de la r\u00e9union, ainsi que tout sujet sp\u00e9cifique dont vous aimeriez discuter<\/label><\/div><div class=\"quform-inner quform-inner-textarea quform-inner-5_11\"><div class=\"quform-input quform-input-textarea quform-input-5_11 quform-cf\"><textarea id=\"quform_5_11_bc8352\" name=\"quform_5_11\" class=\"quform-field quform-field-textarea quform-field-5_11\" placeholder=\"Vos donn\u00e9es pr\u00e9f\u00e9r\u00e9es et l&#039;heure de la r\u00e9union, ainsi que tout sujet sp\u00e9cifique dont vous aimeriez discuter\"><\/textarea><\/div><\/div><\/div><\/div><div class=\"quform-element quform-element-captcha quform-element-5_14 quform-cf quform-labels-left quform-element-required\"><div class=\"quform-spacer\"><div class=\"quform-label quform-label-5_14\"><label class=\"quform-label-text\" for=\"quform_5_14_bc8352\">Veuillez saisir les caract\u00e8res<span class=\"quform-required\">*<\/span><\/label><\/div><div class=\"quform-inner quform-inner-captcha quform-inner-5_14\"><div class=\"quform-input quform-input-captcha quform-input-5_14 quform-cf\"><input type=\"text\" id=\"quform_5_14_bc8352\" name=\"quform_5_14\" class=\"quform-field quform-field-captcha quform-field-5_14\" \/><\/div><div class=\"quform-captcha quform-cf\"><div class=\"quform-captcha-image quform-captcha-image-5_14\"><img src=\"data:image\/png;base64,iVBORw0KGgoAAAANSUhEUgAAAOYAAABQBAMAAAD\/1xTgAAAAG1BMVEX\/\/\/8iIiLj4+OsrKx0dHSQkJBZWVk9PT3Hx8ciD8J1AAAACXBIWXMAAA7EAAAOxAGVKw4bAAADbklEQVRoge1XS1PbMBB25BDryFIac3R4lBzjZpj2iJu09IhLpsMR8ygc6w50ekymw5SfXT38WDmppJgOJ32HPJzd\/Vb70sbzHBwcHBwcHBwcHBwcHKwQ388+vDRnBvD6pTnfAWw\/Q334FLXQOngGJ2VRgivP\/7yuYntOkgPHrwSidTn73uN00oYzhhKjNTXzPsspvFqfkjK18Js46+m6nCtdpUfjuUHxEKAfeTRvwcnq4H6cwZbycJ9bMjRuAnAsqVtwsgbtqV3qy7OfJjvVk49vG3qEHZO\/01acx1xRqd5Ucob10w7Aw1zRY35Jj\/L1aygBbkv6XJuD+ykPb\/W0y11QjtMD+F46aODcm55FDU7+PQ\/Ro0AMRB9zstkBsDlDAe6UIWUtM9dSvuH+jmZIKBUaGeZMpbkFnosUwvwSB3hQHm9h4KRFE18scQKSyuX5enj+E97CLNxhWc0VFfsQ6TiZc5OvUGZCIBbuYk5SVIePRwXh\/HusscqAYE4dJTP9w\/P+rOBMkJ5f\/M6CgrpWxDmrU2zLSUUYqGzmBmdUPdkofmfn3azl8m3uTTj8UnOOCgNazq5MkNLEC\/ElRZzdwhpR4pH1uWx98EHpeQq4\/pbQk4nKcEMNBGcMu1EtVXFe1HJJyC+vWrFTepTpOTvSzwwVN0nh5tzn10NVL70iU2oOWMYDPCF7hQYBK868TsCGaJ0Ff6nslbH1lRyw6GfYB64ZSW48w5YwkJzIsUBw8rshvEPWTot3lIMYHhXj7Hy8Cfj1ouXsiHBQJOTf\/ryenhNllaJFHgNlwCxANFoNRgaT8QkYtrhAnLBrWoGKmaAOGB7\/OZYaVKuJ1hzL1CXPjGGlTWUgMqXxBs0Fxrfj5OP2+sS4\/RwK1\/ZB4QyWrubYilPkAMrLVuvazQzUJqB507QvVqnt3BC2Q8m5pRWq9gS1IEnUFONbUzgycZJM2NrUCtWpMq3bdDYdeSZOHo8wxmN0NQ7YCfqJ3d8n83JMxvMFHqP\/Ejs6i1K7TdtqIY\/xCNMgsTG2O7TgpO8Ty300M9W3J\/dBCKfneineVVdzM+NuZK5vOZ0ADBuR7APtVBYQpbujN4U49Rvuxicw3HgCwdKCuNrarRgMock58nt2ZxCpOC2qiAyfxs0\/M+1AT2w5\/ydYOG4tOtnBwcHBocBf7uGKO6cbGjAAAAAASUVORK5CYII=\" alt=\"CAPTCHA image\" data-element-id=\"14\" width=\"115\" height=\"40\" \/><\/div><\/div><p class=\"quform-description quform-description-below\">This helps us prevent spam, thank you.<\/p><\/div><\/div><\/div><div class=\"quform-element quform-element-submit quform-element-5_2 quform-cf quform-button-size-medium quform-button-width-medium\"><div class=\"quform-button-submit quform-button-submit-default quform-button-submit-5_2\"><button name=\"quform_submit\" type=\"submit\" class=\"quform-submit\" value=\"submit\"><span class=\"quform-button-text quform-button-submit-text\">Send<\/span><\/button><\/div><div class=\"quform-loading quform-loading-position-left quform-loading-type-spinner-1\"><div class=\"quform-loading-inner\"><div class=\"quform-loading-spinner\"><div class=\"quform-loading-spinner-inner\"><\/div><\/div><\/div><\/div><\/div><div class=\"quform-element-tree\"><label for=\"quform_5_0_bc8352\">This field should be left blank<\/label><input type=\"text\" id=\"quform_5_0_bc8352\" name=\"quform_5_0\" class=\"quform-field quform-field-tree quform-field-5_0\" tabindex=\"-1\" autocomplete=\"off\" \/><\/div><\/div><\/div><\/div><\/div><\/form><\/div>[\/vc_column_text][\/vc_column][\/vc_row]<\/p>\n","protected":false},"excerpt":{"rendered":"<p>[vc_row css_animation=&#8221;&#8221; row_type=&#8221;row&#8221; use_row_as_full_screen_section=&#8221;no&#8221; type=&#8221;grid&#8221; angled_section=&#8221;no&#8221; text_align=&#8221;left&#8221; background_image_as_pattern=&#8221;without_pattern&#8221; el_class=&#8221;kyc-headtitle&#8221; z_index=&#8221;&#8221; css=&#8221;.vc_custom_1568081050701{background-image: url(https:\/\/ky-europe.com\/kumyang2\/wp-content\/uploads\/sites\/6\/2019\/09\/headcover3.png?id=732) !important;}&#8221;][vc_column el_class=&#8221;title-line&#8221;][vc_column_text] Demande de r\u00e9union Nous sommes toujours ouverts aux commentaires de nos clients [\/vc_column_text][\/vc_column][\/vc_row][vc_row css_animation=&#8221;&#8221; row_type=&#8221;row&#8221; use_row_as_full_screen_section=&#8221;no&#8221; type=&#8221;grid&#8221; angled_section=&#8221;no&#8221; text_align=&#8221;left&#8221; background_image_as_pattern=&#8221;without_pattern&#8221; z_index=&#8221;&#8221; el_class=&#8221;aboutkyc-02-1&#8243;][vc_column width=&#8221;1\/2&#8243; el_class=&#8221;text_lecen&#8221;][vc_column_text] Nous sommes&#8230;<\/p>\n","protected":false},"author":4,"featured_media":0,"parent":0,"menu_order":0,"comment_status":"closed","ping_status":"closed","template":"full_width.php","meta":{"_mi_skip_tracking":false,"_monsterinsights_sitenote_active":false,"_monsterinsights_sitenote_note":"","_monsterinsights_sitenote_category":0},"_links":{"self":[{"href":"https:\/\/ky-europe.com\/fr\/wp-json\/wp\/v2\/pages\/1659"}],"collection":[{"href":"https:\/\/ky-europe.com\/fr\/wp-json\/wp\/v2\/pages"}],"about":[{"href":"https:\/\/ky-europe.com\/fr\/wp-json\/wp\/v2\/types\/page"}],"author":[{"embeddable":true,"href":"https:\/\/ky-europe.com\/fr\/wp-json\/wp\/v2\/users\/4"}],"replies":[{"embeddable":true,"href":"https:\/\/ky-europe.com\/fr\/wp-json\/wp\/v2\/comments?post=1659"}],"version-history":[{"count":3,"href":"https:\/\/ky-europe.com\/fr\/wp-json\/wp\/v2\/pages\/1659\/revisions"}],"predecessor-version":[{"id":2053,"href":"https:\/\/ky-europe.com\/fr\/wp-json\/wp\/v2\/pages\/1659\/revisions\/2053"}],"wp:attachment":[{"href":"https:\/\/ky-europe.com\/fr\/wp-json\/wp\/v2\/media?parent=1659"}],"curies":[{"name":"wp","href":"https:\/\/api.w.org\/{rel}","templated":true}]}}