{"id":2097,"date":"2021-04-29T01:38:40","date_gmt":"2021-04-28T23:38:40","guid":{"rendered":"https:\/\/ky-europe.com\/fr\/?page_id=2097"},"modified":"2021-04-29T01:38:40","modified_gmt":"2021-04-28T23:38:40","slug":"les-agents-gonflants-ecologiques","status":"publish","type":"page","link":"https:\/\/ky-europe.com\/fr\/les-agents-gonflants-ecologiques\/","title":{"rendered":"Les agents gonflants \u00e9cologiques"},"content":{"rendered":"<p>[vc_row css_animation=&#8221;&#8221; row_type=&#8221;row&#8221; use_row_as_full_screen_section=&#8221;no&#8221; type=&#8221;grid&#8221; angled_section=&#8221;no&#8221; text_align=&#8221;left&#8221; background_image_as_pattern=&#8221;without_pattern&#8221; el_class=&#8221;kyc-headtitle&#8221; z_index=&#8221;&#8221; css=&#8221;.vc_custom_1619644022206{background-image: url(https:\/\/ky-europe.com\/en\/wp-content\/uploads\/sites\/6\/2021\/04\/sub02_07_visual.jpg?id=2079) !important;}&#8221;][vc_column width=&#8221;2\/3&#8243; el_class=&#8221;title-line&#8221;][vc_column_text]<\/p>\n<div class=\"headtitle-main\">Les agents gonflants \u00e9cologiques<\/div>\n<div class=\"headtitle-kycline\"><\/div>\n<p>[\/vc_column_text][\/vc_column][vc_column width=&#8221;1\/3&#8243;][\/vc_column][\/vc_row][vc_row css_animation=&#8221;&#8221; row_type=&#8221;row&#8221; use_row_as_full_screen_section=&#8221;no&#8221; type=&#8221;grid&#8221; angled_section=&#8221;no&#8221; text_align=&#8221;center&#8221; background_image_as_pattern=&#8221;without_pattern&#8221; z_index=&#8221;&#8221; background_color=&#8221;#ffffff&#8221; el_class=&#8221;padding-t50&#8243;][vc_column][vc_row_inner row_type=&#8221;row&#8221; type=&#8221;full_width&#8221; text_align=&#8221;center&#8221; css_animation=&#8221;&#8221;][vc_column_inner width=&#8221;1\/6&#8243;][\/vc_column_inner][vc_column_inner width=&#8221;2\/3&#8243;][vc_column_text]<\/p>\n<div class=\"body30 lh40 font_500 color_black\">Les premiers agents gonflants \u00e9cologiques au monde<\/div>\n<p>[\/vc_column_text][vc_empty_space height=&#8221;20px&#8221;][\/vc_column_inner][vc_column_inner width=&#8221;1\/6&#8243;][\/vc_column_inner][\/vc_row_inner][vc_empty_space height=&#8221;50px&#8221;][vc_row_inner row_type=&#8221;row&#8221; type=&#8221;full_width&#8221; text_align=&#8221;left&#8221; css_animation=&#8221;&#8221;][vc_column_inner width=&#8221;2\/3&#8243;][vc_video link=&#8221;https:\/\/youtu.be\/y7TU3MOcqSU&#8221;][\/vc_column_inner][vc_column_inner width=&#8221;1\/3&#8243;][vc_column_text css=&#8221;.vc_custom_1619652865654{margin-bottom: 20px !important;}&#8221;]<\/p>\n<h4 class=\"Kor01_mp4_title\"><strong>Les agents gonflants \u00e9cologiques<\/strong><\/h4>\n<p>[\/vc_column_text][vc_column_text]de la s\u00e9rie KY-ECO, d\u00e9velopp\u00e9e avec succ\u00e8s sur la base de nos comp\u00e9tences de recherche accumul\u00e9es sur une longue p\u00e9riode de temps, sont une groupe de produits repr\u00e9sentant les premiers agents gonflants \u00e9cologiques au monde sans formamide ni ammoniaque et pouvant \u00eatre produits lors de la pulv\u00e9risation.<\/p>\n<p>Ces agents gonflants sont particuli\u00e8rement adapt\u00e9s \u00e0 la fabrication de produits tels que les tapis, les papiers peints, les rev\u00eatements de sol et les chaussures, directement en contact avec le corps humain, car ils ne produisent pas de substances ou d&#8217;odeurs nocives (compos\u00e9s soufr\u00e9s ou oxydes de soufre) au cours du processus.<\/p>\n<p>Nous avons \u00e9galement appliqu\u00e9 la structure des agents gonflants de la capsule aux produits pour renforcer leurs propri\u00e9t\u00e9s d&#8217;isolation thermique et phonique, ainsi que leurs propri\u00e9t\u00e9s d&#8217;amortissement.[\/vc_column_text][\/vc_column_inner][\/vc_row_inner][vc_empty_space height=&#8221;50px&#8221;][vc_row_inner row_type=&#8221;row&#8221; type=&#8221;full_width&#8221; text_align=&#8221;left&#8221; css_animation=&#8221;&#8221;][vc_column_inner][vc_column_text]<\/p>\n<h4><strong>Analyse des mati\u00e8res dangereuses<\/strong><\/h4>\n<p>[\/vc_column_text][vc_column_text]<\/p>\n<div class=\"mobile_table-scroll\">\n<table class=\"kyc-table1\">\n<colgroup>\n<col width=\"33.3%\" \/>\n<col width=\"33.3%\" \/>\n<col width=\"33.3%\" \/><\/colgroup>\n<thead>\n<tr>\n<th colspan=\"3\"><\/th>\n<\/tr>\n<\/thead>\n<tbody>\n<tr>\n<th>Ingr\u00e9dients<\/th>\n<th>Agent gonflant disponible<\/th>\n<th>S\u00e9rie KY-ECO<\/th>\n<\/tr>\n<tr>\n<td>Formamide<\/td>\n<td>126ppm<\/td>\n<td>Non d\u00e9tect\u00e9<\/td>\n<\/tr>\n<tr>\n<td>Ammoniac<\/td>\n<td>500ppm\u2191<\/td>\n<td>Non d\u00e9tect\u00e9<\/td>\n<\/tr>\n<\/tbody>\n<\/table>\n<\/div>\n<p>[\/vc_column_text][\/vc_column_inner][\/vc_row_inner][vc_empty_space height=&#8221;50px&#8221;][\/vc_column][\/vc_row]<\/p>\n","protected":false},"excerpt":{"rendered":"<p>[vc_row css_animation=&#8221;&#8221; row_type=&#8221;row&#8221; use_row_as_full_screen_section=&#8221;no&#8221; type=&#8221;grid&#8221; angled_section=&#8221;no&#8221; text_align=&#8221;left&#8221; background_image_as_pattern=&#8221;without_pattern&#8221; el_class=&#8221;kyc-headtitle&#8221; z_index=&#8221;&#8221; css=&#8221;.vc_custom_1619644022206{background-image: url(https:\/\/ky-europe.com\/en\/wp-content\/uploads\/sites\/6\/2021\/04\/sub02_07_visual.jpg?id=2079) !important;}&#8221;][vc_column width=&#8221;2\/3&#8243; el_class=&#8221;title-line&#8221;][vc_column_text] Les agents gonflants \u00e9cologiques [\/vc_column_text][\/vc_column][vc_column width=&#8221;1\/3&#8243;][\/vc_column][\/vc_row][vc_row css_animation=&#8221;&#8221; row_type=&#8221;row&#8221; use_row_as_full_screen_section=&#8221;no&#8221; type=&#8221;grid&#8221; angled_section=&#8221;no&#8221; text_align=&#8221;center&#8221; background_image_as_pattern=&#8221;without_pattern&#8221; z_index=&#8221;&#8221; background_color=&#8221;#ffffff&#8221; el_class=&#8221;padding-t50&#8243;][vc_column][vc_row_inner row_type=&#8221;row&#8221; type=&#8221;full_width&#8221; text_align=&#8221;center&#8221; css_animation=&#8221;&#8221;][vc_column_inner width=&#8221;1\/6&#8243;][\/vc_column_inner][vc_column_inner width=&#8221;2\/3&#8243;][vc_column_text] Les premiers agents&#8230;<\/p>\n","protected":false},"author":3,"featured_media":0,"parent":0,"menu_order":0,"comment_status":"closed","ping_status":"closed","template":"full_width.php","meta":{"_mi_skip_tracking":false,"_monsterinsights_sitenote_active":false,"_monsterinsights_sitenote_note":"","_monsterinsights_sitenote_category":0},"_links":{"self":[{"href":"https:\/\/ky-europe.com\/fr\/wp-json\/wp\/v2\/pages\/2097"}],"collection":[{"href":"https:\/\/ky-europe.com\/fr\/wp-json\/wp\/v2\/pages"}],"about":[{"href":"https:\/\/ky-europe.com\/fr\/wp-json\/wp\/v2\/types\/page"}],"author":[{"embeddable":true,"href":"https:\/\/ky-europe.com\/fr\/wp-json\/wp\/v2\/users\/3"}],"replies":[{"embeddable":true,"href":"https:\/\/ky-europe.com\/fr\/wp-json\/wp\/v2\/comments?post=2097"}],"version-history":[{"count":1,"href":"https:\/\/ky-europe.com\/fr\/wp-json\/wp\/v2\/pages\/2097\/revisions"}],"predecessor-version":[{"id":2098,"href":"https:\/\/ky-europe.com\/fr\/wp-json\/wp\/v2\/pages\/2097\/revisions\/2098"}],"wp:attachment":[{"href":"https:\/\/ky-europe.com\/fr\/wp-json\/wp\/v2\/media?parent=2097"}],"curies":[{"name":"wp","href":"https:\/\/api.w.org\/{rel}","templated":true}]}}