{"id":2099,"date":"2021-04-29T01:58:04","date_gmt":"2021-04-28T23:58:04","guid":{"rendered":"https:\/\/ky-europe.com\/fr\/?page_id=2099"},"modified":"2021-04-29T01:58:04","modified_gmt":"2021-04-28T23:58:04","slug":"materiaux-de-batteries-secondaires","status":"publish","type":"page","link":"https:\/\/ky-europe.com\/fr\/materiaux-de-batteries-secondaires\/","title":{"rendered":"Mat\u00e9riaux de batteries secondaires"},"content":{"rendered":"<p>[vc_row css_animation=&#8221;&#8221; row_type=&#8221;row&#8221; use_row_as_full_screen_section=&#8221;no&#8221; type=&#8221;grid&#8221; angled_section=&#8221;no&#8221; text_align=&#8221;left&#8221; background_image_as_pattern=&#8221;without_pattern&#8221; el_class=&#8221;kyc-headtitle&#8221; z_index=&#8221;&#8221; css=&#8221;.vc_custom_1619645368520{background-image: url(https:\/\/ky-europe.com\/en\/wp-content\/uploads\/sites\/6\/2021\/04\/sub02_05_visual.jpg?id=2104) !important;}&#8221;][vc_column width=&#8221;2\/3&#8243; el_class=&#8221;title-line&#8221;][vc_column_text]<\/p>\n<div class=\"headtitle-main\">Mat\u00e9riaux de batteries secondaires<\/div>\n<div class=\"headtitle-kycline\"><\/div>\n<p>[\/vc_column_text][\/vc_column][vc_column width=&#8221;1\/3&#8243;][\/vc_column][\/vc_row][vc_row css_animation=&#8221;&#8221; row_type=&#8221;row&#8221; use_row_as_full_screen_section=&#8221;no&#8221; type=&#8221;grid&#8221; angled_section=&#8221;no&#8221; text_align=&#8221;center&#8221; background_image_as_pattern=&#8221;without_pattern&#8221; z_index=&#8221;&#8221; background_color=&#8221;#ffffff&#8221; el_class=&#8221;padding-t50&#8243;][vc_column][vc_row_inner row_type=&#8221;row&#8221; type=&#8221;full_width&#8221; text_align=&#8221;center&#8221; css_animation=&#8221;&#8221;][vc_column_inner width=&#8221;1\/6&#8243;][\/vc_column_inner][vc_column_inner width=&#8221;2\/3&#8243;][vc_column_text]<\/p>\n<div class=\"body30 lh40 font_500 color_black\">Mat\u00e9riaux de batterie de nouvelle g\u00e9n\u00e9ration<\/div>\n<p>[\/vc_column_text][vc_empty_space height=&#8221;20px&#8221;][\/vc_column_inner][vc_column_inner width=&#8221;1\/6&#8243;][\/vc_column_inner][\/vc_row_inner][vc_empty_space height=&#8221;50px&#8221;][vc_row_inner row_type=&#8221;row&#8221; type=&#8221;full_width&#8221; text_align=&#8221;left&#8221; css_animation=&#8221;&#8221;][vc_column_inner width=&#8221;2\/3&#8243;][vc_video link=&#8221;https:\/\/youtu.be\/uR0tTUWAn2E&#8221;][\/vc_column_inner][vc_column_inner width=&#8221;1\/3&#8243;][vc_column_text css=&#8221;.vc_custom_1619653537796{margin-bottom: 20px !important;}&#8221;]<\/p>\n<h4 class=\"Kor01_mp4_title\"><strong>Mat\u00e9riaux de batteries secondaires<\/strong><\/h4>\n<p>[\/vc_column_text][vc_column_text]Kumyang se pr\u00e9pare \u00e0 l&#8217;expansion de la demande de composants cl\u00e9s de batteries automobiles, c&#8217;est-\u00e0-dire de mat\u00e9riaux de batteries rechargeables\/secondaires comme opportunit\u00e9 de croissance nouvelle en construisant des installations de traitement et en obtenant les approbations pour les produits connexes de nos clients professionnels.[\/vc_column_text][\/vc_column_inner][\/vc_row_inner][vc_empty_space height=&#8221;50px&#8221;][vc_row_inner row_type=&#8221;row&#8221; type=&#8221;full_width&#8221; text_align=&#8221;left&#8221; css_animation=&#8221;&#8221;][vc_column_inner width=&#8221;1\/3&#8243;][vc_single_image image=&#8221;2090&#8243; img_size=&#8221;full&#8221; qode_css_animation=&#8221;&#8221;][\/vc_column_inner][vc_column_inner width=&#8221;2\/3&#8243;][vc_column_text css=&#8221;.vc_custom_1619654154515{margin-bottom: 10px !important;}&#8221;]<\/p>\n<h5 class=\"Kor01_mp4_title\"><strong>Activit\u00e9 de traitement de l\u2019hydroxyde de lithium<\/strong><\/h5>\n<p>[\/vc_column_text][vc_column_text]L\u2019activit\u00e9 de traitement d\u2019ultra-pr\u00e9cision de l\u2019hydroxyde de lithium, mati\u00e8re premi\u00e8re essentielle des mat\u00e9riaux cathodiques, qui repr\u00e9sente 40% des co\u00fbts de fabrication des batteries secondaires, adapt\u00e9es aux v\u00e9hicules \u00e9lectriques.[\/vc_column_text][vc_column_text css=&#8221;.vc_custom_1619654177614{margin-top: 1rem !important;padding-top: 1.5rem !important;padding-right: 2rem !important;padding-bottom: 1.5rem !important;padding-left: 2rem !important;background-color: #f7f7f7 !important;}&#8221;]<\/p>\n<ul>\n<li>Fourniture d&#8217;hydroxyde de lithium trait\u00e9 sp\u00e9cialis\u00e9 pour les v\u00e9hicules \u00e9lectriques aux fabricants nationaux de mat\u00e9riaux de cathode gr\u00e2ce \u00e0 une coop\u00e9ration commerciale avec les principaux fabricants de lithium<\/li>\n<\/ul>\n<p>[\/vc_column_text][\/vc_column_inner][\/vc_row_inner][vc_empty_space height=&#8221;50px&#8221;][vc_separator type=&#8221;normal&#8221;][vc_empty_space height=&#8221;50px&#8221;][vc_row_inner row_type=&#8221;row&#8221; type=&#8221;full_width&#8221; text_align=&#8221;left&#8221; css_animation=&#8221;&#8221;][vc_column_inner width=&#8221;1\/3&#8243;][vc_single_image image=&#8221;2091&#8243; img_size=&#8221;full&#8221; qode_css_animation=&#8221;&#8221;][\/vc_column_inner][vc_column_inner width=&#8221;2\/3&#8243;][vc_column_text css=&#8221;.vc_custom_1619654193548{margin-bottom: 10px !important;}&#8221;]<\/p>\n<h5 class=\"Kor01_mp4_title\"><strong>Activit\u00e9 additive de noyau de batterie secondaire bas\u00e9e sur la NCMA<\/strong><\/h5>\n<p>[\/vc_column_text][vc_column_text]Les batteries de nouvelle g\u00e9n\u00e9ration, les batteries secondaires ou rechargeables \u00e0 base de NCMA, augmentent consid\u00e9rablement l&#8217;autonomie des v\u00e9hicules \u00e9lectriques, par rapport aux batteries NCM existantes (nickel, cobalt, mangan\u00e8se).[\/vc_column_text][vc_column_text css=&#8221;.vc_custom_1619654209216{margin-top: 1rem !important;padding-top: 1.5rem !important;padding-right: 2rem !important;padding-bottom: 1.5rem !important;padding-left: 2rem !important;background-color: #f7f7f7 !important;}&#8221;]<\/p>\n<ul>\n<li>L&#8217;ajout d&#8217;aluminium aux mat\u00e9riaux riches en nickel NCM augmente la production et la stabilit\u00e9\u00a0; un type d&#8217;aluminium et d&#8217;autres mat\u00e9riaux sont m\u00e9lang\u00e9s, trait\u00e9s et ajout\u00e9s.<\/li>\n<\/ul>\n<p>[\/vc_column_text][\/vc_column_inner][\/vc_row_inner][vc_empty_space height=&#8221;50px&#8221;][vc_separator type=&#8221;normal&#8221;][vc_empty_space height=&#8221;50px&#8221;][vc_row_inner row_type=&#8221;row&#8221; type=&#8221;full_width&#8221; text_align=&#8221;left&#8221; css_animation=&#8221;&#8221;][vc_column_inner width=&#8221;1\/3&#8243;][vc_single_image image=&#8221;2092&#8243; img_size=&#8221;full&#8221; qode_css_animation=&#8221;&#8221;][\/vc_column_inner][vc_column_inner width=&#8221;2\/3&#8243;][vc_column_text css=&#8221;.vc_custom_1619654223130{margin-bottom: 10px !important;}&#8221;]<\/p>\n<h5 class=\"Kor01_mp4_title\"><strong>Sp\u00e9cialit\u00e9 des mat\u00e9riaux cathodiques<\/strong><\/h5>\n<p>[\/vc_column_text][vc_column_text]Les mat\u00e9riaux cathodiques sp\u00e9ciaux qui am\u00e9liorent l&#8217;autonomie des v\u00e9hicules \u00e9lectriques am\u00e9liorent l&#8217;efficacit\u00e9 \u00e9nerg\u00e9tique \u00e9lectrique des batteries secondaires \u00e0 haute teneur en nickel de nouvelle g\u00e9n\u00e9ration.[\/vc_column_text][vc_column_text css=&#8221;.vc_custom_1619654240807{margin-top: 1rem !important;padding-top: 1.5rem !important;padding-right: 2rem !important;padding-bottom: 1.5rem !important;padding-left: 2rem !important;background-color: #f7f7f7 !important;}&#8221;]<\/p>\n<ul>\n<li>Les mat\u00e9riaux sp\u00e9ciaux de cathode riches en nickel sont la technologie qui peut \u00eatre appliqu\u00e9e \u00e0 l&#8217;am\u00e9lioration des performances des mat\u00e9riaux d&#8217;anode de nouvelle g\u00e9n\u00e9ration.<\/li>\n<\/ul>\n<p>[\/vc_column_text][\/vc_column_inner][\/vc_row_inner][vc_empty_space height=&#8221;50px&#8221;][\/vc_column][\/vc_row]<\/p>\n","protected":false},"excerpt":{"rendered":"<p>[vc_row css_animation=&#8221;&#8221; row_type=&#8221;row&#8221; use_row_as_full_screen_section=&#8221;no&#8221; type=&#8221;grid&#8221; angled_section=&#8221;no&#8221; text_align=&#8221;left&#8221; background_image_as_pattern=&#8221;without_pattern&#8221; el_class=&#8221;kyc-headtitle&#8221; z_index=&#8221;&#8221; css=&#8221;.vc_custom_1619645368520{background-image: url(https:\/\/ky-europe.com\/en\/wp-content\/uploads\/sites\/6\/2021\/04\/sub02_05_visual.jpg?id=2104) !important;}&#8221;][vc_column width=&#8221;2\/3&#8243; el_class=&#8221;title-line&#8221;][vc_column_text] Mat\u00e9riaux de batteries secondaires [\/vc_column_text][\/vc_column][vc_column width=&#8221;1\/3&#8243;][\/vc_column][\/vc_row][vc_row css_animation=&#8221;&#8221; row_type=&#8221;row&#8221; use_row_as_full_screen_section=&#8221;no&#8221; type=&#8221;grid&#8221; angled_section=&#8221;no&#8221; text_align=&#8221;center&#8221; background_image_as_pattern=&#8221;without_pattern&#8221; z_index=&#8221;&#8221; background_color=&#8221;#ffffff&#8221; el_class=&#8221;padding-t50&#8243;][vc_column][vc_row_inner row_type=&#8221;row&#8221; type=&#8221;full_width&#8221; text_align=&#8221;center&#8221; css_animation=&#8221;&#8221;][vc_column_inner width=&#8221;1\/6&#8243;][\/vc_column_inner][vc_column_inner width=&#8221;2\/3&#8243;][vc_column_text] Mat\u00e9riaux de batterie&#8230;<\/p>\n","protected":false},"author":3,"featured_media":0,"parent":0,"menu_order":0,"comment_status":"closed","ping_status":"closed","template":"full_width.php","meta":{"_mi_skip_tracking":false,"_monsterinsights_sitenote_active":false,"_monsterinsights_sitenote_note":"","_monsterinsights_sitenote_category":0},"_links":{"self":[{"href":"https:\/\/ky-europe.com\/fr\/wp-json\/wp\/v2\/pages\/2099"}],"collection":[{"href":"https:\/\/ky-europe.com\/fr\/wp-json\/wp\/v2\/pages"}],"about":[{"href":"https:\/\/ky-europe.com\/fr\/wp-json\/wp\/v2\/types\/page"}],"author":[{"embeddable":true,"href":"https:\/\/ky-europe.com\/fr\/wp-json\/wp\/v2\/users\/3"}],"replies":[{"embeddable":true,"href":"https:\/\/ky-europe.com\/fr\/wp-json\/wp\/v2\/comments?post=2099"}],"version-history":[{"count":1,"href":"https:\/\/ky-europe.com\/fr\/wp-json\/wp\/v2\/pages\/2099\/revisions"}],"predecessor-version":[{"id":2100,"href":"https:\/\/ky-europe.com\/fr\/wp-json\/wp\/v2\/pages\/2099\/revisions\/2100"}],"wp:attachment":[{"href":"https:\/\/ky-europe.com\/fr\/wp-json\/wp\/v2\/media?parent=2099"}],"curies":[{"name":"wp","href":"https:\/\/api.w.org\/{rel}","templated":true}]}}