{"id":258,"date":"2019-09-09T03:17:05","date_gmt":"2019-09-09T03:17:05","guid":{"rendered":"https:\/\/ky-europe.com\/kumyang2\/?page_id=258"},"modified":"2020-09-08T16:26:37","modified_gmt":"2020-09-08T14:26:37","slug":"company-overview","status":"publish","type":"page","link":"https:\/\/ky-europe.com\/fr\/company-overview\/","title":{"rendered":"Pr\u00e9sentation de Kumyang"},"content":{"rendered":"<p>[vc_row css_animation=&#8221;&#8221; row_type=&#8221;row&#8221; use_row_as_full_screen_section=&#8221;no&#8221; type=&#8221;grid&#8221; angled_section=&#8221;no&#8221; text_align=&#8221;left&#8221; background_image_as_pattern=&#8221;without_pattern&#8221; el_class=&#8221;kyc-headtitle&#8221; z_index=&#8221;&#8221; css=&#8221;.vc_custom_1571187907116{background-image: url(https:\/\/ky-europe.com\/fr\/wp-content\/uploads\/sites\/6\/2019\/10\/headcover-com1.png?id=1257) !important;}&#8221;][vc_column el_class=&#8221;title-line&#8221;][vc_column_text]<\/p>\n<div class=\"headtitle-main\">Pr\u00e9sentation de Kumyang<\/div>\n<div class=\"headtitle-sub\">Offrir une satisfaction optimale aux clients gr\u00e2ce \u00e0 une innovation et \u00e0 des progr\u00e8s constants<\/div>\n<div class=\"headtitle-kycline\"><\/div>\n<p>[\/vc_column_text][\/vc_column][\/vc_row][vc_row css_animation=&#8221;&#8221; row_type=&#8221;row&#8221; use_row_as_full_screen_section=&#8221;no&#8221; type=&#8221;grid&#8221; angled_section=&#8221;no&#8221; text_align=&#8221;left&#8221; background_image_as_pattern=&#8221;without_pattern&#8221; z_index=&#8221;&#8221; el_class=&#8221;aboutkyc-01-1&#8243;][vc_column width=&#8221;1\/2&#8243;][vc_single_image image=&#8221;1261&#8243; img_size=&#8221;full&#8221; qode_css_animation=&#8221;&#8221; el_class=&#8221;text_lecen&#8221;][vc_empty_space height=&#8221;20px&#8221; el_class=&#8221;i1mo&#8221;][\/vc_column][vc_column width=&#8221;1\/2&#8243;][vc_empty_space height=&#8221;60px&#8221; el_class=&#8221;i1pc&#8221;][vc_column_text]<\/p>\n<div class=\"body20 lh30 font_400 color_black\">Kumyang est<\/div>\n<div class=\"body30 lh40 font_500 color_ky01\">le leader mondial des additifs chimiques<\/div>\n<p>[\/vc_column_text][vc_empty_space height=&#8221;20px&#8221;][vc_column_text]<\/p>\n<div class=\"body16 lh26 font_400 color_grey3\">Kumyang est une entreprise sp\u00e9cialis\u00e9e dans la production d&#8217;additifs chimiques qui fabrique des produits chimiques fins, notamment des agents moussants, des orthosulfonamides et para-tolu\u00e8ne OPTSA, et des produits chimiques agricoles \u00e0 base de benz\u00e8ne et de saccharine, et ce, depuis sa cr\u00e9ation \u00e0 Busan en 1955.<\/div>\n<p>[\/vc_column_text][\/vc_column][\/vc_row][vc_row css_animation=&#8221;&#8221; row_type=&#8221;row&#8221; use_row_as_full_screen_section=&#8221;no&#8221; type=&#8221;grid&#8221; angled_section=&#8221;yes&#8221; angled_section_position=&#8221;both&#8221; angled_section_direction=&#8221;from_right_to_left&#8221; text_align=&#8221;left&#8221; background_image_as_pattern=&#8221;without_pattern&#8221; z_index=&#8221;&#8221; el_class=&#8221;aboutkyc-01-2&#8243;][vc_column width=&#8221;1\/3&#8243;][vc_empty_space height=&#8221;70px&#8221; el_class=&#8221;i1pc&#8221;][vc_single_image image=&#8221;785&#8243; img_size=&#8221;full&#8221; qode_css_animation=&#8221;&#8221; el_class=&#8221;text_lecen i1mo&#8221;][vc_empty_space height=&#8221;20px&#8221; el_class=&#8221;i1mo&#8221;][vc_column_text]<\/p>\n<div class=\"body20 lh30 font_400 color_black\">Notre produit principal est<\/div>\n<div class=\"body30 lh40 font_500 color_ky01 text_cap\">l\u2019agent gonflant<\/div>\n<p>[\/vc_column_text][vc_empty_space height=&#8221;20px&#8221;][vc_column_text]<\/p>\n<div class=\"body16 lh26 font_400 color_grey3\">Notre principal produit est l\u2019agent gonflant. Nos domaines d\u2019activit\u00e9 s\u2019\u00e9tendent \u00e9galement \u00e0 l\u2019hydrazine, l\u2019oxyde de titane, aux retardateurs de flamme et aux stabilisateurs. Notre savoir-faire, nous le devons \u00e0 plusieurs d\u00e9cennies d\u2019exp\u00e9rience en mati\u00e8re de dans la production d\u2019agents gonflants et des capacit\u00e9s technologiques. En outre, nous commercialisons \u00e9galement des r\u00e9sines synth\u00e9tiques telles que tous les types d\u2019additifs chimiques, le PVC, l\u2019EVA et le LDPE, ainsi que des produits en caoutchouc tels que le NBR, le SBR, l\u2019EPDM et autres, en fonction de la demande de nos clients.<\/div>\n<p>[\/vc_column_text][\/vc_column][vc_column width=&#8221;2\/3&#8243;][vc_single_image image=&#8221;785&#8243; img_size=&#8221;full&#8221; qode_css_animation=&#8221;&#8221; el_class=&#8221;text_lecen i1pc&#8221;][\/vc_column][\/vc_row][vc_row css_animation=&#8221;&#8221; row_type=&#8221;row&#8221; use_row_as_full_screen_section=&#8221;no&#8221; type=&#8221;grid&#8221; angled_section=&#8221;no&#8221; text_align=&#8221;left&#8221; background_image_as_pattern=&#8221;without_pattern&#8221; z_index=&#8221;&#8221; el_class=&#8221;kyc-aboutback1&#8243; css=&#8221;.vc_custom_1568013996239{background-image: url(https:\/\/ky-europe.com\/kumyang2\/wp-content\/uploads\/sites\/6\/2019\/09\/about01-back1a.png?id=666) !important;}&#8221;][vc_column][vc_column_text]<\/p>\n<div class=\"body30 lh45 font_600 color_white\">Notre si\u00e8ge social est situ\u00e9 \u00e0 Busan, et nous avons des bureaux de vente \u00e0 S\u00e9oul et aux \u00c9tats-Unis. En outre,<br \/>\nnous comptons divers sites de production, de vente et de marketing en Chine.<\/div>\n<p>[\/vc_column_text][vc_empty_space height=&#8221;20px&#8221;][vc_column_text]<\/p>\n<div class=\"body16 lh26 font_400 color_greye\">Kumyang poursuit son essor en tant que leader mondial des additifs chimiques, et continuera \u00e0 innover et \u00e0 se perfectionner afin de satisfaire au maximum ses clients, d\u2019assurer une croissance durable \u00e0 ses actionnaires et aux parties int\u00e9ress\u00e9es, et de garantir la stabilit\u00e9 et le bonheur de ses employ\u00e9s.<\/div>\n<p>[\/vc_column_text][vc_empty_space height=&#8221;20px&#8221;]<a  itemprop=\"url\" href=\"\/fr\/location-overview\" target=\"_self\"  class=\"qbutton  default seemore\" style=\"\">En savoir plus<\/a>[\/vc_column][\/vc_row][vc_row css_animation=&#8221;&#8221; row_type=&#8221;row&#8221; use_row_as_full_screen_section=&#8221;no&#8221; type=&#8221;grid&#8221; angled_section=&#8221;yes&#8221; angled_section_position=&#8221;bottom&#8221; angled_section_direction=&#8221;from_right_to_left&#8221; text_align=&#8221;center&#8221; background_image_as_pattern=&#8221;without_pattern&#8221; el_class=&#8221;kyc-vision&#8221; z_index=&#8221;&#8221; background_color=&#8221;#ffffff&#8221;][vc_column][vc_column_text]<\/p>\n<div class=\"body30 lh35 color_ky01 font_600 ls-05\">La Promesse d\u2019un futur Meilleur<\/div>\n<div class=\"body18 lh30 font_400 color_black\">L&#8217;entreprise qui assume sa responsabilit\u00e9 sociale et ses obligations en tant que leader du secteur de la chimie fine.<\/div>\n<p>[\/vc_column_text][vc_empty_space height=&#8221;40px&#8221;][vc_row_inner row_type=&#8221;row&#8221; type=&#8221;full_width&#8221; text_align=&#8221;center&#8221; css_animation=&#8221;&#8221;][vc_column_inner width=&#8221;1\/3&#8243;][vc_column_text el_class=&#8221;vision-circle1&#8243;]<\/p>\n<div class=\"vision-title\">Satisfaction des clients<\/div>\n<p>[\/vc_column_text][vc_empty_space height=&#8221;20px&#8221;][vc_column_text]<\/p>\n<div class=\"vision-script\">Kumyang entend faire de son mieux<br \/>\npour la satisfaction de sa client\u00e8le.<\/div>\n<p>[\/vc_column_text][\/vc_column_inner][vc_column_inner width=&#8221;1\/3&#8243;][vc_column_text el_class=&#8221;vision-circle2&#8243;]<\/p>\n<div class=\"vision-title\">Croissance durable<\/div>\n<p>[\/vc_column_text][vc_empty_space height=&#8221;20px&#8221;][vc_column_text]<\/p>\n<div class=\"vision-script\">Kumyang ne cesse de se d\u00e9velopper<br \/>\net de consolider sa comp\u00e9titivit\u00e9<\/div>\n<p>[\/vc_column_text][\/vc_column_inner][vc_column_inner width=&#8221;1\/3&#8243;][vc_column_text el_class=&#8221;vision-circle3&#8243;]<\/p>\n<div class=\"vision-title\">Contribution sociale<\/div>\n<p>[\/vc_column_text][vc_empty_space height=&#8221;20px&#8221;][vc_column_text]<\/p>\n<div class=\"vision-script\">Kumyang agit<br \/>\npour le bien-\u00eatre public.<\/div>\n<p>[\/vc_column_text][\/vc_column_inner][\/vc_row_inner][vc_empty_space height=&#8221;40px&#8221;][vc_video link=&#8221;https:\/\/www.youtube.com\/watch?v=ocrAXHaxbRk&amp;feature=youtu.be&#8221; align=&#8221;center&#8221;][\/vc_column][\/vc_row]<\/p>\n","protected":false},"excerpt":{"rendered":"<p>[vc_row css_animation=&#8221;&#8221; row_type=&#8221;row&#8221; use_row_as_full_screen_section=&#8221;no&#8221; type=&#8221;grid&#8221; angled_section=&#8221;no&#8221; text_align=&#8221;left&#8221; background_image_as_pattern=&#8221;without_pattern&#8221; el_class=&#8221;kyc-headtitle&#8221; z_index=&#8221;&#8221; css=&#8221;.vc_custom_1571187907116{background-image: url(https:\/\/ky-europe.com\/fr\/wp-content\/uploads\/sites\/6\/2019\/10\/headcover-com1.png?id=1257) !important;}&#8221;][vc_column el_class=&#8221;title-line&#8221;][vc_column_text] Pr\u00e9sentation de Kumyang Offrir une satisfaction optimale aux clients gr\u00e2ce \u00e0 une innovation et \u00e0 des progr\u00e8s constants [\/vc_column_text][\/vc_column][\/vc_row][vc_row css_animation=&#8221;&#8221; row_type=&#8221;row&#8221; use_row_as_full_screen_section=&#8221;no&#8221; type=&#8221;grid&#8221; angled_section=&#8221;no&#8221; text_align=&#8221;left&#8221; background_image_as_pattern=&#8221;without_pattern&#8221;&#8230;<\/p>\n","protected":false},"author":3,"featured_media":0,"parent":0,"menu_order":0,"comment_status":"closed","ping_status":"closed","template":"full_width.php","meta":{"_mi_skip_tracking":false,"_monsterinsights_sitenote_active":false,"_monsterinsights_sitenote_note":"","_monsterinsights_sitenote_category":0},"_links":{"self":[{"href":"https:\/\/ky-europe.com\/fr\/wp-json\/wp\/v2\/pages\/258"}],"collection":[{"href":"https:\/\/ky-europe.com\/fr\/wp-json\/wp\/v2\/pages"}],"about":[{"href":"https:\/\/ky-europe.com\/fr\/wp-json\/wp\/v2\/types\/page"}],"author":[{"embeddable":true,"href":"https:\/\/ky-europe.com\/fr\/wp-json\/wp\/v2\/users\/3"}],"replies":[{"embeddable":true,"href":"https:\/\/ky-europe.com\/fr\/wp-json\/wp\/v2\/comments?post=258"}],"version-history":[{"count":84,"href":"https:\/\/ky-europe.com\/fr\/wp-json\/wp\/v2\/pages\/258\/revisions"}],"predecessor-version":[{"id":2022,"href":"https:\/\/ky-europe.com\/fr\/wp-json\/wp\/v2\/pages\/258\/revisions\/2022"}],"wp:attachment":[{"href":"https:\/\/ky-europe.com\/fr\/wp-json\/wp\/v2\/media?parent=258"}],"curies":[{"name":"wp","href":"https:\/\/api.w.org\/{rel}","templated":true}]}}