{"id":721,"date":"2019-09-10T01:04:07","date_gmt":"2019-09-10T01:04:07","guid":{"rendered":"https:\/\/ky-europe.com\/kumyang2\/?page_id=721"},"modified":"2020-09-08T17:55:01","modified_gmt":"2020-09-08T15:55:01","slug":"contact-us","status":"publish","type":"page","link":"https:\/\/ky-europe.com\/fr\/contact-us\/","title":{"rendered":"Nous contacter"},"content":{"rendered":"<p>[vc_row css_animation=&#8221;&#8221; row_type=&#8221;row&#8221; use_row_as_full_screen_section=&#8221;no&#8221; type=&#8221;grid&#8221; angled_section=&#8221;no&#8221; text_align=&#8221;left&#8221; background_image_as_pattern=&#8221;without_pattern&#8221; el_class=&#8221;kyc-headtitle&#8221; z_index=&#8221;&#8221; css=&#8221;.vc_custom_1568081050701{background-image: url(https:\/\/ky-europe.com\/kumyang2\/wp-content\/uploads\/sites\/6\/2019\/09\/headcover3.png?id=732) !important;}&#8221;][vc_column el_class=&#8221;title-line&#8221;][vc_column_text]<\/p>\n<div class=\"headtitle-main\">Nous contacter<\/div>\n<div class=\"headtitle-sub\">Nous sommes toujours ouverts aux commentaires de nos clients<\/div>\n<div class=\"headtitle-kycline\"><\/div>\n<p>[\/vc_column_text][\/vc_column][\/vc_row][vc_row css_animation=&#8221;&#8221; row_type=&#8221;row&#8221; use_row_as_full_screen_section=&#8221;no&#8221; type=&#8221;grid&#8221; angled_section=&#8221;no&#8221; text_align=&#8221;left&#8221; background_image_as_pattern=&#8221;without_pattern&#8221; z_index=&#8221;&#8221; el_class=&#8221;aboutkyc-02-1&#8243;][vc_column width=&#8221;1\/2&#8243; el_class=&#8221;text_lecen&#8221;][vc_column_text]<\/p>\n<div class=\"body20 lh30 font_400 color_black\">Nous sommes toujours \u00e0 l\u2019\u00e9coute de<\/div>\n<div class=\"body30 lh40 font_500 color_ky01 text_cap\">Nos clients<\/div>\n<p>[\/vc_column_text][vc_empty_space height=&#8221;15px&#8221;][vc_column_text]<\/p>\n<div class=\"body16 lh26 font_400 color_grey3\">Merci de compl\u00e9ter ce formulaire si vous avez des questions \u00e0 nous poser.<br \/>\nNous nous r\u00e9jouissons de recevoir vos questions !<\/div>\n<p>[\/vc_column_text][vc_empty_space height=&#8221;30px&#8221; el_class=&#8221;i1mo&#8221;][\/vc_column][vc_column width=&#8221;1\/2&#8243;][vc_column_text el_class=&#8221;contact&#8221;]<div id=\"quform-bb0878\" class=\"quform quform-1 quform-support-page-caching\"><form id=\"quform-form-bb0878\" class=\"quform-form quform-form-1\" action=\"\/fr\/wp-json\/wp\/v2\/pages\/721#quform-bb0878\" method=\"post\" enctype=\"multipart\/form-data\" novalidate=\"novalidate\" data-options=\"{&quot;id&quot;:1,&quot;uniqueId&quot;:&quot;bb0878&quot;,&quot;theme&quot;:&quot;&quot;,&quot;ajax&quot;:true,&quot;logic&quot;:{&quot;logic&quot;:[],&quot;dependents&quot;:[],&quot;elementIds&quot;:[],&quot;dependentElementIds&quot;:[],&quot;animate&quot;:true},&quot;currentPageId&quot;:1,&quot;errorsIcon&quot;:&quot;&quot;,&quot;updateFancybox&quot;:true,&quot;hasPages&quot;:false,&quot;pages&quot;:[1],&quot;pageProgressType&quot;:&quot;numbers&quot;,&quot;tooltipsEnabled&quot;:true,&quot;tooltipClasses&quot;:&quot;qtip-quform-dark qtip-shadow&quot;,&quot;tooltipMy&quot;:&quot;left center&quot;,&quot;tooltipAt&quot;:&quot;right center&quot;,&quot;isRtl&quot;:false,&quot;scrollOffset&quot;:-50,&quot;scrollSpeed&quot;:800}\"><button class=\"quform-default-submit\" name=\"quform_submit\" type=\"submit\" value=\"submit\"><\/button><div class=\"quform-form-inner quform-form-inner-1\"><input type=\"hidden\" name=\"quform_form_id\" value=\"1\" \/><input type=\"hidden\" name=\"quform_form_uid\" value=\"bb0878\" \/><input type=\"hidden\" name=\"quform_count\" value=\"1\" \/><input type=\"hidden\" name=\"form_url\" value=\"https:\/\/ky-europe.com\/fr\/wp-json\/wp\/v2\/pages\/721\" \/><input type=\"hidden\" name=\"referring_url\" value=\"\" \/><input type=\"hidden\" name=\"post_id\" value=\"\" \/><input type=\"hidden\" name=\"post_title\" value=\"\" \/><input type=\"hidden\" name=\"quform_current_page_id\" value=\"1\" \/><input type=\"hidden\" name=\"quform_csrf_token\" value=\"rGxjvqLuLaL50jH5owPWmdI5U3MaNzgebBidsJtQ\" \/><div class=\"quform-elements quform-elements-1 quform-cf quform-responsive-elements-phone-landscape\"><div class=\"quform-element quform-element-page quform-page-1 quform-page-1_1 quform-cf quform-group-style-plain quform-first-page quform-last-page quform-current-page\"><div class=\"quform-child-elements\"><div class=\"quform-element quform-element-text quform-element-1_4 quform-cf quform-labels-left quform-element-required\"><div class=\"quform-spacer\"><div class=\"quform-label quform-label-1_4\"><label class=\"quform-label-text\" for=\"quform_1_4_bb0878\">Nom<span class=\"quform-required\">*<\/span><\/label><\/div><div class=\"quform-inner quform-inner-text quform-inner-1_4\"><div class=\"quform-input quform-input-text quform-input-1_4 quform-cf\"><input type=\"text\" id=\"quform_1_4_bb0878\" name=\"quform_1_4\" class=\"quform-field quform-field-text quform-field-1_4\" placeholder=\"Votre nom, pr\u00e9nom\" \/><\/div><\/div><\/div><\/div><div class=\"quform-element quform-element-text quform-element-1_3 quform-cf quform-labels-left quform-element-required\"><div class=\"quform-spacer\"><div class=\"quform-label quform-label-1_3\"><label class=\"quform-label-text\" for=\"quform_1_3_bb0878\">Soci\u00e9t\u00e9<span class=\"quform-required\">*<\/span><\/label><\/div><div class=\"quform-inner quform-inner-text quform-inner-1_3\"><div class=\"quform-input quform-input-text quform-input-1_3 quform-cf\"><input type=\"text\" id=\"quform_1_3_bb0878\" name=\"quform_1_3\" class=\"quform-field quform-field-text quform-field-1_3\" placeholder=\"Votre soci\u00e9t\u00e9\" \/><\/div><\/div><\/div><\/div><div class=\"quform-element quform-element-email quform-element-1_5 quform-cf quform-labels-left quform-element-required\"><div class=\"quform-spacer\"><div class=\"quform-label quform-label-1_5\"><label class=\"quform-label-text\" for=\"quform_1_5_bb0878\">E-mail<span class=\"quform-required\">*<\/span><\/label><\/div><div class=\"quform-inner quform-inner-email quform-inner-1_5\"><div class=\"quform-input quform-input-email quform-input-1_5 quform-cf\"><input type=\"email\" id=\"quform_1_5_bb0878\" name=\"quform_1_5\" class=\"quform-field quform-field-email quform-field-1_5\" placeholder=\"Votre adresse e-mail\" \/><\/div><\/div><\/div><\/div><div class=\"quform-element quform-element-text quform-element-1_6 quform-cf quform-labels-left quform-element-optional\"><div class=\"quform-spacer\"><div class=\"quform-label quform-label-1_6\"><label class=\"quform-label-text\" for=\"quform_1_6_bb0878\">Num\u00e9ro de t\u00e9l\u00e9phone<\/label><\/div><div class=\"quform-inner quform-inner-text quform-inner-1_6\"><div class=\"quform-input quform-input-text quform-input-1_6 quform-cf\"><input type=\"text\" id=\"quform_1_6_bb0878\" name=\"quform_1_6\" class=\"quform-field quform-field-text quform-field-1_6\" placeholder=\"Votre num\u00e9ro de t\u00e9l\u00e9phone\" \/><\/div><\/div><\/div><\/div><div class=\"quform-element quform-element-text quform-element-1_7 quform-cf quform-labels-left quform-element-required\"><div class=\"quform-spacer\"><div class=\"quform-label quform-label-1_7\"><label class=\"quform-label-text\" for=\"quform_1_7_bb0878\">Pays<span class=\"quform-required\">*<\/span><\/label><\/div><div class=\"quform-inner quform-inner-text quform-inner-1_7\"><div class=\"quform-input quform-input-text quform-input-1_7 quform-cf\"><input type=\"text\" id=\"quform_1_7_bb0878\" name=\"quform_1_7\" class=\"quform-field quform-field-text quform-field-1_7\" placeholder=\"Votre pays\" \/><\/div><\/div><\/div><\/div><div class=\"quform-element quform-element-select quform-element-1_13 quform-cf quform-labels-left quform-element-required\"><div class=\"quform-spacer\"><div class=\"quform-label quform-label-1_13\"><label class=\"quform-label-text\" for=\"quform_1_13_bb0878\">Application<span class=\"quform-required\">*<\/span><\/label><\/div><div class=\"quform-inner quform-inner-select quform-inner-1_13\"><div class=\"quform-input quform-input-select quform-input-1_13 quform-cf\"><select id=\"quform_1_13_bb0878\" name=\"quform_1_13\" class=\"quform-field quform-field-select quform-field-1_13\"><option value=\"\" selected=\"selected\">Application pour laquelle vous envisagez d\u2019utiliser Cellcom<\/option><option value=\"Shoes Soles\">Shoes Soles<\/option><option value=\"Themoplastics\">Themoplastics<\/option><option value=\"Lightweight foam\">Lightweight foam<\/option><option value=\"Floor coverings\">Floor coverings<\/option><option value=\"Wall coverings\">Wall coverings<\/option><option value=\"Artificial leather\">Artificial leather<\/option><option value=\"Pipe\">Pipe<\/option><option value=\"Thermal insulation\">Thermal insulation<\/option><option value=\"Automotive interior\">Automotive interior<\/option><option value=\"Weatherstrips\">Weatherstrips<\/option><option value=\"Paint\">Paint<\/option><option value=\"Masterbatch\">Masterbatch<\/option><\/select><\/div><\/div><\/div><\/div><div class=\"quform-element quform-element-textarea quform-element-1_11 quform-cf quform-labels-left quform-element-optional\"><div class=\"quform-spacer\"><div class=\"quform-label quform-label-1_11\"><label class=\"quform-label-text\" for=\"quform_1_11_bb0878\">Questions<\/label><\/div><div class=\"quform-inner quform-inner-textarea quform-inner-1_11\"><div class=\"quform-input quform-input-textarea quform-input-1_11 quform-cf\"><textarea id=\"quform_1_11_bb0878\" name=\"quform_1_11\" class=\"quform-field quform-field-textarea quform-field-1_11\" placeholder=\"Vos questions\"><\/textarea><\/div><\/div><\/div><\/div><div class=\"quform-element quform-element-captcha quform-element-1_14 quform-cf quform-labels-left quform-element-required\"><div class=\"quform-spacer\"><div class=\"quform-label quform-label-1_14\"><label class=\"quform-label-text\" for=\"quform_1_14_bb0878\">Veuillez saisir les caract\u00e8res<span class=\"quform-required\">*<\/span><\/label><\/div><div class=\"quform-inner quform-inner-captcha quform-inner-1_14\"><div class=\"quform-input quform-input-captcha quform-input-1_14 quform-cf\"><input type=\"text\" id=\"quform_1_14_bb0878\" name=\"quform_1_14\" class=\"quform-field quform-field-captcha quform-field-1_14\" \/><\/div><div class=\"quform-captcha quform-cf\"><div class=\"quform-captcha-image quform-captcha-image-1_14\"><img src=\"data:image\/png;base64,iVBORw0KGgoAAAANSUhEUgAAAOYAAABQBAMAAAD\/1xTgAAAAJFBMVEX\/\/\/8iIiLHx8eQkJB0dHSsrKw9PT3j4+NZWVlfX19VVVVLS0uhJJijAAAACXBIWXMAAA7EAAAOxAGVKw4bAAAEZElEQVRoge1YS3PTSBCWJdty7V7SxAgd5c0mcIzzwscIQuAY7RrC0QOGcJSqcNijxRaP6\/7j7Z6HNFIsK6MEn\/Qd4pJKM1\/316+ZWFaLFi1atGjRokWL+4A7ZfDp6V122AlMKUMgvGzMaIfw0HDJHghcNKT8kwEMzZb0JKWxrQLuCa3dNlsUoZWPrR0ArxFnnyjngdEaF8CPBXUDcQ\/jUYOwdAGW9ItB2TemHMB2AkNjTrST3ER3dc7e4\/qV7mty8q8XVmrKGcr4M8EtkcL8IK5YIbFIYTkGeERbrFdocfQ8KBjLV1lUMQ\/ytzYFyfv3cs1Gb\/GLrZBXSQ3nG9pLVwIrZelOmDe\/3NX86srymVft0+N9ZEZ\/A2sMp2sor6FcTLj70\/RGH+qrmq3ajFO+5z+zEmcpJCjZ8PikEDjcPZT7awIl8GD3Fb1bVnCmooeMcfEQy0z7bM97UXITXXQKqd2BDFr\/GsMWhvpvVsk5BkbfR3CE4hY4MRd9PXghsXUpBJpHiGex+6bgaCrUGlVyOgd92mYELxnMRqhvBhm8L\/LR5a7YhYZMnD+E5TKBxcILIUIVJ4\/TFRkVwXaBk5FiOBxlO+xiOdhHZ4eam9QSRJ\/taeLifrEbE+dpJScaOUSLZwOAiCKh8I8KFe+omC+zz\/T0ocgp6zLNm7wD3oTC0l3XYFDciw5sYYEzndOymSS9oqcEvt2ogASUMFGez6pU9r9Y1UCyK+SkoGhRsYS6vKcInxj4h5NChiZZPYzy3EqUPGsoSVy\/j2z9Eif1MO\/sO5k8ZR\/\/w4eAN4Yg+6KTcSb5a5pPP9M15cmBkXyLgaGZr2vriFCi+56wfEai6GU30P1U2ibgI\/2TmvHv0q4PeX\/QbeuLx+z4ITzR88zJjETDMkP8oPRmJSJRiteFxkZ68cxLFee+eJuPEDc7BzEtzGKPQc0w7srePS2cU8fShLHi5Pt39LEVghdLh9Vb+9U38VtzdMAgrVA\/lamHnB9im7yNy5zXeR9ayldKHat6rgiMSlXCDVF2pNyZ36S4iZ5nvazfeioqoaKv43RWfNCTdkhuWybuuJBnme6Z8+o4VqctRvLZjVdd2WR6csOUJ6ldGCxZUvtZ8jHZHYsT6JboSEMHkjvhnFHppP9ZdKrcJXX9GNXUykqodtaRuv+O3jw\/v9FeFud43gryZzTtq8UFMLwSUJGFclREObccqWtBavvHeEoQo8EAe96BKvNQijQSZ5Cag2t+UzMOJ8tzUePePV53aJWQN1K9jG8HISP5ZKv+xmqmUwY7vJ0gZYgeSw46skxtgzvm7tHZsTGlOpicLgI1r5wVreqeseACfeWHZt4\/+zVD+F5AN\/0J95Y\/Jk2umMawT3xxnnofWPlk++WQVyzKpbThvwzMMRWkzvySmfeyprDPqYXzHvSr01bDTgpDPibfbY7Tcqf7EVd4vpkkkhiIsJpOirthh2UHv83BnTQZFXcF\/Utn05yW9cfmKVu0aNHifvE\/sbS65oenGrkAAAAASUVORK5CYII=\" alt=\"CAPTCHA image\" data-element-id=\"14\" width=\"115\" height=\"40\" \/><\/div><\/div><p class=\"quform-description quform-description-below\">This helps us prevent spam, thank you.<\/p><\/div><\/div><\/div><div class=\"quform-element quform-element-submit quform-element-1_2 quform-cf quform-button-size-medium quform-button-width-medium\"><div class=\"quform-button-submit quform-button-submit-default quform-button-submit-1_2\"><button name=\"quform_submit\" type=\"submit\" class=\"quform-submit\" value=\"submit\"><span class=\"quform-button-text quform-button-submit-text\">Send<\/span><\/button><\/div><div class=\"quform-loading quform-loading-position-left quform-loading-type-spinner-1\"><div class=\"quform-loading-inner\"><div class=\"quform-loading-spinner\"><div class=\"quform-loading-spinner-inner\"><\/div><\/div><\/div><\/div><\/div><div class=\"quform-element-tree\"><label for=\"quform_1_0_bb0878\">This field should be left blank<\/label><input type=\"text\" id=\"quform_1_0_bb0878\" name=\"quform_1_0\" class=\"quform-field quform-field-tree quform-field-1_0\" tabindex=\"-1\" autocomplete=\"off\" \/><\/div><\/div><\/div><\/div><\/div><\/form><\/div>[\/vc_column_text][\/vc_column][\/vc_row]<\/p>\n","protected":false},"excerpt":{"rendered":"<p>[vc_row css_animation=&#8221;&#8221; row_type=&#8221;row&#8221; use_row_as_full_screen_section=&#8221;no&#8221; type=&#8221;grid&#8221; angled_section=&#8221;no&#8221; text_align=&#8221;left&#8221; background_image_as_pattern=&#8221;without_pattern&#8221; el_class=&#8221;kyc-headtitle&#8221; z_index=&#8221;&#8221; css=&#8221;.vc_custom_1568081050701{background-image: url(https:\/\/ky-europe.com\/kumyang2\/wp-content\/uploads\/sites\/6\/2019\/09\/headcover3.png?id=732) !important;}&#8221;][vc_column el_class=&#8221;title-line&#8221;][vc_column_text] Nous contacter Nous sommes toujours ouverts aux commentaires de nos clients [\/vc_column_text][\/vc_column][\/vc_row][vc_row css_animation=&#8221;&#8221; row_type=&#8221;row&#8221; use_row_as_full_screen_section=&#8221;no&#8221; type=&#8221;grid&#8221; angled_section=&#8221;no&#8221; text_align=&#8221;left&#8221; background_image_as_pattern=&#8221;without_pattern&#8221; z_index=&#8221;&#8221; el_class=&#8221;aboutkyc-02-1&#8243;][vc_column width=&#8221;1\/2&#8243; el_class=&#8221;text_lecen&#8221;][vc_column_text] Nous sommes toujours&#8230;<\/p>\n","protected":false},"author":4,"featured_media":0,"parent":0,"menu_order":0,"comment_status":"closed","ping_status":"closed","template":"full_width.php","meta":{"_mi_skip_tracking":false,"_monsterinsights_sitenote_active":false,"_monsterinsights_sitenote_note":"","_monsterinsights_sitenote_category":0},"_links":{"self":[{"href":"https:\/\/ky-europe.com\/fr\/wp-json\/wp\/v2\/pages\/721"}],"collection":[{"href":"https:\/\/ky-europe.com\/fr\/wp-json\/wp\/v2\/pages"}],"about":[{"href":"https:\/\/ky-europe.com\/fr\/wp-json\/wp\/v2\/types\/page"}],"author":[{"embeddable":true,"href":"https:\/\/ky-europe.com\/fr\/wp-json\/wp\/v2\/users\/4"}],"replies":[{"embeddable":true,"href":"https:\/\/ky-europe.com\/fr\/wp-json\/wp\/v2\/comments?post=721"}],"version-history":[{"count":15,"href":"https:\/\/ky-europe.com\/fr\/wp-json\/wp\/v2\/pages\/721\/revisions"}],"predecessor-version":[{"id":2047,"href":"https:\/\/ky-europe.com\/fr\/wp-json\/wp\/v2\/pages\/721\/revisions\/2047"}],"wp:attachment":[{"href":"https:\/\/ky-europe.com\/fr\/wp-json\/wp\/v2\/media?parent=721"}],"curies":[{"name":"wp","href":"https:\/\/api.w.org\/{rel}","templated":true}]}}