{"id":734,"date":"2019-09-10T02:05:51","date_gmt":"2019-09-10T02:05:51","guid":{"rendered":"https:\/\/ky-europe.com\/kumyang2\/?page_id=734"},"modified":"2020-09-08T17:56:02","modified_gmt":"2020-09-08T15:56:02","slug":"request-sample","status":"publish","type":"page","link":"https:\/\/ky-europe.com\/fr\/request-sample\/","title":{"rendered":"Demander un \u00e9chantillon"},"content":{"rendered":"<p>[vc_row css_animation=&#8221;&#8221; row_type=&#8221;row&#8221; use_row_as_full_screen_section=&#8221;no&#8221; type=&#8221;grid&#8221; angled_section=&#8221;no&#8221; text_align=&#8221;left&#8221; background_image_as_pattern=&#8221;without_pattern&#8221; el_class=&#8221;kyc-headtitle&#8221; z_index=&#8221;&#8221; css=&#8221;.vc_custom_1568081629334{background-image: url(https:\/\/ky-europe.com\/kumyang2\/wp-content\/uploads\/sites\/6\/2019\/09\/headcover4.png?id=738) !important;}&#8221;][vc_column el_class=&#8221;title-line&#8221;][vc_column_text]<\/p>\n<div class=\"headtitle-main\">Demander un \u00e9chantillon<\/div>\n<div class=\"headtitle-sub\">Nous sommes toujours ouverts aux commentaires de nos clients<\/div>\n<div class=\"headtitle-kycline\"><\/div>\n<p>[\/vc_column_text][\/vc_column][\/vc_row][vc_row css_animation=&#8221;&#8221; row_type=&#8221;row&#8221; use_row_as_full_screen_section=&#8221;no&#8221; type=&#8221;grid&#8221; angled_section=&#8221;no&#8221; text_align=&#8221;left&#8221; background_image_as_pattern=&#8221;without_pattern&#8221; z_index=&#8221;&#8221; el_class=&#8221;aboutkyc-02-1&#8243;][vc_column width=&#8221;1\/2&#8243; el_class=&#8221;text_lecen&#8221;][vc_column_text]<\/p>\n<div class=\"body20 lh30 font_400 color_black\">Nous vous r\u00e9pondons toujours lorsque vous<\/div>\n<div class=\"body30 lh40 font_500 color_ky01 text_cap\">Demander un \u00e9chantillon<\/div>\n<p>[\/vc_column_text][vc_empty_space height=&#8221;15px&#8221;][vc_column_text]<\/p>\n<div class=\"body16 lh26 font_400 color_grey3\">Merci de compl\u00e9ter ce formulaire si vous avez des questions \u00e0 nous poser.<br \/>\nNous nous r\u00e9jouissons de recevoir vos questions !<\/div>\n<p>[\/vc_column_text][vc_empty_space height=&#8221;30px&#8221; el_class=&#8221;i1mo&#8221;][\/vc_column][vc_column width=&#8221;1\/2&#8243;][vc_column_text el_class=&#8221;contact&#8221;]<div id=\"quform-328142\" class=\"quform quform-2 quform-support-page-caching\"><form id=\"quform-form-328142\" class=\"quform-form quform-form-2\" action=\"\/fr\/wp-json\/wp\/v2\/pages\/734#quform-328142\" method=\"post\" enctype=\"multipart\/form-data\" novalidate=\"novalidate\" data-options=\"{&quot;id&quot;:2,&quot;uniqueId&quot;:&quot;328142&quot;,&quot;theme&quot;:&quot;&quot;,&quot;ajax&quot;:true,&quot;logic&quot;:{&quot;logic&quot;:[],&quot;dependents&quot;:[],&quot;elementIds&quot;:[],&quot;dependentElementIds&quot;:[],&quot;animate&quot;:true},&quot;currentPageId&quot;:1,&quot;errorsIcon&quot;:&quot;&quot;,&quot;updateFancybox&quot;:true,&quot;hasPages&quot;:false,&quot;pages&quot;:[1],&quot;pageProgressType&quot;:&quot;numbers&quot;,&quot;tooltipsEnabled&quot;:true,&quot;tooltipClasses&quot;:&quot;qtip-quform-dark qtip-shadow&quot;,&quot;tooltipMy&quot;:&quot;left center&quot;,&quot;tooltipAt&quot;:&quot;right center&quot;,&quot;isRtl&quot;:false,&quot;scrollOffset&quot;:-50,&quot;scrollSpeed&quot;:800}\"><button class=\"quform-default-submit\" name=\"quform_submit\" type=\"submit\" value=\"submit\"><\/button><div class=\"quform-form-inner quform-form-inner-2\"><input type=\"hidden\" name=\"quform_form_id\" value=\"2\" \/><input type=\"hidden\" name=\"quform_form_uid\" value=\"328142\" \/><input type=\"hidden\" name=\"quform_count\" value=\"1\" \/><input type=\"hidden\" name=\"form_url\" value=\"https:\/\/ky-europe.com\/fr\/wp-json\/wp\/v2\/pages\/734\" \/><input type=\"hidden\" name=\"referring_url\" value=\"\" \/><input type=\"hidden\" name=\"post_id\" value=\"\" \/><input type=\"hidden\" name=\"post_title\" value=\"\" \/><input type=\"hidden\" name=\"quform_current_page_id\" value=\"1\" \/><input type=\"hidden\" name=\"quform_csrf_token\" value=\"P5qZcm2QDn1sVdV3Qa6HmnTHDrKwfvhHgGVMYmV2\" \/><div class=\"quform-elements quform-elements-2 quform-cf quform-responsive-elements-phone-landscape\"><div class=\"quform-element quform-element-page quform-page-1 quform-page-2_1 quform-cf quform-group-style-plain quform-first-page quform-last-page quform-current-page\"><div class=\"quform-child-elements\"><div class=\"quform-element quform-element-text quform-element-2_4 quform-cf quform-labels-left quform-element-required\"><div class=\"quform-spacer\"><div class=\"quform-label quform-label-2_4\"><label class=\"quform-label-text\" for=\"quform_2_4_328142\">Nom<span class=\"quform-required\">*<\/span><\/label><\/div><div class=\"quform-inner quform-inner-text quform-inner-2_4\"><div class=\"quform-input quform-input-text quform-input-2_4 quform-cf\"><input type=\"text\" id=\"quform_2_4_328142\" name=\"quform_2_4\" class=\"quform-field quform-field-text quform-field-2_4\" placeholder=\"Votre nom, pr\u00e9nom\" \/><\/div><\/div><\/div><\/div><div class=\"quform-element quform-element-text quform-element-2_3 quform-cf quform-labels-left quform-element-required\"><div class=\"quform-spacer\"><div class=\"quform-label quform-label-2_3\"><label class=\"quform-label-text\" for=\"quform_2_3_328142\">Soci\u00e9t\u00e9<span class=\"quform-required\">*<\/span><\/label><\/div><div class=\"quform-inner quform-inner-text quform-inner-2_3\"><div class=\"quform-input quform-input-text quform-input-2_3 quform-cf\"><input type=\"text\" id=\"quform_2_3_328142\" name=\"quform_2_3\" class=\"quform-field quform-field-text quform-field-2_3\" placeholder=\"Votre soci\u00e9t\u00e9\" \/><\/div><\/div><\/div><\/div><div class=\"quform-element quform-element-email quform-element-2_5 quform-cf quform-labels-left quform-element-required\"><div class=\"quform-spacer\"><div class=\"quform-label quform-label-2_5\"><label class=\"quform-label-text\" for=\"quform_2_5_328142\">E-mail<span class=\"quform-required\">*<\/span><\/label><\/div><div class=\"quform-inner quform-inner-email quform-inner-2_5\"><div class=\"quform-input quform-input-email quform-input-2_5 quform-cf\"><input type=\"email\" id=\"quform_2_5_328142\" name=\"quform_2_5\" class=\"quform-field quform-field-email quform-field-2_5\" placeholder=\"Votre adresse e-mail\" \/><\/div><\/div><\/div><\/div><div class=\"quform-element quform-element-text quform-element-2_6 quform-cf quform-labels-left quform-element-optional\"><div class=\"quform-spacer\"><div class=\"quform-label quform-label-2_6\"><label class=\"quform-label-text\" for=\"quform_2_6_328142\">Num\u00e9ro de t\u00e9l\u00e9phone<\/label><\/div><div class=\"quform-inner quform-inner-text quform-inner-2_6\"><div class=\"quform-input quform-input-text quform-input-2_6 quform-cf\"><input type=\"text\" id=\"quform_2_6_328142\" name=\"quform_2_6\" class=\"quform-field quform-field-text quform-field-2_6\" placeholder=\"Votre num\u00e9ro de t\u00e9l\u00e9phone\" \/><\/div><\/div><\/div><\/div><div class=\"quform-element quform-element-text quform-element-2_7 quform-cf quform-labels-left quform-element-required\"><div class=\"quform-spacer\"><div class=\"quform-label quform-label-2_7\"><label class=\"quform-label-text\" for=\"quform_2_7_328142\">Pays<span class=\"quform-required\">*<\/span><\/label><\/div><div class=\"quform-inner quform-inner-text quform-inner-2_7\"><div class=\"quform-input quform-input-text quform-input-2_7 quform-cf\"><input type=\"text\" id=\"quform_2_7_328142\" name=\"quform_2_7\" class=\"quform-field quform-field-text quform-field-2_7\" placeholder=\"Votre pays\" \/><\/div><\/div><\/div><\/div><div class=\"quform-element quform-element-select quform-element-2_13 quform-cf quform-labels-left quform-element-required\"><div class=\"quform-spacer\"><div class=\"quform-label quform-label-2_13\"><label class=\"quform-label-text\" for=\"quform_2_13_328142\">Applications<span class=\"quform-required\">*<\/span><\/label><\/div><div class=\"quform-inner quform-inner-select quform-inner-2_13\"><div class=\"quform-input quform-input-select quform-input-2_13 quform-cf\"><select id=\"quform_2_13_328142\" name=\"quform_2_13\" class=\"quform-field quform-field-select quform-field-2_13\"><option value=\"\" selected=\"selected\">Application pour laquelle vous envisagez d\u2019utiliser Cellcom<\/option><option value=\"Shoes Soles\">Shoes Soles<\/option><option value=\"Themoplastics\">Themoplastics<\/option><option value=\"Lightweight foam\">Lightweight foam<\/option><option value=\"Floor coverings\">Floor coverings<\/option><option value=\"Wall coverings\">Wall coverings<\/option><option value=\"Artificial leather\">Artificial leather<\/option><option value=\"Pipe\">Pipe<\/option><option value=\"Thermal insulation\">Thermal insulation<\/option><option value=\"Automotive interior\">Automotive interior<\/option><option value=\"Weatherstrips\">Weatherstrips<\/option><option value=\"Paint\">Paint<\/option><option value=\"Masterbatch\">Masterbatch<\/option><\/select><\/div><\/div><\/div><\/div><div class=\"quform-element quform-element-captcha quform-element-2_14 quform-cf quform-labels-left quform-element-required\"><div class=\"quform-spacer\"><div class=\"quform-label quform-label-2_14\"><label class=\"quform-label-text\" for=\"quform_2_14_328142\">Veuillez saisir les caract\u00e8res<span class=\"quform-required\">*<\/span><\/label><\/div><div class=\"quform-inner quform-inner-captcha quform-inner-2_14\"><div class=\"quform-input quform-input-captcha quform-input-2_14 quform-cf\"><input type=\"text\" id=\"quform_2_14_328142\" name=\"quform_2_14\" class=\"quform-field quform-field-captcha quform-field-2_14\" \/><\/div><div class=\"quform-captcha quform-cf\"><div class=\"quform-captcha-image quform-captcha-image-2_14\"><img src=\"data:image\/png;base64,iVBORw0KGgoAAAANSUhEUgAAAOYAAABQBAMAAAD\/1xTgAAAAG1BMVEX\/\/\/8iIiLHx8eQkJBZWVk9PT2srKx0dHTj4+PntVPKAAAACXBIWXMAAA7EAAAOxAGVKw4bAAAEO0lEQVRoge1XQXfTOBBWbCf2cSeJHY4xbx\/tMd5S4IiXFDjGQOkeY1gKx7oNdI92+0r7sxmNZEV2E4Xn17cnfYc4cSR9mplvZiTGLCwsLCwsLCwsduPq81FY\/q+MX48AcWYcExzCq4fi+3kw9YDw0jjuBkf88xCET55mAMOKKMOlcSgOhFFXHufp0fwZfRtkRDbq88+hedYAIINJR0qXiCYlfhX2wTA42AdYmKf5MKq62ukI22g6cYY\/kN7ZFU1U2dCDt904cwClGB9OMhjzty7AzDTrC58x+9SNEsMC7z89+Q6CiyUAU3x44rENPu1y3I2SxVJ8BcCSPyvhVFSRaVYhXGNO4K3IpEGSi1sQ0U+TEdw5F4cAjzpRuoKCsRTgD\/4MUESMR9kkyT5tsNDHOMfH8\/nljP0smbN\/Z+SszUMqwckDuuSfpvSMyQt93ReidI2CLAooEd5tn40MZc25qG1YcLNNfsvJOT55RILKCEzwcS2K2PbZWb3XohaqQ6LKjCVBcHr6wgNiijDzDnZwIkHkrLLjV1jWI6bYy8CsyYqKXtzQWRBDdDrFyW9Xx9zirZNRpSNyf\/hCxR1DfDaQmbMFff43FrCGzno8HBQiB0KDivqgoDiQ75Erw7wF6J7xQdoqydxT+Acyu0bR99aca2ekMPFMGmCij0GrVLm4BK9PEbKbRY9u\/Ys5h3qHxpc3ejwO31yc7jemyZ7ezAf0KPptgjZWMu02I6+5cq3\/4mZTpShGMULX3\/7HHt9p0wA+thbDeFTwEYWVGwWY14WaB6KULymptfQkR55lIQY6\/HDO3xQwvrz4xu6aSklhmcALLNSpUYCJWjzRmlcODXlgFoznmOlfyTrB+ZI5z3Ev41ljsbMUphncmftDosLY02i8Vsvo4S9U+Pkqk5wJTFYipPp5NIYFGXlqbnK5ss6DdeAdaKanhxuL+e568De16Wotd80fPYhQegmsdDFs5JSL+3oI06Z3fFy5GOOeYpkdotCF86PGyQ8TDNlyPJoZe1ylc64FnjS9M8BFYIgfRZ21t0jJj02N8ueS9CrYcZTqK9\/2JecVroQaaSS1A8MBxmrIlFW+nHevzC+otC1NnL7ak2ykHozL+10FRj4mSzRQW4nlN0+3k\/fDGQmwNHEG6uhciJ3Tw2\/vNJv0YJqOPOW0VLqneZxIOdtg59mskGqvawJlSdKutkWYAysmldqKdO1180h0Qwaku24xlaya8vjH3TP98969IYcUkyBMlNNEjuy1Q\/eY\/+++KZkRPO6vy2CvFlvWamwCMYgkUIUf3fPseQpgzsRtUMd44WPxs71Sj\/sw1syP60nTLpz1dUVePdyNK9HZstKKjispl10o62uZaky3GZzcW4mODX39CkP3lZP23n4bDl5zRYsSKDeM+fech15X8+fLi\/0NAx8ae8abmoWFhYWFhYWFhQX7BSCIskZRxg7XAAAAAElFTkSuQmCC\" alt=\"CAPTCHA image\" data-element-id=\"14\" width=\"115\" height=\"40\" \/><\/div><\/div><p class=\"quform-description quform-description-below\">This helps us prevent spam, thank you.<\/p><\/div><\/div><\/div><div class=\"quform-element quform-element-submit quform-element-2_2 quform-cf quform-button-size-medium quform-button-width-medium\"><div class=\"quform-button-submit quform-button-submit-default quform-button-submit-2_2\"><button name=\"quform_submit\" type=\"submit\" class=\"quform-submit\" value=\"submit\"><span class=\"quform-button-text quform-button-submit-text\">Send<\/span><\/button><\/div><div class=\"quform-loading quform-loading-position-left quform-loading-type-spinner-1\"><div class=\"quform-loading-inner\"><div class=\"quform-loading-spinner\"><div class=\"quform-loading-spinner-inner\"><\/div><\/div><\/div><\/div><\/div><div class=\"quform-element-tree\"><label for=\"quform_2_0_328142\">This field should be left blank<\/label><input type=\"text\" id=\"quform_2_0_328142\" name=\"quform_2_0\" class=\"quform-field quform-field-tree quform-field-2_0\" tabindex=\"-1\" autocomplete=\"off\" \/><\/div><\/div><\/div><\/div><\/div><\/form><\/div>[\/vc_column_text][\/vc_column][\/vc_row]<\/p>\n","protected":false},"excerpt":{"rendered":"<p>[vc_row css_animation=&#8221;&#8221; row_type=&#8221;row&#8221; use_row_as_full_screen_section=&#8221;no&#8221; type=&#8221;grid&#8221; angled_section=&#8221;no&#8221; text_align=&#8221;left&#8221; background_image_as_pattern=&#8221;without_pattern&#8221; el_class=&#8221;kyc-headtitle&#8221; z_index=&#8221;&#8221; css=&#8221;.vc_custom_1568081629334{background-image: url(https:\/\/ky-europe.com\/kumyang2\/wp-content\/uploads\/sites\/6\/2019\/09\/headcover4.png?id=738) !important;}&#8221;][vc_column el_class=&#8221;title-line&#8221;][vc_column_text] Demander un \u00e9chantillon Nous sommes toujours ouverts aux commentaires de nos clients [\/vc_column_text][\/vc_column][\/vc_row][vc_row css_animation=&#8221;&#8221; row_type=&#8221;row&#8221; use_row_as_full_screen_section=&#8221;no&#8221; type=&#8221;grid&#8221; angled_section=&#8221;no&#8221; text_align=&#8221;left&#8221; background_image_as_pattern=&#8221;without_pattern&#8221; z_index=&#8221;&#8221; el_class=&#8221;aboutkyc-02-1&#8243;][vc_column width=&#8221;1\/2&#8243; el_class=&#8221;text_lecen&#8221;][vc_column_text] Nous vous&#8230;<\/p>\n","protected":false},"author":4,"featured_media":0,"parent":0,"menu_order":0,"comment_status":"closed","ping_status":"closed","template":"full_width.php","meta":{"_mi_skip_tracking":false,"_monsterinsights_sitenote_active":false,"_monsterinsights_sitenote_note":"","_monsterinsights_sitenote_category":0},"_links":{"self":[{"href":"https:\/\/ky-europe.com\/fr\/wp-json\/wp\/v2\/pages\/734"}],"collection":[{"href":"https:\/\/ky-europe.com\/fr\/wp-json\/wp\/v2\/pages"}],"about":[{"href":"https:\/\/ky-europe.com\/fr\/wp-json\/wp\/v2\/types\/page"}],"author":[{"embeddable":true,"href":"https:\/\/ky-europe.com\/fr\/wp-json\/wp\/v2\/users\/4"}],"replies":[{"embeddable":true,"href":"https:\/\/ky-europe.com\/fr\/wp-json\/wp\/v2\/comments?post=734"}],"version-history":[{"count":8,"href":"https:\/\/ky-europe.com\/fr\/wp-json\/wp\/v2\/pages\/734\/revisions"}],"predecessor-version":[{"id":2050,"href":"https:\/\/ky-europe.com\/fr\/wp-json\/wp\/v2\/pages\/734\/revisions\/2050"}],"wp:attachment":[{"href":"https:\/\/ky-europe.com\/fr\/wp-json\/wp\/v2\/media?parent=734"}],"curies":[{"name":"wp","href":"https:\/\/api.w.org\/{rel}","templated":true}]}}