{"id":745,"date":"2019-09-10T02:22:47","date_gmt":"2019-09-10T02:22:47","guid":{"rendered":"https:\/\/ky-europe.com\/kumyang2\/?page_id=745"},"modified":"2020-09-08T17:19:57","modified_gmt":"2020-09-08T15:19:57","slug":"rd","status":"publish","type":"page","link":"https:\/\/ky-europe.com\/fr\/rd\/","title":{"rendered":"R&#038;D"},"content":{"rendered":"<p>[vc_row css_animation=&#8221;&#8221; row_type=&#8221;row&#8221; use_row_as_full_screen_section=&#8221;no&#8221; type=&#8221;grid&#8221; angled_section=&#8221;no&#8221; text_align=&#8221;left&#8221; background_image_as_pattern=&#8221;without_pattern&#8221; el_class=&#8221;kyc-headtitle&#8221; z_index=&#8221;&#8221; css=&#8221;.vc_custom_1571206884301{background-image: url(https:\/\/ky-europe.com\/fr\/wp-content\/uploads\/sites\/6\/2019\/10\/headcover-rnd1.png?id=1293) !important;}&#8221;][vc_column el_class=&#8221;title-line&#8221;][vc_column_text]<\/p>\n<div class=\"headtitle-main\">R&amp;D<\/div>\n<div class=\"headtitle-sub\">Augmenter la valeur future de l\u2019entreprise en cultivant un personnel comp\u00e9tent et en d\u00e9veloppant des technologies fondamentales<\/div>\n<div class=\"headtitle-kycline\"><\/div>\n<p>[\/vc_column_text][\/vc_column][\/vc_row][vc_row css_animation=&#8221;&#8221; row_type=&#8221;row&#8221; use_row_as_full_screen_section=&#8221;no&#8221; type=&#8221;grid&#8221; angled_section=&#8221;yes&#8221; angled_section_position=&#8221;bottom&#8221; angled_section_direction=&#8221;from_right_to_left&#8221; text_align=&#8221;center&#8221; background_image_as_pattern=&#8221;without_pattern&#8221; z_index=&#8221;&#8221; el_class=&#8221;aboutkyc-02-1&#8243;][vc_column width=&#8221;1\/6&#8243;][\/vc_column][vc_column width=&#8221;2\/3&#8243;][vc_column_text]<\/p>\n<div class=\"body20 lh30 font_400 color_black\">Pr\u00e9sentation<\/div>\n<div class=\"body30 lh40 font_500 color_ky01 text_cap\">R&amp;D de Kumyang<\/div>\n<p>[\/vc_column_text][vc_empty_space height=&#8221;15px&#8221;][vc_column_text]<\/p>\n<div class=\"body16 lh26 font_400 color_grey3\">Le d\u00e9partement technologie et d\u00e9veloppement de Kumyang est devenu le centre de r\u00e9f\u00e9rence pour le leader mondial des produits d\u2019agents gonflants au cours des 30 derni\u00e8res ann\u00e9es. Le d\u00e9partement R&amp;D de Kumyang a \u00e9t\u00e9 sp\u00e9cialement organis\u00e9 pour d\u00e9velopper des mat\u00e9riaux chimiques de pr\u00e9cision en mettant l\u2019accent sur les nouvelles technologies et applications des agents gonflants gr\u00e2ce au d\u00e9veloppement d\u2019agents gonflants hautement fonctionnels. Pour le futur. Le d\u00e9partement R&amp;D de Kumyang vise \u00e0 repousser les limites de la technologie actuelle en formant continuellement des techniciens comp\u00e9tents et en g\u00e9n\u00e9rant des performances de R&amp;D fondamentales pour contribuer \u00e0 la croissance florissante de Kumyang.<\/div>\n<p>[\/vc_column_text][\/vc_column][vc_column width=&#8221;1\/6&#8243;][\/vc_column][\/vc_row][vc_row css_animation=&#8221;&#8221; row_type=&#8221;row&#8221; use_row_as_full_screen_section=&#8221;no&#8221; type=&#8221;grid&#8221; angled_section=&#8221;yes&#8221; angled_section_position=&#8221;bottom&#8221; angled_section_direction=&#8221;from_right_to_left&#8221; text_align=&#8221;center&#8221; background_image_as_pattern=&#8221;without_pattern&#8221; z_index=&#8221;&#8221; el_class=&#8221;padding-t150 padding-b100&#8243; background_color=&#8221;#f2f2f2&#8243;][vc_column][vc_column_text]<\/p>\n<div class=\"body20 lh30 font_400 color_black\">Chronologie du d\u00e9partement<\/div>\n<div class=\"body30 lh40 font_500 color_ky01 text_cap\">R&amp;D de Kumyang<\/div>\n<p>[\/vc_column_text][vc_empty_space height=&#8221;50px&#8221;][vc_row_inner row_type=&#8221;row&#8221; type=&#8221;full_width&#8221; text_align=&#8221;center&#8221; css_animation=&#8221;&#8221; el_class=&#8221;rnd-history&#8221;][vc_column_inner width=&#8221;1\/3&#8243;][vc_single_image image=&#8221;1294&#8243; img_size=&#8221;full&#8221; qode_css_animation=&#8221;&#8221;][vc_empty_space height=&#8221;15px&#8221;][vc_column_text]<\/p>\n<h5>Cr\u00e9ation dans les ann\u00e9es 80<\/h5>\n<p>[\/vc_column_text][vc_empty_space height=&#8221;5px&#8221;][vc_column_text]Le d\u00e9partement R&amp;D de Kumyang a \u00e9t\u00e9 cr\u00e9\u00e9<br \/>\nen 1985[\/vc_column_text][\/vc_column_inner][vc_column_inner width=&#8221;1\/3&#8243;][vc_single_image image=&#8221;1237&#8243; img_size=&#8221;full&#8221; qode_css_animation=&#8221;&#8221;][vc_empty_space height=&#8221;15px&#8221;][vc_column_text]<\/p>\n<h5>1990\/2000<\/h5>\n<p>[\/vc_column_text][vc_empty_space height=&#8221;5px&#8221;][vc_column_text]Mise au point de grades d\u2019agents gonflants modifi\u00e9s \u00e0 haute performance et am\u00e9lioration de la technologie des applications[\/vc_column_text][\/vc_column_inner][vc_column_inner width=&#8221;1\/3&#8243;][vc_single_image image=&#8221;1236&#8243; img_size=&#8221;full&#8221; qode_css_animation=&#8221;&#8221;][vc_empty_space height=&#8221;15px&#8221;][vc_column_text]<\/p>\n<h5>\u00c0 partir de 2010<\/h5>\n<p>[\/vc_column_text][vc_empty_space height=&#8221;5px&#8221;][vc_column_text]D\u00e9veloppement de<br \/>\nmicrosph\u00e8res expansibles<br \/>\n[\/vc_column_text][\/vc_column_inner][\/vc_row_inner][\/vc_column][\/vc_row][vc_row css_animation=&#8221;&#8221; row_type=&#8221;row&#8221; use_row_as_full_screen_section=&#8221;no&#8221; type=&#8221;grid&#8221; angled_section=&#8221;yes&#8221; angled_section_position=&#8221;bottom&#8221; angled_section_direction=&#8221;from_right_to_left&#8221; text_align=&#8221;center&#8221; background_image_as_pattern=&#8221;without_pattern&#8221; z_index=&#8221;&#8221; el_class=&#8221;padding-t150 padding-b100 research&#8221; background_color=&#8221;#ffffff&#8221;][vc_column][vc_column_text]<\/p>\n<div class=\"body20 lh30 font_400 color_black\">Ce que nous cherchons<\/div>\n<div class=\"body30 lh40 font_500 color_ky01 text_cap\">Nos domaines de recherches<\/div>\n<p>[\/vc_column_text][vc_empty_space height=&#8221;70px&#8221;][vc_row_inner row_type=&#8221;row&#8221; type=&#8221;full_width&#8221; text_align=&#8221;left&#8221; css_animation=&#8221;&#8221;][vc_column_inner width=&#8221;1\/2&#8243;][vc_single_image image=&#8221;1242&#8243; img_size=&#8221;full&#8221; qode_css_animation=&#8221;&#8221;][vc_empty_space height=&#8221;20px&#8221; el_class=&#8221;i1mo&#8221;][\/vc_column_inner][vc_column_inner width=&#8221;1\/2&#8243;][vc_empty_space height=&#8221;100px&#8221; el_class=&#8221;i1pc&#8221;][vc_column_text]<\/p>\n<div class=\"body24 lh30 font_500 color_ky01 text_cap\">Agents gonflants<\/div>\n<p>[\/vc_column_text][vc_empty_space height=&#8221;15px&#8221;][vc_column_text]<\/p>\n<div class=\"body16 lh26 font_400 color_grey3\">Depuis notre cr\u00e9ation en 1985, nous nous effor\u00e7ons d\u2019am\u00e9liorer continuellement les performances des agents gonflants. Nous nous concentrerons sur le d\u00e9veloppement d\u2019agents gonflants \u00e0 haute performance, principalement en fonction des besoins de nos clients.<\/div>\n<p>[\/vc_column_text][\/vc_column_inner][\/vc_row_inner][vc_empty_space height=&#8221;60px&#8221;][vc_row_inner row_type=&#8221;row&#8221; type=&#8221;full_width&#8221; text_align=&#8221;left&#8221; css_animation=&#8221;&#8221;][vc_column_inner width=&#8221;1\/2&#8243;][vc_single_image image=&#8221;1243&#8243; img_size=&#8221;full&#8221; qode_css_animation=&#8221;&#8221; el_class=&#8221;i1mo&#8221;][vc_empty_space height=&#8221;20px&#8221; el_class=&#8221;i1mo&#8221;][vc_empty_space height=&#8221;72px&#8221; el_class=&#8221;i1pc&#8221;][vc_column_text]<\/p>\n<div class=\"body24 lh30 font_500 color_ky01 text_cap\">Microsph\u00e8res expansibles<\/div>\n<p>[\/vc_column_text][vc_empty_space height=&#8221;15px&#8221;][vc_column_text]<\/p>\n<div class=\"body16 lh26 font_400 color_grey3\">Les microsph\u00e8res expansibles, des agents gonflants physiques \u00e0 haute performance expansibles \u00e0 la chaleur, peuvent offrir une surface plus lisse et une forme press\u00e9e plus distincte par rapport aux agents gonflants chimiques g\u00e9n\u00e9ralement d\u00e9composables. Elles peuvent \u00eatre utilis\u00e9es pour produire des produits fins mouss\u00e9s comme le papier peint. Nous menons des recherches pour am\u00e9liorer les processus de production, en d\u00e9velopper de nouveaux et pr\u00e9parer de nouvelles qualit\u00e9s adapt\u00e9es aux diff\u00e9rents objectifs.<\/div>\n<p>[\/vc_column_text][\/vc_column_inner][vc_column_inner el_class=&#8221;i1pc&#8221; width=&#8221;1\/2&#8243;][vc_single_image image=&#8221;1243&#8243; img_size=&#8221;full&#8221; qode_css_animation=&#8221;&#8221;][\/vc_column_inner][\/vc_row_inner][vc_empty_space height=&#8221;60px&#8221;][vc_row_inner row_type=&#8221;row&#8221; type=&#8221;full_width&#8221; text_align=&#8221;left&#8221; css_animation=&#8221;&#8221;][vc_column_inner width=&#8221;1\/2&#8243;][vc_single_image image=&#8221;1244&#8243; img_size=&#8221;full&#8221; qode_css_animation=&#8221;&#8221;][\/vc_column_inner][vc_column_inner width=&#8221;1\/2&#8243;][vc_empty_space height=&#8221;20px&#8221; el_class=&#8221;i1mo&#8221;][vc_empty_space height=&#8221;110px&#8221; el_class=&#8221;i1pc&#8221;][vc_column_text]<\/p>\n<div class=\"body24 lh30 font_500 color_ky01 text_cap\">Dioxyde de titane<\/div>\n<p>[\/vc_column_text][vc_empty_space height=&#8221;15px&#8221;][vc_column_text]<\/p>\n<div class=\"body16 lh26 font_400 color_grey3\">Le dioxyde de titane est un pigment blanc tr\u00e8s populaire pour un usage g\u00e9n\u00e9ral comme les plastiques, le papier, etc. en raison de sa grande blancheur et de son opacit\u00e9. Nous effectuons des recherches pour am\u00e9liorer la dispersion, la r\u00e9sistance aux intemp\u00e9ries, la blancheur et l\u2019opacit\u00e9, etc.<\/div>\n<p>[\/vc_column_text][\/vc_column_inner][\/vc_row_inner][vc_empty_space height=&#8221;60px&#8221;][vc_row_inner row_type=&#8221;row&#8221; type=&#8221;full_width&#8221; text_align=&#8221;left&#8221; css_animation=&#8221;&#8221; el_class=&#8221;nonshadow&#8221;][vc_column_inner width=&#8221;1\/2&#8243;][vc_single_image image=&#8221;1275&#8243; img_size=&#8221;full&#8221; qode_css_animation=&#8221;&#8221; el_class=&#8221;i1mo&#8221;][vc_empty_space height=&#8221;20px&#8221; el_class=&#8221;i1mo&#8221;][vc_empty_space height=&#8221;70px&#8221; el_class=&#8221;i1pc&#8221;][vc_column_text]<\/p>\n<div class=\"body24 lh30 font_500 color_ky01 text_cap\">D\u00e9riv\u00e9s de l\u2019hydrazine<\/div>\n<p>[\/vc_column_text][vc_empty_space height=&#8221;15px&#8221;][vc_column_text]<\/p>\n<div class=\"body16 lh26 font_400 color_grey3\">L\u2019hydrate d\u2019hydrazine est utilis\u00e9 non seulement comme mati\u00e8re premi\u00e8re pour les agents gonflants, mais aussi comme antitartre, catalyseur de polym\u00e9risation pour la fibre de spandex, pr\u00e9curseur pour l\u2019agrochimie, les colorants et la chimie fine. Nous poursuivons le d\u00e9veloppement de nouveaux produits et l\u2019am\u00e9lioration du processus de production de l\u2019hydrate d\u2019hydrazine dans notre propre usine en Mongolie int\u00e9rieure.<\/div>\n<p>[\/vc_column_text][\/vc_column_inner][vc_column_inner el_class=&#8221;i1pc&#8221; width=&#8221;1\/2&#8243;][vc_single_image image=&#8221;797&#8243; img_size=&#8221;full&#8221; qode_css_animation=&#8221;&#8221;][\/vc_column_inner][\/vc_row_inner][vc_empty_space height=&#8221;40px&#8221;][vc_video link=&#8221;https:\/\/www.youtube.com\/watch?v=52OYYl89Ix8&amp;feature=youtu.be&#8221; align=&#8221;center&#8221;][\/vc_column][\/vc_row]<\/p>\n","protected":false},"excerpt":{"rendered":"<p>[vc_row css_animation=&#8221;&#8221; row_type=&#8221;row&#8221; use_row_as_full_screen_section=&#8221;no&#8221; type=&#8221;grid&#8221; angled_section=&#8221;no&#8221; text_align=&#8221;left&#8221; background_image_as_pattern=&#8221;without_pattern&#8221; el_class=&#8221;kyc-headtitle&#8221; z_index=&#8221;&#8221; css=&#8221;.vc_custom_1571206884301{background-image: url(https:\/\/ky-europe.com\/fr\/wp-content\/uploads\/sites\/6\/2019\/10\/headcover-rnd1.png?id=1293) !important;}&#8221;][vc_column el_class=&#8221;title-line&#8221;][vc_column_text] R&amp;D Augmenter la valeur future de l\u2019entreprise en cultivant un personnel comp\u00e9tent et en d\u00e9veloppant des technologies fondamentales [\/vc_column_text][\/vc_column][\/vc_row][vc_row css_animation=&#8221;&#8221; row_type=&#8221;row&#8221; use_row_as_full_screen_section=&#8221;no&#8221; type=&#8221;grid&#8221; angled_section=&#8221;yes&#8221; angled_section_position=&#8221;bottom&#8221; angled_section_direction=&#8221;from_right_to_left&#8221;&#8230;<\/p>\n","protected":false},"author":4,"featured_media":0,"parent":0,"menu_order":0,"comment_status":"closed","ping_status":"closed","template":"full_width.php","meta":{"_mi_skip_tracking":false,"_monsterinsights_sitenote_active":false,"_monsterinsights_sitenote_note":"","_monsterinsights_sitenote_category":0},"_links":{"self":[{"href":"https:\/\/ky-europe.com\/fr\/wp-json\/wp\/v2\/pages\/745"}],"collection":[{"href":"https:\/\/ky-europe.com\/fr\/wp-json\/wp\/v2\/pages"}],"about":[{"href":"https:\/\/ky-europe.com\/fr\/wp-json\/wp\/v2\/types\/page"}],"author":[{"embeddable":true,"href":"https:\/\/ky-europe.com\/fr\/wp-json\/wp\/v2\/users\/4"}],"replies":[{"embeddable":true,"href":"https:\/\/ky-europe.com\/fr\/wp-json\/wp\/v2\/comments?post=745"}],"version-history":[{"count":60,"href":"https:\/\/ky-europe.com\/fr\/wp-json\/wp\/v2\/pages\/745\/revisions"}],"predecessor-version":[{"id":2036,"href":"https:\/\/ky-europe.com\/fr\/wp-json\/wp\/v2\/pages\/745\/revisions\/2036"}],"wp:attachment":[{"href":"https:\/\/ky-europe.com\/fr\/wp-json\/wp\/v2\/media?parent=745"}],"curies":[{"name":"wp","href":"https:\/\/api.w.org\/{rel}","templated":true}]}}