{"id":834,"date":"2019-09-10T08:25:45","date_gmt":"2019-09-10T08:25:45","guid":{"rendered":"https:\/\/ky-europe.com\/kumyang2\/?page_id=834"},"modified":"2021-04-27T23:53:11","modified_gmt":"2021-04-27T21:53:11","slug":"titanium-dioxide","status":"publish","type":"page","link":"https:\/\/ky-europe.com\/fr\/titanium-dioxide\/","title":{"rendered":"Dioxyde de titane"},"content":{"rendered":"<p>[vc_row css_animation=&#8221;&#8221; row_type=&#8221;row&#8221; use_row_as_full_screen_section=&#8221;no&#8221; type=&#8221;grid&#8221; angled_section=&#8221;no&#8221; text_align=&#8221;left&#8221; background_image_as_pattern=&#8221;without_pattern&#8221; el_class=&#8221;kyc-headtitle&#8221; z_index=&#8221;&#8221; css=&#8221;.vc_custom_1571201689295{background-image: url(https:\/\/ky-europe.com\/fr\/wp-content\/uploads\/sites\/6\/2019\/10\/headcover-prd6.png?id=1288) !important;}&#8221;][vc_column width=&#8221;2\/3&#8243; el_class=&#8221;title-line&#8221;][vc_column_text]<\/p>\n<div class=\"headtitle-main\">Dioxyde de titane<\/div>\n<div class=\"headtitle-sub\">Solution au probl\u00e8me de l\u2019environnement sur le lieu de travail<\/div>\n<div class=\"headtitle-kycline\"><\/div>\n<p>[\/vc_column_text][\/vc_column][vc_column width=&#8221;1\/3&#8243;][\/vc_column][\/vc_row][vc_row css_animation=&#8221;&#8221; row_type=&#8221;row&#8221; use_row_as_full_screen_section=&#8221;no&#8221; type=&#8221;grid&#8221; angled_section=&#8221;no&#8221; text_align=&#8221;center&#8221; background_image_as_pattern=&#8221;without_pattern&#8221; z_index=&#8221;&#8221; background_color=&#8221;#ffffff&#8221; el_class=&#8221;padding-t50&#8243;][vc_column][vc_row_inner row_type=&#8221;row&#8221; type=&#8221;full_width&#8221; text_align=&#8221;center&#8221; css_animation=&#8221;&#8221;][vc_column_inner width=&#8221;1\/6&#8243;][\/vc_column_inner][vc_column_inner width=&#8221;2\/3&#8243;][vc_column_text]<\/p>\n<div class=\"body20 lh30 font_400 color_black\">Pr\u00e9sentation<\/div>\n<div class=\"body30 lh40 font_500 color_ky01 text_cap\">Dioxyde de titane<\/div>\n<p>[\/vc_column_text][vc_empty_space height=&#8221;20px&#8221;][vc_column_text]<\/p>\n<div class=\"body16 lh26 font_300 color_grey3\">Le dioxyde de titane est le pigment blanc le plus utilis\u00e9 en raison de sa brillance et de son indice de r\u00e9fraction tr\u00e8s \u00e9lev\u00e9 (n = 2,7). Le Ti02 est \u00e9galement un opacifiant efficace sous forme de poudre, lorsqu\u2019il est utilis\u00e9 comme pigment pour conf\u00e9rer blancheur et opacit\u00e9 \u00e0 des produits tels que les peintures, les rev\u00eatements, les plastiques, les papiers, les encres, les aliments, les m\u00e9dicaments (par exemple, les pilules et les comprim\u00e9s), ainsi que pour la plupart des dentifrices.<\/div>\n<p>[\/vc_column_text][\/vc_column_inner][vc_column_inner width=&#8221;1\/6&#8243;][\/vc_column_inner][\/vc_row_inner][vc_empty_space height=&#8221;50px&#8221;][\/vc_column][\/vc_row][vc_row css_animation=&#8221;&#8221; row_type=&#8221;row&#8221; use_row_as_full_screen_section=&#8221;no&#8221; type=&#8221;grid&#8221; angled_section=&#8221;no&#8221; text_align=&#8221;left&#8221; background_image_as_pattern=&#8221;without_pattern&#8221; el_class=&#8221;kyc-tabs product-description padding-b75&#8243; z_index=&#8221;&#8221;][vc_column]<div class=\"qode-advanced-tabs qode-advanced-tabs qode-advanced-horizontal-tab clearfix qode-advanced-tab-without-icon qode-advanced-tabs-column-2 clearfix\">\n\t<ul class=\"qode-advanced-tabs-nav\">\n\t\t\t\t\t<li>\n\t\t\t\t<h6>\n\t\t\t\t\t<a href=\"#tab-type-rutile\">\n\t\t\t\t\t\t\n\t\t\t\t\t\t\t\t\t\t\t\t\t<span class=\"qode-advanced-tab-text-after-icon\">\n\t\t\t\t\t\t\t\tTYPE RUTILE\t\t\t\t\t\t\t<\/span>\n\t\t\t\t\t\t\t\t\t\t\t<\/a>\n\t\t\t\t<\/h6>\n\t\t\t<\/li>\n\t\t\t\t\t<li>\n\t\t\t\t<h6>\n\t\t\t\t\t<a href=\"#tab-type-anatase\">\n\t\t\t\t\t\t\n\t\t\t\t\t\t\t\t\t\t\t\t\t<span class=\"qode-advanced-tab-text-after-icon\">\n\t\t\t\t\t\t\t\tTYPE ANATASE\t\t\t\t\t\t\t<\/span>\n\t\t\t\t\t\t\t\t\t\t\t<\/a>\n\t\t\t\t<\/h6>\n\t\t\t<\/li>\n\t\t\t<\/ul>\n\t<div class=\"qode-advanced-tab-container\" id=\"tab-type-rutile-542\" data-icon-pack=\"\" data-icon-html=\"\">[vc_row_inner row_type=&#8221;row&#8221; type=&#8221;full_width&#8221; text_align=&#8221;left&#8221; css_animation=&#8221;&#8221;][vc_column_inner width=&#8221;1\/2&#8243;][vc_column_text]<\/p>\n<div class=\"application-title\">CARACT\u00c9RISTIQUES<\/div>\n<div class=\"application-text\">Le dioxyde de titane de type rutile peut \u00eatre utilis\u00e9 pour la peinture pr\u00e9sentant une grande opacit\u00e9. Il poss\u00e8de une propri\u00e9t\u00e9 optique inactive gr\u00e2ce \u00e0 un cristal tr\u00e8s stable physiquement et chimiquement. Il poss\u00e8de d\u2019excellentes performances optiques, une blancheur, une l\u00e9g\u00e8ret\u00e9 et une brillance \u00e9lev\u00e9es, un fort pouvoir de r\u00e9duction des couleurs, un pouvoir masquant, de bonnes propri\u00e9t\u00e9s dispersibles et une super durabilit\u00e9.<\/div>\n<p>[\/vc_column_text][vc_empty_space height=&#8221;20px&#8221; el_class=&#8221;i1mo&#8221;][\/vc_column_inner][vc_column_inner width=&#8221;1\/2&#8243;][vc_column_text]<\/p>\n<div class=\"application-title\">Crystal habit<\/div>\n<div class=\"application-text\"><\/div>\n<p>[\/vc_column_text][vc_empty_space height=&#8221;10px&#8221;][vc_single_image image=&#8221;1200&#8243; img_size=&#8221;full&#8221; qode_css_animation=&#8221;&#8221;][\/vc_column_inner][\/vc_row_inner][vc_separator type=&#8221;normal&#8221; color=&#8221;#cccccc&#8221; up=&#8221;30&#8243; down=&#8221;30&#8243;][vc_column_text]<\/p>\n<div class=\"application-title\">Application<\/div>\n<div class=\"application-text\">Les mousses de PVC (chlorure de polyvinyle) incorpor\u00e9es avec un agent gonflant sont des tubes isolants, du cuir synth\u00e9tique, des sandales, des rev\u00eatements muraux, des rev\u00eatements de sol, etc.<\/div>\n<p>[\/vc_column_text][vc_empty_space height=&#8221;20px&#8221;][vc_row_inner row_type=&#8221;row&#8221; type=&#8221;full_width&#8221; text_align=&#8221;left&#8221; css_animation=&#8221;&#8221;][vc_column_inner width=&#8221;1\/4&#8243;][vc_single_image image=&#8221;1203&#8243; img_size=&#8221;full&#8221; qode_css_animation=&#8221;&#8221;][vc_empty_space height=&#8221;15px&#8221; el_class=&#8221;i1mo&#8221;][\/vc_column_inner][vc_column_inner width=&#8221;1\/4&#8243;][vc_single_image image=&#8221;1204&#8243; img_size=&#8221;full&#8221; qode_css_animation=&#8221;&#8221;][vc_empty_space height=&#8221;15px&#8221; el_class=&#8221;i1mo&#8221;][\/vc_column_inner][vc_column_inner width=&#8221;1\/4&#8243;][vc_single_image image=&#8221;1205&#8243; img_size=&#8221;full&#8221; qode_css_animation=&#8221;&#8221;][vc_empty_space height=&#8221;15px&#8221; el_class=&#8221;i1mo&#8221;][\/vc_column_inner][vc_column_inner width=&#8221;1\/4&#8243;][vc_single_image image=&#8221;1206&#8243; img_size=&#8221;full&#8221; qode_css_animation=&#8221;&#8221;][\/vc_column_inner][\/vc_row_inner][vc_separator type=&#8221;normal&#8221; color=&#8221;#cccccc&#8221; up=&#8221;30&#8243; down=&#8221;30&#8243;][vc_column_text]<\/p>\n<div class=\"application-title\">TYPE DE PRODUITS<\/div>\n<div class=\"application-text\">Nous proposons le dioxyde de titane de type rutile.<\/div>\n<p>[\/vc_column_text][vc_empty_space height=&#8221;20px&#8221;][vc_row_inner row_type=&#8221;row&#8221; type=&#8221;full_width&#8221; text_align=&#8221;left&#8221; css_animation=&#8221;&#8221;][vc_column_inner width=&#8221;1\/2&#8243;][vc_column_text]<\/p>\n<h3>CELLCOM \u2013 S\u00e9rie KR72 &amp; KR588<\/h3>\n<p>[\/vc_column_text][vc_empty_space height=&#8221;10px&#8221;][vc_column_text]Il poss\u00e8de des qualit\u00e9s de haute performance. Il est enduit d\u2019oxyde de silicium, de zircone, d\u2019alumine et de produits organiques sp\u00e9ciaux pour am\u00e9liorer ses propri\u00e9t\u00e9s et fait preuve d\u2019une grande l\u00e9g\u00e8ret\u00e9 et d\u2019une excellente dispersion.[\/vc_column_text][\/vc_column_inner][vc_column_inner width=&#8221;1\/2&#8243;][vc_column_text]<\/p>\n<h3>Property Table of Titanium Dioxide<\/h3>\n<p>[\/vc_column_text][vc_empty_space height=&#8221;10px&#8221;]<div class=\"qode-accordion-holder clearfix qode-toggle qode-initial \">\n\t<h4 class=\"clearfix qode-title-holder\">\n<span class=\"qode-tab-title\">\n\t    <span class=\"qode-tab-title-inner\">\n        CELLCOM \u2013 KR72 Series &amp; KR588    <\/span>\n<\/span>\n<span class=\"qode-accordion-mark\">\n    <span class=\"qode-accordion-mark-icon\">\n        <span class=\"icon_plus\"><\/span>\n        <span class=\"icon_minus-06\"><\/span>\n    <\/span>\n<\/span>\n<\/h4>\n<div  class=\"qode-accordion-content \" >\n    <div class=\"qode-accordion-content-inner\">\n        [vc_column_text]<\/p>\n<div class=\"mobile_table-scroll\">\n<table class=\"kyc-table1\">\n<colgroup> <\/colgroup>\n<colgroup>\n<col width=\"20%\" \/>\n<col width=\"16%\" \/>\n<col width=\"16%\" \/>\n<col width=\"16%\" \/>\n<col width=\"16%\" \/>\n<col width=\"16%\" \/><\/colgroup>\n<thead>\n<tr>\n<th colspan=\"6\">CELLCOM \u2013 KR72 Series &amp; KR588<\/th>\n<\/tr>\n<\/thead>\n<tbody>\n<tr>\n<th scope=\"col\">Classfication<\/th>\n<th scope=\"col\">TiO2 Content % \u2265<\/th>\n<th scope=\"col\">Brightness \u2265<\/th>\n<th scope=\"col\">Rutile Content % \u2265<\/th>\n<th scope=\"col\">Oil absorption g\/100g \u2264<\/th>\n<th scope=\"col\">Surface treatment<\/th>\n<\/tr>\n<tr>\n<td>KR-721<\/td>\n<td rowspan=\"2\">92.5<\/td>\n<td>96.5<\/td>\n<td rowspan=\"2\">98.0<\/td>\n<td rowspan=\"2\">22.0<\/td>\n<td rowspan=\"2\">Zr, Al, Org<\/td>\n<\/tr>\n<tr>\n<td>KR-722<\/td>\n<td>95.5<\/td>\n<\/tr>\n<tr>\n<td>KR-588<\/td>\n<td>97.5<\/td>\n<td>96.7<\/td>\n<td>96.5<\/td>\n<td>15.0<\/td>\n<td>Al, Si, Org<\/td>\n<\/tr>\n<\/tbody>\n<\/table>\n<\/div>\n<p>[\/vc_column_text]    <\/div>\n<\/div><\/div>[\/vc_column_inner][\/vc_row_inner]<\/div><div class=\"qode-advanced-tab-container\" id=\"tab-type-anatase-337\" data-icon-pack=\"\" data-icon-html=\"\">[vc_row_inner row_type=&#8221;row&#8221; type=&#8221;full_width&#8221; text_align=&#8221;left&#8221; css_animation=&#8221;&#8221;][vc_column_inner width=&#8221;1\/2&#8243;][vc_column_text]<\/p>\n<div class=\"application-title\">CARACT\u00c9RISTIQUES<\/div>\n<div class=\"application-text\">Le TiO2 de type anatase est moins dur (5,5\/6 contre 6\/6,5 Mohs) et moins dense (gravit\u00e9 sp\u00e9cifique d\u2019environ 3,9 contre 4,2) que le TiO2 de type rutile. De plus, l\u2019anatase est optiquement n\u00e9gative alors que le rutile est positif. Son \u00e9clat est encore plus fortement adamantin ou m\u00e9tal-adamantin que celui du rutile.<\/div>\n<p>[\/vc_column_text][vc_empty_space height=&#8221;20px&#8221; el_class=&#8221;i1mo&#8221;][\/vc_column_inner][vc_column_inner width=&#8221;1\/2&#8243;][vc_column_text]<\/p>\n<div class=\"application-title\">Crystal habit<\/div>\n<div class=\"application-text\"><\/div>\n<p>[\/vc_column_text][vc_empty_space height=&#8221;10px&#8221;][vc_single_image image=&#8221;1201&#8243; img_size=&#8221;full&#8221; qode_css_animation=&#8221;&#8221;][\/vc_column_inner][\/vc_row_inner][vc_separator type=&#8221;normal&#8221; color=&#8221;#cccccc&#8221; up=&#8221;30&#8243; down=&#8221;30&#8243;][vc_column_text]<\/p>\n<div class=\"application-title\">Application<\/div>\n<div class=\"application-text\">Utilis\u00e9 comme pigment blanc dans l\u2019industrie papeti\u00e8re, la peinture, le dentifrice, l\u2019industrie plastique et le caoutchouc. Et il est \u00e9galement utilis\u00e9 comme mat\u00e9riau pour les t\u00e9l\u00e9viseurs, le tube cathodique, le condensateur \u00e9lectronique, les pi\u00e8ces \u00e9lectroniques, la photocatalyse, la r\u00e9action du PET comme catalyseur.<\/div>\n<p>[\/vc_column_text][vc_empty_space height=&#8221;20px&#8221;][vc_row_inner row_type=&#8221;row&#8221; type=&#8221;full_width&#8221; text_align=&#8221;left&#8221; css_animation=&#8221;&#8221;][vc_column_inner width=&#8221;1\/4&#8243;][vc_single_image image=&#8221;1207&#8243; img_size=&#8221;full&#8221; qode_css_animation=&#8221;&#8221;][vc_empty_space height=&#8221;15px&#8221; el_class=&#8221;i1mo&#8221;][\/vc_column_inner][vc_column_inner width=&#8221;1\/4&#8243;][vc_single_image image=&#8221;1208&#8243; img_size=&#8221;full&#8221; qode_css_animation=&#8221;&#8221;][vc_empty_space height=&#8221;15px&#8221; el_class=&#8221;i1mo&#8221;][\/vc_column_inner][vc_column_inner width=&#8221;1\/4&#8243;][vc_single_image image=&#8221;1203&#8243; img_size=&#8221;full&#8221; qode_css_animation=&#8221;&#8221;][\/vc_column_inner][vc_column_inner width=&#8221;1\/4&#8243;][\/vc_column_inner][\/vc_row_inner][vc_separator type=&#8221;normal&#8221; color=&#8221;#cccccc&#8221; up=&#8221;30&#8243; down=&#8221;30&#8243;][vc_column_text]<\/p>\n<div class=\"application-title\">TYPE DE PRODUITS<\/div>\n<div class=\"application-text\">Nous proposons le dioxyde de titane de type anatase suivant.<\/div>\n<p>[\/vc_column_text][vc_empty_space height=&#8221;20px&#8221;][vc_row_inner row_type=&#8221;row&#8221; type=&#8221;full_width&#8221; text_align=&#8221;left&#8221; css_animation=&#8221;&#8221;][vc_column_inner width=&#8221;1\/2&#8243;][vc_column_text]<\/p>\n<h3>CELLCOM \u2013 S\u00e9rie CA75<\/h3>\n<p>[\/vc_column_text][vc_empty_space height=&#8221;10px&#8221;][vc_column_text]Les s\u00e9ries CA75 sont photochimiquement tr\u00e8s actives et ont une blancheur remarquable, en plus d\u2019une grande puret\u00e9.[\/vc_column_text][vc_empty_space height=&#8221;30px&#8221;][vc_separator type=&#8221;normal&#8221; up=&#8221;20&#8243; down=&#8221;20&#8243;][vc_column_text]<\/p>\n<h3>CELLCOM \u2013 S\u00e9rie KA210<\/h3>\n<p>[\/vc_column_text][vc_empty_space height=&#8221;10px&#8221;][vc_column_text]Le KA-210 est un pigment de dioxyde de titane anatase fabriqu\u00e9 par le proc\u00e9d\u00e9 au sulfate.\u00a0Caract\u00e9ris\u00e9 par une distribution homog\u00e8ne des particules, une bonne dispersion, une blancheur franche et une teinte bleut\u00e9e, il offre d&#8217;excellentes performances<br \/>\npour les rev\u00eatements int\u00e9rieurs, le papier, le plastique (m\u00e9langes-ma\u00eetres), le caoutchouc, l&#8217;encre, etc.[\/vc_column_text][vc_empty_space height=&#8221;30px&#8221;][vc_separator type=&#8221;normal&#8221; up=&#8221;20&#8243; down=&#8221;20&#8243;][vc_column_text]<\/p>\n<h3>CELLCOM \u2013 S\u00e9rie KA220<\/h3>\n<p>[\/vc_column_text][vc_empty_space height=&#8221;10px&#8221;][vc_column_text]KA-220 est un pigment de dioxyde de titane anatase fabriqu\u00e9 par le proc\u00e9d\u00e9 au sulfate avanc\u00e9. Il est fortement recommand\u00e9 pour le plastique (master-batch), les rev\u00eatements int\u00e9rieurs, le caoutchouc, les encres d\u2019impression. En attendant, c&#8217;est un excellent mat\u00e9riau pour produire des fibres.[\/vc_column_text][vc_empty_space height=&#8221;30px&#8221;][\/vc_column_inner][vc_column_inner width=&#8221;1\/2&#8243;][vc_column_text]<\/p>\n<h3>Property Table of Titanium Dioxide<\/h3>\n<p>[\/vc_column_text][vc_empty_space height=&#8221;10px&#8221;]<div class=\"qode-accordion-holder clearfix qode-toggle qode-initial \">\n\t<h4 class=\"clearfix qode-title-holder\">\n<span class=\"qode-tab-title\">\n\t    <span class=\"qode-tab-title-inner\">\n        CELLCOM \u2013 CA75 Series    <\/span>\n<\/span>\n<span class=\"qode-accordion-mark\">\n    <span class=\"qode-accordion-mark-icon\">\n        <span class=\"icon_plus\"><\/span>\n        <span class=\"icon_minus-06\"><\/span>\n    <\/span>\n<\/span>\n<\/h4>\n<div  class=\"qode-accordion-content \" >\n    <div class=\"qode-accordion-content-inner\">\n        [vc_column_text]<\/p>\n<div class=\"mobile_table-scroll\">\n<table class=\"kyc-table1\">\n<colgroup> <\/colgroup>\n<colgroup>\n<col width=\"20%\" \/>\n<col width=\"16%\" \/>\n<col width=\"16%\" \/>\n<col width=\"16%\" \/>\n<col width=\"16%\" \/>\n<col width=\"16%\" \/><\/colgroup>\n<thead>\n<tr>\n<th colspan=\"6\">CELLCOM &#8211; CA75 Series<\/th>\n<\/tr>\n<\/thead>\n<tbody>\n<tr>\n<th scope=\"col\">Classfication<\/th>\n<th scope=\"col\">TiO2 Content % \u2265<\/th>\n<th scope=\"col\">Brightness \u2265<\/th>\n<th scope=\"col\">Rutile Content % \u2265<\/th>\n<th scope=\"col\">Oil absorption g\/100g \u2264<\/th>\n<th scope=\"col\">Surface treatment<\/th>\n<\/tr>\n<tr>\n<td>CA-751<\/td>\n<td>98.5<\/td>\n<td>105.0<\/td>\n<td>Not less than<\/td>\n<td>22.0<\/td>\n<td>&#8211;<\/td>\n<\/tr>\n<\/tbody>\n<\/table>\n<\/div>\n<p>[\/vc_column_text]    <\/div>\n<\/div><h4 class=\"clearfix qode-title-holder\">\n<span class=\"qode-tab-title\">\n\t    <span class=\"qode-tab-title-inner\">\n        CELLCOM \u2013 KA210 Series    <\/span>\n<\/span>\n<span class=\"qode-accordion-mark\">\n    <span class=\"qode-accordion-mark-icon\">\n        <span class=\"icon_plus\"><\/span>\n        <span class=\"icon_minus-06\"><\/span>\n    <\/span>\n<\/span>\n<\/h4>\n<div  class=\"qode-accordion-content \" >\n    <div class=\"qode-accordion-content-inner\">\n        [vc_column_text]<\/p>\n<div class=\"mobile_table-scroll\">\n<table class=\"kyc-table1\">\n<thead>\n<tr>\n<th colspan=\"5\">CELLCOM &#8211; KA210 Series<\/th>\n<\/tr>\n<\/thead>\n<tbody>\n<tr>\n<th scope=\"col\">Classification<\/th>\n<th scope=\"col\">TiO2 Content % \u2265<\/th>\n<th scope=\"col\">L value, % \u2265<\/th>\n<th scope=\"col\">|\u0394b| \u2264<\/th>\n<th scope=\"col\">Moisture at 105\u2103, %(m\/m) \u2264<\/th>\n<\/tr>\n<tr>\n<td rowspan=\"3\">KA-210<\/td>\n<td>98<\/td>\n<td>100<\/td>\n<td>0.3<\/td>\n<td>0.5<\/td>\n<\/tr>\n<tr>\n<th>Residue(45\u03bcm screen), %(m\/m) \u2264<\/th>\n<th>Tinting-reducing power \u2265<\/th>\n<th>pH value<\/th>\n<th>Oil absorption, g\/100g \u2264<\/th>\n<\/tr>\n<tr>\n<td>0.05<\/td>\n<td>108<\/td>\n<td>6.5~8.5<\/td>\n<td>20<\/td>\n<\/tr>\n<\/tbody>\n<\/table>\n<\/div>\n<p>[\/vc_column_text]    <\/div>\n<\/div><h4 class=\"clearfix qode-title-holder\">\n<span class=\"qode-tab-title\">\n\t    <span class=\"qode-tab-title-inner\">\n        CELLCOM \u2013 KA220 Series    <\/span>\n<\/span>\n<span class=\"qode-accordion-mark\">\n    <span class=\"qode-accordion-mark-icon\">\n        <span class=\"icon_plus\"><\/span>\n        <span class=\"icon_minus-06\"><\/span>\n    <\/span>\n<\/span>\n<\/h4>\n<div  class=\"qode-accordion-content \" >\n    <div class=\"qode-accordion-content-inner\">\n        [vc_column_text]<\/p>\n<div class=\"mobile_table-scroll\">\n<table class=\"kyc-table1\">\n<thead>\n<tr>\n<th colspan=\"5\">CELLCOM &#8211; KA220 Series<\/th>\n<\/tr>\n<\/thead>\n<tbody>\n<tr>\n<th scope=\"col\">Classification<\/th>\n<th scope=\"col\">TiO2 Content % \u2265<\/th>\n<th scope=\"col\">L value, % \u2265<\/th>\n<th scope=\"col\">|\u0394b| \u2264<\/th>\n<th scope=\"col\">Moisture at 105\u2103, %(m\/m) \u2264<\/th>\n<\/tr>\n<tr>\n<td rowspan=\"3\">KA-220<\/td>\n<td>98<\/td>\n<td>100<\/td>\n<td>0.2<\/td>\n<td>0.5<\/td>\n<\/tr>\n<tr>\n<th>Residue(45\u03bcm screen), %(m\/m) \u2264<\/th>\n<th>Tinting-reducing power \u2265<\/th>\n<th>pH value<\/th>\n<th>Oil absorption, g\/100g \u2264<\/th>\n<\/tr>\n<tr>\n<td>0.05<\/td>\n<td>108<\/td>\n<td>6.5~8.5<\/td>\n<td>20<\/td>\n<\/tr>\n<\/tbody>\n<\/table>\n<\/div>\n<p>[\/vc_column_text]    <\/div>\n<\/div><\/div>[\/vc_column_inner][\/vc_row_inner]<\/div><\/div>[\/vc_column][\/vc_row]<\/p>\n","protected":false},"excerpt":{"rendered":"<p>[vc_row css_animation=&#8221;&#8221; row_type=&#8221;row&#8221; use_row_as_full_screen_section=&#8221;no&#8221; type=&#8221;grid&#8221; angled_section=&#8221;no&#8221; text_align=&#8221;left&#8221; background_image_as_pattern=&#8221;without_pattern&#8221; el_class=&#8221;kyc-headtitle&#8221; z_index=&#8221;&#8221; css=&#8221;.vc_custom_1571201689295{background-image: url(https:\/\/ky-europe.com\/fr\/wp-content\/uploads\/sites\/6\/2019\/10\/headcover-prd6.png?id=1288) !important;}&#8221;][vc_column width=&#8221;2\/3&#8243; el_class=&#8221;title-line&#8221;][vc_column_text] Dioxyde de titane Solution au probl\u00e8me de l\u2019environnement sur le lieu de travail [\/vc_column_text][\/vc_column][vc_column width=&#8221;1\/3&#8243;][\/vc_column][\/vc_row][vc_row css_animation=&#8221;&#8221; row_type=&#8221;row&#8221; use_row_as_full_screen_section=&#8221;no&#8221; type=&#8221;grid&#8221; angled_section=&#8221;no&#8221; text_align=&#8221;center&#8221; background_image_as_pattern=&#8221;without_pattern&#8221; z_index=&#8221;&#8221; background_color=&#8221;#ffffff&#8221; el_class=&#8221;padding-t50&#8243;][vc_column][vc_row_inner&#8230;<\/p>\n","protected":false},"author":4,"featured_media":0,"parent":0,"menu_order":0,"comment_status":"closed","ping_status":"closed","template":"full_width.php","meta":{"_mi_skip_tracking":false,"_monsterinsights_sitenote_active":false,"_monsterinsights_sitenote_note":"","_monsterinsights_sitenote_category":0},"_links":{"self":[{"href":"https:\/\/ky-europe.com\/fr\/wp-json\/wp\/v2\/pages\/834"}],"collection":[{"href":"https:\/\/ky-europe.com\/fr\/wp-json\/wp\/v2\/pages"}],"about":[{"href":"https:\/\/ky-europe.com\/fr\/wp-json\/wp\/v2\/types\/page"}],"author":[{"embeddable":true,"href":"https:\/\/ky-europe.com\/fr\/wp-json\/wp\/v2\/users\/4"}],"replies":[{"embeddable":true,"href":"https:\/\/ky-europe.com\/fr\/wp-json\/wp\/v2\/comments?post=834"}],"version-history":[{"count":23,"href":"https:\/\/ky-europe.com\/fr\/wp-json\/wp\/v2\/pages\/834\/revisions"}],"predecessor-version":[{"id":2070,"href":"https:\/\/ky-europe.com\/fr\/wp-json\/wp\/v2\/pages\/834\/revisions\/2070"}],"wp:attachment":[{"href":"https:\/\/ky-europe.com\/fr\/wp-json\/wp\/v2\/media?parent=834"}],"curies":[{"name":"wp","href":"https:\/\/api.w.org\/{rel}","templated":true}]}}