{"id":840,"date":"2019-09-10T08:31:08","date_gmt":"2019-09-10T08:31:08","guid":{"rendered":"https:\/\/ky-europe.com\/kumyang2\/?page_id=840"},"modified":"2020-09-08T17:16:19","modified_gmt":"2020-09-08T15:16:19","slug":"other-products","status":"publish","type":"page","link":"https:\/\/ky-europe.com\/fr\/other-products\/","title":{"rendered":"Autres Produits"},"content":{"rendered":"<p>[vc_row css_animation=&#8221;&#8221; row_type=&#8221;row&#8221; use_row_as_full_screen_section=&#8221;no&#8221; type=&#8221;grid&#8221; angled_section=&#8221;no&#8221; text_align=&#8221;left&#8221; background_image_as_pattern=&#8221;without_pattern&#8221; el_class=&#8221;kyc-headtitle&#8221; z_index=&#8221;&#8221; css=&#8221;.vc_custom_1571200762249{background-image: url(https:\/\/ky-europe.com\/fr\/wp-content\/uploads\/sites\/6\/2019\/10\/headcover-prd4.png?id=1249) !important;}&#8221;][vc_column width=&#8221;2\/3&#8243; el_class=&#8221;title-line&#8221;][vc_column_text]<\/p>\n<div class=\"headtitle-main\">Autres Produits<\/div>\n<div class=\"headtitle-sub\">Les produits compatibles les mieux adapt\u00e9s<\/div>\n<div class=\"headtitle-kycline\"><\/div>\n<p>[\/vc_column_text][\/vc_column][vc_column width=&#8221;1\/3&#8243;][\/vc_column][\/vc_row][vc_row css_animation=&#8221;&#8221; row_type=&#8221;row&#8221; use_row_as_full_screen_section=&#8221;no&#8221; type=&#8221;grid&#8221; angled_section=&#8221;no&#8221; text_align=&#8221;center&#8221; background_image_as_pattern=&#8221;without_pattern&#8221; z_index=&#8221;&#8221; background_color=&#8221;#ffffff&#8221; el_class=&#8221;padding-t50 padding-b75&#8243;][vc_column][vc_row_inner row_type=&#8221;row&#8221; type=&#8221;full_width&#8221; text_align=&#8221;center&#8221; css_animation=&#8221;&#8221;][vc_column_inner width=&#8221;1\/6&#8243;][\/vc_column_inner][vc_column_inner width=&#8221;2\/3&#8243;][vc_column_text]<\/p>\n<div class=\"body20 lh30 font_400 color_black\">Pr\u00e9sentation<\/div>\n<div class=\"body30 lh40 font_500 color_ky01 text_cap\">Autres Produits<\/div>\n<p>[\/vc_column_text][vc_empty_space height=&#8221;20px&#8221;][vc_column_text]<\/p>\n<div class=\"body16 lh26 font_300 color_grey3\">Depuis de longues ann\u00e9es, Kum Yang fournit \u00e0 ses clients la solution optimale pour les r\u00e9sines synth\u00e9tiques, le caoutchouc et les additifs plastiques gr\u00e2ce \u00e0 la technologie et \u00e0 l\u2019exp\u00e9rience accumul\u00e9es. Ces produits fournis par Kum Yang sont notamment les meilleurs produits compatibles avec les agents gonflants de Cellcom et sont tr\u00e8s fiables en termes de qualit\u00e9, de performance et de prix. En outre, ils proviennent d\u2019entreprises r\u00e9put\u00e9es.<\/div>\n<p>[\/vc_column_text][\/vc_column_inner][vc_column_inner width=&#8221;1\/6&#8243;][\/vc_column_inner][\/vc_row_inner][vc_empty_space height=&#8221;50px&#8221;][vc_column_text]<\/p>\n<div class=\"mobile_table-scroll\">\n<table class=\"kyc-table1\">\n<colgroup>\n<col width=\"15%\" \/>\n<col width=\"15%\" \/>\n<col width=\"70%\" \/><\/colgroup>\n<thead>\n<tr>\n<th colspan=\"3\">Produits d\u2019autres sources<\/th>\n<\/tr>\n<\/thead>\n<tbody>\n<tr>\n<th>Products<\/th>\n<th>Grade<\/th>\n<th>Application<\/th>\n<\/tr>\n<tr>\n<td>\u00a0PVC<\/td>\n<td>Straight<\/td>\n<td>\u00a0Calendaring Sheet, Film, Fitting, Rigid Sheet, Pipe, Electric Wire Coveing, etc.<\/td>\n<\/tr>\n<tr>\n<td>\u00a0PVC<\/td>\n<td>Paste<\/td>\n<td>\u00a0General purpose grade for foam, Wall Covering, Coating, Synthetic Leather, etc.<\/td>\n<\/tr>\n<tr>\n<td>\u00a0EVA<\/td>\n<td>VA = 15, 19, 22%<\/td>\n<td>\u00a0Athletic shoe mid-soles and in-soles, Sandal, Noise Deadner, Toys ,Fishery, EVA Sponge, etc.<\/td>\n<\/tr>\n<tr>\n<td>\u00a0LLDPE (PE-RT Grade)<\/td>\n<td>MI = 0.6<\/td>\n<td>\u00a0Pipe for Cold\/Hot Water, Al Complex Pipe, Heating Pipe, Radiator Pipe, etc.<\/td>\n<\/tr>\n<tr>\n<td>\u00a0LDPE<\/td>\n<td>MI = 0.85 ~ 2.8<\/td>\n<td>\u00a0Pipe Insulation, Mat, Shrinkage Film, etc.<\/td>\n<\/tr>\n<tr>\n<td>\u00a0HDPE<\/td>\n<td>MI = 0.044 ~ 0.350<\/td>\n<td>\u00a0Industrial Package Film, Bottle, etc.<\/td>\n<\/tr>\n<tr>\n<td>\u00a0SBR<\/td>\n<td>1502, 1712, 1778, etc<\/td>\n<td>\u00a0Tire, Shoe, Rubber Hose, Belt, General Rubber Products, etc.<\/td>\n<\/tr>\n<tr>\n<td>\u00a0NBR<\/td>\n<td>35H, 35L, 35LM, etc<\/td>\n<td>\u00a0Packing, Gasket, Shoe Sole, Improved Rubber for Oil Resistance and Low Temperature Resistance<\/td>\n<\/tr>\n<tr>\n<td>\u00a0DOP<\/td>\n<td>Ester Value 284 ~ 290<\/td>\n<td>\u00a0Synthetic Leather, Sheet, Cable, Glove, Hose, Shoe, Wallpaper, Eraser, etc.<\/td>\n<\/tr>\n<tr>\n<td>\u00a0DINP<\/td>\n<td>Ester Value 264 ~ 271<\/td>\n<td>\u00a0Synthetic Leather, Sheet, Cable, etc.<\/td>\n<\/tr>\n<tr>\n<td>\u00a0ZnO<\/td>\n<td>99.5%, 99.0% Min<\/td>\n<td>\u00a0Rubber, Paint, Enamel, Glass, General Industrial Purpose<\/td>\n<\/tr>\n<tr>\n<td>\u00a0DCP<\/td>\n<td>99.0, 40.0%<\/td>\n<td>\u00a0macromolecule initiator<\/td>\n<\/tr>\n<tr>\n<td>\u00a0Zinc stearate<\/td>\n<td>Zinc Content 10.5 ~ 11.5%<\/td>\n<td>\u00a0PVC Stabilizer, Rubber, Lubricant and Release Agent for Plastic<\/td>\n<\/tr>\n<\/tbody>\n<\/table>\n<\/div>\n<p>[\/vc_column_text][\/vc_column][\/vc_row]<\/p>\n","protected":false},"excerpt":{"rendered":"<p>[vc_row css_animation=&#8221;&#8221; row_type=&#8221;row&#8221; use_row_as_full_screen_section=&#8221;no&#8221; type=&#8221;grid&#8221; angled_section=&#8221;no&#8221; text_align=&#8221;left&#8221; background_image_as_pattern=&#8221;without_pattern&#8221; el_class=&#8221;kyc-headtitle&#8221; z_index=&#8221;&#8221; css=&#8221;.vc_custom_1571200762249{background-image: url(https:\/\/ky-europe.com\/fr\/wp-content\/uploads\/sites\/6\/2019\/10\/headcover-prd4.png?id=1249) !important;}&#8221;][vc_column width=&#8221;2\/3&#8243; el_class=&#8221;title-line&#8221;][vc_column_text] Autres Produits Les produits compatibles les mieux adapt\u00e9s [\/vc_column_text][\/vc_column][vc_column width=&#8221;1\/3&#8243;][\/vc_column][\/vc_row][vc_row css_animation=&#8221;&#8221; row_type=&#8221;row&#8221; use_row_as_full_screen_section=&#8221;no&#8221; type=&#8221;grid&#8221; angled_section=&#8221;no&#8221; text_align=&#8221;center&#8221; background_image_as_pattern=&#8221;without_pattern&#8221; z_index=&#8221;&#8221; background_color=&#8221;#ffffff&#8221; el_class=&#8221;padding-t50 padding-b75&#8243;][vc_column][vc_row_inner row_type=&#8221;row&#8221; type=&#8221;full_width&#8221; text_align=&#8221;center&#8221; css_animation=&#8221;&#8221;][vc_column_inner&#8230;<\/p>\n","protected":false},"author":4,"featured_media":0,"parent":0,"menu_order":0,"comment_status":"closed","ping_status":"closed","template":"full_width.php","meta":{"_mi_skip_tracking":false,"_monsterinsights_sitenote_active":false,"_monsterinsights_sitenote_note":"","_monsterinsights_sitenote_category":0},"_links":{"self":[{"href":"https:\/\/ky-europe.com\/fr\/wp-json\/wp\/v2\/pages\/840"}],"collection":[{"href":"https:\/\/ky-europe.com\/fr\/wp-json\/wp\/v2\/pages"}],"about":[{"href":"https:\/\/ky-europe.com\/fr\/wp-json\/wp\/v2\/types\/page"}],"author":[{"embeddable":true,"href":"https:\/\/ky-europe.com\/fr\/wp-json\/wp\/v2\/users\/4"}],"replies":[{"embeddable":true,"href":"https:\/\/ky-europe.com\/fr\/wp-json\/wp\/v2\/comments?post=840"}],"version-history":[{"count":7,"href":"https:\/\/ky-europe.com\/fr\/wp-json\/wp\/v2\/pages\/840\/revisions"}],"predecessor-version":[{"id":2034,"href":"https:\/\/ky-europe.com\/fr\/wp-json\/wp\/v2\/pages\/840\/revisions\/2034"}],"wp:attachment":[{"href":"https:\/\/ky-europe.com\/fr\/wp-json\/wp\/v2\/media?parent=840"}],"curies":[{"name":"wp","href":"https:\/\/api.w.org\/{rel}","templated":true}]}}