{"id":1283,"date":"2019-10-16T04:26:31","date_gmt":"2019-10-16T04:26:31","guid":{"rendered":"https:\/\/ky-europe.com\/it\/?page_id=1283"},"modified":"2020-09-08T20:11:25","modified_gmt":"2020-09-08T18:11:25","slug":"datenschutzerklarung","status":"publish","type":"page","link":"https:\/\/ky-europe.com\/it\/datenschutzerklarung\/","title":{"rendered":"Informativa sulla privacy"},"content":{"rendered":"<p>[vc_row css_animation=&#8221;&#8221; row_type=&#8221;row&#8221; use_row_as_full_screen_section=&#8221;no&#8221; type=&#8221;grid&#8221; angled_section=&#8221;no&#8221; text_align=&#8221;left&#8221; background_image_as_pattern=&#8221;without_pattern&#8221; el_class=&#8221;kyc-headtitle impressum&#8221; z_index=&#8221;&#8221;][vc_column el_class=&#8221;title-line&#8221;][vc_column_text]<\/p>\n<div class=\"headtitle-main\">Informativa sulla privacy<\/div>\n<div class=\"headtitle-kycline\"><\/div>\n<p>[\/vc_column_text][\/vc_column][\/vc_row][vc_row css_animation=&#8221;&#8221; row_type=&#8221;row&#8221; use_row_as_full_screen_section=&#8221;no&#8221; type=&#8221;grid&#8221; angled_section=&#8221;no&#8221; text_align=&#8221;left&#8221; background_image_as_pattern=&#8221;without_pattern&#8221; z_index=&#8221;&#8221; el_class=&#8221;impressum-txt&#8221;][vc_column][vc_column_text]<\/p>\n<div class=\"body20 lh30 font_600 color_black\">A. Raccolta dati<\/div>\n<p>[\/vc_column_text][vc_empty_space height=&#8221;10px&#8221;][vc_column_text]Raccogliamo dati durante l\u2019utilizzo del nostro sito web. Questi dati vengono raccolti, salvati ed elaborati da noi.<br \/>\nLa vostra visita al nostro sito web verr\u00e0 registrata. In sostanza, vengono registrati l\u2019indirizzo IP utilizzato dal vostro computer, la data e l\u2019ora, il tipo di browser, il sistema operativo del vostro PC e le pagine visitate. Di regola, l\u2019identificazione personale non \u00e8 possibile e non \u00e8 prevista.<br \/>\n[\/vc_column_text][vc_empty_space height=&#8221;30px&#8221;][vc_column_text]<\/p>\n<div class=\"body20 lh30 font_600 color_black\">B. Utilizzo e trasferimento dei dati<\/div>\n<p>[\/vc_column_text][vc_empty_space height=&#8221;10px&#8221;][vc_column_text]I dati personali che ci fornite, ad es. quando ci inviate una richiesta di contatto o ci scrivete un\u2019e-mail (ad es. il vostro nome e indirizzo o il vostro indirizzo e-mail), vengono trattati esclusivamente al fine di mantenere la corrispondenza con voi e soltanto per lo scopo per il quale ci avete messo a disposizione i dati.<br \/>\nVi assicuriamo che non trasmetteremo i vostri dati personali a terzi a meno che non siamo legalmente obbligati a farlo o ci abbiate dato il vostro consenso. Nella misura in cui utilizziamo fornitori di servizi per eseguire e gestire il trattamento, i rapporti contrattuali sono regolati in conformit\u00e0 alle disposizioni del Regolamento generale sulla protezione dei dati.<br \/>\n[\/vc_column_text][vc_empty_space height=&#8221;30px&#8221;][vc_column_text]<\/p>\n<div class=\"body20 lh30 font_600 color_black\">C. Consenso e revoca<\/div>\n<p>[\/vc_column_text][vc_empty_space height=&#8221;10px&#8221;][vc_column_text]Se ci avete fornito i vostri dati personali, potete sollecitare la loro cancellazione in qualsiasi momento. I dati necessari per la fatturazione e la contabilit\u00e0 non saranno interessati dalla cancellazione\/revoca o dall\u2019eliminazione.[\/vc_column_text][vc_empty_space height=&#8221;30px&#8221;][vc_column_text]<\/p>\n<div class=\"body20 lh30 font_600 color_black\">D. Periodo di conservazione<\/div>\n<p>[\/vc_column_text][vc_empty_space height=&#8221;10px&#8221;][vc_column_text]I dati personali che ci avete fornito tramite il nostro sito web vengono salvati soltanto fino al raggiungimento dello scopo per il quale ci sono stati affidati. Nel caso in cui debbano essere rispettati periodi di conservazione commerciale e fiscale, il periodo di conservazione di determinati dati pu\u00f2 arrivare fino a 10 anni.[\/vc_column_text][vc_empty_space height=&#8221;30px&#8221;][vc_column_text]<\/p>\n<div class=\"body20 lh30 font_600 color_black\">E. Conto cliente<\/div>\n<p>[\/vc_column_text][vc_empty_space height=&#8221;10px&#8221;][vc_column_text]Quando aprite un conto cliente, acconsentite al salvataggio dei vostri dati di inventario come nome, indirizzo, indirizzo e-mail e conto bancario, nonch\u00e9 dei vostri dati di utilizzo (nome utente, password). Ci\u00f2 vi consente di effettuare un ordine presso di noi utilizzando il vostro indirizzo e-mail o numero cliente e la vostra password personale. Otterremo il seguente consenso:<\/p>\n<p>\u201c[ ] Desidero creare un conto utente. Vi prego di salvare i miei dati per tale scopo. Posso revocare questo consenso in qualsiasi momento.\u201d[\/vc_column_text][vc_empty_space height=&#8221;30px&#8221;][vc_column_text]<\/p>\n<div class=\"body20 lh30 font_600 color_black\">F. Utilizzo dei cookie<\/div>\n<p>[\/vc_column_text][vc_empty_space height=&#8221;10px&#8221;][vc_column_text]Proteggiamo la trasmissione dei tuoi dati con una connessione TLS sicura (AES 256 bit). TLS (Transport Layer Security) \u00e8 una tecnologia di sicurezza che garantisce il trasferimento sicuro dei vostri dati personali su Internet e che questi dati non possano essere visti da terzi.<br \/>\nDati crittografati<br \/>\nI seguenti dati sono crittografati: dati personali (nome, indirizzo, ecc.).<br \/>\n[\/vc_column_text][vc_empty_space height=&#8221;30px&#8221;][vc_column_text]<\/p>\n<div class=\"body20 lh30 font_600 color_black\">G. I vostri diritti, informazioni<\/div>\n<p>[\/vc_column_text][vc_empty_space height=&#8221;10px&#8221;][vc_column_text]Se non acconsentite pi\u00f9 al salvataggio dei vostri dati personali o se questi dati non sono pi\u00f9 corretti, cancelleremo o bloccheremo i vostri o apporteremo le correzioni necessarie (nella misura in cui ci\u00f2 \u00e8 possibile ai sensi della legge applicabile). Su richiesta, potete ottenere informazioni gratuite su tutti i vostri dati personali salvati.[\/vc_column_text][vc_empty_space height=&#8221;5px&#8221;][vc_column_text]Se avete qualsiasi domanda in merito alla raccolta, al trattamento o all\u2019uso dei vostri dati personali, se desiderate informazioni sui dati o se desiderate correggere, bloccare o cancellare i vostri dati personali, vi preghiamo di inviare un\u2019e-mail a <a href=\"mailto:jwjeong@kyc.co.kr\">jwjeong@kyc.co.kr<\/a>[\/vc_column_text][\/vc_column][\/vc_row]<\/p>\n","protected":false},"excerpt":{"rendered":"<p>[vc_row css_animation=&#8221;&#8221; row_type=&#8221;row&#8221; use_row_as_full_screen_section=&#8221;no&#8221; type=&#8221;grid&#8221; angled_section=&#8221;no&#8221; text_align=&#8221;left&#8221; background_image_as_pattern=&#8221;without_pattern&#8221; el_class=&#8221;kyc-headtitle impressum&#8221; z_index=&#8221;&#8221;][vc_column el_class=&#8221;title-line&#8221;][vc_column_text] Informativa sulla privacy [\/vc_column_text][\/vc_column][\/vc_row][vc_row css_animation=&#8221;&#8221; row_type=&#8221;row&#8221; use_row_as_full_screen_section=&#8221;no&#8221; type=&#8221;grid&#8221; angled_section=&#8221;no&#8221; text_align=&#8221;left&#8221; background_image_as_pattern=&#8221;without_pattern&#8221; z_index=&#8221;&#8221; el_class=&#8221;impressum-txt&#8221;][vc_column][vc_column_text] A. Raccolta dati [\/vc_column_text][vc_empty_space height=&#8221;10px&#8221;][vc_column_text]Raccogliamo dati durante l\u2019utilizzo del nostro sito web. Questi dati vengono&#8230;<\/p>\n","protected":false},"author":4,"featured_media":0,"parent":0,"menu_order":0,"comment_status":"closed","ping_status":"closed","template":"full_width.php","meta":{"_mi_skip_tracking":false,"_monsterinsights_sitenote_active":false,"_monsterinsights_sitenote_note":"","_monsterinsights_sitenote_category":0},"_links":{"self":[{"href":"https:\/\/ky-europe.com\/it\/wp-json\/wp\/v2\/pages\/1283"}],"collection":[{"href":"https:\/\/ky-europe.com\/it\/wp-json\/wp\/v2\/pages"}],"about":[{"href":"https:\/\/ky-europe.com\/it\/wp-json\/wp\/v2\/types\/page"}],"author":[{"embeddable":true,"href":"https:\/\/ky-europe.com\/it\/wp-json\/wp\/v2\/users\/4"}],"replies":[{"embeddable":true,"href":"https:\/\/ky-europe.com\/it\/wp-json\/wp\/v2\/comments?post=1283"}],"version-history":[{"count":6,"href":"https:\/\/ky-europe.com\/it\/wp-json\/wp\/v2\/pages\/1283\/revisions"}],"predecessor-version":[{"id":2040,"href":"https:\/\/ky-europe.com\/it\/wp-json\/wp\/v2\/pages\/1283\/revisions\/2040"}],"wp:attachment":[{"href":"https:\/\/ky-europe.com\/it\/wp-json\/wp\/v2\/media?parent=1283"}],"curies":[{"name":"wp","href":"https:\/\/api.w.org\/{rel}","templated":true}]}}