{"id":745,"date":"2019-09-10T02:22:47","date_gmt":"2019-09-10T02:22:47","guid":{"rendered":"https:\/\/ky-europe.com\/kumyang2\/?page_id=745"},"modified":"2020-09-08T19:55:46","modified_gmt":"2020-09-08T17:55:46","slug":"rd","status":"publish","type":"page","link":"https:\/\/ky-europe.com\/it\/rd\/","title":{"rendered":"R&#038;S"},"content":{"rendered":"<p>[vc_row css_animation=&#8221;&#8221; row_type=&#8221;row&#8221; use_row_as_full_screen_section=&#8221;no&#8221; type=&#8221;grid&#8221; angled_section=&#8221;no&#8221; text_align=&#8221;left&#8221; background_image_as_pattern=&#8221;without_pattern&#8221; el_class=&#8221;kyc-headtitle&#8221; z_index=&#8221;&#8221; css=&#8221;.vc_custom_1571206884301{background-image: url(https:\/\/ky-europe.com\/it\/wp-content\/uploads\/sites\/7\/2019\/10\/headcover-rnd1.png?id=1293) !important;}&#8221;][vc_column el_class=&#8221;title-line&#8221;][vc_column_text]<\/p>\n<div class=\"headtitle-main\">R&amp;S<\/div>\n<div class=\"headtitle-sub\">Aumento del valore futuro dell\u2019azienda tramite la formazione di personale competente e lo sviluppo di tecnologie fondamentali<\/div>\n<div class=\"headtitle-kycline\"><\/div>\n<p>[\/vc_column_text][\/vc_column][\/vc_row][vc_row css_animation=&#8221;&#8221; row_type=&#8221;row&#8221; use_row_as_full_screen_section=&#8221;no&#8221; type=&#8221;grid&#8221; angled_section=&#8221;yes&#8221; angled_section_position=&#8221;bottom&#8221; angled_section_direction=&#8221;from_right_to_left&#8221; text_align=&#8221;center&#8221; background_image_as_pattern=&#8221;without_pattern&#8221; z_index=&#8221;&#8221; el_class=&#8221;aboutkyc-02-1&#8243;][vc_column width=&#8221;1\/6&#8243;][\/vc_column][vc_column width=&#8221;2\/3&#8243;][vc_column_text]<\/p>\n<div class=\"body20 lh30 font_400 color_black\">Presentazione<\/div>\n<div class=\"body30 lh40 font_500 color_ky01 text_cap\">dipartimento R&amp;S di Kumyang<\/div>\n<p>[\/vc_column_text][vc_empty_space height=&#8221;15px&#8221;][vc_column_text]<\/p>\n<div class=\"body16 lh26 font_400 color_grey3\">Il dipartimento di ricerca e sviluppo di Kumyang \u00e8 diventato negli ultimi 30 anni il punto di riferimento per il leader mondiale negli agenti schiumogeni. Il dipartimento R&amp;S di Kumyang \u00e8 stato appositamente organizzato per sviluppare materiali chimici di precisione, focalizzandosi sulle nuove tecnologie e applicazioni degli agenti schiumogeni tramite lo sviluppo di agenti schiumogeni altamente funzionali. Per il futuro. Il dipartimento R&amp;S di Kumyang sfider\u00e0 i limiti delle tecnologie attuali continuando a formare tecnici qualificati e generando prestazioni di R&amp;S fondamentali per contribuire alla crescita di Kumyang.<\/div>\n<p>[\/vc_column_text][\/vc_column][vc_column width=&#8221;1\/6&#8243;][\/vc_column][\/vc_row][vc_row css_animation=&#8221;&#8221; row_type=&#8221;row&#8221; use_row_as_full_screen_section=&#8221;no&#8221; type=&#8221;grid&#8221; angled_section=&#8221;yes&#8221; angled_section_position=&#8221;bottom&#8221; angled_section_direction=&#8221;from_right_to_left&#8221; text_align=&#8221;center&#8221; background_image_as_pattern=&#8221;without_pattern&#8221; z_index=&#8221;&#8221; el_class=&#8221;padding-t150 padding-b100&#8243; background_color=&#8221;#f2f2f2&#8243;][vc_column][vc_column_text]<\/p>\n<div class=\"body20 lh30 font_400 color_black\">Storia del<\/div>\n<div class=\"body30 lh40 font_500 color_ky01 text_cap\">dipartimento R&amp;S di Kumyang<\/div>\n<p>[\/vc_column_text][vc_empty_space height=&#8221;50px&#8221;][vc_row_inner row_type=&#8221;row&#8221; type=&#8221;full_width&#8221; text_align=&#8221;center&#8221; css_animation=&#8221;&#8221; el_class=&#8221;rnd-history&#8221;][vc_column_inner width=&#8221;1\/3&#8243;][vc_single_image image=&#8221;1294&#8243; img_size=&#8221;full&#8221; qode_css_animation=&#8221;&#8221;][vc_empty_space height=&#8221;15px&#8221;][vc_column_text]<\/p>\n<h5>Anni \u201880<\/h5>\n<p>[\/vc_column_text][vc_empty_space height=&#8221;5px&#8221;][vc_column_text]Fondazione del dipartimento R&amp;S di Kumyang<br \/>\nnel 1985<br \/>\n[\/vc_column_text][\/vc_column_inner][vc_column_inner width=&#8221;1\/3&#8243;][vc_single_image image=&#8221;1237&#8243; img_size=&#8221;full&#8221; qode_css_animation=&#8221;&#8221;][vc_empty_space height=&#8221;15px&#8221;][vc_column_text]<\/p>\n<h5>Anni 1990-2000<\/h5>\n<p>[\/vc_column_text][vc_empty_space height=&#8221;5px&#8221;][vc_column_text]Sviluppo di agenti schiumogeni modificati ad alte prestazioni e miglioramento della tecnologia di applicazione[\/vc_column_text][\/vc_column_inner][vc_column_inner width=&#8221;1\/3&#8243;][vc_single_image image=&#8221;1236&#8243; img_size=&#8221;full&#8221; qode_css_animation=&#8221;&#8221;][vc_empty_space height=&#8221;15px&#8221;][vc_column_text]<\/p>\n<h5>Anni 2010<\/h5>\n<p>[\/vc_column_text][vc_empty_space height=&#8221;5px&#8221;][vc_column_text]Sviluppo delle<br \/>\nmicrosfere espandibili<br \/>\n[\/vc_column_text][\/vc_column_inner][\/vc_row_inner][\/vc_column][\/vc_row][vc_row css_animation=&#8221;&#8221; row_type=&#8221;row&#8221; use_row_as_full_screen_section=&#8221;no&#8221; type=&#8221;grid&#8221; angled_section=&#8221;yes&#8221; angled_section_position=&#8221;bottom&#8221; angled_section_direction=&#8221;from_right_to_left&#8221; text_align=&#8221;center&#8221; background_image_as_pattern=&#8221;without_pattern&#8221; z_index=&#8221;&#8221; el_class=&#8221;padding-t150 padding-b100 research&#8221; background_color=&#8221;#ffffff&#8221;][vc_column][vc_column_text]<\/p>\n<div class=\"body20 lh30 font_400 color_black\">Su cosa si focalizza la nostra ricerca<\/div>\n<div class=\"body30 lh40 font_500 color_ky01 text_cap\">Il nostro campo di ricerca<\/div>\n<p>[\/vc_column_text][vc_empty_space height=&#8221;70px&#8221;][vc_row_inner row_type=&#8221;row&#8221; type=&#8221;full_width&#8221; text_align=&#8221;left&#8221; css_animation=&#8221;&#8221;][vc_column_inner width=&#8221;1\/2&#8243;][vc_single_image image=&#8221;1242&#8243; img_size=&#8221;full&#8221; qode_css_animation=&#8221;&#8221;][vc_empty_space height=&#8221;20px&#8221; el_class=&#8221;i1mo&#8221;][\/vc_column_inner][vc_column_inner width=&#8221;1\/2&#8243;][vc_empty_space height=&#8221;100px&#8221; el_class=&#8221;i1pc&#8221;][vc_column_text]<\/p>\n<div class=\"body24 lh30 font_500 color_ky01 text_cap\">Agenti schiumogeni<\/div>\n<p>[\/vc_column_text][vc_empty_space height=&#8221;15px&#8221;][vc_column_text]<\/p>\n<div class=\"body16 lh26 font_400 color_grey3\">Sin dalla nostra fondazione nel 1985 abbiamo cercato di migliorare continuamente le prestazioni degli agenti schiumogeni e ci concentriamo principalmente sullo sviluppo di agenti schiumogeni ad alto rendimento in base alle esigenze dei clienti.<\/div>\n<p>[\/vc_column_text][\/vc_column_inner][\/vc_row_inner][vc_empty_space height=&#8221;60px&#8221;][vc_row_inner row_type=&#8221;row&#8221; type=&#8221;full_width&#8221; text_align=&#8221;left&#8221; css_animation=&#8221;&#8221;][vc_column_inner width=&#8221;1\/2&#8243;][vc_single_image image=&#8221;1243&#8243; img_size=&#8221;full&#8221; qode_css_animation=&#8221;&#8221; el_class=&#8221;i1mo&#8221;][vc_empty_space height=&#8221;20px&#8221; el_class=&#8221;i1mo&#8221;][vc_empty_space height=&#8221;72px&#8221; el_class=&#8221;i1pc&#8221;][vc_column_text]<\/p>\n<div class=\"body24 lh30 font_500 color_ky01 text_cap\">Microsfere espandibili<\/div>\n<p>[\/vc_column_text][vc_empty_space height=&#8221;15px&#8221;][vc_column_text]<\/p>\n<div class=\"body16 lh26 font_400 color_grey3\">Le microsfere espandibili, agenti schiumogeni fisici ad alte prestazioni ed espandibili tramite calore, possono fornire una superficie pi\u00f9 liscia e una forma pi\u00f9 definita rispetto ai generici agenti schiumogeni chimici decomponibili e possono essere impiegate per la produzione di prodotti schiumosi sottili come la carta serigrafata per pareti. Conduciamo ricerche per migliorare il processo produttivo, svilupparne di nuovi e creare nuove qualit\u00e0 adatte a diversi scopi.<\/div>\n<p>[\/vc_column_text][\/vc_column_inner][vc_column_inner el_class=&#8221;i1pc&#8221; width=&#8221;1\/2&#8243;][vc_single_image image=&#8221;1243&#8243; img_size=&#8221;full&#8221; qode_css_animation=&#8221;&#8221;][\/vc_column_inner][\/vc_row_inner][vc_empty_space height=&#8221;60px&#8221;][vc_row_inner row_type=&#8221;row&#8221; type=&#8221;full_width&#8221; text_align=&#8221;left&#8221; css_animation=&#8221;&#8221;][vc_column_inner width=&#8221;1\/2&#8243;][vc_single_image image=&#8221;1244&#8243; img_size=&#8221;full&#8221; qode_css_animation=&#8221;&#8221;][\/vc_column_inner][vc_column_inner width=&#8221;1\/2&#8243;][vc_empty_space height=&#8221;20px&#8221; el_class=&#8221;i1mo&#8221;][vc_empty_space height=&#8221;110px&#8221; el_class=&#8221;i1pc&#8221;][vc_column_text]<\/p>\n<div class=\"body24 lh30 font_500 color_ky01 text_cap\">Biossido di titanio<\/div>\n<p>[\/vc_column_text][vc_empty_space height=&#8221;15px&#8221;][vc_column_text]<\/p>\n<div class=\"body16 lh26 font_400 color_grey3\">Grazie alla sua bianchezza e opacit\u00e0 elevate, il biossido di titanio \u00e8 uno dei pigmenti bianchi pi\u00f9 apprezzati per l\u2019impiego generale nei materiali plastici, nella carta, ecc. Conduciamo ricerche per migliorare la dispersione, la resistenza degli agenti atmosferici, la bianchezza, l\u2019opacit\u00e0, ecc.<\/div>\n<p>[\/vc_column_text][\/vc_column_inner][\/vc_row_inner][vc_empty_space height=&#8221;60px&#8221;][vc_row_inner row_type=&#8221;row&#8221; type=&#8221;full_width&#8221; text_align=&#8221;left&#8221; css_animation=&#8221;&#8221; el_class=&#8221;nonshadow&#8221;][vc_column_inner width=&#8221;1\/2&#8243;][vc_single_image image=&#8221;1275&#8243; img_size=&#8221;full&#8221; qode_css_animation=&#8221;&#8221; el_class=&#8221;i1mo&#8221;][vc_empty_space height=&#8221;20px&#8221; el_class=&#8221;i1mo&#8221;][vc_empty_space height=&#8221;70px&#8221; el_class=&#8221;i1pc&#8221;][vc_column_text]<\/p>\n<div class=\"body24 lh30 font_500 color_ky01 text_cap\">Derivati dell\u2019idrazina<\/div>\n<p>[\/vc_column_text][vc_empty_space height=&#8221;15px&#8221;][vc_column_text]<\/p>\n<div class=\"body16 lh26 font_400 color_grey3\">L\u2019idrato di idrazina non viene utilizzato soltanto come materiale prima per gli agenti schiumogeni, ma anche come antincrostante, catalizzatore della polimerizzazione per lo spandex, precursore per il i prodotti agrochimici, i coloranti e i prodotti chimici fini. Continueremo a sviluppare nuovi prodotti e a migliorare il processo di produzione dell\u2019idrato di idrazina nel nostro nuovo impianto nella Mongolia Interna<\/div>\n<p>[\/vc_column_text][\/vc_column_inner][vc_column_inner el_class=&#8221;i1pc&#8221; width=&#8221;1\/2&#8243;][vc_single_image image=&#8221;797&#8243; img_size=&#8221;full&#8221; qode_css_animation=&#8221;&#8221;][\/vc_column_inner][\/vc_row_inner][vc_empty_space height=&#8221;40px&#8221;][vc_video link=&#8221;https:\/\/www.youtube.com\/watch?v=52OYYl89Ix8&amp;feature=youtu.be&#8221; align=&#8221;center&#8221;][\/vc_column][\/vc_row]<\/p>\n","protected":false},"excerpt":{"rendered":"<p>[vc_row css_animation=&#8221;&#8221; row_type=&#8221;row&#8221; use_row_as_full_screen_section=&#8221;no&#8221; type=&#8221;grid&#8221; angled_section=&#8221;no&#8221; text_align=&#8221;left&#8221; background_image_as_pattern=&#8221;without_pattern&#8221; el_class=&#8221;kyc-headtitle&#8221; z_index=&#8221;&#8221; css=&#8221;.vc_custom_1571206884301{background-image: url(https:\/\/ky-europe.com\/it\/wp-content\/uploads\/sites\/7\/2019\/10\/headcover-rnd1.png?id=1293) !important;}&#8221;][vc_column el_class=&#8221;title-line&#8221;][vc_column_text] R&amp;S Aumento del valore futuro dell\u2019azienda tramite la formazione di personale competente e lo sviluppo di tecnologie fondamentali [\/vc_column_text][\/vc_column][\/vc_row][vc_row css_animation=&#8221;&#8221; row_type=&#8221;row&#8221; use_row_as_full_screen_section=&#8221;no&#8221; type=&#8221;grid&#8221; angled_section=&#8221;yes&#8221; angled_section_position=&#8221;bottom&#8221; angled_section_direction=&#8221;from_right_to_left&#8221;&#8230;<\/p>\n","protected":false},"author":4,"featured_media":0,"parent":0,"menu_order":0,"comment_status":"closed","ping_status":"closed","template":"full_width.php","meta":{"_mi_skip_tracking":false,"_monsterinsights_sitenote_active":false,"_monsterinsights_sitenote_note":"","_monsterinsights_sitenote_category":0},"_links":{"self":[{"href":"https:\/\/ky-europe.com\/it\/wp-json\/wp\/v2\/pages\/745"}],"collection":[{"href":"https:\/\/ky-europe.com\/it\/wp-json\/wp\/v2\/pages"}],"about":[{"href":"https:\/\/ky-europe.com\/it\/wp-json\/wp\/v2\/types\/page"}],"author":[{"embeddable":true,"href":"https:\/\/ky-europe.com\/it\/wp-json\/wp\/v2\/users\/4"}],"replies":[{"embeddable":true,"href":"https:\/\/ky-europe.com\/it\/wp-json\/wp\/v2\/comments?post=745"}],"version-history":[{"count":60,"href":"https:\/\/ky-europe.com\/it\/wp-json\/wp\/v2\/pages\/745\/revisions"}],"predecessor-version":[{"id":2032,"href":"https:\/\/ky-europe.com\/it\/wp-json\/wp\/v2\/pages\/745\/revisions\/2032"}],"wp:attachment":[{"href":"https:\/\/ky-europe.com\/it\/wp-json\/wp\/v2\/media?parent=745"}],"curies":[{"name":"wp","href":"https:\/\/api.w.org\/{rel}","templated":true}]}}