{"id":834,"date":"2019-09-10T08:25:45","date_gmt":"2019-09-10T08:25:45","guid":{"rendered":"https:\/\/ky-europe.com\/kumyang2\/?page_id=834"},"modified":"2021-04-28T00:03:39","modified_gmt":"2021-04-27T22:03:39","slug":"titanium-dioxide","status":"publish","type":"page","link":"https:\/\/ky-europe.com\/it\/titanium-dioxide\/","title":{"rendered":"Biossido di titanio"},"content":{"rendered":"<p>[vc_row css_animation=&#8221;&#8221; row_type=&#8221;row&#8221; use_row_as_full_screen_section=&#8221;no&#8221; type=&#8221;grid&#8221; angled_section=&#8221;no&#8221; text_align=&#8221;left&#8221; background_image_as_pattern=&#8221;without_pattern&#8221; el_class=&#8221;kyc-headtitle&#8221; z_index=&#8221;&#8221; css=&#8221;.vc_custom_1571201689295{background-image: url(https:\/\/ky-europe.com\/it\/wp-content\/uploads\/sites\/7\/2019\/10\/headcover-prd6.png?id=1288) !important;}&#8221;][vc_column width=&#8221;2\/3&#8243; el_class=&#8221;title-line&#8221;][vc_column_text]<\/p>\n<div class=\"headtitle-main\">Biossido di titanio<\/div>\n<div class=\"headtitle-sub\">Soluzione al problema ambientale sul luogo di lavoro<\/div>\n<div class=\"headtitle-kycline\"><\/div>\n<p>[\/vc_column_text][\/vc_column][vc_column width=&#8221;1\/3&#8243;][\/vc_column][\/vc_row][vc_row css_animation=&#8221;&#8221; row_type=&#8221;row&#8221; use_row_as_full_screen_section=&#8221;no&#8221; type=&#8221;grid&#8221; angled_section=&#8221;no&#8221; text_align=&#8221;center&#8221; background_image_as_pattern=&#8221;without_pattern&#8221; z_index=&#8221;&#8221; background_color=&#8221;#ffffff&#8221; el_class=&#8221;padding-t50&#8243;][vc_column][vc_row_inner row_type=&#8221;row&#8221; type=&#8221;full_width&#8221; text_align=&#8221;center&#8221; css_animation=&#8221;&#8221;][vc_column_inner width=&#8221;1\/6&#8243;][\/vc_column_inner][vc_column_inner width=&#8221;2\/3&#8243;][vc_column_text]<\/p>\n<div class=\"body20 lh30 font_400 color_black\">Presentazione<\/div>\n<div class=\"body30 lh40 font_500 color_ky01 text_cap\">Biossido di titanio<\/div>\n<p>[\/vc_column_text][vc_empty_space height=&#8221;20px&#8221;][vc_column_text]<\/p>\n<div class=\"body16 lh26 font_300 color_grey3\">Il biossido di titanio \u00e8 il pigmento bianco pi\u00f9 utilizzato per via della sua brillantezza e il suo indice di rifrazione molto elevato (n = 2,7). Il Ti02 sotto forma di polvere \u00e8 un opacizzante efficace che viene usato come pigmento per conferire bianchezza e opacit\u00e0 a prodotti come vernici, rivestimenti, materiali plastici, documenti, inchiostri, alimenti, medicine (ad es. pillole e compresse) e alla maggior parte dei dentifrici.<\/div>\n<p>[\/vc_column_text][\/vc_column_inner][vc_column_inner width=&#8221;1\/6&#8243;][\/vc_column_inner][\/vc_row_inner][vc_empty_space height=&#8221;50px&#8221;][\/vc_column][\/vc_row][vc_row css_animation=&#8221;&#8221; row_type=&#8221;row&#8221; use_row_as_full_screen_section=&#8221;no&#8221; type=&#8221;grid&#8221; angled_section=&#8221;no&#8221; text_align=&#8221;left&#8221; background_image_as_pattern=&#8221;without_pattern&#8221; el_class=&#8221;kyc-tabs product-description padding-b75&#8243; z_index=&#8221;&#8221;][vc_column]<div class=\"qode-advanced-tabs qode-advanced-tabs qode-advanced-horizontal-tab clearfix qode-advanced-tab-without-icon qode-advanced-tabs-column-2 clearfix\">\n\t<ul class=\"qode-advanced-tabs-nav\">\n\t\t\t\t\t<li>\n\t\t\t\t<h6>\n\t\t\t\t\t<a href=\"#tab-tipo-rutilo\">\n\t\t\t\t\t\t\n\t\t\t\t\t\t\t\t\t\t\t\t\t<span class=\"qode-advanced-tab-text-after-icon\">\n\t\t\t\t\t\t\t\tTIPO RUTILO\t\t\t\t\t\t\t<\/span>\n\t\t\t\t\t\t\t\t\t\t\t<\/a>\n\t\t\t\t<\/h6>\n\t\t\t<\/li>\n\t\t\t\t\t<li>\n\t\t\t\t<h6>\n\t\t\t\t\t<a href=\"#tab-tipo-anatasio\">\n\t\t\t\t\t\t\n\t\t\t\t\t\t\t\t\t\t\t\t\t<span class=\"qode-advanced-tab-text-after-icon\">\n\t\t\t\t\t\t\t\tTIPO ANATASIO\t\t\t\t\t\t\t<\/span>\n\t\t\t\t\t\t\t\t\t\t\t<\/a>\n\t\t\t\t<\/h6>\n\t\t\t<\/li>\n\t\t\t<\/ul>\n\t<div class=\"qode-advanced-tab-container\" id=\"tab-tipo-rutilo-200\" data-icon-pack=\"\" data-icon-html=\"\">[vc_row_inner row_type=&#8221;row&#8221; type=&#8221;full_width&#8221; text_align=&#8221;left&#8221; css_animation=&#8221;&#8221;][vc_column_inner width=&#8221;1\/2&#8243;][vc_column_text]<\/p>\n<div class=\"application-title\">CARATTERISTICHE<\/div>\n<div class=\"application-text\">Il biossido di titanio del tipo rutilo pu\u00f2 essere utilizzato nelle vernici con opacit\u00e0 elevata e propriet\u00e0 ottiche inattive grazie alla grande stabilit\u00e0 fisica e chimica del cristallo. Offre un eccellente risultato ottico, una bianchezza, leggerezza e brillantezza elevate, un forte potere di riduzione del colore, ottime propriet\u00e0 di dispersione, un potere coprente e una durabilit\u00e0 elevata.<\/div>\n<p>[\/vc_column_text][vc_empty_space height=&#8221;20px&#8221; el_class=&#8221;i1mo&#8221;][\/vc_column_inner][vc_column_inner width=&#8221;1\/2&#8243;][vc_column_text]<\/p>\n<div class=\"application-title\">Crystal habit<\/div>\n<div class=\"application-text\"><\/div>\n<p>[\/vc_column_text][vc_empty_space height=&#8221;10px&#8221;][vc_single_image image=&#8221;1200&#8243; img_size=&#8221;full&#8221; qode_css_animation=&#8221;&#8221;][\/vc_column_inner][\/vc_row_inner][vc_separator type=&#8221;normal&#8221; color=&#8221;#cccccc&#8221; up=&#8221;30&#8243; down=&#8221;30&#8243;][vc_column_text]<\/p>\n<div class=\"application-title\">APPLICAZIONE<\/div>\n<div class=\"application-text\">Le schiume di PVC (polivinilcloruro) incorporate con un agente schiumogeno sono utilizzate per i tubi isolanti, la pelle sintetica, i sandali, i rivestimenti per pareti, i rivestimenti per pavimenti e molto altro.<\/div>\n<p>[\/vc_column_text][vc_empty_space height=&#8221;20px&#8221;][vc_row_inner row_type=&#8221;row&#8221; type=&#8221;full_width&#8221; text_align=&#8221;left&#8221; css_animation=&#8221;&#8221;][vc_column_inner width=&#8221;1\/4&#8243;][vc_single_image image=&#8221;1203&#8243; img_size=&#8221;full&#8221; qode_css_animation=&#8221;&#8221;][vc_empty_space height=&#8221;15px&#8221; el_class=&#8221;i1mo&#8221;][\/vc_column_inner][vc_column_inner width=&#8221;1\/4&#8243;][vc_single_image image=&#8221;1204&#8243; img_size=&#8221;full&#8221; qode_css_animation=&#8221;&#8221;][vc_empty_space height=&#8221;15px&#8221; el_class=&#8221;i1mo&#8221;][\/vc_column_inner][vc_column_inner width=&#8221;1\/4&#8243;][vc_single_image image=&#8221;1205&#8243; img_size=&#8221;full&#8221; qode_css_animation=&#8221;&#8221;][vc_empty_space height=&#8221;15px&#8221; el_class=&#8221;i1mo&#8221;][\/vc_column_inner][vc_column_inner width=&#8221;1\/4&#8243;][vc_single_image image=&#8221;1206&#8243; img_size=&#8221;full&#8221; qode_css_animation=&#8221;&#8221;][\/vc_column_inner][\/vc_row_inner][vc_separator type=&#8221;normal&#8221; color=&#8221;#cccccc&#8221; up=&#8221;30&#8243; down=&#8221;30&#8243;][vc_column_text]<\/p>\n<div class=\"application-title\">TIPO DI PRODOTTO<\/div>\n<div class=\"application-text\">Forniamo i seguenti biossidi di titanio del tipo rutilo.<\/div>\n<p>[\/vc_column_text][vc_empty_space height=&#8221;20px&#8221;][vc_row_inner row_type=&#8221;row&#8221; type=&#8221;full_width&#8221; text_align=&#8221;left&#8221; css_animation=&#8221;&#8221;][vc_column_inner width=&#8221;1\/2&#8243;][vc_column_text]<\/p>\n<h3>CELLCOM \u2013 Serie KR72 e KR588<\/h3>\n<p>[\/vc_column_text][vc_empty_space height=&#8221;10px&#8221;][vc_column_text]Prodotto di qualit\u00e0 elevata e ricoperto con ossido di silicio, di zirconio e di alluminio e sostanze organiche speciali per migliorare le sue propriet\u00e0 e garantire una leggerezza elevata e una dispersione eccellente.[\/vc_column_text][\/vc_column_inner][vc_column_inner width=&#8221;1\/2&#8243;][vc_column_text]<\/p>\n<h3>Property Table of Titanium Dioxide<\/h3>\n<p>[\/vc_column_text][vc_empty_space height=&#8221;10px&#8221;]<div class=\"qode-accordion-holder clearfix qode-toggle qode-initial \">\n\t<h4 class=\"clearfix qode-title-holder\">\n<span class=\"qode-tab-title\">\n\t    <span class=\"qode-tab-title-inner\">\n        CELLCOM \u2013 KR72 Series &amp; KR588    <\/span>\n<\/span>\n<span class=\"qode-accordion-mark\">\n    <span class=\"qode-accordion-mark-icon\">\n        <span class=\"icon_plus\"><\/span>\n        <span class=\"icon_minus-06\"><\/span>\n    <\/span>\n<\/span>\n<\/h4>\n<div  class=\"qode-accordion-content \" >\n    <div class=\"qode-accordion-content-inner\">\n        [vc_column_text]<\/p>\n<div class=\"mobile_table-scroll\">\n<table class=\"kyc-table1\">\n<colgroup> <\/colgroup>\n<colgroup>\n<col width=\"20%\" \/>\n<col width=\"16%\" \/>\n<col width=\"16%\" \/>\n<col width=\"16%\" \/>\n<col width=\"16%\" \/>\n<col width=\"16%\" \/><\/colgroup>\n<thead>\n<tr>\n<th colspan=\"6\">CELLCOM \u2013 KR72 Series &amp; KR588<\/th>\n<\/tr>\n<\/thead>\n<tbody>\n<tr>\n<th scope=\"col\">Classfication<\/th>\n<th scope=\"col\">TiO2 Content % \u2265<\/th>\n<th scope=\"col\">Brightness \u2265<\/th>\n<th scope=\"col\">Rutile Content % \u2265<\/th>\n<th scope=\"col\">Oil absorption g\/100g \u2264<\/th>\n<th scope=\"col\">Surface treatment<\/th>\n<\/tr>\n<tr>\n<td>KR-721<\/td>\n<td rowspan=\"2\">92.5<\/td>\n<td>96.5<\/td>\n<td rowspan=\"2\">98.0<\/td>\n<td rowspan=\"2\">22.0<\/td>\n<td rowspan=\"2\">Zr, Al, Org<\/td>\n<\/tr>\n<tr>\n<td>KR-722<\/td>\n<td>95.5<\/td>\n<\/tr>\n<tr>\n<td>KR-588<\/td>\n<td>97.5<\/td>\n<td>96.7<\/td>\n<td>96.5<\/td>\n<td>15.0<\/td>\n<td>Al, Si, Org<\/td>\n<\/tr>\n<\/tbody>\n<\/table>\n<\/div>\n<p>[\/vc_column_text]    <\/div>\n<\/div><\/div>[\/vc_column_inner][\/vc_row_inner]<\/div><div class=\"qode-advanced-tab-container\" id=\"tab-tipo-anatasio-791\" data-icon-pack=\"\" data-icon-html=\"\">[vc_row_inner row_type=&#8221;row&#8221; type=&#8221;full_width&#8221; text_align=&#8221;left&#8221; css_animation=&#8221;&#8221;][vc_column_inner width=&#8221;1\/2&#8243;][vc_column_text]<\/p>\n<div class=\"application-title\">CARATTERISTICHE<\/div>\n<div class=\"application-text\">Il TiO2 del tipo anatasio \u00e8 meno duro (5,5-6 contro 6-6,5 Mohs) e meno denso (gravit\u00e0 specifica di circa 3,9 contro 4,2) se comparato con quello del tipo rutilo. Inoltre, l\u2019anatasio \u00e8 otticamente negativo mentre il rutilo \u00e8 positivo. La sua lucentezza \u00e8 ancora pi\u00f9 adamantina o metallica-adamantina rispetto al rutilo.<\/div>\n<p>[\/vc_column_text][vc_empty_space height=&#8221;20px&#8221; el_class=&#8221;i1mo&#8221;][\/vc_column_inner][vc_column_inner width=&#8221;1\/2&#8243;][vc_column_text]<\/p>\n<div class=\"application-title\">Crystal habit<\/div>\n<div class=\"application-text\"><\/div>\n<p>[\/vc_column_text][vc_empty_space height=&#8221;10px&#8221;][vc_single_image image=&#8221;1201&#8243; img_size=&#8221;full&#8221; qode_css_animation=&#8221;&#8221;][\/vc_column_inner][\/vc_row_inner][vc_separator type=&#8221;normal&#8221; color=&#8221;#cccccc&#8221; up=&#8221;30&#8243; down=&#8221;30&#8243;][vc_column_text]<\/p>\n<div class=\"application-title\">APPLICAZIONE<\/div>\n<div class=\"application-text\">Viene utilizzato come pigmento bianco nell\u2019industria cartaria, nelle vernici, nei dentifrici, nell\u2019industria della plastica e nella gomma. \u00c8 altres\u00ec impiegato come materiale per realizzare televisori, tubi catodici, condensatori elettronici, le parti elettroniche, per la fotocatalisi e la reazione del PET come catalizzatore.<\/div>\n<p>[\/vc_column_text][vc_empty_space height=&#8221;20px&#8221;][vc_row_inner row_type=&#8221;row&#8221; type=&#8221;full_width&#8221; text_align=&#8221;left&#8221; css_animation=&#8221;&#8221;][vc_column_inner width=&#8221;1\/4&#8243;][vc_single_image image=&#8221;1207&#8243; img_size=&#8221;full&#8221; qode_css_animation=&#8221;&#8221;][vc_empty_space height=&#8221;15px&#8221; el_class=&#8221;i1mo&#8221;][\/vc_column_inner][vc_column_inner width=&#8221;1\/4&#8243;][vc_single_image image=&#8221;1208&#8243; img_size=&#8221;full&#8221; qode_css_animation=&#8221;&#8221;][vc_empty_space height=&#8221;15px&#8221; el_class=&#8221;i1mo&#8221;][\/vc_column_inner][vc_column_inner width=&#8221;1\/4&#8243;][vc_single_image image=&#8221;1203&#8243; img_size=&#8221;full&#8221; qode_css_animation=&#8221;&#8221;][\/vc_column_inner][vc_column_inner width=&#8221;1\/4&#8243;][\/vc_column_inner][\/vc_row_inner][vc_separator type=&#8221;normal&#8221; color=&#8221;#cccccc&#8221; up=&#8221;30&#8243; down=&#8221;30&#8243;][vc_column_text]<\/p>\n<div class=\"application-title\">TIPO DI PRODOTTO<\/div>\n<div class=\"application-text\">Forniamo i seguenti biossidi di titanio del tipo anatasio.<\/div>\n<p>[\/vc_column_text][vc_empty_space height=&#8221;20px&#8221;][vc_row_inner row_type=&#8221;row&#8221; type=&#8221;full_width&#8221; text_align=&#8221;left&#8221; css_animation=&#8221;&#8221;][vc_column_inner width=&#8221;1\/2&#8243;][vc_column_text]<\/p>\n<h3>CELLCOM \u2013 Serie CA75<\/h3>\n<p>[\/vc_column_text][vc_empty_space height=&#8221;10px&#8221;][vc_column_text]Le serie CA75 sono fotochimicamente molto attive e hanno una bianchezza straordinaria con una purezza elevata.[\/vc_column_text][vc_empty_space height=&#8221;30px&#8221;][vc_separator type=&#8221;normal&#8221; up=&#8221;20&#8243; down=&#8221;20&#8243;][vc_column_text]<\/p>\n<h3>CELLCOM \u2013 Serie KA210<\/h3>\n<p>[\/vc_column_text][vc_empty_space height=&#8221;10px&#8221;][vc_column_text]KA-210 \u00e8 un pigmento di biossido di titanio anatasio prodotto dal processo al solfato con tecnologia avanzata.\u00a0Con caratteri di distribuzione uniforme delle particelle, buona dispersione, buona bianchezza, sottotono blu, offre prestazioni eccellenti<br \/>\nin rivestimenti di interni, carta, plastica (master-batch), gomma, inchiostro, ecc.[\/vc_column_text][vc_empty_space height=&#8221;30px&#8221;][vc_separator type=&#8221;normal&#8221; up=&#8221;20&#8243; down=&#8221;20&#8243;][vc_column_text]<\/p>\n<h3>CELLCOM \u2013 Serie KA220<\/h3>\n<p>[\/vc_column_text][vc_empty_space height=&#8221;10px&#8221;][vc_column_text]KA-220 \u00e8 un pigmento di biossido di titanio anatasio prodotto dal processo al solfato con tecnologia avanzata. \u00c8 fortemente raccomandato per la plastica (masterbatch), rivestimenti interni, gomma, inchiostri da stampa. Allo stesso tempo, \u00e8 un materiale eccellente per produrre fibra.[\/vc_column_text][vc_empty_space height=&#8221;30px&#8221;][\/vc_column_inner][vc_column_inner width=&#8221;1\/2&#8243;][vc_column_text]<\/p>\n<h3>Property Table of Titanium Dioxide<\/h3>\n<p>[\/vc_column_text][vc_empty_space height=&#8221;10px&#8221;]<div class=\"qode-accordion-holder clearfix qode-toggle qode-initial \">\n\t<h4 class=\"clearfix qode-title-holder\">\n<span class=\"qode-tab-title\">\n\t    <span class=\"qode-tab-title-inner\">\n        CELLCOM \u2013 CA75 Series    <\/span>\n<\/span>\n<span class=\"qode-accordion-mark\">\n    <span class=\"qode-accordion-mark-icon\">\n        <span class=\"icon_plus\"><\/span>\n        <span class=\"icon_minus-06\"><\/span>\n    <\/span>\n<\/span>\n<\/h4>\n<div  class=\"qode-accordion-content \" >\n    <div class=\"qode-accordion-content-inner\">\n        [vc_column_text]<\/p>\n<div class=\"mobile_table-scroll\">\n<table class=\"kyc-table1\">\n<colgroup> <\/colgroup>\n<colgroup>\n<col width=\"20%\" \/>\n<col width=\"16%\" \/>\n<col width=\"16%\" \/>\n<col width=\"16%\" \/>\n<col width=\"16%\" \/>\n<col width=\"16%\" \/><\/colgroup>\n<thead>\n<tr>\n<th colspan=\"6\">CELLCOM &#8211; CA75 Series<\/th>\n<\/tr>\n<\/thead>\n<tbody>\n<tr>\n<th scope=\"col\">Classfication<\/th>\n<th scope=\"col\">TiO2 Content % \u2265<\/th>\n<th scope=\"col\">Brightness \u2265<\/th>\n<th scope=\"col\">Rutile Content % \u2265<\/th>\n<th scope=\"col\">Oil absorption g\/100g \u2264<\/th>\n<th scope=\"col\">Surface treatment<\/th>\n<\/tr>\n<tr>\n<td>CA-751<\/td>\n<td>98.5<\/td>\n<td>105.0<\/td>\n<td>Not less than<\/td>\n<td>22.0<\/td>\n<td>&#8211;<\/td>\n<\/tr>\n<\/tbody>\n<\/table>\n<\/div>\n<p>[\/vc_column_text]    <\/div>\n<\/div><h4 class=\"clearfix qode-title-holder\">\n<span class=\"qode-tab-title\">\n\t    <span class=\"qode-tab-title-inner\">\n        CELLCOM \u2013 KA210 Series    <\/span>\n<\/span>\n<span class=\"qode-accordion-mark\">\n    <span class=\"qode-accordion-mark-icon\">\n        <span class=\"icon_plus\"><\/span>\n        <span class=\"icon_minus-06\"><\/span>\n    <\/span>\n<\/span>\n<\/h4>\n<div  class=\"qode-accordion-content \" >\n    <div class=\"qode-accordion-content-inner\">\n        [vc_column_text]<\/p>\n<div class=\"mobile_table-scroll\">\n<table class=\"kyc-table1\">\n<thead>\n<tr>\n<th colspan=\"5\">CELLCOM &#8211; KA210 Series<\/th>\n<\/tr>\n<\/thead>\n<tbody>\n<tr>\n<th scope=\"col\">Classification<\/th>\n<th scope=\"col\">TiO2 Content % \u2265<\/th>\n<th scope=\"col\">L value, % \u2265<\/th>\n<th scope=\"col\">|\u0394b| \u2264<\/th>\n<th scope=\"col\">Moisture at 105\u2103, %(m\/m) \u2264<\/th>\n<\/tr>\n<tr>\n<td rowspan=\"3\">KA-210<\/td>\n<td>98<\/td>\n<td>100<\/td>\n<td>0.3<\/td>\n<td>0.5<\/td>\n<\/tr>\n<tr>\n<th>Residue(45\u03bcm screen), %(m\/m) \u2264<\/th>\n<th>Tinting-reducing power \u2265<\/th>\n<th>pH value<\/th>\n<th>Oil absorption, g\/100g \u2264<\/th>\n<\/tr>\n<tr>\n<td>0.05<\/td>\n<td>108<\/td>\n<td>6.5~8.5<\/td>\n<td>20<\/td>\n<\/tr>\n<\/tbody>\n<\/table>\n<\/div>\n<p>[\/vc_column_text]    <\/div>\n<\/div><h4 class=\"clearfix qode-title-holder\">\n<span class=\"qode-tab-title\">\n\t    <span class=\"qode-tab-title-inner\">\n        CELLCOM \u2013 KA220 Series    <\/span>\n<\/span>\n<span class=\"qode-accordion-mark\">\n    <span class=\"qode-accordion-mark-icon\">\n        <span class=\"icon_plus\"><\/span>\n        <span class=\"icon_minus-06\"><\/span>\n    <\/span>\n<\/span>\n<\/h4>\n<div  class=\"qode-accordion-content \" >\n    <div class=\"qode-accordion-content-inner\">\n        [vc_column_text]<\/p>\n<div class=\"mobile_table-scroll\">\n<table class=\"kyc-table1\">\n<thead>\n<tr>\n<th colspan=\"5\">CELLCOM &#8211; KA220 Series<\/th>\n<\/tr>\n<\/thead>\n<tbody>\n<tr>\n<th scope=\"col\">Classification<\/th>\n<th scope=\"col\">TiO2 Content % \u2265<\/th>\n<th scope=\"col\">L value, % \u2265<\/th>\n<th scope=\"col\">|\u0394b| \u2264<\/th>\n<th scope=\"col\">Moisture at 105\u2103, %(m\/m) \u2264<\/th>\n<\/tr>\n<tr>\n<td rowspan=\"3\">KA-220<\/td>\n<td>98<\/td>\n<td>100<\/td>\n<td>0.2<\/td>\n<td>0.5<\/td>\n<\/tr>\n<tr>\n<th>Residue(45\u03bcm screen), %(m\/m) \u2264<\/th>\n<th>Tinting-reducing power \u2265<\/th>\n<th>pH value<\/th>\n<th>Oil absorption, g\/100g \u2264<\/th>\n<\/tr>\n<tr>\n<td>0.05<\/td>\n<td>108<\/td>\n<td>6.5~8.5<\/td>\n<td>20<\/td>\n<\/tr>\n<\/tbody>\n<\/table>\n<\/div>\n<p>[\/vc_column_text]    <\/div>\n<\/div><\/div>[\/vc_column_inner][\/vc_row_inner]<\/div><\/div>[\/vc_column][\/vc_row]<\/p>\n","protected":false},"excerpt":{"rendered":"<p>[vc_row css_animation=&#8221;&#8221; row_type=&#8221;row&#8221; use_row_as_full_screen_section=&#8221;no&#8221; type=&#8221;grid&#8221; angled_section=&#8221;no&#8221; text_align=&#8221;left&#8221; background_image_as_pattern=&#8221;without_pattern&#8221; el_class=&#8221;kyc-headtitle&#8221; z_index=&#8221;&#8221; css=&#8221;.vc_custom_1571201689295{background-image: url(https:\/\/ky-europe.com\/it\/wp-content\/uploads\/sites\/7\/2019\/10\/headcover-prd6.png?id=1288) !important;}&#8221;][vc_column width=&#8221;2\/3&#8243; el_class=&#8221;title-line&#8221;][vc_column_text] Biossido di titanio Soluzione al problema ambientale sul luogo di lavoro [\/vc_column_text][\/vc_column][vc_column width=&#8221;1\/3&#8243;][\/vc_column][\/vc_row][vc_row css_animation=&#8221;&#8221; row_type=&#8221;row&#8221; use_row_as_full_screen_section=&#8221;no&#8221; type=&#8221;grid&#8221; angled_section=&#8221;no&#8221; text_align=&#8221;center&#8221; background_image_as_pattern=&#8221;without_pattern&#8221; z_index=&#8221;&#8221; background_color=&#8221;#ffffff&#8221; el_class=&#8221;padding-t50&#8243;][vc_column][vc_row_inner row_type=&#8221;row&#8221; type=&#8221;full_width&#8221;&#8230;<\/p>\n","protected":false},"author":4,"featured_media":0,"parent":0,"menu_order":0,"comment_status":"closed","ping_status":"closed","template":"full_width.php","meta":{"_mi_skip_tracking":false,"_monsterinsights_sitenote_active":false,"_monsterinsights_sitenote_note":"","_monsterinsights_sitenote_category":0},"_links":{"self":[{"href":"https:\/\/ky-europe.com\/it\/wp-json\/wp\/v2\/pages\/834"}],"collection":[{"href":"https:\/\/ky-europe.com\/it\/wp-json\/wp\/v2\/pages"}],"about":[{"href":"https:\/\/ky-europe.com\/it\/wp-json\/wp\/v2\/types\/page"}],"author":[{"embeddable":true,"href":"https:\/\/ky-europe.com\/it\/wp-json\/wp\/v2\/users\/4"}],"replies":[{"embeddable":true,"href":"https:\/\/ky-europe.com\/it\/wp-json\/wp\/v2\/comments?post=834"}],"version-history":[{"count":24,"href":"https:\/\/ky-europe.com\/it\/wp-json\/wp\/v2\/pages\/834\/revisions"}],"predecessor-version":[{"id":2070,"href":"https:\/\/ky-europe.com\/it\/wp-json\/wp\/v2\/pages\/834\/revisions\/2070"}],"wp:attachment":[{"href":"https:\/\/ky-europe.com\/it\/wp-json\/wp\/v2\/media?parent=834"}],"curies":[{"name":"wp","href":"https:\/\/api.w.org\/{rel}","templated":true}]}}